{"id":1940,"date":"2024-03-18T11:18:01","date_gmt":"2024-03-18T11:18:01","guid":{"rendered":"https:\/\/www2.unifap.br\/fisioterapia\/?page_id=1940"},"modified":"2024-10-23T19:37:52","modified_gmt":"2024-10-23T19:37:52","slug":"laboratorios","status":"publish","type":"page","link":"https:\/\/www2.unifap.br\/fisioterapia\/portal-administrativo\/laboratorios\/","title":{"rendered":"LABORAT\u00d3RIOS"},"content":{"rendered":"\t\t<div data-elementor-type=\"wp-page\" data-elementor-id=\"1940\" class=\"elementor elementor-1940\">\n\t\t\t\t\t\t<section class=\"elementor-section elementor-top-section elementor-element elementor-element-7444fec elementor-section-boxed elementor-section-height-default elementor-section-height-default\" data-id=\"7444fec\" data-element_type=\"section\" data-e-type=\"section\">\n\t\t\t\t\t\t<div class=\"elementor-container elementor-column-gap-default\">\n\t\t\t\t\t<div class=\"elementor-column elementor-col-100 elementor-top-column elementor-element elementor-element-8348987\" data-id=\"8348987\" data-element_type=\"column\" data-e-type=\"column\">\n\t\t\t<div class=\"elementor-widget-wrap elementor-element-populated\">\n\t\t\t\t\t\t<div class=\"elementor-element elementor-element-3bb8bf9 elementor-widget-divider--view-line elementor-widget elementor-widget-divider\" data-id=\"3bb8bf9\" data-element_type=\"widget\" data-e-type=\"widget\" data-widget_type=\"divider.default\">\n\t\t\t\t<div class=\"elementor-widget-container\">\n\t\t\t\t\t\t\t<div class=\"elementor-divider\">\n\t\t\t<span class=\"elementor-divider-separator\">\n\t\t\t\t\t\t<\/span>\n\t\t<\/div>\n\t\t\t\t\t\t<\/div>\n\t\t\t\t<\/div>\n\t\t\t\t<div class=\"elementor-element elementor-element-b225901 elementor-invisible elementor-widget elementor-widget-heading\" data-id=\"b225901\" data-element_type=\"widget\" data-e-type=\"widget\" data-settings=\"{&quot;_animation&quot;:&quot;slideInLeft&quot;}\" data-widget_type=\"heading.default\">\n\t\t\t\t<div class=\"elementor-widget-container\">\n\t\t\t\t\t<h2 class=\"elementor-heading-title elementor-size-default\">LABORAT\u00d3RIOS<\/h2>\t\t\t\t<\/div>\n\t\t\t\t<\/div>\n\t\t\t\t<div class=\"elementor-element elementor-element-61b54bd elementor-widget-divider--view-line elementor-widget elementor-widget-divider\" data-id=\"61b54bd\" data-element_type=\"widget\" data-e-type=\"widget\" data-widget_type=\"divider.default\">\n\t\t\t\t<div class=\"elementor-widget-container\">\n\t\t\t\t\t\t\t<div class=\"elementor-divider\">\n\t\t\t<span class=\"elementor-divider-separator\">\n\t\t\t\t\t\t<\/span>\n\t\t<\/div>\n\t\t\t\t\t\t<\/div>\n\t\t\t\t<\/div>\n\t\t\t\t<section class=\"elementor-section elementor-inner-section elementor-element elementor-element-bc35413 elementor-section-boxed elementor-section-height-default elementor-section-height-default\" data-id=\"bc35413\" data-element_type=\"section\" data-e-type=\"section\">\n\t\t\t\t\t\t<div class=\"elementor-container elementor-column-gap-default\">\n\t\t\t\t\t<div class=\"elementor-column elementor-col-50 elementor-inner-column elementor-element elementor-element-7e62350\" data-id=\"7e62350\" data-element_type=\"column\" data-e-type=\"column\">\n\t\t\t<div class=\"elementor-widget-wrap elementor-element-populated\">\n\t\t\t\t\t\t<div class=\"elementor-element elementor-element-750cc16 elementor-view-default elementor-position-block-start elementor-mobile-position-block-start elementor-widget elementor-widget-icon-box\" data-id=\"750cc16\" data-element_type=\"widget\" data-e-type=\"widget\" data-widget_type=\"icon-box.default\">\n\t\t\t\t<div class=\"elementor-widget-container\">\n\t\t\t\t\t\t\t<div class=\"elementor-icon-box-wrapper\">\n\n\t\t\t\t\t\t<div class=\"elementor-icon-box-icon\">\n\t\t\t\t<a href=\"https:\/\/www2.unifap.br\/fisioterapia\/portal-administrativo\/laboratorios\/laboratorio-de-avaliacao-musculoesqueletica-labmov\/\" class=\"elementor-icon\" tabindex=\"-1\" aria-label=\"Laborat\u00f3rio de Avalia\u00e7\u00e3o Musculoesquel\u00e9tica (LABMOV)\">\n\t\t\t\t<i aria-hidden=\"true\" class=\"fas fa-people-arrows\"><\/i>\t\t\t\t<\/a>\n\t\t\t<\/div>\n\t\t\t\n\t\t\t\t\t\t<div class=\"elementor-icon-box-content\">\n\n\t\t\t\t\t\t\t\t\t<h3 class=\"elementor-icon-box-title\">\n\t\t\t\t\t\t<a href=\"https:\/\/www2.unifap.br\/fisioterapia\/portal-administrativo\/laboratorios\/laboratorio-de-avaliacao-musculoesqueletica-labmov\/\" >\n\t\t\t\t\t\t\tLaborat\u00f3rio de Avalia\u00e7\u00e3o Musculoesquel\u00e9tica (LABMOV)\t\t\t\t\t\t<\/a>\n\t\t\t\t\t<\/h3>\n\t\t\t\t\n\t\t\t\t\n\t\t\t<\/div>\n\t\t\t\n\t\t<\/div>\n\t\t\t\t\t\t<\/div>\n\t\t\t\t<\/div>\n\t\t\t\t<div class=\"elementor-element elementor-element-dd5b28a elementor-position-top elementor-widget elementor-widget-image-box\" data-id=\"dd5b28a\" data-element_type=\"widget\" data-e-type=\"widget\" data-widget_type=\"image-box.default\">\n\t\t\t\t<div class=\"elementor-widget-container\">\n\t\t\t\t\t<div class=\"elementor-image-box-wrapper\"><figure class=\"elementor-image-box-img\"><a href=\"https:\/\/www2.unifap.br\/fisioterapia\/portal-administrativo\/laboratorios\/laboratorio-de-eletrotermofototerapia-labeletro\/\" tabindex=\"-1\"><img fetchpriority=\"high\" decoding=\"async\" width=\"1081\" height=\"1081\" src=\"https:\/\/www2.unifap.br\/fisioterapia\/files\/2024\/03\/LABELETRO.png\" class=\"attachment-full size-full wp-image-1959\" alt=\"\" srcset=\"https:\/\/www2.unifap.br\/fisioterapia\/files\/2024\/03\/LABELETRO.png 1081w, https:\/\/www2.unifap.br\/fisioterapia\/files\/2024\/03\/LABELETRO-300x300.png 300w, https:\/\/www2.unifap.br\/fisioterapia\/files\/2024\/03\/LABELETRO-1024x1024.png 1024w, https:\/\/www2.unifap.br\/fisioterapia\/files\/2024\/03\/LABELETRO-150x150.png 150w, https:\/\/www2.unifap.br\/fisioterapia\/files\/2024\/03\/LABELETRO-768x768.png 768w\" sizes=\"(max-width: 1081px) 100vw, 1081px\" \/><\/a><\/figure><div class=\"elementor-image-box-content\"><h3 class=\"elementor-image-box-title\"><a href=\"https:\/\/www2.unifap.br\/fisioterapia\/portal-administrativo\/laboratorios\/laboratorio-de-eletrotermofototerapia-labeletro\/\">Laborat\u00f3rio de Eletrotermofototerapia \u2013 LABELETRO<\/a><\/h3><p class=\"elementor-image-box-description\">.<\/p><\/div><\/div>\t\t\t\t<\/div>\n\t\t\t\t<\/div>\n\t\t\t\t<div class=\"elementor-element elementor-element-20419c1 elementor-view-default elementor-position-block-start elementor-mobile-position-block-start elementor-widget elementor-widget-icon-box\" data-id=\"20419c1\" data-element_type=\"widget\" data-e-type=\"widget\" data-widget_type=\"icon-box.default\">\n\t\t\t\t<div class=\"elementor-widget-container\">\n\t\t\t\t\t\t\t<div class=\"elementor-icon-box-wrapper\">\n\n\t\t\t\t\t\t<div class=\"elementor-icon-box-icon\">\n\t\t\t\t<a href=\"https:\/\/www2.unifap.br\/fisioterapia\/portal-administrativo\/laboratorios\/laboratorio-de-fisioterapia-geral-labfisio\/\" class=\"elementor-icon\" tabindex=\"-1\" aria-label=\"Laborat\u00f3rio de Fisioterapia Geral \u2013 LABFISIO\">\n\t\t\t\t<i aria-hidden=\"true\" class=\"fas fa-people-arrows\"><\/i>\t\t\t\t<\/a>\n\t\t\t<\/div>\n\t\t\t\n\t\t\t\t\t\t<div class=\"elementor-icon-box-content\">\n\n\t\t\t\t\t\t\t\t\t<h3 class=\"elementor-icon-box-title\">\n\t\t\t\t\t\t<a href=\"https:\/\/www2.unifap.br\/fisioterapia\/portal-administrativo\/laboratorios\/laboratorio-de-fisioterapia-geral-labfisio\/\" >\n\t\t\t\t\t\t\tLaborat\u00f3rio de Fisioterapia Geral \u2013 LABFISIO\t\t\t\t\t\t<\/a>\n\t\t\t\t\t<\/h3>\n\t\t\t\t\n\t\t\t\t\n\t\t\t<\/div>\n\t\t\t\n\t\t<\/div>\n\t\t\t\t\t\t<\/div>\n\t\t\t\t<\/div>\n\t\t\t\t<div class=\"elementor-element elementor-element-cab16d3 elementor-position-top elementor-widget elementor-widget-image-box\" data-id=\"cab16d3\" data-element_type=\"widget\" data-e-type=\"widget\" data-widget_type=\"image-box.default\">\n\t\t\t\t<div class=\"elementor-widget-container\">\n\t\t\t\t\t<div class=\"elementor-image-box-wrapper\"><figure class=\"elementor-image-box-img\"><a href=\"https:\/\/www2.unifap.br\/fisioterapia\/portal-administrativo\/laboratorios\/laboratorio-de-neurofuncional-labneuro\/\" tabindex=\"-1\"><img decoding=\"async\" width=\"523\" height=\"455\" src=\"https:\/\/www2.unifap.br\/fisioterapia\/files\/2024\/03\/labeneuro.png\" class=\"attachment-full size-full wp-image-1970\" alt=\"\" srcset=\"https:\/\/www2.unifap.br\/fisioterapia\/files\/2024\/03\/labeneuro.png 523w, https:\/\/www2.unifap.br\/fisioterapia\/files\/2024\/03\/labeneuro-300x261.png 300w\" sizes=\"(max-width: 523px) 100vw, 523px\" \/><\/a><\/figure><div class=\"elementor-image-box-content\"><h3 class=\"elementor-image-box-title\"><a href=\"https:\/\/www2.unifap.br\/fisioterapia\/portal-administrativo\/laboratorios\/laboratorio-de-neurofuncional-labneuro\/\">Laborat\u00f3rio de Neurofuncional \u2013 LABNEURO<\/a><\/h3><p class=\"elementor-image-box-description\">.<\/p><\/div><\/div>\t\t\t\t<\/div>\n\t\t\t\t<\/div>\n\t\t\t\t\t<\/div>\n\t\t<\/div>\n\t\t\t\t<div class=\"elementor-column elementor-col-50 elementor-inner-column elementor-element elementor-element-50d6645\" data-id=\"50d6645\" data-element_type=\"column\" data-e-type=\"column\">\n\t\t\t<div class=\"elementor-widget-wrap elementor-element-populated\">\n\t\t\t\t\t\t<div class=\"elementor-element elementor-element-e9c0c28 elementor-position-top elementor-widget elementor-widget-image-box\" data-id=\"e9c0c28\" data-element_type=\"widget\" data-e-type=\"widget\" data-widget_type=\"image-box.default\">\n\t\t\t\t<div class=\"elementor-widget-container\">\n\t\t\t\t\t<div class=\"elementor-image-box-wrapper\"><figure class=\"elementor-image-box-img\"><a href=\"https:\/\/www2.unifap.br\/fisioterapia\/portal-administrativo\/laboratorios\/laboratorio-de-cinesioterapia-e-mecanoterapia-labcin\/\" tabindex=\"-1\"><img decoding=\"async\" width=\"712\" height=\"500\" src=\"https:\/\/www2.unifap.br\/fisioterapia\/files\/2024\/03\/labcin.png\" class=\"attachment-full size-full wp-image-1954\" alt=\"\" srcset=\"https:\/\/www2.unifap.br\/fisioterapia\/files\/2024\/03\/labcin.png 712w, https:\/\/www2.unifap.br\/fisioterapia\/files\/2024\/03\/labcin-300x211.png 300w\" sizes=\"(max-width: 712px) 100vw, 712px\" \/><\/a><\/figure><div class=\"elementor-image-box-content\"><h3 class=\"elementor-image-box-title\"><a href=\"https:\/\/www2.unifap.br\/fisioterapia\/portal-administrativo\/laboratorios\/laboratorio-de-cinesioterapia-e-mecanoterapia-labcin\/\">Laborat\u00f3rio de Cinesioterapia e Mecanoterapia \u2013 LABCIN<\/a><\/h3><p class=\"elementor-image-box-description\">.<\/p><\/div><\/div>\t\t\t\t<\/div>\n\t\t\t\t<\/div>\n\t\t\t\t<div class=\"elementor-element elementor-element-16e73b6 elementor-position-top elementor-widget elementor-widget-image-box\" data-id=\"16e73b6\" data-element_type=\"widget\" data-e-type=\"widget\" data-widget_type=\"image-box.default\">\n\t\t\t\t<div class=\"elementor-widget-container\">\n\t\t\t\t\t<div class=\"elementor-image-box-wrapper\"><figure class=\"elementor-image-box-img\"><a href=\"https:\/\/www2.unifap.br\/fisioterapia\/portal-administrativo\/laboratorios\/laboratorio-de-fisioterapia-cardiorrespiratoria-e-terapia-intensiva-labcar\/\" tabindex=\"-1\"><img loading=\"lazy\" decoding=\"async\" width=\"1080\" height=\"1080\" src=\"https:\/\/www2.unifap.br\/fisioterapia\/files\/2024\/03\/labcar.jpeg\" class=\"attachment-full size-full wp-image-1963\" alt=\"\" srcset=\"https:\/\/www2.unifap.br\/fisioterapia\/files\/2024\/03\/labcar.jpeg 1080w, https:\/\/www2.unifap.br\/fisioterapia\/files\/2024\/03\/labcar-300x300.jpeg 300w, https:\/\/www2.unifap.br\/fisioterapia\/files\/2024\/03\/labcar-1024x1024.jpeg 1024w, https:\/\/www2.unifap.br\/fisioterapia\/files\/2024\/03\/labcar-150x150.jpeg 150w, https:\/\/www2.unifap.br\/fisioterapia\/files\/2024\/03\/labcar-768x768.jpeg 768w\" sizes=\"(max-width: 1080px) 100vw, 1080px\" \/><\/a><\/figure><div class=\"elementor-image-box-content\"><h3 class=\"elementor-image-box-title\"><a href=\"https:\/\/www2.unifap.br\/fisioterapia\/portal-administrativo\/laboratorios\/laboratorio-de-fisioterapia-cardiorrespiratoria-e-terapia-intensiva-labcar\/\">Laborat\u00f3rio de Fisioterapia Cardiorrespirat\u00f3ria e Terapia Intensiva (LABCAR)<\/a><\/h3><p class=\"elementor-image-box-description\">.<\/p><\/div><\/div>\t\t\t\t<\/div>\n\t\t\t\t<\/div>\n\t\t\t\t<div class=\"elementor-element elementor-element-0e2480d elementor-position-top elementor-widget elementor-widget-image-box\" data-id=\"0e2480d\" data-element_type=\"widget\" data-e-type=\"widget\" data-widget_type=\"image-box.default\">\n\t\t\t\t<div class=\"elementor-widget-container\">\n\t\t\t\t\t<div class=\"elementor-image-box-wrapper\"><figure class=\"elementor-image-box-img\"><a href=\"https:\/\/www2.unifap.br\/fisioterapia\/portal-administrativo\/laboratorios\/laboratorio-de-fisioterapia-uroginecologica-laburogin\/\" tabindex=\"-1\"><img loading=\"lazy\" decoding=\"async\" width=\"1080\" height=\"1080\" src=\"https:\/\/www2.unifap.br\/fisioterapia\/files\/2024\/03\/LABUROGIN.jpg\" class=\"attachment-full size-full wp-image-1975\" alt=\"\" srcset=\"https:\/\/www2.unifap.br\/fisioterapia\/files\/2024\/03\/LABUROGIN.jpg 1080w, https:\/\/www2.unifap.br\/fisioterapia\/files\/2024\/03\/LABUROGIN-300x300.jpg 300w, https:\/\/www2.unifap.br\/fisioterapia\/files\/2024\/03\/LABUROGIN-1024x1024.jpg 1024w, https:\/\/www2.unifap.br\/fisioterapia\/files\/2024\/03\/LABUROGIN-150x150.jpg 150w, https:\/\/www2.unifap.br\/fisioterapia\/files\/2024\/03\/LABUROGIN-768x768.jpg 768w\" sizes=\"(max-width: 1080px) 100vw, 1080px\" \/><\/a><\/figure><div class=\"elementor-image-box-content\"><h3 class=\"elementor-image-box-title\"><a href=\"https:\/\/www2.unifap.br\/fisioterapia\/portal-administrativo\/laboratorios\/laboratorio-de-fisioterapia-uroginecologica-laburogin\/\">Laborat\u00f3rio de Fisioterapia Uroginecol\u00f3gica \u2013 LABUROGIN<\/a><\/h3><p class=\"elementor-image-box-description\">.<\/p><\/div><\/div>\t\t\t\t<\/div>\n\t\t\t\t<\/div>\n\t\t\t\t\t<\/div>\n\t\t<\/div>\n\t\t\t\t\t<\/div>\n\t\t<\/section>\n\t\t\t\t\t<\/div>\n\t\t<\/div>\n\t\t\t\t\t<\/div>\n\t\t<\/section>\n\t\t\t\t<\/div>\n\t\t","protected":false},"excerpt":{"rendered":"<p>LABORAT\u00d3RIOS Laborat\u00f3rio de Avalia\u00e7\u00e3o Musculoesquel\u00e9tica (LABMOV) Laborat\u00f3rio de Eletrotermofototerapia \u2013 LABELETRO . Laborat\u00f3rio de Fisioterapia Geral \u2013 LABFISIO Laborat\u00f3rio de Neurofuncional \u2013 LABNEURO . Laborat\u00f3rio de Cinesioterapia e Mecanoterapia \u2013 LABCIN . Laborat\u00f3rio de Fisioterapia Cardiorrespirat\u00f3ria e Terapia Intensiva (LABCAR) . Laborat\u00f3rio de Fisioterapia Uroginecol\u00f3gica \u2013 LABUROGIN .<\/p>\n","protected":false},"author":3931,"featured_media":0,"parent":2090,"menu_order":0,"comment_status":"closed","ping_status":"closed","template":"","meta":{"inline_featured_image":false,"site-sidebar-layout":"no-sidebar","site-content-layout":"page-builder","ast-site-content-layout":"full-width-container","site-content-style":"default","site-sidebar-style":"default","ast-global-header-display":"","ast-banner-title-visibility":"","ast-main-header-display":"","ast-hfb-above-header-display":"","ast-hfb-below-header-display":"","ast-hfb-mobile-header-display":"","site-post-title":"disabled","ast-breadcrumbs-content":"","ast-featured-img":"disabled","footer-sml-layout":"","theme-transparent-header-meta":"default","adv-header-id-meta":"","stick-header-meta":"","header-above-stick-meta":"","header-main-stick-meta":"","header-below-stick-meta":"","astra-migrate-meta-layouts":"set","ast-page-background-enabled":"default","ast-page-background-meta":{"desktop":{"background-color":"var(--ast-global-color-4)","background-image":"","background-repeat":"repeat","background-position":"center center","background-size":"auto","background-attachment":"scroll","background-type":"","background-media":"","overlay-type":"","overlay-color":"","overlay-opacity":"","overlay-gradient":""},"tablet":{"background-color":"","background-image":"","background-repeat":"repeat","background-position":"center center","background-size":"auto","background-attachment":"scroll","background-type":"","background-media":"","overlay-type":"","overlay-color":"","overlay-opacity":"","overlay-gradient":""},"mobile":{"background-color":"","background-image":"","background-repeat":"repeat","background-position":"center center","background-size":"auto","background-attachment":"scroll","background-type":"","background-media":"","overlay-type":"","overlay-color":"","overlay-opacity":"","overlay-gradient":""}},"ast-content-background-meta":{"desktop":{"background-color":"var(--ast-global-color-5)","background-image":"","background-repeat":"repeat","background-position":"center center","background-size":"auto","background-attachment":"scroll","background-type":"","background-media":"","overlay-type":"","overlay-color":"","overlay-opacity":"","overlay-gradient":""},"tablet":{"background-color":"var(--ast-global-color-5)","background-image":"","background-repeat":"repeat","background-position":"center center","background-size":"auto","background-attachment":"scroll","background-type":"","background-media":"","overlay-type":"","overlay-color":"","overlay-opacity":"","overlay-gradient":""},"mobile":{"background-color":"var(--ast-global-color-5)","background-image":"","background-repeat":"repeat","background-position":"center center","background-size":"auto","background-attachment":"scroll","background-type":"","background-media":"","overlay-type":"","overlay-color":"","overlay-opacity":"","overlay-gradient":""}},"ngg_post_thumbnail":0,"footnotes":""},"class_list":["post-1940","page","type-page","status-publish","hentry"],"_links":{"self":[{"href":"https:\/\/www2.unifap.br\/fisioterapia\/wp-json\/wp\/v2\/pages\/1940","targetHints":{"allow":["GET"]}}],"collection":[{"href":"https:\/\/www2.unifap.br\/fisioterapia\/wp-json\/wp\/v2\/pages"}],"about":[{"href":"https:\/\/www2.unifap.br\/fisioterapia\/wp-json\/wp\/v2\/types\/page"}],"author":[{"embeddable":true,"href":"https:\/\/www2.unifap.br\/fisioterapia\/wp-json\/wp\/v2\/users\/3931"}],"replies":[{"embeddable":true,"href":"https:\/\/www2.unifap.br\/fisioterapia\/wp-json\/wp\/v2\/comments?post=1940"}],"version-history":[{"count":76,"href":"https:\/\/www2.unifap.br\/fisioterapia\/wp-json\/wp\/v2\/pages\/1940\/revisions"}],"predecessor-version":[{"id":2839,"href":"https:\/\/www2.unifap.br\/fisioterapia\/wp-json\/wp\/v2\/pages\/1940\/revisions\/2839"}],"up":[{"embeddable":true,"href":"https:\/\/www2.unifap.br\/fisioterapia\/wp-json\/wp\/v2\/pages\/2090"}],"wp:attachment":[{"href":"https:\/\/www2.unifap.br\/fisioterapia\/wp-json\/wp\/v2\/media?parent=1940"}],"curies":[{"name":"wp","href":"https:\/\/api.w.org\/{rel}","templated":true}]}}