{"id":1951,"date":"2024-03-18T11:36:02","date_gmt":"2024-03-18T11:36:02","guid":{"rendered":"https:\/\/www2.unifap.br\/fisioterapia\/?page_id=1951"},"modified":"2024-10-23T19:40:00","modified_gmt":"2024-10-23T19:40:00","slug":"laboratorio-de-avaliacao-musculoesqueletica-labmov","status":"publish","type":"page","link":"https:\/\/www2.unifap.br\/fisioterapia\/portal-administrativo\/laboratorios\/laboratorio-de-avaliacao-musculoesqueletica-labmov\/","title":{"rendered":"Laborat\u00f3rio de Avalia\u00e7\u00e3o Musculoesquel\u00e9tica (LABMOV)"},"content":{"rendered":"\t\t<div data-elementor-type=\"wp-page\" data-elementor-id=\"1951\" class=\"elementor elementor-1951\">\n\t\t\t\t\t\t<section class=\"elementor-section elementor-top-section elementor-element elementor-element-e6d57a1 elementor-section-boxed elementor-section-height-default elementor-section-height-default\" data-id=\"e6d57a1\" data-element_type=\"section\" data-e-type=\"section\">\n\t\t\t\t\t\t<div class=\"elementor-container elementor-column-gap-default\">\n\t\t\t\t\t<div class=\"elementor-column elementor-col-100 elementor-top-column elementor-element elementor-element-4e8bd1b\" data-id=\"4e8bd1b\" data-element_type=\"column\" data-e-type=\"column\">\n\t\t\t<div class=\"elementor-widget-wrap elementor-element-populated\">\n\t\t\t\t\t\t<div class=\"elementor-element elementor-element-b9d1362 elementor-widget-divider--view-line elementor-widget elementor-widget-divider\" data-id=\"b9d1362\" data-element_type=\"widget\" data-e-type=\"widget\" data-widget_type=\"divider.default\">\n\t\t\t\t<div class=\"elementor-widget-container\">\n\t\t\t\t\t\t\t<div class=\"elementor-divider\">\n\t\t\t<span class=\"elementor-divider-separator\">\n\t\t\t\t\t\t<\/span>\n\t\t<\/div>\n\t\t\t\t\t\t<\/div>\n\t\t\t\t<\/div>\n\t\t\t\t<div class=\"elementor-element elementor-element-73498d0 elementor-invisible elementor-widget elementor-widget-heading\" data-id=\"73498d0\" data-element_type=\"widget\" data-e-type=\"widget\" data-settings=\"{&quot;_animation&quot;:&quot;slideInLeft&quot;}\" data-widget_type=\"heading.default\">\n\t\t\t\t<div class=\"elementor-widget-container\">\n\t\t\t\t\t<h2 class=\"elementor-heading-title elementor-size-default\">LABMOV<\/h2>\t\t\t\t<\/div>\n\t\t\t\t<\/div>\n\t\t\t\t<div class=\"elementor-element elementor-element-05b0a99 elementor-widget-divider--view-line elementor-widget elementor-widget-divider\" data-id=\"05b0a99\" data-element_type=\"widget\" data-e-type=\"widget\" data-widget_type=\"divider.default\">\n\t\t\t\t<div class=\"elementor-widget-container\">\n\t\t\t\t\t\t\t<div class=\"elementor-divider\">\n\t\t\t<span class=\"elementor-divider-separator\">\n\t\t\t\t\t\t<\/span>\n\t\t<\/div>\n\t\t\t\t\t\t<\/div>\n\t\t\t\t<\/div>\n\t\t\t\t\t<\/div>\n\t\t<\/div>\n\t\t\t\t\t<\/div>\n\t\t<\/section>\n\t\t\t\t<section class=\"elementor-section elementor-top-section elementor-element elementor-element-26bf7810 elementor-section-boxed elementor-section-height-default elementor-section-height-default\" data-id=\"26bf7810\" data-element_type=\"section\" data-e-type=\"section\">\n\t\t\t\t\t\t<div class=\"elementor-container elementor-column-gap-default\">\n\t\t\t\t\t<div class=\"elementor-column elementor-col-100 elementor-top-column elementor-element elementor-element-3b9bafeb\" data-id=\"3b9bafeb\" data-element_type=\"column\" data-e-type=\"column\">\n\t\t\t<div class=\"elementor-widget-wrap elementor-element-populated\">\n\t\t\t\t\t\t<div class=\"elementor-element elementor-element-1eda7c7 elementor-widget elementor-widget-text-editor\" data-id=\"1eda7c7\" data-element_type=\"widget\" data-e-type=\"widget\" data-widget_type=\"text-editor.default\">\n\t\t\t\t<div class=\"elementor-widget-container\">\n\t\t\t\t\t\t\t\t\t<p>O LABMOV \u00e9 um centro de pesquisa dedicado ao estudo do movimento humano, dor musculoesquel\u00e9tica, controle postural em v\u00e1rias popula\u00e7\u00f5es e idades, e \u00e0 realiza\u00e7\u00e3o de ensaios cl\u00ednicos randomizados para avaliar a efic\u00e1cia de diferentes tratamentos terap\u00eauticos. As principais linhas de pesquisa do LABMOV incluem: 1) Estudo da percep\u00e7\u00e3o da dor e fatores associados em pacientes com L\u00fapus; 2) Avalia\u00e7\u00e3o das capacidades f\u00edsicas e funcionais de pacientes com L\u00fapus; 3) An\u00e1lise biomec\u00e2nica da marcha e controle postural em pacientes diab\u00e9ticos; 4) Avalia\u00e7\u00e3o da fun\u00e7\u00e3o muscular em pacientes com osteoartrite de joelho.<\/p><p>\u00a0<\/p><p>O LABMOV est\u00e1 localizado no t\u00e9rreo do Pr\u00e9dio da Fisioterapia, na terceira sala \u00e0 esquerda.<\/p><p>\u00a0<\/p><p>Os professores respons\u00e1veis pelo LABMOV s\u00e3o o Prof. Dr. Areolino Pena Matos e a Profa. Dra. Nat\u00e1lia CR Iosimuta.<\/p><p>\u00a0<\/p><p>A equipe do LABMOV \u00e9 composta por professores, estudantes de gradua\u00e7\u00e3o e p\u00f3s-gradua\u00e7\u00e3o.<\/p><p>O LABMOV est\u00e1 equipado com uma variedade de materiais e equipamentos, incluindo um Dinam\u00f4metro Isocin\u00e9tico BIODEX-4, um eletromi\u00f3grafo de 8 canais SEEEMG, um dinam\u00f4metro isom\u00e9trico e um alg\u00f4metro da MEDEOR, um aparelho de bioimped\u00e2ncia, computadores, uma impressora, um dinam\u00f4metro de preens\u00e3o palmar e um tablet.<\/p>\t\t\t\t\t\t\t\t<\/div>\n\t\t\t\t<\/div>\n\t\t\t\t\t<\/div>\n\t\t<\/div>\n\t\t\t\t\t<\/div>\n\t\t<\/section>\n\t\t\t\t<\/div>\n\t\t","protected":false},"excerpt":{"rendered":"<p>LABMOV O LABMOV \u00e9 um centro de pesquisa dedicado ao estudo do movimento humano, dor musculoesquel\u00e9tica, controle postural em v\u00e1rias popula\u00e7\u00f5es e idades, e \u00e0 realiza\u00e7\u00e3o de ensaios cl\u00ednicos randomizados para avaliar a efic\u00e1cia de diferentes tratamentos terap\u00eauticos. As principais linhas de pesquisa do LABMOV incluem: 1) Estudo da percep\u00e7\u00e3o da dor e fatores associados&#8230;<\/p>\n","protected":false},"author":3931,"featured_media":0,"parent":1940,"menu_order":0,"comment_status":"closed","ping_status":"closed","template":"elementor_header_footer","meta":{"inline_featured_image":false,"site-sidebar-layout":"default","site-content-layout":"","ast-site-content-layout":"default","site-content-style":"default","site-sidebar-style":"default","ast-global-header-display":"","ast-banner-title-visibility":"","ast-main-header-display":"","ast-hfb-above-header-display":"","ast-hfb-below-header-display":"","ast-hfb-mobile-header-display":"","site-post-title":"","ast-breadcrumbs-content":"","ast-featured-img":"","footer-sml-layout":"","theme-transparent-header-meta":"default","adv-header-id-meta":"","stick-header-meta":"","header-above-stick-meta":"","header-main-stick-meta":"","header-below-stick-meta":"","astra-migrate-meta-layouts":"set","ast-page-background-enabled":"default","ast-page-background-meta":{"desktop":{"background-color":"var(--ast-global-color-4)","background-image":"","background-repeat":"repeat","background-position":"center center","background-size":"auto","background-attachment":"scroll","background-type":"","background-media":"","overlay-type":"","overlay-color":"","overlay-opacity":"","overlay-gradient":""},"tablet":{"background-color":"","background-image":"","background-repeat":"repeat","background-position":"center center","background-size":"auto","background-attachment":"scroll","background-type":"","background-media":"","overlay-type":"","overlay-color":"","overlay-opacity":"","overlay-gradient":""},"mobile":{"background-color":"","background-image":"","background-repeat":"repeat","background-position":"center center","background-size":"auto","background-attachment":"scroll","background-type":"","background-media":"","overlay-type":"","overlay-color":"","overlay-opacity":"","overlay-gradient":""}},"ast-content-background-meta":{"desktop":{"background-color":"var(--ast-global-color-5)","background-image":"","background-repeat":"repeat","background-position":"center center","background-size":"auto","background-attachment":"scroll","background-type":"","background-media":"","overlay-type":"","overlay-color":"","overlay-opacity":"","overlay-gradient":""},"tablet":{"background-color":"var(--ast-global-color-5)","background-image":"","background-repeat":"repeat","background-position":"center center","background-size":"auto","background-attachment":"scroll","background-type":"","background-media":"","overlay-type":"","overlay-color":"","overlay-opacity":"","overlay-gradient":""},"mobile":{"background-color":"var(--ast-global-color-5)","background-image":"","background-repeat":"repeat","background-position":"center center","background-size":"auto","background-attachment":"scroll","background-type":"","background-media":"","overlay-type":"","overlay-color":"","overlay-opacity":"","overlay-gradient":""}},"ngg_post_thumbnail":0,"footnotes":""},"class_list":["post-1951","page","type-page","status-publish","hentry"],"_links":{"self":[{"href":"https:\/\/www2.unifap.br\/fisioterapia\/wp-json\/wp\/v2\/pages\/1951","targetHints":{"allow":["GET"]}}],"collection":[{"href":"https:\/\/www2.unifap.br\/fisioterapia\/wp-json\/wp\/v2\/pages"}],"about":[{"href":"https:\/\/www2.unifap.br\/fisioterapia\/wp-json\/wp\/v2\/types\/page"}],"author":[{"embeddable":true,"href":"https:\/\/www2.unifap.br\/fisioterapia\/wp-json\/wp\/v2\/users\/3931"}],"replies":[{"embeddable":true,"href":"https:\/\/www2.unifap.br\/fisioterapia\/wp-json\/wp\/v2\/comments?post=1951"}],"version-history":[{"count":7,"href":"https:\/\/www2.unifap.br\/fisioterapia\/wp-json\/wp\/v2\/pages\/1951\/revisions"}],"predecessor-version":[{"id":2845,"href":"https:\/\/www2.unifap.br\/fisioterapia\/wp-json\/wp\/v2\/pages\/1951\/revisions\/2845"}],"up":[{"embeddable":true,"href":"https:\/\/www2.unifap.br\/fisioterapia\/wp-json\/wp\/v2\/pages\/1940"}],"wp:attachment":[{"href":"https:\/\/www2.unifap.br\/fisioterapia\/wp-json\/wp\/v2\/media?parent=1951"}],"curies":[{"name":"wp","href":"https:\/\/api.w.org\/{rel}","templated":true}]}}