{"id":1958,"date":"2024-03-18T13:22:22","date_gmt":"2024-03-18T13:22:22","guid":{"rendered":"https:\/\/www2.unifap.br\/fisioterapia\/?page_id=1958"},"modified":"2024-10-23T19:42:29","modified_gmt":"2024-10-23T19:42:29","slug":"laboratorio-de-eletrotermofototerapia-labeletro","status":"publish","type":"page","link":"https:\/\/www2.unifap.br\/fisioterapia\/portal-administrativo\/laboratorios\/laboratorio-de-eletrotermofototerapia-labeletro\/","title":{"rendered":"Laborat\u00f3rio de Eletrotermofototerapia &#8211; LABELETRO"},"content":{"rendered":"\t\t<div data-elementor-type=\"wp-page\" data-elementor-id=\"1958\" class=\"elementor elementor-1958\">\n\t\t\t\t\t\t<section class=\"elementor-section elementor-top-section elementor-element elementor-element-48cc500 elementor-section-boxed elementor-section-height-default elementor-section-height-default\" data-id=\"48cc500\" data-element_type=\"section\" data-e-type=\"section\">\n\t\t\t\t\t\t<div class=\"elementor-container elementor-column-gap-default\">\n\t\t\t\t\t<div class=\"elementor-column elementor-col-100 elementor-top-column elementor-element elementor-element-b62cc40\" data-id=\"b62cc40\" data-element_type=\"column\" data-e-type=\"column\">\n\t\t\t<div class=\"elementor-widget-wrap elementor-element-populated\">\n\t\t\t\t\t\t<div class=\"elementor-element elementor-element-b3f7129 elementor-widget-divider--view-line elementor-widget elementor-widget-divider\" data-id=\"b3f7129\" data-element_type=\"widget\" data-e-type=\"widget\" data-widget_type=\"divider.default\">\n\t\t\t\t<div class=\"elementor-widget-container\">\n\t\t\t\t\t\t\t<div class=\"elementor-divider\">\n\t\t\t<span class=\"elementor-divider-separator\">\n\t\t\t\t\t\t<\/span>\n\t\t<\/div>\n\t\t\t\t\t\t<\/div>\n\t\t\t\t<\/div>\n\t\t\t\t<div class=\"elementor-element elementor-element-5a1886b elementor-invisible elementor-widget elementor-widget-heading\" data-id=\"5a1886b\" data-element_type=\"widget\" data-e-type=\"widget\" data-settings=\"{&quot;_animation&quot;:&quot;slideInLeft&quot;}\" data-widget_type=\"heading.default\">\n\t\t\t\t<div class=\"elementor-widget-container\">\n\t\t\t\t\t<h2 class=\"elementor-heading-title elementor-size-default\">LABELETRO<\/h2>\t\t\t\t<\/div>\n\t\t\t\t<\/div>\n\t\t\t\t<div class=\"elementor-element elementor-element-ebceaa0 elementor-widget-divider--view-line elementor-widget elementor-widget-divider\" data-id=\"ebceaa0\" data-element_type=\"widget\" data-e-type=\"widget\" data-widget_type=\"divider.default\">\n\t\t\t\t<div class=\"elementor-widget-container\">\n\t\t\t\t\t\t\t<div class=\"elementor-divider\">\n\t\t\t<span class=\"elementor-divider-separator\">\n\t\t\t\t\t\t<\/span>\n\t\t<\/div>\n\t\t\t\t\t\t<\/div>\n\t\t\t\t<\/div>\n\t\t\t\t<div class=\"elementor-element elementor-element-7464e38 elementor-invisible elementor-widget elementor-widget-image\" data-id=\"7464e38\" data-element_type=\"widget\" data-e-type=\"widget\" data-settings=\"{&quot;_animation&quot;:&quot;zoomIn&quot;}\" data-widget_type=\"image.default\">\n\t\t\t\t<div class=\"elementor-widget-container\">\n\t\t\t\t\t\t\t\t\t\t\t\t\t\t\t<img fetchpriority=\"high\" decoding=\"async\" width=\"300\" height=\"300\" src=\"https:\/\/www2.unifap.br\/fisioterapia\/files\/2024\/03\/LABELETRO-300x300.png\" class=\"attachment-medium size-medium wp-image-1959\" alt=\"\" srcset=\"https:\/\/www2.unifap.br\/fisioterapia\/files\/2024\/03\/LABELETRO-300x300.png 300w, https:\/\/www2.unifap.br\/fisioterapia\/files\/2024\/03\/LABELETRO-1024x1024.png 1024w, https:\/\/www2.unifap.br\/fisioterapia\/files\/2024\/03\/LABELETRO-150x150.png 150w, https:\/\/www2.unifap.br\/fisioterapia\/files\/2024\/03\/LABELETRO-768x768.png 768w, https:\/\/www2.unifap.br\/fisioterapia\/files\/2024\/03\/LABELETRO.png 1081w\" sizes=\"(max-width: 300px) 100vw, 300px\" \/>\t\t\t\t\t\t\t\t\t\t\t\t\t\t\t<\/div>\n\t\t\t\t<\/div>\n\t\t\t\t\t<\/div>\n\t\t<\/div>\n\t\t\t\t\t<\/div>\n\t\t<\/section>\n\t\t\t\t<section class=\"elementor-section elementor-top-section elementor-element elementor-element-1fb7e88 elementor-section-boxed elementor-section-height-default elementor-section-height-default\" data-id=\"1fb7e88\" data-element_type=\"section\" data-e-type=\"section\">\n\t\t\t\t\t\t<div class=\"elementor-container elementor-column-gap-default\">\n\t\t\t\t\t<div class=\"elementor-column elementor-col-100 elementor-top-column elementor-element elementor-element-5053d0ad\" data-id=\"5053d0ad\" data-element_type=\"column\" data-e-type=\"column\">\n\t\t\t<div class=\"elementor-widget-wrap elementor-element-populated\">\n\t\t\t\t\t\t<div class=\"elementor-element elementor-element-1e0b4829 elementor-widget elementor-widget-text-editor\" data-id=\"1e0b4829\" data-element_type=\"widget\" data-e-type=\"widget\" data-widget_type=\"text-editor.default\">\n\t\t\t\t<div class=\"elementor-widget-container\">\n\t\t\t\t\t\t\t\t\t<p>\u00a0<\/p><p>O Laborat\u00f3rio de Eletrotermofototerapia \u2013 LABELETRO \u00e9 um centro de ensino, pesquisa e extens\u00e3o que se dedica ao estudo e avalia\u00e7\u00e3o do impacto dos agentes eletrof\u00edsicos nos tecidos biol\u00f3gicos. Os agentes eletrof\u00edsicos em estudo incluem ultrassom terap\u00eautico, ondas curtas, micro-ondas, laser, LED agentes de adi\u00e7\u00e3o e subtra\u00e7\u00e3o de calor e correntes el\u00e9tricas. O LABELETRO est\u00e1 equipado para avaliar a dor e a hiperalgesia em seres humano. Em projetos envolvendo seres humanos, o laborat\u00f3rio avalia os efeitos dos agentes eletrof\u00edsicos na dor cl\u00ednica e induzida, bem como no desempenho funcional. Para avaliar os resultados desses estudos, s\u00e3o utilizados instrumentos como o alg\u00f4metro de press\u00e3o digital, al\u00e9m de escalas e question\u00e1rios validados.<\/p><p><strong>Professor respons\u00e1vel:<\/strong> Prof. Cleuton Braga Landre<\/p><p><strong>Equipe<\/strong>: Prof. Cleuton Braga Landre e Profa Beatriz Martins de Sa Hyacienth e discentes do curso de Fisioterapia da Unifap.<\/p><p><strong>LINHAS DE PESQUISA:<\/strong><\/p><ul><li><strong>Estudo dos efeitos do ultrassom na cicatriza\u00e7\u00e3o de tecidos, al\u00edvio da dor e melhora da mobilidade<\/strong>.<br \/>Esta linha de pesquisa se concentra no estudo dos efeitos do ultrassom terap\u00eautico em tr\u00eas \u00e1reas principais: cicatriza\u00e7\u00e3o de tecidos, al\u00edvio da dor e melhora da mobilidade. Na cicatriza\u00e7\u00e3o de tecidos, a pesquisa explora como o ultrassom pode estimular o processo de reparo tecidual, acelerando a cicatriza\u00e7\u00e3o de feridas e les\u00f5es. No que diz respeito ao al\u00edvio da dor, os estudos buscam entender como o ultrassom pode reduzir a dor em condi\u00e7\u00f5es cr\u00f4nicas e agudas, possivelmente atrav\u00e9s da modula\u00e7\u00e3o da atividade nervosa ou redu\u00e7\u00e3o da inflama\u00e7\u00e3o. Finalmente, na melhora da mobilidade, a pesquisa investiga como o ultrassom pode ajudar a restaurar a fun\u00e7\u00e3o em pacientes com restri\u00e7\u00f5es de movimento, seja por dor, rigidez ou fraqueza muscular. Essa linha de pesquisa \u00e9 fundamental para expandir nosso entendimento sobre como o ultrassom pode ser usado de forma mais eficaz na fisioterapia.<\/li><\/ul><p>\u00a0<\/p><ul><li><strong>Investiga\u00e7\u00e3o dos efeitos da luz na cicatriza\u00e7\u00e3o de feridas, regenera\u00e7\u00e3o de tecidos e al\u00edvio da dor.<\/strong><br \/>Esta linha de pesquisa se dedica \u00e0 investiga\u00e7\u00e3o dos efeitos da luz, especificamente atrav\u00e9s de terapias como laser e LED, em tr\u00eas \u00e1reas principais: cicatriza\u00e7\u00e3o de feridas, regenera\u00e7\u00e3o de tecidos e al\u00edvio da dor. Na cicatriza\u00e7\u00e3o de feridas, os estudos buscam entender como a luz pode estimular o processo de reparo tecidual, acelerando a cicatriza\u00e7\u00e3o de feridas e les\u00f5es.<br \/>Em rela\u00e7\u00e3o \u00e0 regenera\u00e7\u00e3o de tecidos, a pesquisa explora como a luz pode promover a recupera\u00e7\u00e3o e regenera\u00e7\u00e3o de tecidos danificados, seja por les\u00e3o ou doen\u00e7a. No que diz respeito ao al\u00edvio da dor, os estudos investigam como a luz pode ajudar a reduzir a dor em condi\u00e7\u00f5es cr\u00f4nicas e agudas, possivelmente atrav\u00e9s da modula\u00e7\u00e3o da atividade nervosa ou redu\u00e7\u00e3o da inflama\u00e7\u00e3o. Essa linha de pesquisa \u00e9 fundamental para expandir nosso entendimento sobre como a luz pode ser usada de forma mais eficaz na fisioterapia.<\/li><\/ul><p>\u00a0<\/p><ul><li><strong>Estudo de diferentes tipos de correntes el\u00e9tricas para o al\u00edvio da dor, estimula\u00e7\u00e3o muscular e reabilita\u00e7\u00e3o funcional<\/strong><br \/>Esta linha de pesquisa se concentra no estudo de diferentes tipos de correntes el\u00e9tricas, como a Estimula\u00e7\u00e3o El\u00e9trica Nervosa Transcut\u00e2nea (TENS), a corrente interferencial, corrente Aussie, Estimula\u00e7\u00e3o El\u00e9trica Neuromuscular EENM e a Estimula\u00e7\u00e3o El\u00e9trica Funcional (FES) em tr\u00eas \u00e1reas principais: al\u00edvio da dor, estimula\u00e7\u00e3o muscular e reabilita\u00e7\u00e3o funcional.<br \/>No al\u00edvio da dor, os estudos buscam entender como as correntes el\u00e9tricas podem ser usadas para reduzir a dor em condi\u00e7\u00f5es cr\u00f4nicas e agudas, possivelmente atrav\u00e9s da modula\u00e7\u00e3o da atividade nervosa. Na estimula\u00e7\u00e3o muscular, a pesquisa explora como as correntes el\u00e9tricas podem ser usadas para estimular a contra\u00e7\u00e3o muscular, ajudando a fortalecer os m\u00fasculos e melhorar a fun\u00e7\u00e3o. Na reabilita\u00e7\u00e3o funcional, os estudos investigam como as correntes el\u00e9tricas podem ser usadas para ajudar os pacientes a recuperar a fun\u00e7\u00e3o ap\u00f3s les\u00f5es ou doen\u00e7as. Essa linha de pesquisa \u00e9 fundamental para expandir nosso entendimento sobre como as correntes el\u00e9tricas podem ser usadas de forma mais eficaz na fisioterapia.<\/li><\/ul><p>\u00a0<\/p><ul><li><strong>Estimula\u00e7\u00e3o El\u00e9trica por Corrente Cont\u00ednua na melhora da mobilidade, excitabilidade cerebral e controle da dor Cr\u00f4nica.<\/strong><br \/>Esta linha de pesquisa se concentra na aplica\u00e7\u00e3o da Estimula\u00e7\u00e3o El\u00e9trica por Corrente Cont\u00ednua (EECC) em tr\u00eas \u00e1reas principais: melhora da mobilidade, excitabilidade cerebral e controle da dor cr\u00f4nica. Na melhora da mobilidade, os estudos buscam entender como a EECC pode ser usada para melhorar a mobilidade em pacientes com restri\u00e7\u00f5es de movimento, seja por dor, rigidez ou fraqueza muscular. Em rela\u00e7\u00e3o \u00e0 excitabilidade cerebral, a pesquisa explora como a EECC pode influenciar a atividade cerebral, potencialmente melhorando a fun\u00e7\u00e3o cognitiva e a capacidade de aprendizado. No que diz respeito ao controle da dor cr\u00f4nica, os estudos investigam como a EECC pode ajudar a reduzir a dor cr\u00f4nica, possivelmente atrav\u00e9s da modula\u00e7\u00e3o da atividade nervosa. Essa linha de pesquisa \u00e9 fundamental para expandir nosso entendimento sobre como a EECC pode ser usada de forma mais eficaz na fisioterapia.<\/li><\/ul><p>\u00a0<\/p><ul><li><strong>Investiga\u00e7\u00e3o da terapia por ondas de choque extracorp\u00f3rea nas entesites.<\/strong><br \/>Esta linha de pesquisa se concentra na investiga\u00e7\u00e3o da terapia por ondas de choque extracorp\u00f3rea (TOC) no tratamento das entesites, que s\u00e3o inflama\u00e7\u00f5es nas inser\u00e7\u00f5es de tend\u00f5es, ligamentos e c\u00e1psulas articulares no osso. Os estudos nesta \u00e1rea buscam entender como a (TOC) pode aliviar a dor, reduzir a inflama\u00e7\u00e3o e promover a cicatriza\u00e7\u00e3o em \u00e1reas afetadas pela entesite. A TOC \u00e9 uma interven\u00e7\u00e3o n\u00e3o invasiva que pode ser utilizada em v\u00e1rias enfermidades onde est\u00e3o envolvidos na patog\u00eanese eventos como isquemia, degenera\u00e7\u00e3o tecidual, retardo na consolida\u00e7\u00e3o \u00f3ssea, calcifica\u00e7\u00f5es e contra\u00e7\u00e3o muscular persistente. Acredita-se que a TOC produza rea\u00e7\u00f5es biol\u00f3gicas que desencadeiam, principalmente, a analgesia, libera\u00e7\u00e3o de fatores de crescimento tecidual, neoangiog\u00eanese, acelera\u00e7\u00e3o do reparo \u00f3sseo e fragmenta\u00e7\u00e3o dos dep\u00f3sitos de c\u00e1lcio. Esses efeitos s\u00e3o interessantes para o tratamento de v\u00e1rias das doen\u00e7as musculoesquel\u00e9ticas como as entesopatias e as tendinopatias (calc\u00e1rias ou n\u00e3o), j\u00e1 que nessas doen\u00e7as est\u00e3o envolvidas degenera\u00e7\u00e3o tecidual, presen\u00e7a de calcifica\u00e7\u00f5es e entes\u00f3fitos. Essa linha de pesquisa \u00e9 fundamental para expandir nosso entendimento sobre como a TOC pode ser usada de forma mais eficaz no tratamento das entesites.<\/li><\/ul><hr \/><p><strong><em>REGRAS DE COMPARTILHAMENTO<\/em><\/strong><\/p><p><strong>Art. 1\u00ba &#8211; CRIT\u00c9RIOS DE AGENDAMENTO<\/strong><\/p><ul><li><strong> 1- <\/strong>A coordena\u00e7\u00e3o e as chefias dos LABCAR &#8211; Laborat\u00f3rio de Fisioterapia Cardiovascular e Respirat\u00f3ria (LABCAR); Laborat\u00f3rio de Cinesioterapia e Mecanoterapia (LABCIN), Laborat\u00f3rio de Eletrotermofototerapia (LABELETRO) e Laborat\u00f3rio de Neurofuncional (LabNEURO) do curso de Fisioterapia da Universidade Federal do Amap\u00e1, sob o regime de cess\u00e3o de uso de bem p\u00fablico, sem contrapartida financeira, e por prazo determinado, nos termos do instrumento jur\u00eddico pr\u00f3prio:<\/li><\/ul><ol><li>Compartilhar, mediante instrumento jur\u00eddico espec\u00edfico, seus laborat\u00f3rios, equipamentos, instrumentos, materiais e demais instala\u00e7\u00f5es com Institui\u00e7\u00f5es Cient\u00edficas, Tecnol\u00f3gicas e de Inova\u00e7\u00e3o (ICTs), empresas p\u00fablicas ou privadas com ou sem fins lucrativos, em a\u00e7\u00f5es voltadas \u00e0 inova\u00e7\u00e3o tecnol\u00f3gica para consecu\u00e7\u00e3o das atividades de incuba\u00e7\u00e3o, startups e spin offs, sem preju\u00edzo de sua atividade final\u00edstica;<\/li><li>Firmar termo de outorga para permiss\u00e3o de uso e para de autoriza\u00e7\u00e3o de uso para a utiliza\u00e7\u00e3o de seus laborat\u00f3rios, equipamentos, instrumentos, materiais e demais instala\u00e7\u00f5es existentes em suas pr\u00f3prias depend\u00eancias por ICTs, empresas p\u00fablicas ou privadas com ou sem fins lucrativos, ou pessoas f\u00edsicas voltadas a atividades de pesquisa, desenvolvimento e inova\u00e7\u00e3o, desde que tal ato n\u00e3o interfira diretamente em sua atividade-fim nem com ela conflite;<\/li><li>Firmar contrato de concess\u00e3o de uso com Institui\u00e7\u00f5es Cient\u00edficas, Tecnol\u00f3gicas e de Inova\u00e7\u00e3o (ICTs), empresas p\u00fablicas ou privadas, para utiliza\u00e7\u00e3o exclusiva por prazo certo de sua estrutura laboratorial, mediante processo de dispensa de licita\u00e7\u00e3o, e desde que tal concess\u00e3o n\u00e3o interfira diretamente em sua atividade-fim nem com ela conflite<\/li><\/ol><ul><li><strong> 2\u00ba<\/strong> &#8211; Todo compartilhamento, toda outorga de permiss\u00e3o e de autoriza\u00e7\u00e3o de uso e toda concess\u00e3o de uso da infraestrutura do LABCAR, LABCIN e LabNEURO &#8211; UNIFAP ser\u00e3o regidos por instrumento jur\u00eddico espec\u00edfico, observando-se a presente Resolu\u00e7\u00e3o e a legisla\u00e7\u00e3o vigente.<\/li><li><strong> 3\u00ba<\/strong> &#8211; As prioridades, os crit\u00e9rios e os requisitos para o compartilhamento e\/ou permiss\u00e3o de uso s\u00e3o:<\/li><\/ul><p><strong>Art. 2\u00ba PRIORIDADES:<\/strong><\/p><ul><li><strong> 1\u00ba &#8211; <\/strong>80% das atividades realizadas no LABCAR, LABCIN, LABELETRO e LabNEURO ser\u00e3o destinadas para realiza\u00e7\u00e3o de atividades voltadas para o ambiente acad\u00eamico dos cursos da \u00e1rea da sa\u00fade da Universidade Federal do Amap\u00e1.<\/li><li><strong> 2\u00ba <\/strong>20% ser\u00e3o destinadas para atividades com entidades parceiras.<\/li><\/ul><p><strong>Art. 3\u00ba CRIT\u00c9RIOS:<\/strong><\/p><ul><li><strong> 1\u00ba &#8211; <\/strong>O uso do LABCAR, LABCIN, LABELETRO e LabNEURO ser\u00e1 autorizado pela chefia do laborat\u00f3rio<\/li><li><strong> 2\u00ba &#8211; <\/strong>Para atividades no LABCAR, LABCIN, LABELETRO e LabNEURO de cunho cient\u00edfico e acad\u00eamico, os alunos e professores precisam entrar em contato com o professor chefe dos respectivos laborat\u00f3rios<\/li><\/ul><p>LABCAR \u2013 Profa. Elinaldo Santos &#8211; elinaldo.santos@unifap.br<\/p><p>LABCIN \u2013 Prof. Renan Monteiro \u2013 renan.monteiro@unifap.br<\/p><p>LABELETRO &#8211; Prof. Cleuton Braga Landre &#8211; cleutinho@unifap.br<\/p><p>LabNEURO \u2013 Prof Diego Visco &#8211; diego.visco@unifap.br<\/p><p>\u00a0<\/p><ul><li><strong> 3\u00ba &#8211; <\/strong>Para atividades com ICT\u2019s, empresas p\u00fablicas ou privadas, o uso do laborat\u00f3rio \u00e9 facultado para os seguintes objetivos:<\/li><\/ul><ol><li><ol><li>aprimoramento de tecnologias<\/li><li>avalia\u00e7\u00f5es para desenvolvimento de materiais\/equipamentos para benef\u00edcio social<\/li><li>pesquisas cient\u00edficas.<\/li><\/ol><\/li><\/ol><ul><li><strong> 4\u00ba &#8211; <\/strong>Para uso dos equipamentos dos laborat\u00f3rios, todos precisar\u00e3o passar por um treinamento antes de realizar qualquer tipo de manuseio.<\/li><li><strong> 5\u00ba &#8211; <\/strong>Os hor\u00e1rios dispon\u00edveis para uso do laborat\u00f3rio ser\u00e3o definidos com a chefia e\/ou t\u00e9cnico de laborat\u00f3rio do curso de Fisioterapia da UNIFAP.<\/li><\/ul><p><strong>Art. 4\u00ba REQUISITOS:<\/strong><\/p><p>Atendendo os crit\u00e9rios mencionados acima, ser\u00e1 feito um credenciamento e os parceiros precis\u00e3o assinar um termo de responsabilidade quanto ao uso dos equipamentos e depend\u00eancias do respectivo laborat\u00f3rio.<\/p><ul><li><strong> 1\u00ba &#8211; <\/strong>Os instrumentos contratuais previstos na presente resolu\u00e7\u00e3o poder\u00e3o ter a participa\u00e7\u00e3o de Funda\u00e7\u00e3o e Apoio, caso em que a aven\u00e7a dever\u00e1 considerar o disposto na Lei 8958\/1994.<\/li><li><strong> 2\u00ba &#8211; <\/strong>A contrapartida n\u00e3o financeira poder\u00e1 consistir em fornecimento de produtos e servi\u00e7os, participa\u00e7\u00e3o societ\u00e1ria, investimentos em infraestrutura, capacita\u00e7\u00e3o e qualifica\u00e7\u00e3o de recursos humanos em \u00e1reas compat\u00edveis com a finalidade de inova\u00e7\u00e3o tecnol\u00f3gica, entre outras, que sejam economicamente mensur\u00e1veis.<\/li><li><strong> 3\u00ba &#8211; <\/strong>As concess\u00f5es de uso previstas nesta Resolu\u00e7\u00e3o ser\u00e3o antecedidas por credenciamento e assinatura de termo de responsabilidade.<\/li><li><strong> 4\u00ba &#8211; <\/strong>Quando a atividade a ser desenvolvida envolver a utiliza\u00e7\u00e3o de instala\u00e7\u00f5es laboratoriais, materiais, equipamentos e instrumentos dos laborat\u00f3rios, al\u00e9m da utiliza\u00e7\u00e3o de capital intelectual, para realiza\u00e7\u00e3o de atividades conjuntas de pesquisa cient\u00edfica e tecnol\u00f3gica e de desenvolvimento de tecnologia, produto, servi\u00e7o ou processo, sem transfer\u00eancia de recursos financeiros p\u00fablicos dever\u00e1 ser firmado acordo entre a entidade parceira e o chefe do laborat\u00f3rio.<\/li><\/ul><p><strong>Art. 5\u00ba<\/strong> Cabe a chefia do laborat\u00f3rio, avaliar e decidir sobre a aprova\u00e7\u00e3o da demanda dos interessados na permiss\u00e3o e compartilhamento, devendo tais decis\u00f5es obedecer \u00e0s disposi\u00e7\u00f5es dessa Resolu\u00e7\u00e3o e prever, no m\u00ednimo, o seguinte:<\/p><ol><li>que o compartilhamento e a utiliza\u00e7\u00e3o n\u00e3o poder\u00e3o interferir nas atividades de ensino, pesquisa e extens\u00e3o que s\u00e3o realizadas regularmente nos laborat\u00f3rios e demais instala\u00e7\u00f5es que desenvolvem atividades de pesquisa na UNIFAP, cujos planos de compartilhamento e uso dever\u00e3o ser compat\u00edveis com os projetos acad\u00eamicos das Unidades e\/ou cursos diretamente relacionados aos espa\u00e7os compartilhados j\u00e1 aprovados pelas inst\u00e2ncias internas do curso de Fisioterapia da UNIFAP;<\/li><li>os interessados dever\u00e3o responsabilizar-se pelas obriga\u00e7\u00f5es trabalhistas de seus colaboradores al\u00e9m das securit\u00e1rias relativas a acidentes de seus colaboradores e pessoal que porventura vierem a participar da execu\u00e7\u00e3o do projeto;<\/li><li>Ser\u00e1 divulgado no site do curso de Fisioterapia UNIFAP as normas de uso, crit\u00e9rios de sele\u00e7\u00e3o de propostas ou projetos e prioridades de atendimento dos laborat\u00f3rios e infraestrutura;<\/li><li>que seja especificado o uso a ser dado aos laborat\u00f3rios, equipamentos, instrumentos, materiais e demais instala\u00e7\u00f5es<\/li><\/ol><p>\u00a0<\/p><p><strong>Art. 6\u00ba<\/strong> Caso o projeto tenha o ser humano como fonte prim\u00e1ria de informa\u00e7\u00f5es ou preveja a utiliza\u00e7\u00e3o de animais, organismos geneticamente modificados e uso do patrim\u00f4nio gen\u00e9tico, o uso da infraestrutura est\u00e1 condicionado \u00e0 aprova\u00e7\u00e3o da proposta pelo Comit\u00ea de \u00c9tica em Pesquisa, pela Comiss\u00e3o de \u00c9tica no Uso de Animais (CEUA), Comiss\u00e3o Interna de Biosseguran\u00e7a (CIBio) e Sistema Nacional de Gest\u00e3o do Patrim\u00f4nio Gen\u00e9tico e do Conhecimento Tradicional Associado (SisGen), respectivamente.<\/p><p><strong>Par\u00e1grafo \u00fanico<\/strong>: LABMOV, LABCIN, LABELETRO e LabNEURO adotar\u00e3o as boas pr\u00e1ticas em pesquisa e desenvolvimento, mantendo os registros de todos os procedimentos laboratoriais empregados, para a eventualidade de consulta dos procedimentos adotados.<\/p><p><strong>Art 7\u00ba<\/strong> O colegiado do curso de Fisioterapia dar\u00e1 apoio para procedimento e pessoal de modo a possibilitar a publica\u00e7\u00e3o em suas p\u00e1ginas eletr\u00f4nicas a rela\u00e7\u00e3o da infraestrutura, equipamentos e laborat\u00f3rios compartilh\u00e1veis, bem como \u00e0 precifica\u00e7\u00e3o e normas atinentes.<\/p><p>Contato: E-mail:<a href=\"mailto:labeletro@unifap.br\"> labeletro@unifap.br\u00a0<\/a><\/p><p>\u00a0<\/p>\t\t\t\t\t\t\t\t<\/div>\n\t\t\t\t<\/div>\n\t\t\t\t\t<\/div>\n\t\t<\/div>\n\t\t\t\t\t<\/div>\n\t\t<\/section>\n\t\t\t\t<\/div>\n\t\t","protected":false},"excerpt":{"rendered":"<p>LABELETRO \u00a0 O Laborat\u00f3rio de Eletrotermofototerapia \u2013 LABELETRO \u00e9 um centro de ensino, pesquisa e extens\u00e3o que se dedica ao estudo e avalia\u00e7\u00e3o do impacto dos agentes eletrof\u00edsicos nos tecidos biol\u00f3gicos. Os agentes eletrof\u00edsicos em estudo incluem ultrassom terap\u00eautico, ondas curtas, micro-ondas, laser, LED agentes de adi\u00e7\u00e3o e subtra\u00e7\u00e3o de calor e correntes el\u00e9tricas. O&#8230;<\/p>\n","protected":false},"author":3931,"featured_media":0,"parent":1940,"menu_order":0,"comment_status":"closed","ping_status":"closed","template":"elementor_header_footer","meta":{"inline_featured_image":false,"site-sidebar-layout":"default","site-content-layout":"","ast-site-content-layout":"default","site-content-style":"default","site-sidebar-style":"default","ast-global-header-display":"","ast-banner-title-visibility":"","ast-main-header-display":"","ast-hfb-above-header-display":"","ast-hfb-below-header-display":"","ast-hfb-mobile-header-display":"","site-post-title":"","ast-breadcrumbs-content":"","ast-featured-img":"","footer-sml-layout":"","theme-transparent-header-meta":"default","adv-header-id-meta":"","stick-header-meta":"","header-above-stick-meta":"","header-main-stick-meta":"","header-below-stick-meta":"","astra-migrate-meta-layouts":"set","ast-page-background-enabled":"default","ast-page-background-meta":{"desktop":{"background-color":"var(--ast-global-color-4)","background-image":"","background-repeat":"repeat","background-position":"center center","background-size":"auto","background-attachment":"scroll","background-type":"","background-media":"","overlay-type":"","overlay-color":"","overlay-opacity":"","overlay-gradient":""},"tablet":{"background-color":"","background-image":"","background-repeat":"repeat","background-position":"center center","background-size":"auto","background-attachment":"scroll","background-type":"","background-media":"","overlay-type":"","overlay-color":"","overlay-opacity":"","overlay-gradient":""},"mobile":{"background-color":"","background-image":"","background-repeat":"repeat","background-position":"center center","background-size":"auto","background-attachment":"scroll","background-type":"","background-media":"","overlay-type":"","overlay-color":"","overlay-opacity":"","overlay-gradient":""}},"ast-content-background-meta":{"desktop":{"background-color":"var(--ast-global-color-5)","background-image":"","background-repeat":"repeat","background-position":"center center","background-size":"auto","background-attachment":"scroll","background-type":"","background-media":"","overlay-type":"","overlay-color":"","overlay-opacity":"","overlay-gradient":""},"tablet":{"background-color":"var(--ast-global-color-5)","background-image":"","background-repeat":"repeat","background-position":"center center","background-size":"auto","background-attachment":"scroll","background-type":"","background-media":"","overlay-type":"","overlay-color":"","overlay-opacity":"","overlay-gradient":""},"mobile":{"background-color":"var(--ast-global-color-5)","background-image":"","background-repeat":"repeat","background-position":"center center","background-size":"auto","background-attachment":"scroll","background-type":"","background-media":"","overlay-type":"","overlay-color":"","overlay-opacity":"","overlay-gradient":""}},"ngg_post_thumbnail":0,"footnotes":""},"class_list":["post-1958","page","type-page","status-publish","hentry"],"_links":{"self":[{"href":"https:\/\/www2.unifap.br\/fisioterapia\/wp-json\/wp\/v2\/pages\/1958","targetHints":{"allow":["GET"]}}],"collection":[{"href":"https:\/\/www2.unifap.br\/fisioterapia\/wp-json\/wp\/v2\/pages"}],"about":[{"href":"https:\/\/www2.unifap.br\/fisioterapia\/wp-json\/wp\/v2\/types\/page"}],"author":[{"embeddable":true,"href":"https:\/\/www2.unifap.br\/fisioterapia\/wp-json\/wp\/v2\/users\/3931"}],"replies":[{"embeddable":true,"href":"https:\/\/www2.unifap.br\/fisioterapia\/wp-json\/wp\/v2\/comments?post=1958"}],"version-history":[{"count":8,"href":"https:\/\/www2.unifap.br\/fisioterapia\/wp-json\/wp\/v2\/pages\/1958\/revisions"}],"predecessor-version":[{"id":2851,"href":"https:\/\/www2.unifap.br\/fisioterapia\/wp-json\/wp\/v2\/pages\/1958\/revisions\/2851"}],"up":[{"embeddable":true,"href":"https:\/\/www2.unifap.br\/fisioterapia\/wp-json\/wp\/v2\/pages\/1940"}],"wp:attachment":[{"href":"https:\/\/www2.unifap.br\/fisioterapia\/wp-json\/wp\/v2\/media?parent=1958"}],"curies":[{"name":"wp","href":"https:\/\/api.w.org\/{rel}","templated":true}]}}