{"id":1962,"date":"2024-03-18T13:34:06","date_gmt":"2024-03-18T13:34:06","guid":{"rendered":"https:\/\/www2.unifap.br\/fisioterapia\/?page_id=1962"},"modified":"2024-10-23T19:46:44","modified_gmt":"2024-10-23T19:46:44","slug":"laboratorio-de-fisioterapia-cardiorrespiratoria-e-terapia-intensiva-labcar","status":"publish","type":"page","link":"https:\/\/www2.unifap.br\/fisioterapia\/portal-administrativo\/laboratorios\/laboratorio-de-fisioterapia-cardiorrespiratoria-e-terapia-intensiva-labcar\/","title":{"rendered":"Laborat\u00f3rio de Fisioterapia Cardiorrespirat\u00f3ria e Terapia Intensiva (LABCAR)"},"content":{"rendered":"\t\t<div data-elementor-type=\"wp-page\" data-elementor-id=\"1962\" class=\"elementor elementor-1962\">\n\t\t\t\t\t\t<section class=\"elementor-section elementor-top-section elementor-element elementor-element-dbcf993 elementor-section-boxed elementor-section-height-default elementor-section-height-default\" data-id=\"dbcf993\" data-element_type=\"section\" data-e-type=\"section\">\n\t\t\t\t\t\t<div class=\"elementor-container elementor-column-gap-default\">\n\t\t\t\t\t<div class=\"elementor-column elementor-col-100 elementor-top-column elementor-element elementor-element-3ad1b4d\" data-id=\"3ad1b4d\" data-element_type=\"column\" data-e-type=\"column\">\n\t\t\t<div class=\"elementor-widget-wrap elementor-element-populated\">\n\t\t\t\t\t\t<div class=\"elementor-element elementor-element-939e1ae elementor-widget-divider--view-line elementor-widget elementor-widget-divider\" data-id=\"939e1ae\" data-element_type=\"widget\" data-e-type=\"widget\" data-widget_type=\"divider.default\">\n\t\t\t\t<div class=\"elementor-widget-container\">\n\t\t\t\t\t\t\t<div class=\"elementor-divider\">\n\t\t\t<span class=\"elementor-divider-separator\">\n\t\t\t\t\t\t<\/span>\n\t\t<\/div>\n\t\t\t\t\t\t<\/div>\n\t\t\t\t<\/div>\n\t\t\t\t<div class=\"elementor-element elementor-element-d3d03ef elementor-invisible elementor-widget elementor-widget-heading\" data-id=\"d3d03ef\" data-element_type=\"widget\" data-e-type=\"widget\" data-settings=\"{&quot;_animation&quot;:&quot;slideInLeft&quot;}\" data-widget_type=\"heading.default\">\n\t\t\t\t<div class=\"elementor-widget-container\">\n\t\t\t\t\t<h2 class=\"elementor-heading-title elementor-size-default\">LABCAR<\/h2>\t\t\t\t<\/div>\n\t\t\t\t<\/div>\n\t\t\t\t<div class=\"elementor-element elementor-element-349f00e elementor-widget-divider--view-line elementor-widget elementor-widget-divider\" data-id=\"349f00e\" data-element_type=\"widget\" data-e-type=\"widget\" data-widget_type=\"divider.default\">\n\t\t\t\t<div class=\"elementor-widget-container\">\n\t\t\t\t\t\t\t<div class=\"elementor-divider\">\n\t\t\t<span class=\"elementor-divider-separator\">\n\t\t\t\t\t\t<\/span>\n\t\t<\/div>\n\t\t\t\t\t\t<\/div>\n\t\t\t\t<\/div>\n\t\t\t\t<div class=\"elementor-element elementor-element-a1ff408 elementor-invisible elementor-widget elementor-widget-image\" data-id=\"a1ff408\" data-element_type=\"widget\" data-e-type=\"widget\" data-settings=\"{&quot;_animation&quot;:&quot;zoomIn&quot;}\" data-widget_type=\"image.default\">\n\t\t\t\t<div class=\"elementor-widget-container\">\n\t\t\t\t\t\t\t\t\t\t\t\t\t\t\t<img fetchpriority=\"high\" decoding=\"async\" width=\"300\" height=\"300\" src=\"http:\/\/www2.unifap.br\/fisioterapia\/files\/2024\/03\/labcar-300x300.jpeg\" class=\"attachment-medium size-medium wp-image-1963\" alt=\"\" srcset=\"http:\/\/www2.unifap.br\/fisioterapia\/files\/2024\/03\/labcar-300x300.jpeg 300w, http:\/\/www2.unifap.br\/fisioterapia\/files\/2024\/03\/labcar-1024x1024.jpeg 1024w, http:\/\/www2.unifap.br\/fisioterapia\/files\/2024\/03\/labcar-150x150.jpeg 150w, http:\/\/www2.unifap.br\/fisioterapia\/files\/2024\/03\/labcar-768x768.jpeg 768w, http:\/\/www2.unifap.br\/fisioterapia\/files\/2024\/03\/labcar.jpeg 1080w\" sizes=\"(max-width: 300px) 100vw, 300px\" \/>\t\t\t\t\t\t\t\t\t\t\t\t\t\t\t<\/div>\n\t\t\t\t<\/div>\n\t\t\t\t\t<\/div>\n\t\t<\/div>\n\t\t\t\t\t<\/div>\n\t\t<\/section>\n\t\t\t\t<section class=\"elementor-section elementor-top-section elementor-element elementor-element-32457332 elementor-section-boxed elementor-section-height-default elementor-section-height-default\" data-id=\"32457332\" data-element_type=\"section\" data-e-type=\"section\">\n\t\t\t\t\t\t<div class=\"elementor-container elementor-column-gap-default\">\n\t\t\t\t\t<div class=\"elementor-column elementor-col-100 elementor-top-column elementor-element elementor-element-20a636b7\" data-id=\"20a636b7\" data-element_type=\"column\" data-e-type=\"column\">\n\t\t\t<div class=\"elementor-widget-wrap elementor-element-populated\">\n\t\t\t\t\t\t<div class=\"elementor-element elementor-element-637ce0af elementor-widget elementor-widget-text-editor\" data-id=\"637ce0af\" data-element_type=\"widget\" data-e-type=\"widget\" data-widget_type=\"text-editor.default\">\n\t\t\t\t<div class=\"elementor-widget-container\">\n\t\t\t\t\t\t\t\t\t<p>\u00a0<\/p><p><span style=\"font-weight: 400\">No LABCAR s\u00e3o desenvolvidas atividades de ensino, extensionista e de pesquisa da \u00e1rea card\u00edaca, respirat\u00f3ria e cr\u00edtica em pacientes adultos, pedi\u00e1tricos e neonatais. O ensino \u00e9 direcionado para aulas te\u00f3ricas e pr\u00e1ticas envolvendo avalia\u00e7\u00e3o, interven\u00e7\u00e3o e preven\u00e7\u00e3o de disfun\u00e7\u00f5es dos sistemas respirat\u00f3rio e cardiovascular, al\u00e9m de outros sistemas correlacionados. As atividades extensionistas ocorrem com objetivo de oferecer suporte fisioterap\u00eautico para comunidade geral (interna e externa da UNIFAP). As pesquisas que ocorrem no LABCAR envolvem investiga\u00e7\u00f5es de diagn\u00f3stico, avalia\u00e7\u00e3o, interven\u00e7\u00e3o e preven\u00e7\u00e3o de disfun\u00e7\u00f5es.\u00a0<\/span><\/p><p>\u00a0<\/p><p><b>Professor respons\u00e1vel<\/b><span style=\"font-weight: 400\">:\u00a0 Prof. <\/span><span style=\"font-weight: 400\">Elinaldo da Concei\u00e7\u00e3o dos Santos<\/span><\/p><p><b>Equipe<\/b><span style=\"font-weight: 400\">:\u00a0<\/span><\/p><ul><li style=\"font-weight: 400\"><span style=\"font-weight: 400\">Elinaldo da Concei\u00e7\u00e3o dos Santos<\/span><\/li><li style=\"font-weight: 400\"><span style=\"font-weight: 400\">Nayana Keyla Seabra de Oliveira<\/span><\/li><li style=\"font-weight: 400\"><span style=\"font-weight: 400\">Larissa de Magalh\u00e3es Doebeli Matias<\/span><\/li><li style=\"font-weight: 400\"><span style=\"font-weight: 400\">Fernanda Castro Soares Arruda<\/span><\/li><\/ul><p><b>Atividades realizadas<\/b><span style=\"font-weight: 400\">:<\/span><\/p><ul><li style=\"font-weight: 400\"><span style=\"font-weight: 400\">Aulas te\u00f3ricas<\/span><\/li><li style=\"font-weight: 400\"><span style=\"font-weight: 400\">Aulas pr\u00e1ticas<\/span><\/li><li style=\"font-weight: 400\"><span style=\"font-weight: 400\">Atividades de projetos de extens\u00e3o<\/span><\/li><li style=\"font-weight: 400\"><span style=\"font-weight: 400\">Pesquisas cient\u00edficas<\/span><\/li><li style=\"font-weight: 400\"><span style=\"font-weight: 400\">Cursos<\/span><\/li><li style=\"font-weight: 400\"><span style=\"font-weight: 400\">Palestras<\/span><\/li><\/ul><p><b>Equipamentos<\/b><span style=\"font-weight: 400\">: Maca tubular com cabeceira regul\u00e1vel, Maca el\u00e9trica Electric Table, Mesa de escrit\u00f3rio FaceShield, CPU Computador de mesa, Monitor para Computador de Mesa, Medidor de fluxo Expirat\u00f3rio, Espir\u00f4metro de incentivo, Esteira Ergom\u00e9trica, Balan\u00e7a anal\u00f3gica, Oscilador de alta frequ\u00eancia, Manuvacu\u00f4metro, Espelho para fisioterapia com rod\u00edzios, Conjunto EPAP, Nebulizador infantil, Conjunto Micro nebulizador, Nebulizador adulto, M\u00e1scara de oxig\u00eanio face tenda 2 em 1 Adulto , M\u00e1scara de Oxig\u00eanio Alta Concentra\u00e7\u00e3o adulto com reservat\u00f3rio e tubo de O2 MD (Venturi), Circuito Paciente de Uso \u00danico Alto Fluxo, Eletrocardi\u00f3grafo, Ventilador mec\u00e2nico, Dinam\u00f4metro anal\u00f3gico Cilindro de oxig\u00eanio 7 litros, Manequim para diferentes procedimentos.<br \/><\/span><\/p><hr \/><p><strong><em>REGRAS DE COMPARTILHAMENTO<\/em><\/strong><\/p><p><strong>Art. 1\u00ba &#8211; CRIT\u00c9RIOS DE AGENDAMENTO<\/strong><\/p><ul><li><strong> 1- <\/strong>A coordena\u00e7\u00e3o e as chefias dos LABCAR &#8211; Laborat\u00f3rio de Fisioterapia Cardiovascular e Respirat\u00f3ria (LABCAR); Laborat\u00f3rio de Cinesioterapia e Mecanoterapia (LABCIN), Laborat\u00f3rio de Eletrotermofototerapia (LABELETRO) e Laborat\u00f3rio de Neurofuncional (LabNEURO) do curso de Fisioterapia da Universidade Federal do Amap\u00e1, sob o regime de cess\u00e3o de uso de bem p\u00fablico, sem contrapartida financeira, e por prazo determinado, nos termos do instrumento jur\u00eddico pr\u00f3prio:<\/li><\/ul><ol><li>Compartilhar, mediante instrumento jur\u00eddico espec\u00edfico, seus laborat\u00f3rios, equipamentos, instrumentos, materiais e demais instala\u00e7\u00f5es com Institui\u00e7\u00f5es Cient\u00edficas, Tecnol\u00f3gicas e de Inova\u00e7\u00e3o (ICTs), empresas p\u00fablicas ou privadas com ou sem fins lucrativos, em a\u00e7\u00f5es voltadas \u00e0 inova\u00e7\u00e3o tecnol\u00f3gica para consecu\u00e7\u00e3o das atividades de incuba\u00e7\u00e3o, startups e spin offs, sem preju\u00edzo de sua atividade final\u00edstica;<\/li><li>Firmar termo de outorga para permiss\u00e3o de uso e para de autoriza\u00e7\u00e3o de uso para a utiliza\u00e7\u00e3o de seus laborat\u00f3rios, equipamentos, instrumentos, materiais e demais instala\u00e7\u00f5es existentes em suas pr\u00f3prias depend\u00eancias por ICTs, empresas p\u00fablicas ou privadas com ou sem fins lucrativos, ou pessoas f\u00edsicas voltadas a atividades de pesquisa, desenvolvimento e inova\u00e7\u00e3o, desde que tal ato n\u00e3o interfira diretamente em sua atividade-fim nem com ela conflite;<\/li><li>Firmar contrato de concess\u00e3o de uso com Institui\u00e7\u00f5es Cient\u00edficas, Tecnol\u00f3gicas e de Inova\u00e7\u00e3o (ICTs), empresas p\u00fablicas ou privadas, para utiliza\u00e7\u00e3o exclusiva por prazo certo de sua estrutura laboratorial, mediante processo de dispensa de licita\u00e7\u00e3o, e desde que tal concess\u00e3o n\u00e3o interfira diretamente em sua atividade-fim nem com ela conflite<\/li><\/ol><ul><li><strong> 2\u00ba<\/strong> &#8211; Todo compartilhamento, toda outorga de permiss\u00e3o e de autoriza\u00e7\u00e3o de uso e toda concess\u00e3o de uso da infraestrutura do LABCAR, LABCIN e LabNEURO &#8211; UNIFAP ser\u00e3o regidos por instrumento jur\u00eddico espec\u00edfico, observando-se a presente Resolu\u00e7\u00e3o e a legisla\u00e7\u00e3o vigente.<\/li><li><strong> 3\u00ba<\/strong> &#8211; As prioridades, os crit\u00e9rios e os requisitos para o compartilhamento e\/ou permiss\u00e3o de uso s\u00e3o:<\/li><\/ul><p><strong>Art. 2\u00ba PRIORIDADES:<\/strong><\/p><ul><li><strong> 1\u00ba &#8211; <\/strong>80% das atividades realizadas no LABCAR, LABCIN, LABELETRO e LabNEURO ser\u00e3o destinadas para realiza\u00e7\u00e3o de atividades voltadas para o ambiente acad\u00eamico dos cursos da \u00e1rea da sa\u00fade da Universidade Federal do Amap\u00e1.<\/li><li><strong> 2\u00ba <\/strong>20% ser\u00e3o destinadas para atividades com entidades parceiras.<\/li><\/ul><p><strong>Art. 3\u00ba CRIT\u00c9RIOS:<\/strong><\/p><ul><li><strong> 1\u00ba &#8211; <\/strong>O uso do LABCAR, LABCIN, LABELETRO e LabNEURO ser\u00e1 autorizado pela chefia do laborat\u00f3rio<\/li><li><strong> 2\u00ba &#8211; <\/strong>Para atividades no LABCAR, LABCIN, LABELETRO e LabNEURO de cunho cient\u00edfico e acad\u00eamico, os alunos e professores precisam entrar em contato com o professor chefe dos respectivos laborat\u00f3rios<\/li><\/ul><p>LABCAR \u2013 Profa. Elinaldo Santos &#8211; elinaldo.santos@unifap.br<\/p><p>LABCIN \u2013 Prof. Renan Monteiro \u2013 renan.monteiro@unifap.br<\/p><p>LABELETRO &#8211; Prof. Cleuton Braga Landre &#8211; cleutinho@unifap.br<\/p><p>LabNEURO \u2013 Prof Diego Visco &#8211; diego.visco@unifap.br<\/p><p>\u00a0<\/p><ul><li><strong> 3\u00ba &#8211; <\/strong>Para atividades com ICT\u2019s, empresas p\u00fablicas ou privadas, o uso do laborat\u00f3rio \u00e9 facultado para os seguintes objetivos:<\/li><\/ul><ol><li><ol><li>aprimoramento de tecnologias<\/li><li>avalia\u00e7\u00f5es para desenvolvimento de materiais\/equipamentos para benef\u00edcio social<\/li><li>pesquisas cient\u00edficas.<\/li><\/ol><\/li><\/ol><ul><li><strong> 4\u00ba &#8211; <\/strong>Para uso dos equipamentos dos laborat\u00f3rios, todos precisar\u00e3o passar por um treinamento antes de realizar qualquer tipo de manuseio.<\/li><li><strong> 5\u00ba &#8211; <\/strong>Os hor\u00e1rios dispon\u00edveis para uso do laborat\u00f3rio ser\u00e3o definidos com a chefia e\/ou t\u00e9cnico de laborat\u00f3rio do curso de Fisioterapia da UNIFAP.<\/li><\/ul><p><strong>Art. 4\u00ba REQUISITOS:<\/strong><\/p><p>Atendendo os crit\u00e9rios mencionados acima, ser\u00e1 feito um credenciamento e os parceiros precis\u00e3o assinar um termo de responsabilidade quanto ao uso dos equipamentos e depend\u00eancias do respectivo laborat\u00f3rio.<\/p><ul><li><strong> 1\u00ba &#8211; <\/strong>Os instrumentos contratuais previstos na presente resolu\u00e7\u00e3o poder\u00e3o ter a participa\u00e7\u00e3o de Funda\u00e7\u00e3o e Apoio, caso em que a aven\u00e7a dever\u00e1 considerar o disposto na Lei 8958\/1994.<\/li><li><strong> 2\u00ba &#8211; <\/strong>A contrapartida n\u00e3o financeira poder\u00e1 consistir em fornecimento de produtos e servi\u00e7os, participa\u00e7\u00e3o societ\u00e1ria, investimentos em infraestrutura, capacita\u00e7\u00e3o e qualifica\u00e7\u00e3o de recursos humanos em \u00e1reas compat\u00edveis com a finalidade de inova\u00e7\u00e3o tecnol\u00f3gica, entre outras, que sejam economicamente mensur\u00e1veis.<\/li><li><strong> 3\u00ba &#8211; <\/strong>As concess\u00f5es de uso previstas nesta Resolu\u00e7\u00e3o ser\u00e3o antecedidas por credenciamento e assinatura de termo de responsabilidade.<\/li><li><strong> 4\u00ba &#8211; <\/strong>Quando a atividade a ser desenvolvida envolver a utiliza\u00e7\u00e3o de instala\u00e7\u00f5es laboratoriais, materiais, equipamentos e instrumentos dos laborat\u00f3rios, al\u00e9m da utiliza\u00e7\u00e3o de capital intelectual, para realiza\u00e7\u00e3o de atividades conjuntas de pesquisa cient\u00edfica e tecnol\u00f3gica e de desenvolvimento de tecnologia, produto, servi\u00e7o ou processo, sem transfer\u00eancia de recursos financeiros p\u00fablicos dever\u00e1 ser firmado acordo entre a entidade parceira e o chefe do laborat\u00f3rio.<\/li><\/ul><p><strong>Art. 5\u00ba<\/strong> Cabe a chefia do laborat\u00f3rio, avaliar e decidir sobre a aprova\u00e7\u00e3o da demanda dos interessados na permiss\u00e3o e compartilhamento, devendo tais decis\u00f5es obedecer \u00e0s disposi\u00e7\u00f5es dessa Resolu\u00e7\u00e3o e prever, no m\u00ednimo, o seguinte:<\/p><ol><li>que o compartilhamento e a utiliza\u00e7\u00e3o n\u00e3o poder\u00e3o interferir nas atividades de ensino, pesquisa e extens\u00e3o que s\u00e3o realizadas regularmente nos laborat\u00f3rios e demais instala\u00e7\u00f5es que desenvolvem atividades de pesquisa na UNIFAP, cujos planos de compartilhamento e uso dever\u00e3o ser compat\u00edveis com os projetos acad\u00eamicos das Unidades e\/ou cursos diretamente relacionados aos espa\u00e7os compartilhados j\u00e1 aprovados pelas inst\u00e2ncias internas do curso de Fisioterapia da UNIFAP;<\/li><li>os interessados dever\u00e3o responsabilizar-se pelas obriga\u00e7\u00f5es trabalhistas de seus colaboradores al\u00e9m das securit\u00e1rias relativas a acidentes de seus colaboradores e pessoal que porventura vierem a participar da execu\u00e7\u00e3o do projeto;<\/li><li>Ser\u00e1 divulgado no site do curso de Fisioterapia UNIFAP as normas de uso, crit\u00e9rios de sele\u00e7\u00e3o de propostas ou projetos e prioridades de atendimento dos laborat\u00f3rios e infraestrutura;<\/li><li>que seja especificado o uso a ser dado aos laborat\u00f3rios, equipamentos, instrumentos, materiais e demais instala\u00e7\u00f5es<\/li><\/ol><p>\u00a0<\/p><p><strong>Art. 6\u00ba<\/strong> Caso o projeto tenha o ser humano como fonte prim\u00e1ria de informa\u00e7\u00f5es ou preveja a utiliza\u00e7\u00e3o de animais, organismos geneticamente modificados e uso do patrim\u00f4nio gen\u00e9tico, o uso da infraestrutura est\u00e1 condicionado \u00e0 aprova\u00e7\u00e3o da proposta pelo Comit\u00ea de \u00c9tica em Pesquisa, pela Comiss\u00e3o de \u00c9tica no Uso de Animais (CEUA), Comiss\u00e3o Interna de Biosseguran\u00e7a (CIBio) e Sistema Nacional de Gest\u00e3o do Patrim\u00f4nio Gen\u00e9tico e do Conhecimento Tradicional Associado (SisGen), respectivamente.<\/p><p><strong>Par\u00e1grafo \u00fanico<\/strong>: LABMOV, LABCIN, LABELETRO e LabNEURO adotar\u00e3o as boas pr\u00e1ticas em pesquisa e desenvolvimento, mantendo os registros de todos os procedimentos laboratoriais empregados, para a eventualidade de consulta dos procedimentos adotados.<\/p><p><strong>Art 7\u00ba<\/strong> O colegiado do curso de Fisioterapia dar\u00e1 apoio para procedimento e pessoal de modo a possibilitar a publica\u00e7\u00e3o em suas p\u00e1ginas eletr\u00f4nicas a rela\u00e7\u00e3o da infraestrutura, equipamentos e laborat\u00f3rios compartilh\u00e1veis, bem como \u00e0 precifica\u00e7\u00e3o e normas atinentes.<\/p>\t\t\t\t\t\t\t\t<\/div>\n\t\t\t\t<\/div>\n\t\t\t\t\t<\/div>\n\t\t<\/div>\n\t\t\t\t\t<\/div>\n\t\t<\/section>\n\t\t\t\t<\/div>\n\t\t","protected":false},"excerpt":{"rendered":"<p>LABCAR \u00a0 No LABCAR s\u00e3o desenvolvidas atividades de ensino, extensionista e de pesquisa da \u00e1rea card\u00edaca, respirat\u00f3ria e cr\u00edtica em pacientes adultos, pedi\u00e1tricos e neonatais. O ensino \u00e9 direcionado para aulas te\u00f3ricas e pr\u00e1ticas envolvendo avalia\u00e7\u00e3o, interven\u00e7\u00e3o e preven\u00e7\u00e3o de disfun\u00e7\u00f5es dos sistemas respirat\u00f3rio e cardiovascular, al\u00e9m de outros sistemas correlacionados. As atividades extensionistas ocorrem&#8230;<\/p>\n","protected":false},"author":3931,"featured_media":0,"parent":1940,"menu_order":0,"comment_status":"closed","ping_status":"closed","template":"elementor_header_footer","meta":{"inline_featured_image":false,"site-sidebar-layout":"default","site-content-layout":"","ast-site-content-layout":"default","site-content-style":"default","site-sidebar-style":"default","ast-global-header-display":"","ast-banner-title-visibility":"","ast-main-header-display":"","ast-hfb-above-header-display":"","ast-hfb-below-header-display":"","ast-hfb-mobile-header-display":"","site-post-title":"","ast-breadcrumbs-content":"","ast-featured-img":"","footer-sml-layout":"","theme-transparent-header-meta":"default","adv-header-id-meta":"","stick-header-meta":"","header-above-stick-meta":"","header-main-stick-meta":"","header-below-stick-meta":"","astra-migrate-meta-layouts":"set","ast-page-background-enabled":"default","ast-page-background-meta":{"desktop":{"background-color":"var(--ast-global-color-4)","background-image":"","background-repeat":"repeat","background-position":"center center","background-size":"auto","background-attachment":"scroll","background-type":"","background-media":"","overlay-type":"","overlay-color":"","overlay-opacity":"","overlay-gradient":""},"tablet":{"background-color":"","background-image":"","background-repeat":"repeat","background-position":"center center","background-size":"auto","background-attachment":"scroll","background-type":"","background-media":"","overlay-type":"","overlay-color":"","overlay-opacity":"","overlay-gradient":""},"mobile":{"background-color":"","background-image":"","background-repeat":"repeat","background-position":"center center","background-size":"auto","background-attachment":"scroll","background-type":"","background-media":"","overlay-type":"","overlay-color":"","overlay-opacity":"","overlay-gradient":""}},"ast-content-background-meta":{"desktop":{"background-color":"var(--ast-global-color-5)","background-image":"","background-repeat":"repeat","background-position":"center center","background-size":"auto","background-attachment":"scroll","background-type":"","background-media":"","overlay-type":"","overlay-color":"","overlay-opacity":"","overlay-gradient":""},"tablet":{"background-color":"var(--ast-global-color-5)","background-image":"","background-repeat":"repeat","background-position":"center center","background-size":"auto","background-attachment":"scroll","background-type":"","background-media":"","overlay-type":"","overlay-color":"","overlay-opacity":"","overlay-gradient":""},"mobile":{"background-color":"var(--ast-global-color-5)","background-image":"","background-repeat":"repeat","background-position":"center center","background-size":"auto","background-attachment":"scroll","background-type":"","background-media":"","overlay-type":"","overlay-color":"","overlay-opacity":"","overlay-gradient":""}},"ngg_post_thumbnail":0,"footnotes":""},"class_list":["post-1962","page","type-page","status-publish","hentry"],"_links":{"self":[{"href":"https:\/\/www2.unifap.br\/fisioterapia\/wp-json\/wp\/v2\/pages\/1962","targetHints":{"allow":["GET"]}}],"collection":[{"href":"https:\/\/www2.unifap.br\/fisioterapia\/wp-json\/wp\/v2\/pages"}],"about":[{"href":"https:\/\/www2.unifap.br\/fisioterapia\/wp-json\/wp\/v2\/types\/page"}],"author":[{"embeddable":true,"href":"https:\/\/www2.unifap.br\/fisioterapia\/wp-json\/wp\/v2\/users\/3931"}],"replies":[{"embeddable":true,"href":"https:\/\/www2.unifap.br\/fisioterapia\/wp-json\/wp\/v2\/comments?post=1962"}],"version-history":[{"count":4,"href":"https:\/\/www2.unifap.br\/fisioterapia\/wp-json\/wp\/v2\/pages\/1962\/revisions"}],"predecessor-version":[{"id":2863,"href":"https:\/\/www2.unifap.br\/fisioterapia\/wp-json\/wp\/v2\/pages\/1962\/revisions\/2863"}],"up":[{"embeddable":true,"href":"https:\/\/www2.unifap.br\/fisioterapia\/wp-json\/wp\/v2\/pages\/1940"}],"wp:attachment":[{"href":"https:\/\/www2.unifap.br\/fisioterapia\/wp-json\/wp\/v2\/media?parent=1962"}],"curies":[{"name":"wp","href":"https:\/\/api.w.org\/{rel}","templated":true}]}}