{"id":1965,"date":"2024-03-18T13:39:39","date_gmt":"2024-03-18T13:39:39","guid":{"rendered":"https:\/\/www2.unifap.br\/fisioterapia\/?page_id=1965"},"modified":"2024-10-23T19:44:06","modified_gmt":"2024-10-23T19:44:06","slug":"laboratorio-de-fisioterapia-geral-labfisio","status":"publish","type":"page","link":"https:\/\/www2.unifap.br\/fisioterapia\/portal-administrativo\/laboratorios\/laboratorio-de-fisioterapia-geral-labfisio\/","title":{"rendered":"Laborat\u00f3rio de Fisioterapia Geral &#8211; LABFISIO"},"content":{"rendered":"\t\t<div data-elementor-type=\"wp-page\" data-elementor-id=\"1965\" class=\"elementor elementor-1965\">\n\t\t\t\t\t\t<section class=\"elementor-section elementor-top-section elementor-element elementor-element-81e032e elementor-section-boxed elementor-section-height-default elementor-section-height-default\" data-id=\"81e032e\" data-element_type=\"section\" data-e-type=\"section\">\n\t\t\t\t\t\t<div class=\"elementor-container elementor-column-gap-default\">\n\t\t\t\t\t<div class=\"elementor-column elementor-col-100 elementor-top-column elementor-element elementor-element-97cedf6\" data-id=\"97cedf6\" data-element_type=\"column\" data-e-type=\"column\">\n\t\t\t<div class=\"elementor-widget-wrap elementor-element-populated\">\n\t\t\t\t\t\t<div class=\"elementor-element elementor-element-63f84ee elementor-widget-divider--view-line elementor-widget elementor-widget-divider\" data-id=\"63f84ee\" data-element_type=\"widget\" data-e-type=\"widget\" data-widget_type=\"divider.default\">\n\t\t\t\t<div class=\"elementor-widget-container\">\n\t\t\t\t\t\t\t<div class=\"elementor-divider\">\n\t\t\t<span class=\"elementor-divider-separator\">\n\t\t\t\t\t\t<\/span>\n\t\t<\/div>\n\t\t\t\t\t\t<\/div>\n\t\t\t\t<\/div>\n\t\t\t\t<div class=\"elementor-element elementor-element-8b20c4f elementor-invisible elementor-widget elementor-widget-heading\" data-id=\"8b20c4f\" data-element_type=\"widget\" data-e-type=\"widget\" data-settings=\"{&quot;_animation&quot;:&quot;slideInLeft&quot;}\" data-widget_type=\"heading.default\">\n\t\t\t\t<div class=\"elementor-widget-container\">\n\t\t\t\t\t<h2 class=\"elementor-heading-title elementor-size-default\">LABFISIO<\/h2>\t\t\t\t<\/div>\n\t\t\t\t<\/div>\n\t\t\t\t<div class=\"elementor-element elementor-element-7acbf72 elementor-widget-divider--view-line elementor-widget elementor-widget-divider\" data-id=\"7acbf72\" data-element_type=\"widget\" data-e-type=\"widget\" data-widget_type=\"divider.default\">\n\t\t\t\t<div class=\"elementor-widget-container\">\n\t\t\t\t\t\t\t<div class=\"elementor-divider\">\n\t\t\t<span class=\"elementor-divider-separator\">\n\t\t\t\t\t\t<\/span>\n\t\t<\/div>\n\t\t\t\t\t\t<\/div>\n\t\t\t\t<\/div>\n\t\t\t\t\t<\/div>\n\t\t<\/div>\n\t\t\t\t\t<\/div>\n\t\t<\/section>\n\t\t\t\t<section class=\"elementor-section elementor-top-section elementor-element elementor-element-67df7db6 elementor-section-boxed elementor-section-height-default elementor-section-height-default\" data-id=\"67df7db6\" data-element_type=\"section\" data-e-type=\"section\">\n\t\t\t\t\t\t<div class=\"elementor-container elementor-column-gap-default\">\n\t\t\t\t\t<div class=\"elementor-column elementor-col-100 elementor-top-column elementor-element elementor-element-49801f79\" data-id=\"49801f79\" data-element_type=\"column\" data-e-type=\"column\">\n\t\t\t<div class=\"elementor-widget-wrap elementor-element-populated\">\n\t\t\t\t\t\t<div class=\"elementor-element elementor-element-74151ee1 elementor-widget elementor-widget-text-editor\" data-id=\"74151ee1\" data-element_type=\"widget\" data-e-type=\"widget\" data-widget_type=\"text-editor.default\">\n\t\t\t\t<div class=\"elementor-widget-container\">\n\t\t\t\t\t\t\t\t\t<p>O Laborat\u00f3rio de Fisioterapia Geral &#8211; LABFISIO \u00e9 um laborat\u00f3rio do curso de Fisioterapia da Universidade Federal do Amap\u00e1. Este laborat\u00f3rio possui caracter\u00edsticas de um laborat\u00f3rio multiusu\u00e1rio, no qual pesquisa, atividade de extens\u00e3o e ensino voltados para a \u00e1rea do movimento humano s\u00e3o desenvolvidas. O laborat\u00f3rio desenvolve pesquisas com foco no sistema musculoesquel\u00e9tico, visando as t\u00e9cnicas de terapia manual para avalia\u00e7\u00e3o, preven\u00e7\u00e3o e tratamento. As \u00e1reas de conhecimento como Fisioterapia, Educa\u00e7\u00e3o f\u00edsica e medicina s\u00e3o as \u00e1reas com maior afinidade com as atividades do LABFISIO<br \/>O laborat\u00f3rio tamb\u00e9m \u00e9 usado para as atividades de ensino das disciplinas: Recursos terap\u00eauticos manuais, Anatomia Palpat\u00f3ria e outras disciplinas com carga hor\u00e1ria pr\u00e1tica do curso de fisioterapia.<br \/>O laborat\u00f3rio tamb\u00e9m \u00e9 espa\u00e7o para as atividades de extens\u00e3o do projeto, T\u00e9cnicas de Terapias Manuais na Preven\u00e7\u00e3o, Avalia\u00e7\u00e3o e Tratamento: A\u00e7\u00f5es Interdisciplinares de Pesquisa e Extens\u00e3o.<br \/>No ambiente do laborat\u00f3rio \u00e9 desenvolvido atividades da, liga acad\u00eamica de fisioterapia manual &#8211; LAFMAN.<\/p><p>\u00a0<\/p><p><strong>Professor respons\u00e1vel:<\/strong> Prof. Adilson Mendes<\/p><p><strong>Equipe:<\/strong><br \/><strong>Docentes<\/strong> &#8211; Adilson Mendes e Cleber Alexandre de Oliveira<br \/><strong>Discentes<\/strong> &#8211; Gustav Nicolaas Snijders Rizzi Rogerio, Luciana Martins Barreto, Guilherme Rodrigo de Souza Assun\u00e7\u00e3o, Gabriel da Silva Souza, Lorena Vitoria Alves de Lima, Davi Cruz Pena, Luciano J\u00falio Silva Aguiar, Danielle da Silva Macedo, L\u00edvia Amanaj\u00e1s Batista, Andreina Regio Carvalho, Jos\u00e9 Mailson de Morais Brito Junior<\/p><p>Atividades realizadas:<br \/>As atividades realizados pelo projeto de extens\u00e3o, est\u00e3o voltadas para a popula\u00e7\u00e3o em geral que esteja necessitando de atendimento, com dist\u00farbios relacionados ao sistema musculoesquel\u00e9tico. por exemplo: LER\/DORT, fibromialgia, dores na coluna, dores nas articula\u00e7\u00f5es, entorse de tornozelo, entre outras.<\/p><p><strong>Equipamentos:<\/strong><br \/>&#8211; 2 macas de RPG, 2 macas multiuso, 5 macas el\u00e9tricas, bolas de diversos tamanhos para atividades de mecanoterapia, espaldar, halteres, faixas el\u00e1sticas, cintos para auxiliar nas mobiliza\u00e7\u00f5es articulares, pe\u00e7as em a\u00e7o inox para auxiliar nas t\u00e9cnicas de miofascial, tornozeleira para fortalecimento muscular entre outras pequenos equipamentos.<\/p>\t\t\t\t\t\t\t\t<\/div>\n\t\t\t\t<\/div>\n\t\t\t\t\t<\/div>\n\t\t<\/div>\n\t\t\t\t\t<\/div>\n\t\t<\/section>\n\t\t\t\t<\/div>\n\t\t","protected":false},"excerpt":{"rendered":"<p>LABFISIO O Laborat\u00f3rio de Fisioterapia Geral &#8211; LABFISIO \u00e9 um laborat\u00f3rio do curso de Fisioterapia da Universidade Federal do Amap\u00e1. Este laborat\u00f3rio possui caracter\u00edsticas de um laborat\u00f3rio multiusu\u00e1rio, no qual pesquisa, atividade de extens\u00e3o e ensino voltados para a \u00e1rea do movimento humano s\u00e3o desenvolvidas. O laborat\u00f3rio desenvolve pesquisas com foco no sistema musculoesquel\u00e9tico, visando&#8230;<\/p>\n","protected":false},"author":3931,"featured_media":0,"parent":1940,"menu_order":0,"comment_status":"closed","ping_status":"closed","template":"elementor_header_footer","meta":{"inline_featured_image":false,"site-sidebar-layout":"default","site-content-layout":"","ast-site-content-layout":"default","site-content-style":"default","site-sidebar-style":"default","ast-global-header-display":"","ast-banner-title-visibility":"","ast-main-header-display":"","ast-hfb-above-header-display":"","ast-hfb-below-header-display":"","ast-hfb-mobile-header-display":"","site-post-title":"","ast-breadcrumbs-content":"","ast-featured-img":"","footer-sml-layout":"","theme-transparent-header-meta":"default","adv-header-id-meta":"","stick-header-meta":"","header-above-stick-meta":"","header-main-stick-meta":"","header-below-stick-meta":"","astra-migrate-meta-layouts":"set","ast-page-background-enabled":"default","ast-page-background-meta":{"desktop":{"background-color":"var(--ast-global-color-4)","background-image":"","background-repeat":"repeat","background-position":"center center","background-size":"auto","background-attachment":"scroll","background-type":"","background-media":"","overlay-type":"","overlay-color":"","overlay-opacity":"","overlay-gradient":""},"tablet":{"background-color":"","background-image":"","background-repeat":"repeat","background-position":"center center","background-size":"auto","background-attachment":"scroll","background-type":"","background-media":"","overlay-type":"","overlay-color":"","overlay-opacity":"","overlay-gradient":""},"mobile":{"background-color":"","background-image":"","background-repeat":"repeat","background-position":"center center","background-size":"auto","background-attachment":"scroll","background-type":"","background-media":"","overlay-type":"","overlay-color":"","overlay-opacity":"","overlay-gradient":""}},"ast-content-background-meta":{"desktop":{"background-color":"var(--ast-global-color-5)","background-image":"","background-repeat":"repeat","background-position":"center center","background-size":"auto","background-attachment":"scroll","background-type":"","background-media":"","overlay-type":"","overlay-color":"","overlay-opacity":"","overlay-gradient":""},"tablet":{"background-color":"var(--ast-global-color-5)","background-image":"","background-repeat":"repeat","background-position":"center center","background-size":"auto","background-attachment":"scroll","background-type":"","background-media":"","overlay-type":"","overlay-color":"","overlay-opacity":"","overlay-gradient":""},"mobile":{"background-color":"var(--ast-global-color-5)","background-image":"","background-repeat":"repeat","background-position":"center center","background-size":"auto","background-attachment":"scroll","background-type":"","background-media":"","overlay-type":"","overlay-color":"","overlay-opacity":"","overlay-gradient":""}},"ngg_post_thumbnail":0,"footnotes":""},"class_list":["post-1965","page","type-page","status-publish","hentry"],"_links":{"self":[{"href":"https:\/\/www2.unifap.br\/fisioterapia\/wp-json\/wp\/v2\/pages\/1965","targetHints":{"allow":["GET"]}}],"collection":[{"href":"https:\/\/www2.unifap.br\/fisioterapia\/wp-json\/wp\/v2\/pages"}],"about":[{"href":"https:\/\/www2.unifap.br\/fisioterapia\/wp-json\/wp\/v2\/types\/page"}],"author":[{"embeddable":true,"href":"https:\/\/www2.unifap.br\/fisioterapia\/wp-json\/wp\/v2\/users\/3931"}],"replies":[{"embeddable":true,"href":"https:\/\/www2.unifap.br\/fisioterapia\/wp-json\/wp\/v2\/comments?post=1965"}],"version-history":[{"count":7,"href":"https:\/\/www2.unifap.br\/fisioterapia\/wp-json\/wp\/v2\/pages\/1965\/revisions"}],"predecessor-version":[{"id":2857,"href":"https:\/\/www2.unifap.br\/fisioterapia\/wp-json\/wp\/v2\/pages\/1965\/revisions\/2857"}],"up":[{"embeddable":true,"href":"https:\/\/www2.unifap.br\/fisioterapia\/wp-json\/wp\/v2\/pages\/1940"}],"wp:attachment":[{"href":"https:\/\/www2.unifap.br\/fisioterapia\/wp-json\/wp\/v2\/media?parent=1965"}],"curies":[{"name":"wp","href":"https:\/\/api.w.org\/{rel}","templated":true}]}}