{"id":1967,"date":"2024-03-18T13:46:39","date_gmt":"2024-03-18T13:46:39","guid":{"rendered":"https:\/\/www2.unifap.br\/fisioterapia\/?page_id=1967"},"modified":"2024-10-23T19:47:48","modified_gmt":"2024-10-23T19:47:48","slug":"laboratorio-de-fisioterapia-uroginecologica-laburogin","status":"publish","type":"page","link":"https:\/\/www2.unifap.br\/fisioterapia\/portal-administrativo\/laboratorios\/laboratorio-de-fisioterapia-uroginecologica-laburogin\/","title":{"rendered":"Laborat\u00f3rio de Fisioterapia Uroginecol\u00f3gica &#8211; LABUROGIN"},"content":{"rendered":"\t\t<div data-elementor-type=\"wp-page\" data-elementor-id=\"1967\" class=\"elementor elementor-1967\">\n\t\t\t\t\t\t<section class=\"elementor-section elementor-top-section elementor-element elementor-element-1739e9d elementor-section-boxed elementor-section-height-default elementor-section-height-default\" data-id=\"1739e9d\" data-element_type=\"section\" data-e-type=\"section\">\n\t\t\t\t\t\t<div class=\"elementor-container elementor-column-gap-default\">\n\t\t\t\t\t<div class=\"elementor-column elementor-col-100 elementor-top-column elementor-element elementor-element-c07564e\" data-id=\"c07564e\" data-element_type=\"column\" data-e-type=\"column\">\n\t\t\t<div class=\"elementor-widget-wrap elementor-element-populated\">\n\t\t\t\t\t\t<div class=\"elementor-element elementor-element-63f1956 elementor-widget-divider--view-line elementor-widget elementor-widget-divider\" data-id=\"63f1956\" data-element_type=\"widget\" data-e-type=\"widget\" data-widget_type=\"divider.default\">\n\t\t\t\t<div class=\"elementor-widget-container\">\n\t\t\t\t\t\t\t<div class=\"elementor-divider\">\n\t\t\t<span class=\"elementor-divider-separator\">\n\t\t\t\t\t\t<\/span>\n\t\t<\/div>\n\t\t\t\t\t\t<\/div>\n\t\t\t\t<\/div>\n\t\t\t\t<div class=\"elementor-element elementor-element-8862f45 elementor-invisible elementor-widget elementor-widget-heading\" data-id=\"8862f45\" data-element_type=\"widget\" data-e-type=\"widget\" data-settings=\"{&quot;_animation&quot;:&quot;slideInLeft&quot;}\" data-widget_type=\"heading.default\">\n\t\t\t\t<div class=\"elementor-widget-container\">\n\t\t\t\t\t<h2 class=\"elementor-heading-title elementor-size-default\">LABUROGIN<\/h2>\t\t\t\t<\/div>\n\t\t\t\t<\/div>\n\t\t\t\t<div class=\"elementor-element elementor-element-8483d8d elementor-widget-divider--view-line elementor-widget elementor-widget-divider\" data-id=\"8483d8d\" data-element_type=\"widget\" data-e-type=\"widget\" data-widget_type=\"divider.default\">\n\t\t\t\t<div class=\"elementor-widget-container\">\n\t\t\t\t\t\t\t<div class=\"elementor-divider\">\n\t\t\t<span class=\"elementor-divider-separator\">\n\t\t\t\t\t\t<\/span>\n\t\t<\/div>\n\t\t\t\t\t\t<\/div>\n\t\t\t\t<\/div>\n\t\t\t\t<div class=\"elementor-element elementor-element-e7ff7fd elementor-invisible elementor-widget elementor-widget-image\" data-id=\"e7ff7fd\" data-element_type=\"widget\" data-e-type=\"widget\" data-settings=\"{&quot;_animation&quot;:&quot;zoomIn&quot;}\" data-widget_type=\"image.default\">\n\t\t\t\t<div class=\"elementor-widget-container\">\n\t\t\t\t\t\t\t\t\t\t\t\t\t\t\t<img fetchpriority=\"high\" decoding=\"async\" width=\"300\" height=\"300\" src=\"https:\/\/www2.unifap.br\/fisioterapia\/files\/2024\/03\/LABUROGIN-300x300.jpg\" class=\"attachment-medium size-medium wp-image-1975\" alt=\"\" srcset=\"https:\/\/www2.unifap.br\/fisioterapia\/files\/2024\/03\/LABUROGIN-300x300.jpg 300w, https:\/\/www2.unifap.br\/fisioterapia\/files\/2024\/03\/LABUROGIN-1024x1024.jpg 1024w, https:\/\/www2.unifap.br\/fisioterapia\/files\/2024\/03\/LABUROGIN-150x150.jpg 150w, https:\/\/www2.unifap.br\/fisioterapia\/files\/2024\/03\/LABUROGIN-768x768.jpg 768w, https:\/\/www2.unifap.br\/fisioterapia\/files\/2024\/03\/LABUROGIN.jpg 1080w\" sizes=\"(max-width: 300px) 100vw, 300px\" \/>\t\t\t\t\t\t\t\t\t\t\t\t\t\t\t<\/div>\n\t\t\t\t<\/div>\n\t\t\t\t\t<\/div>\n\t\t<\/div>\n\t\t\t\t\t<\/div>\n\t\t<\/section>\n\t\t\t\t<section class=\"elementor-section elementor-top-section elementor-element elementor-element-53040330 elementor-section-boxed elementor-section-height-default elementor-section-height-default\" data-id=\"53040330\" data-element_type=\"section\" data-e-type=\"section\">\n\t\t\t\t\t\t<div class=\"elementor-container elementor-column-gap-default\">\n\t\t\t\t\t<div class=\"elementor-column elementor-col-100 elementor-top-column elementor-element elementor-element-248f7aa7\" data-id=\"248f7aa7\" data-element_type=\"column\" data-e-type=\"column\">\n\t\t\t<div class=\"elementor-widget-wrap elementor-element-populated\">\n\t\t\t\t\t\t<div class=\"elementor-element elementor-element-6ed779e1 elementor-widget elementor-widget-text-editor\" data-id=\"6ed779e1\" data-element_type=\"widget\" data-e-type=\"widget\" data-widget_type=\"text-editor.default\">\n\t\t\t\t<div class=\"elementor-widget-container\">\n\t\t\t\t\t\t\t\t\t<p>\u00a0<\/p><p><span style=\"font-weight: 400\">O Laborat\u00f3rio de Fisioterapia Uroginecol\u00f3gica (LABUROGIN) abrange diversas pr\u00e1ticas de ensino-pesquisa-extens\u00e3o. No LABUROGIN ocorrem aulas pr\u00e1ticas da disciplina de Fisioterapia na Sa\u00fade da Mulher, pesquisas de inicia\u00e7\u00e3o cient\u00edfica, coletas de dados dos trabalhos de conclus\u00e3o de curso e projetos de extens\u00e3o, sendo os projetos principais a Liga Acad\u00eamica de Fisioterapia em Sa\u00fade da Mulher (LAFISM) e o projeto Abordagem Fisioterap\u00eautica no Tratamento da Incontin\u00eancia Urin\u00e1ria em Mulheres, o qual s\u00e3o projetos que se complementam.\u00a0<\/span><\/p><p><span style=\"font-weight: 400\">A Liga Acad\u00eamica de Fisioterapia em Sa\u00fade da Mulher (LAFISM) da Universidade Federal do Amap\u00e1 (UNIFAP) \u00e9 uma entidade civil de dura\u00e7\u00e3o ilimitada, sem fins lucrativos com autonomia administrativa e financeira, vinculada ao Curso de Fisioterapia da UNIFAP. Trata-se de um programa extensionista que ter\u00e1 como objetivo principal despertar, discutir e estimular o interesse pelo estudo de temas relacionados \u00e0 Fisioterapia em Sa\u00fade da Mulher, proporcionar um espa\u00e7o de constru\u00e7\u00e3o e desenvolvimento acad\u00eamico, bem como propor a\u00e7\u00f5es de orienta\u00e7\u00e3o e educa\u00e7\u00e3o em sa\u00fade voltadas a comunidade e ao p\u00fablico interno e externo \u00e0 UNIFAP. Criada a partir da iniciativa da professora Juliana Falc\u00e3o Padilha do Curso de Fisioterapia da UNIFAP, esta liga ser\u00e1 composta por estudantes do curso de Fisioterapia da UNIFAP, colaboradores internos ou externos, tendo como tutor um docente deste mesmo curso, que ser\u00e3o orientados por um estatuto geral no qual constar\u00e1 os objetivos e miss\u00e3o da liga.\u00a0<\/span><\/p><p><span style=\"font-weight: 400\">O projeto Abordagem Fisioterap\u00eautica no Tratamento da Incontin\u00eancia Urin\u00e1ria em Mulheres (PROJETO URO) objetiva o atendimento de mulheres com incontin\u00eancia urin\u00e1ria podendo ser da comunidade interna (servidores, t\u00e9cnicos, professores, funcion\u00e1rios e acad\u00eamicos) ou externa a UNIFAP (comunidade geral). S\u00e3o realizados atendimentos duas vezes por semana, os quais s\u00e3o realizadas avalia\u00e7\u00f5es fisioterap\u00eauticas (avalia\u00e7\u00e3o por meio de question\u00e1rios e ficha de anamnese e avalia\u00e7\u00e3o f\u00edsica), no intuito de identificar o tipo de IU apresentada e o diagn\u00f3stico cin\u00e9tico-funcional da participante. Assim, ap\u00f3s a avalia\u00e7\u00e3o \u00e9 tra\u00e7ado um plano de tratamento para a paciente.\u00a0<\/span><\/p><p>\u00a0<\/p><p><b><i>Professor respons\u00e1vel<\/i><\/b><span style=\"font-weight: 400\">: Juliana Falc\u00e3o Padilha<\/span><\/p><p><strong>Equipe<\/strong>: <strong>Acad\u00eamicos do Projeto Abordagem Fisioterap\u00eautica no Tratamento da Incontin\u00eancia Urin\u00e1ria em Mulheres (PROJETO URO):<\/strong> Ana Beatriz Oliveira Santos (PROJETO URO); Amanda de Freitas Figueira (PROJETO URO); Amanda Maria Raposo Jorge (PROJETO URO); Yzabella Cristinny Cunha Martel (PROJETO URO); Raissa Ferreira Da Silva (PROJETO URO); Raissa De Abreu Trentin (PROJETO URO); Leonam Da Silva Ubaiara Juc\u00e1 (PROJETO URO); Adilson Mendes (Professor Colaborador); Jaquelini Quaresma Cavalcante (Fisioterapeuta Colaboradora).<\/p><p><strong>Acad\u00eamicos do projeto Liga Acad\u00eamica de Fisioterapia em Sa\u00fade da Mulher (LAFISM)<\/strong>: Yeda Christelle Cordeiro de Souza (Liga); Larissa Homobono Martins (Liga); Yasmin Aira Ferreira Lopes (Liga); Amanda de Freitas Figueira (Liga); Rhaylla Alves Zaqueu Ferreira (Liga); Ana Beatriz Oliveira Santos (Liga); Jordana Gon\u00e7alves Correa (Liga); Marina Magalh\u00e3es Amaral (Liga); Larissa Homobono Martins (Liga); Let\u00edcia Carla Ribeiro (Fisioterapeuta Colaboradora).<\/p><p><strong>Atividades realizadas<\/strong>: O projeto de uro realiza atendimentos para o tratamento da Incontin\u00eancia Urin\u00e1ria feminina, 12 sess\u00f5es, duas vezes por semana, com sess\u00f5es de 1 hora cada, realizando 20 atendimentos por dia, totalizando em 40 atendimentos semanais. O n\u00famero de pacientes por semestre \u00e9 de 40 pacientes (em m\u00e9dia); totalizando em m\u00e9dia de sess\u00f5es s\u00e3o 12, totalizando em m\u00e9dia 480 atendimentos (em m\u00e9dia por semestre). A LAFISM realiza palestras, campanhas, capacita\u00e7\u00f5es, oficinas e eventos. A campanha MesntruA\u00c7\u00c3O no 2\u00ba ano da LAFISM arrecadou produtos de higiene e absorventes, para montagem de kits de higiene menstrual, totalizando em 200 kits, os quais foram distribu\u00eddos para comunidades que necessitavam; no m\u00eas de outubro de 2023 realizou-se a a\u00e7\u00e3o SPA para elas em prol das mulheres em tratamento de c\u00e2ncer de mama dentre outras. Foram realizadas palestras educativas sobre diversas tem\u00e1ticas: escrita cient\u00edfica; empreendedorismo feminino; viol\u00eancia contra mulher; visibilidade LGBTQIA+; higiene \u00edntima; doen\u00e7as acometidas nas mulheres.<\/p><p><strong>Equipamentos<\/strong>: FESVIF 995 Dual (TENS\/FES); FESVIF 995 four (TENS\/FES); Dualpex 961 Uro sonda intravaginal e eletrodos transcut\u00e2neos; Cones Vaginais; PelviFit Trainer \u2013 Sonda para exercitar o assoalho p\u00e9lvico; PERIDELL \u2013 Massageador Terap\u00eautico para a regi\u00e3o perineal; Dilatador Vaginal; Perina Cl\u00ednico Biofeedback; Bola Su\u00ed\u00e7a; Faixa El\u00e1stica; Epi-No; modelos anat\u00f4micos educativos; Estetosc\u00f3pio; Esfigmoman\u00f4metro; bola de t\u00eanis.<\/p>\t\t\t\t\t\t\t\t<\/div>\n\t\t\t\t<\/div>\n\t\t\t\t\t<\/div>\n\t\t<\/div>\n\t\t\t\t\t<\/div>\n\t\t<\/section>\n\t\t\t\t<\/div>\n\t\t","protected":false},"excerpt":{"rendered":"<p>LABUROGIN \u00a0 O Laborat\u00f3rio de Fisioterapia Uroginecol\u00f3gica (LABUROGIN) abrange diversas pr\u00e1ticas de ensino-pesquisa-extens\u00e3o. No LABUROGIN ocorrem aulas pr\u00e1ticas da disciplina de Fisioterapia na Sa\u00fade da Mulher, pesquisas de inicia\u00e7\u00e3o cient\u00edfica, coletas de dados dos trabalhos de conclus\u00e3o de curso e projetos de extens\u00e3o, sendo os projetos principais a Liga Acad\u00eamica de Fisioterapia em Sa\u00fade da&#8230;<\/p>\n","protected":false},"author":3931,"featured_media":0,"parent":1940,"menu_order":0,"comment_status":"closed","ping_status":"closed","template":"elementor_header_footer","meta":{"inline_featured_image":false,"site-sidebar-layout":"default","site-content-layout":"","ast-site-content-layout":"default","site-content-style":"default","site-sidebar-style":"default","ast-global-header-display":"","ast-banner-title-visibility":"","ast-main-header-display":"","ast-hfb-above-header-display":"","ast-hfb-below-header-display":"","ast-hfb-mobile-header-display":"","site-post-title":"","ast-breadcrumbs-content":"","ast-featured-img":"","footer-sml-layout":"","theme-transparent-header-meta":"default","adv-header-id-meta":"","stick-header-meta":"","header-above-stick-meta":"","header-main-stick-meta":"","header-below-stick-meta":"","astra-migrate-meta-layouts":"set","ast-page-background-enabled":"default","ast-page-background-meta":{"desktop":{"background-color":"var(--ast-global-color-4)","background-image":"","background-repeat":"repeat","background-position":"center center","background-size":"auto","background-attachment":"scroll","background-type":"","background-media":"","overlay-type":"","overlay-color":"","overlay-opacity":"","overlay-gradient":""},"tablet":{"background-color":"","background-image":"","background-repeat":"repeat","background-position":"center center","background-size":"auto","background-attachment":"scroll","background-type":"","background-media":"","overlay-type":"","overlay-color":"","overlay-opacity":"","overlay-gradient":""},"mobile":{"background-color":"","background-image":"","background-repeat":"repeat","background-position":"center center","background-size":"auto","background-attachment":"scroll","background-type":"","background-media":"","overlay-type":"","overlay-color":"","overlay-opacity":"","overlay-gradient":""}},"ast-content-background-meta":{"desktop":{"background-color":"var(--ast-global-color-5)","background-image":"","background-repeat":"repeat","background-position":"center center","background-size":"auto","background-attachment":"scroll","background-type":"","background-media":"","overlay-type":"","overlay-color":"","overlay-opacity":"","overlay-gradient":""},"tablet":{"background-color":"var(--ast-global-color-5)","background-image":"","background-repeat":"repeat","background-position":"center center","background-size":"auto","background-attachment":"scroll","background-type":"","background-media":"","overlay-type":"","overlay-color":"","overlay-opacity":"","overlay-gradient":""},"mobile":{"background-color":"var(--ast-global-color-5)","background-image":"","background-repeat":"repeat","background-position":"center center","background-size":"auto","background-attachment":"scroll","background-type":"","background-media":"","overlay-type":"","overlay-color":"","overlay-opacity":"","overlay-gradient":""}},"ngg_post_thumbnail":0,"footnotes":""},"class_list":["post-1967","page","type-page","status-publish","hentry"],"_links":{"self":[{"href":"https:\/\/www2.unifap.br\/fisioterapia\/wp-json\/wp\/v2\/pages\/1967","targetHints":{"allow":["GET"]}}],"collection":[{"href":"https:\/\/www2.unifap.br\/fisioterapia\/wp-json\/wp\/v2\/pages"}],"about":[{"href":"https:\/\/www2.unifap.br\/fisioterapia\/wp-json\/wp\/v2\/types\/page"}],"author":[{"embeddable":true,"href":"https:\/\/www2.unifap.br\/fisioterapia\/wp-json\/wp\/v2\/users\/3931"}],"replies":[{"embeddable":true,"href":"https:\/\/www2.unifap.br\/fisioterapia\/wp-json\/wp\/v2\/comments?post=1967"}],"version-history":[{"count":6,"href":"https:\/\/www2.unifap.br\/fisioterapia\/wp-json\/wp\/v2\/pages\/1967\/revisions"}],"predecessor-version":[{"id":2866,"href":"https:\/\/www2.unifap.br\/fisioterapia\/wp-json\/wp\/v2\/pages\/1967\/revisions\/2866"}],"up":[{"embeddable":true,"href":"https:\/\/www2.unifap.br\/fisioterapia\/wp-json\/wp\/v2\/pages\/1940"}],"wp:attachment":[{"href":"https:\/\/www2.unifap.br\/fisioterapia\/wp-json\/wp\/v2\/media?parent=1967"}],"curies":[{"name":"wp","href":"https:\/\/api.w.org\/{rel}","templated":true}]}}