{"id":2099,"date":"2024-07-10T21:49:17","date_gmt":"2024-07-10T21:49:17","guid":{"rendered":"https:\/\/www2.unifap.br\/fisioterapia\/?page_id=2099"},"modified":"2024-12-05T21:47:06","modified_gmt":"2024-12-05T21:47:06","slug":"ajustes-de-matricula","status":"publish","type":"page","link":"https:\/\/www2.unifap.br\/fisioterapia\/portal-do-aluno\/ajustes-de-matricula\/","title":{"rendered":"AJUSTES DE MATR\u00cdCULA"},"content":{"rendered":"\t\t<div data-elementor-type=\"wp-page\" data-elementor-id=\"2099\" class=\"elementor elementor-2099\">\n\t\t\t\t\t\t<section class=\"elementor-section elementor-top-section elementor-element elementor-element-fd70f79 elementor-section-boxed elementor-section-height-default elementor-section-height-default\" data-id=\"fd70f79\" data-element_type=\"section\" data-e-type=\"section\">\n\t\t\t\t\t\t<div class=\"elementor-container elementor-column-gap-default\">\n\t\t\t\t\t<div class=\"elementor-column elementor-col-100 elementor-top-column elementor-element elementor-element-30598d4\" data-id=\"30598d4\" data-element_type=\"column\" data-e-type=\"column\">\n\t\t\t<div class=\"elementor-widget-wrap elementor-element-populated\">\n\t\t\t\t\t\t<div class=\"elementor-element elementor-element-5fb1732 elementor-widget-divider--view-line elementor-widget elementor-widget-divider\" data-id=\"5fb1732\" data-element_type=\"widget\" data-e-type=\"widget\" data-widget_type=\"divider.default\">\n\t\t\t\t<div class=\"elementor-widget-container\">\n\t\t\t\t\t\t\t<div class=\"elementor-divider\">\n\t\t\t<span class=\"elementor-divider-separator\">\n\t\t\t\t\t\t<\/span>\n\t\t<\/div>\n\t\t\t\t\t\t<\/div>\n\t\t\t\t<\/div>\n\t\t\t\t<div class=\"elementor-element elementor-element-b36d0db elementor-invisible elementor-widget elementor-widget-heading\" data-id=\"b36d0db\" data-element_type=\"widget\" data-e-type=\"widget\" data-settings=\"{&quot;_animation&quot;:&quot;slideInLeft&quot;}\" data-widget_type=\"heading.default\">\n\t\t\t\t<div class=\"elementor-widget-container\">\n\t\t\t\t\t<h2 class=\"elementor-heading-title elementor-size-default\">AJUSTES DE MATR\u00cdCULAS<\/h2>\t\t\t\t<\/div>\n\t\t\t\t<\/div>\n\t\t\t\t<div class=\"elementor-element elementor-element-2ced758 elementor-widget-divider--view-line elementor-widget elementor-widget-divider\" data-id=\"2ced758\" data-element_type=\"widget\" data-e-type=\"widget\" data-widget_type=\"divider.default\">\n\t\t\t\t<div class=\"elementor-widget-container\">\n\t\t\t\t\t\t\t<div class=\"elementor-divider\">\n\t\t\t<span class=\"elementor-divider-separator\">\n\t\t\t\t\t\t<\/span>\n\t\t<\/div>\n\t\t\t\t\t\t<\/div>\n\t\t\t\t<\/div>\n\t\t\t\t\t<\/div>\n\t\t<\/div>\n\t\t\t\t\t<\/div>\n\t\t<\/section>\n\t\t\t\t<section class=\"elementor-section elementor-top-section elementor-element elementor-element-57a3bac3 elementor-section-boxed elementor-section-height-default elementor-section-height-default\" data-id=\"57a3bac3\" data-element_type=\"section\" data-e-type=\"section\">\n\t\t\t\t\t\t<div class=\"elementor-container elementor-column-gap-default\">\n\t\t\t\t\t<div class=\"elementor-column elementor-col-100 elementor-top-column elementor-element elementor-element-5b449443\" data-id=\"5b449443\" data-element_type=\"column\" data-e-type=\"column\">\n\t\t\t<div class=\"elementor-widget-wrap elementor-element-populated\">\n\t\t\t\t\t\t<div class=\"elementor-element elementor-element-42c852e0 elementor-widget elementor-widget-text-editor\" data-id=\"42c852e0\" data-element_type=\"widget\" data-e-type=\"widget\" data-widget_type=\"text-editor.default\">\n\t\t\t\t<div class=\"elementor-widget-container\">\n\t\t\t\t\t\t\t\t\t<h2><span style=\"color: #993300\">Para solicitar o Ajuste de Matr\u00edcula, voc\u00ea deve seguir os seguintes prazos e procedimentos:<\/span><\/h2><h2>Prazos:<\/h2><ul><li>O per\u00edodo de solicita\u00e7\u00e3o de Ajuste de Matr\u00edcula \u00e9 divulgado no calend\u00e1rio acad\u00eamico da UNIFAP a cada semestre (<em><a href=\"https:\/\/www2.unifap.br\/fisioterapia\/files\/2024\/09\/CALENDARIO_ACADEMICO_2024_-_2025_assinado-1.pdf\">calend\u00e1rio acad\u00eamico 2024.2<\/a><\/em>);<\/li><li data-sourcepos=\"20:5-20:99\">\u00c9 importante ficar atento aos prazos, pois as solicita\u00e7\u00f5es fora do per\u00edodo n\u00e3o ser\u00e3o aceitas.<\/li><\/ul><h2>Procedimentos:<\/h2><p>Para realizar o ajustes de matr\u00edcula (cancelamento ou matr\u00edcula), o aluno do curso de acesse o Requerimento on-line<em>\u00a0<a href=\"http:\/\/www2.unifap.br\/fisioterapia\/files\/2023\/05\/FORMULARIO-DE-REQUERIMENTO-DE-AJUSTE-DE-MATRICULA-1.docx\">de Ajustes de Matr\u00edcula<\/a><\/em>.<\/p><h5><span style=\"color: #993300\">Aten\u00e7\u00e3o!\u00a0<\/span><\/h5><p>1 \u2013 O Formul\u00e1rio de requerimento on-line apenas permite o cancelamento ou a matr\u00edcula, portanto, caso deseje cancelar e matricular, preencha o formul\u00e1rio primeiro solicitando o cancelamento da(s) disciplina(s), depois preencha novamente solicitando a(s) matr\u00edcula(s).<\/p><p>2 \u2013 O preenchimento desta solicita\u00e7\u00e3o n\u00e3o implica, em hip\u00f3tese nenhuma, a obten\u00e7\u00e3o da vaga. A obten\u00e7\u00e3o da vaga est\u00e1 condicionada ao n\u00famero de vagas dispon\u00edveis em cada disciplina, a qual segue o <em><a href=\"https:\/\/www2.unifap.br\/fisioterapia\/files\/2020\/06\/Regimento-Geral-UNIFAP.pdf\">Regimento Geral<\/a> <\/em>da UNIFAP (Cap\u00edtulo IV) e a <em><a href=\"https:\/\/www2.unifap.br\/fisioterapia\/files\/2021\/08\/NORMATIVA-PARA-MATR%C3%8DCULAS.pdf\">Normativa para Matr\u00edculas<\/a><\/em> em Situa\u00e7\u00f5es Excepcionais do Curso de Fisioterapia. Portanto, verifique o n\u00famero de vagas preenchidas e n\u00famero m\u00e1ximo para cada disciplina de interesse.<\/p><p>3 \u2013 Atente para o<em>\u00a0<\/em><a href=\"https:\/\/www2.unifap.br\/fisioterapia\/portal-do-aluno\/quadro-de-horario\/\"><em>hor\u00e1rio das disciplinas ofertadas<\/em>!<\/a>\u00a0Matr\u00edculas em disciplinas com conflito de hor\u00e1rio (de qualquer quantidades de minutos) n\u00e3o poder\u00e3o ser efetivadas.<\/p><p>4 \u2013 O ajuste de matr\u00edcula realizado pela Coordena\u00e7\u00e3o de Fisioterapia, \u00e9 referente APENAS as disciplinas ofertadas pelo Curso de Fisioterapia. Caso deseje ajustes de matr\u00edculas em disciplinas ofertadas por outros Colegiados, procure os respectivos Colegiados.<\/p><p>5 &#8211; Os acad\u00eamicos que desejem entregar pessoalmente dever\u00e3o arcar com a responsabilidade de impress\u00e3o do documento;<\/p><p>6 &#8211; Todos os dados solicitados no formul\u00e1rio dever\u00e3o ser preenchidos, pois ser\u00e3o utilizados em crit\u00e9rios de inser\u00e7\u00e3o nas vagas dispon\u00edveis;<\/p><p>7 &#8211; A declara\u00e7\u00e3o de informa\u00e7\u00e3o falsa neste documento implicar\u00e1 em indeferimento imediato.<\/p><p style=\"font-weight: 400\"><strong>Local de entrega<\/strong>: via e-mail: <a href=\"mailto:fisioterapia@unifap.br\">fisioterapia@unifap.br<\/a><\/p><p>Mais informa\u00e7\u00f5es, consulte a coordena\u00e7\u00e3o.<\/p>\t\t\t\t\t\t\t\t<\/div>\n\t\t\t\t<\/div>\n\t\t\t\t\t<\/div>\n\t\t<\/div>\n\t\t\t\t\t<\/div>\n\t\t<\/section>\n\t\t\t\t<\/div>\n\t\t","protected":false},"excerpt":{"rendered":"<p>AJUSTES DE MATR\u00cdCULAS Para solicitar o Ajuste de Matr\u00edcula, voc\u00ea deve seguir os seguintes prazos e procedimentos: Prazos: O per\u00edodo de solicita\u00e7\u00e3o de Ajuste de Matr\u00edcula \u00e9 divulgado no calend\u00e1rio acad\u00eamico da UNIFAP a cada semestre (calend\u00e1rio acad\u00eamico 2024.2); \u00c9 importante ficar atento aos prazos, pois as solicita\u00e7\u00f5es fora do per\u00edodo n\u00e3o ser\u00e3o aceitas. Procedimentos:&#8230;<\/p>\n","protected":false},"author":4028,"featured_media":0,"parent":2088,"menu_order":0,"comment_status":"closed","ping_status":"closed","template":"elementor_header_footer","meta":{"inline_featured_image":false,"site-sidebar-layout":"default","site-content-layout":"","ast-site-content-layout":"default","site-content-style":"default","site-sidebar-style":"default","ast-global-header-display":"","ast-banner-title-visibility":"","ast-main-header-display":"","ast-hfb-above-header-display":"","ast-hfb-below-header-display":"","ast-hfb-mobile-header-display":"","site-post-title":"","ast-breadcrumbs-content":"","ast-featured-img":"","footer-sml-layout":"","theme-transparent-header-meta":"default","adv-header-id-meta":"","stick-header-meta":"","header-above-stick-meta":"","header-main-stick-meta":"","header-below-stick-meta":"","astra-migrate-meta-layouts":"set","ast-page-background-enabled":"default","ast-page-background-meta":{"desktop":{"background-color":"var(--ast-global-color-4)","background-image":"","background-repeat":"repeat","background-position":"center center","background-size":"auto","background-attachment":"scroll","background-type":"","background-media":"","overlay-type":"","overlay-color":"","overlay-opacity":"","overlay-gradient":""},"tablet":{"background-color":"","background-image":"","background-repeat":"repeat","background-position":"center center","background-size":"auto","background-attachment":"scroll","background-type":"","background-media":"","overlay-type":"","overlay-color":"","overlay-opacity":"","overlay-gradient":""},"mobile":{"background-color":"","background-image":"","background-repeat":"repeat","background-position":"center center","background-size":"auto","background-attachment":"scroll","background-type":"","background-media":"","overlay-type":"","overlay-color":"","overlay-opacity":"","overlay-gradient":""}},"ast-content-background-meta":{"desktop":{"background-color":"var(--ast-global-color-5)","background-image":"","background-repeat":"repeat","background-position":"center center","background-size":"auto","background-attachment":"scroll","background-type":"","background-media":"","overlay-type":"","overlay-color":"","overlay-opacity":"","overlay-gradient":""},"tablet":{"background-color":"var(--ast-global-color-5)","background-image":"","background-repeat":"repeat","background-position":"center center","background-size":"auto","background-attachment":"scroll","background-type":"","background-media":"","overlay-type":"","overlay-color":"","overlay-opacity":"","overlay-gradient":""},"mobile":{"background-color":"var(--ast-global-color-5)","background-image":"","background-repeat":"repeat","background-position":"center center","background-size":"auto","background-attachment":"scroll","background-type":"","background-media":"","overlay-type":"","overlay-color":"","overlay-opacity":"","overlay-gradient":""}},"ngg_post_thumbnail":0,"footnotes":""},"class_list":["post-2099","page","type-page","status-publish","hentry"],"_links":{"self":[{"href":"https:\/\/www2.unifap.br\/fisioterapia\/wp-json\/wp\/v2\/pages\/2099","targetHints":{"allow":["GET"]}}],"collection":[{"href":"https:\/\/www2.unifap.br\/fisioterapia\/wp-json\/wp\/v2\/pages"}],"about":[{"href":"https:\/\/www2.unifap.br\/fisioterapia\/wp-json\/wp\/v2\/types\/page"}],"author":[{"embeddable":true,"href":"https:\/\/www2.unifap.br\/fisioterapia\/wp-json\/wp\/v2\/users\/4028"}],"replies":[{"embeddable":true,"href":"https:\/\/www2.unifap.br\/fisioterapia\/wp-json\/wp\/v2\/comments?post=2099"}],"version-history":[{"count":16,"href":"https:\/\/www2.unifap.br\/fisioterapia\/wp-json\/wp\/v2\/pages\/2099\/revisions"}],"predecessor-version":[{"id":3045,"href":"https:\/\/www2.unifap.br\/fisioterapia\/wp-json\/wp\/v2\/pages\/2099\/revisions\/3045"}],"up":[{"embeddable":true,"href":"https:\/\/www2.unifap.br\/fisioterapia\/wp-json\/wp\/v2\/pages\/2088"}],"wp:attachment":[{"href":"https:\/\/www2.unifap.br\/fisioterapia\/wp-json\/wp\/v2\/media?parent=2099"}],"curies":[{"name":"wp","href":"https:\/\/api.w.org\/{rel}","templated":true}]}}