{"id":2172,"date":"2024-07-17T17:37:43","date_gmt":"2024-07-17T17:37:43","guid":{"rendered":"https:\/\/www2.unifap.br\/fisioterapia\/?page_id=2172"},"modified":"2024-10-23T19:52:32","modified_gmt":"2024-10-23T19:52:32","slug":"guia-do-estudante-do-curso-de-fisioterapia","status":"publish","type":"page","link":"https:\/\/www2.unifap.br\/fisioterapia\/portal-do-aluno\/guia-do-estudante-do-curso-de-fisioterapia\/","title":{"rendered":"GUIA DO ESTUDANTE DO CURSO DE FISIOTERAPIA"},"content":{"rendered":"\t\t<div data-elementor-type=\"wp-page\" data-elementor-id=\"2172\" class=\"elementor elementor-2172\">\n\t\t\t\t\t\t<section class=\"elementor-section elementor-top-section elementor-element elementor-element-8ad9658 elementor-section-boxed elementor-section-height-default elementor-section-height-default\" data-id=\"8ad9658\" data-element_type=\"section\" data-e-type=\"section\">\n\t\t\t\t\t\t<div class=\"elementor-container elementor-column-gap-default\">\n\t\t\t\t\t<div class=\"elementor-column elementor-col-100 elementor-top-column elementor-element elementor-element-4198892\" data-id=\"4198892\" data-element_type=\"column\" data-e-type=\"column\">\n\t\t\t<div class=\"elementor-widget-wrap elementor-element-populated\">\n\t\t\t\t\t\t<div class=\"elementor-element elementor-element-78fbf36 elementor-widget-divider--view-line elementor-widget elementor-widget-divider\" data-id=\"78fbf36\" data-element_type=\"widget\" data-e-type=\"widget\" data-widget_type=\"divider.default\">\n\t\t\t\t<div class=\"elementor-widget-container\">\n\t\t\t\t\t\t\t<div class=\"elementor-divider\">\n\t\t\t<span class=\"elementor-divider-separator\">\n\t\t\t\t\t\t<\/span>\n\t\t<\/div>\n\t\t\t\t\t\t<\/div>\n\t\t\t\t<\/div>\n\t\t\t\t<div class=\"elementor-element elementor-element-ef6319a elementor-invisible elementor-widget elementor-widget-heading\" data-id=\"ef6319a\" data-element_type=\"widget\" data-e-type=\"widget\" data-settings=\"{&quot;_animation&quot;:&quot;slideInLeft&quot;}\" data-widget_type=\"heading.default\">\n\t\t\t\t<div class=\"elementor-widget-container\">\n\t\t\t\t\t<h2 class=\"elementor-heading-title elementor-size-default\">GUIA DO ESTUDANTE DO CURSO DE FISIOTERAPIA<\/h2>\t\t\t\t<\/div>\n\t\t\t\t<\/div>\n\t\t\t\t<div class=\"elementor-element elementor-element-9524480 elementor-widget-divider--view-line elementor-widget elementor-widget-divider\" data-id=\"9524480\" data-element_type=\"widget\" data-e-type=\"widget\" data-widget_type=\"divider.default\">\n\t\t\t\t<div class=\"elementor-widget-container\">\n\t\t\t\t\t\t\t<div class=\"elementor-divider\">\n\t\t\t<span class=\"elementor-divider-separator\">\n\t\t\t\t\t\t<\/span>\n\t\t<\/div>\n\t\t\t\t\t\t<\/div>\n\t\t\t\t<\/div>\n\t\t\t\t\t<\/div>\n\t\t<\/div>\n\t\t\t\t\t<\/div>\n\t\t<\/section>\n\t\t\t\t<section class=\"elementor-section elementor-top-section elementor-element elementor-element-5fd51e33 elementor-section-boxed elementor-section-height-default elementor-section-height-default\" data-id=\"5fd51e33\" data-element_type=\"section\" data-e-type=\"section\">\n\t\t\t\t\t\t<div class=\"elementor-container elementor-column-gap-default\">\n\t\t\t\t\t<div class=\"elementor-column elementor-col-100 elementor-top-column elementor-element elementor-element-453c5eb7\" data-id=\"453c5eb7\" data-element_type=\"column\" data-e-type=\"column\">\n\t\t\t<div class=\"elementor-widget-wrap elementor-element-populated\">\n\t\t\t\t\t\t<div class=\"elementor-element elementor-element-393d91ca elementor-widget elementor-widget-text-editor\" data-id=\"393d91ca\" data-element_type=\"widget\" data-e-type=\"widget\" data-widget_type=\"text-editor.default\">\n\t\t\t\t<div class=\"elementor-widget-container\">\n\t\t\t\t\t\t\t\t\t<p data-sourcepos=\"3:1-3:45\">&nbsp;<\/p>\r\n<p data-sourcepos=\"3:1-3:45\"><strong>Prezados Alunos do Curso de Fisioterapia,<\/strong><\/p>\r\n<p data-sourcepos=\"5:1-5:17\">Com o objetivo de auxiliar na sua jornada acad\u00eamica, a Coordena\u00e7\u00e3o do Curso de Fisioterapia tem o prazer de apresentar o Guia do Estudante. Esse documento tem como objetivo contribuir com a divulga\u00e7\u00e3o de informa\u00e7\u00f5es institucionais, que possam auxili\u00e1-los no desenvolvimento de atividades no \u00e2mbito da Universidade Federal do Amap\u00e1. \u00c9 um documento din\u00e2mico e sempre que for necess\u00e1rio ser\u00e3o realizados ajustes visando a melhoria do atendimento \u00e0 Comunidade.<\/p>\r\n<p data-sourcepos=\"7:1-7:21\"><strong>O Guia do Estudante \u00e9 um material de consulta indispens\u00e1vel para todos os alunos do curso, pois oferece:<\/strong><\/p>\r\n\r\n<ul data-sourcepos=\"9:1-9:72\">\r\n \t<li data-sourcepos=\"9:1-9:72\"><strong>Vis\u00e3o geral do curso:<\/strong> Coordena\u00e7\u00e3o, secretaria, corpo docente, acad\u00eamicos do curso e inst\u00e2ncias consultivas e deliberativas;<\/li>\r\n \t<li data-sourcepos=\"10:1-10:122\"><strong>Atividades Acad\u00eamicas;<\/strong><\/li>\r\n \t<li data-sourcepos=\"12:1-12:124\"><b>Procedimentos Administrativos;<\/b><\/li>\r\n<\/ul>\r\n<p data-sourcepos=\"22:1-22:101\"><strong>O Guia do Estudante est\u00e1 dispon\u00edvel para download <a href=\"https:\/\/www2.unifap.br\/fisioterapia\/files\/2020\/06\/GUIA-DO-CURSO-DE-FISIOTERAPIA_vers\u00e3o-08.06.pdf\"><em>aqui<\/em>.<\/a><\/strong><\/p>\r\n<p data-sourcepos=\"24:1-24:137\"><strong>Recomendamos a leitura atenta do Guia do Estudante para que voc\u00ea possa aproveitar ao m\u00e1ximo sua experi\u00eancia no curso de fisioterapia e na UNIFAP.<\/strong><\/p>\r\n<p data-sourcepos=\"26:1-26:19\"><strong>Atenciosamente,<\/strong><\/p>\r\n<p data-sourcepos=\"28:1-28:40\"><strong>Coordena\u00e7\u00e3o do Curso de Fisioterapia<\/strong><\/p>\t\t\t\t\t\t\t\t<\/div>\n\t\t\t\t<\/div>\n\t\t\t\t\t<\/div>\n\t\t<\/div>\n\t\t\t\t\t<\/div>\n\t\t<\/section>\n\t\t\t\t<\/div>\n\t\t","protected":false},"excerpt":{"rendered":"<p>GUIA DO ESTUDANTE DO CURSO DE FISIOTERAPIA &nbsp; Prezados Alunos do Curso de Fisioterapia, Com o objetivo de auxiliar na sua jornada acad\u00eamica, a Coordena\u00e7\u00e3o do Curso de Fisioterapia tem o prazer de apresentar o Guia do Estudante. Esse documento tem como objetivo contribuir com a divulga\u00e7\u00e3o de informa\u00e7\u00f5es institucionais, que possam auxili\u00e1-los no desenvolvimento&#8230;<\/p>\n","protected":false},"author":4028,"featured_media":0,"parent":2088,"menu_order":0,"comment_status":"closed","ping_status":"closed","template":"elementor_header_footer","meta":{"inline_featured_image":false,"site-sidebar-layout":"default","site-content-layout":"","ast-site-content-layout":"default","site-content-style":"default","site-sidebar-style":"default","ast-global-header-display":"","ast-banner-title-visibility":"","ast-main-header-display":"","ast-hfb-above-header-display":"","ast-hfb-below-header-display":"","ast-hfb-mobile-header-display":"","site-post-title":"","ast-breadcrumbs-content":"","ast-featured-img":"","footer-sml-layout":"","theme-transparent-header-meta":"default","adv-header-id-meta":"","stick-header-meta":"","header-above-stick-meta":"","header-main-stick-meta":"","header-below-stick-meta":"","astra-migrate-meta-layouts":"set","ast-page-background-enabled":"default","ast-page-background-meta":{"desktop":{"background-color":"var(--ast-global-color-4)","background-image":"","background-repeat":"repeat","background-position":"center center","background-size":"auto","background-attachment":"scroll","background-type":"","background-media":"","overlay-type":"","overlay-color":"","overlay-opacity":"","overlay-gradient":""},"tablet":{"background-color":"","background-image":"","background-repeat":"repeat","background-position":"center center","background-size":"auto","background-attachment":"scroll","background-type":"","background-media":"","overlay-type":"","overlay-color":"","overlay-opacity":"","overlay-gradient":""},"mobile":{"background-color":"","background-image":"","background-repeat":"repeat","background-position":"center center","background-size":"auto","background-attachment":"scroll","background-type":"","background-media":"","overlay-type":"","overlay-color":"","overlay-opacity":"","overlay-gradient":""}},"ast-content-background-meta":{"desktop":{"background-color":"var(--ast-global-color-5)","background-image":"","background-repeat":"repeat","background-position":"center center","background-size":"auto","background-attachment":"scroll","background-type":"","background-media":"","overlay-type":"","overlay-color":"","overlay-opacity":"","overlay-gradient":""},"tablet":{"background-color":"var(--ast-global-color-5)","background-image":"","background-repeat":"repeat","background-position":"center center","background-size":"auto","background-attachment":"scroll","background-type":"","background-media":"","overlay-type":"","overlay-color":"","overlay-opacity":"","overlay-gradient":""},"mobile":{"background-color":"var(--ast-global-color-5)","background-image":"","background-repeat":"repeat","background-position":"center center","background-size":"auto","background-attachment":"scroll","background-type":"","background-media":"","overlay-type":"","overlay-color":"","overlay-opacity":"","overlay-gradient":""}},"ngg_post_thumbnail":0,"footnotes":""},"class_list":["post-2172","page","type-page","status-publish","hentry"],"_links":{"self":[{"href":"https:\/\/www2.unifap.br\/fisioterapia\/wp-json\/wp\/v2\/pages\/2172","targetHints":{"allow":["GET"]}}],"collection":[{"href":"https:\/\/www2.unifap.br\/fisioterapia\/wp-json\/wp\/v2\/pages"}],"about":[{"href":"https:\/\/www2.unifap.br\/fisioterapia\/wp-json\/wp\/v2\/types\/page"}],"author":[{"embeddable":true,"href":"https:\/\/www2.unifap.br\/fisioterapia\/wp-json\/wp\/v2\/users\/4028"}],"replies":[{"embeddable":true,"href":"https:\/\/www2.unifap.br\/fisioterapia\/wp-json\/wp\/v2\/comments?post=2172"}],"version-history":[{"count":6,"href":"https:\/\/www2.unifap.br\/fisioterapia\/wp-json\/wp\/v2\/pages\/2172\/revisions"}],"predecessor-version":[{"id":2879,"href":"https:\/\/www2.unifap.br\/fisioterapia\/wp-json\/wp\/v2\/pages\/2172\/revisions\/2879"}],"up":[{"embeddable":true,"href":"https:\/\/www2.unifap.br\/fisioterapia\/wp-json\/wp\/v2\/pages\/2088"}],"wp:attachment":[{"href":"https:\/\/www2.unifap.br\/fisioterapia\/wp-json\/wp\/v2\/media?parent=2172"}],"curies":[{"name":"wp","href":"https:\/\/api.w.org\/{rel}","templated":true}]}}