{"id":224,"date":"2018-02-07T19:44:57","date_gmt":"2018-02-07T19:44:57","guid":{"rendered":"http:\/\/www2.unifap.br\/fisioterapia\/?page_id=224"},"modified":"2024-10-23T19:50:35","modified_gmt":"2024-10-23T19:50:35","slug":"instalacoes-fisicas","status":"publish","type":"page","link":"https:\/\/www2.unifap.br\/fisioterapia\/portal-administrativo\/instalacoes-fisicas\/","title":{"rendered":"INSTALA\u00c7\u00d5ES F\u00cdSICAS"},"content":{"rendered":"\t\t<div data-elementor-type=\"wp-page\" data-elementor-id=\"224\" class=\"elementor elementor-224\">\n\t\t\t\t\t\t<section class=\"elementor-section elementor-top-section elementor-element elementor-element-0edb67c elementor-section-boxed elementor-section-height-default elementor-section-height-default\" data-id=\"0edb67c\" data-element_type=\"section\" data-e-type=\"section\">\n\t\t\t\t\t\t<div class=\"elementor-container elementor-column-gap-default\">\n\t\t\t\t\t<div class=\"elementor-column elementor-col-100 elementor-top-column elementor-element elementor-element-baa8af8\" data-id=\"baa8af8\" data-element_type=\"column\" data-e-type=\"column\">\n\t\t\t<div class=\"elementor-widget-wrap elementor-element-populated\">\n\t\t\t\t\t\t<div class=\"elementor-element elementor-element-95fa004 elementor-widget-divider--view-line elementor-widget elementor-widget-divider\" data-id=\"95fa004\" data-element_type=\"widget\" data-e-type=\"widget\" data-widget_type=\"divider.default\">\n\t\t\t\t<div class=\"elementor-widget-container\">\n\t\t\t\t\t\t\t<div class=\"elementor-divider\">\n\t\t\t<span class=\"elementor-divider-separator\">\n\t\t\t\t\t\t<\/span>\n\t\t<\/div>\n\t\t\t\t\t\t<\/div>\n\t\t\t\t<\/div>\n\t\t\t\t<div class=\"elementor-element elementor-element-1e74cc6 elementor-invisible elementor-widget elementor-widget-heading\" data-id=\"1e74cc6\" data-element_type=\"widget\" data-e-type=\"widget\" data-settings=\"{&quot;_animation&quot;:&quot;slideInLeft&quot;}\" data-widget_type=\"heading.default\">\n\t\t\t\t<div class=\"elementor-widget-container\">\n\t\t\t\t\t<h2 class=\"elementor-heading-title elementor-size-default\">INTALA\u00c7\u00d5ES F\u00cdSICAS<\/h2>\t\t\t\t<\/div>\n\t\t\t\t<\/div>\n\t\t\t\t<div class=\"elementor-element elementor-element-94e24e3 elementor-widget-divider--view-line elementor-widget elementor-widget-divider\" data-id=\"94e24e3\" data-element_type=\"widget\" data-e-type=\"widget\" data-widget_type=\"divider.default\">\n\t\t\t\t<div class=\"elementor-widget-container\">\n\t\t\t\t\t\t\t<div class=\"elementor-divider\">\n\t\t\t<span class=\"elementor-divider-separator\">\n\t\t\t\t\t\t<\/span>\n\t\t<\/div>\n\t\t\t\t\t\t<\/div>\n\t\t\t\t<\/div>\n\t\t\t\t\t<\/div>\n\t\t<\/div>\n\t\t\t\t\t<\/div>\n\t\t<\/section>\n\t\t\t\t<section class=\"elementor-section elementor-top-section elementor-element elementor-element-38d4cc33 elementor-section-boxed elementor-section-height-default elementor-section-height-default\" data-id=\"38d4cc33\" data-element_type=\"section\" data-e-type=\"section\">\n\t\t\t\t\t\t<div class=\"elementor-container elementor-column-gap-default\">\n\t\t\t\t\t<div class=\"elementor-column elementor-col-100 elementor-top-column elementor-element elementor-element-7518b64b\" data-id=\"7518b64b\" data-element_type=\"column\" data-e-type=\"column\">\n\t\t\t<div class=\"elementor-widget-wrap elementor-element-populated\">\n\t\t\t\t\t\t<div class=\"elementor-element elementor-element-59964c39 elementor-widget elementor-widget-text-editor\" data-id=\"59964c39\" data-element_type=\"widget\" data-e-type=\"widget\" data-widget_type=\"text-editor.default\">\n\t\t\t\t<div class=\"elementor-widget-container\">\n\t\t\t\t\t\t\t\t\t<p>As instala\u00e7\u00f5es do curso de Fisioterapia contam com laborat\u00f3rios de avalia\u00e7\u00e3o fisioterap\u00eautica, cinesioterapia, eletrofototermoterapia, ginecologia e obstetr\u00edcia, hidroterapia, fisioterapia geral, neurofuncional e pneumocardio, al\u00e9m de um laborat\u00f3rio de inform\u00e1tica e cinco salas de aula.<\/p><p>\u00a0<\/p><p><strong>LABORAT\u00d3RIOS<\/strong><\/p><p><strong>LABORAT\u00d3RIO DE AVALIA\u00c7\u00c3O FISIOTERAP\u00caUTICA<\/strong><\/p><p><strong>Respons\u00e1vel<\/strong>: Prof. Dr. AREOLINO PENA MATOS &#8211; PORTARIA &#8211; 1264\/2021<\/p><p><strong>Contato<\/strong>: <strong><a href=\"mailto:apmatos@unifap.br\">APMATOS@UNIFAP.BR<\/a><\/strong><\/p><p><strong>LABORAT\u00d3RIO DE CINESIOTERAPIA<\/strong><\/p><p><strong>Respons\u00e1vel<\/strong>: Profa. Dra. LUCIANA TELES CARNEIRO &#8211; PORTARIA &#8211; 1268\/2021<\/p><p><b>Contato: <strong><a href=\"mailto:ltcarneiro@unifap.br\">LTCARNEIRO@UNIFAP.BR<\/a><\/strong><\/b><\/p><p><strong>LABORAT\u00d3RIO DE ELETROFOTOTERMOTERAPIA<\/strong><\/p><p><strong>Respons\u00e1vel: <\/strong>Prof. Me. CLEUTON BRAGA LANDRE &#8211; PORTARIA &#8211; 1266\/2021<\/p><p><b>Contato: <strong><a href=\"mailto:cleutinho@unifap.br\">CLEUTINHO@UNIFAP.BR<\/a><\/strong><\/b><\/p><p><strong>LABORAT\u00d3RIO DE GINECOLOGIA E OBSTETR\u00cdCIA<\/strong><\/p><p>Respons\u00e1vel: Prof. Dr. ADILSON MENDES &#8211; PORTARIA &#8211; 1269\/2021\u00a0<\/p><p><b>Contato: <strong><a href=\"mailto:adilson@unifap.br\">ADILSON@UNIFAP.BR<\/a><\/strong><\/b><\/p><p><strong>LABORAT\u00d3RIO DE HIDROTERAPIA<\/strong><\/p><p>Respons\u00e1vel: Prof. Me. CLEBER ALEXANDRE DE OLIVEIRA &#8211; PORTARIA &#8211; 1263\/2021<\/p><p><b>Contato: <strong><a href=\"mailto:cleber@unifap.br\">CLEBER@UNIFAP.BR<\/a><\/strong><\/b><\/p><p><strong>LABORAT\u00d3RIO DE FISIOTERAPIA GERAL<\/strong><\/p><p><strong>Respons\u00e1vel: <\/strong>Profa Dra. NELMA NUNES DA SILVA &#8211; PORTARIA &#8211; 1265\/2021<\/p><p><b>Contato: <strong><a href=\"mailto:nelmanunes@unifap.br\">NELMANUNES@UNIFAP.BR<\/a><\/strong>\u00a0<\/b><\/p><p><strong>LABORAT\u00d3RIO DE NEUROFUNCIONAL<\/strong><\/p><p><strong>Respons\u00e1vel<\/strong>: Profa. Esp. KATIA CIRILO COSTA NOBREGA &#8211; PORTARIA &#8211; 1270\/2021<\/p><p><b>Contato: <strong><a href=\"mailto:katia.nobrega@unifap.br\">KATIA.NOBREGA@UNIFAP.BR<\/a><\/strong><\/b><\/p><p><strong>LABORAT\u00d3RIO DE CARDIOPNEUMO<\/strong><\/p><p><strong>Respons\u00e1vel: <\/strong>Prof. Dr. ELINALDO DA CONCEICAO DOS SANTOS &#8211; PORTARIA &#8211; 1267\/2021<\/p><p><b>Contato: <strong><a href=\"mailto:ELINALDO.SANTOS@UNIFAP.BR\">ELINALDO.SANTOS@UNIFAP.BR<\/a><\/strong><\/b><\/p><p><strong>LABORAT\u00d3RIO DE INFORM\u00c1TICA<\/strong><\/p><p>Respons\u00e1vel: COORDENA\u00c7\u00c3O DO CURSO DE FISIOTERAPIA<\/p><p>Contato: <strong><a href=\"mailto:fisioterapia@unifap.br\">FISIOTERAPIA@UNIFAP.BR<\/a><\/strong>\u00a0<\/p>\t\t\t\t\t\t\t\t<\/div>\n\t\t\t\t<\/div>\n\t\t\t\t\t<\/div>\n\t\t<\/div>\n\t\t\t\t\t<\/div>\n\t\t<\/section>\n\t\t\t\t<\/div>\n\t\t","protected":false},"excerpt":{"rendered":"<p>INTALA\u00c7\u00d5ES F\u00cdSICAS As instala\u00e7\u00f5es do curso de Fisioterapia contam com laborat\u00f3rios de avalia\u00e7\u00e3o fisioterap\u00eautica, cinesioterapia, eletrofototermoterapia, ginecologia e obstetr\u00edcia, hidroterapia, fisioterapia geral, neurofuncional e pneumocardio, al\u00e9m de um laborat\u00f3rio de inform\u00e1tica e cinco salas de aula. \u00a0 LABORAT\u00d3RIOS LABORAT\u00d3RIO DE AVALIA\u00c7\u00c3O FISIOTERAP\u00caUTICA Respons\u00e1vel: Prof. Dr. AREOLINO PENA MATOS &#8211; PORTARIA &#8211; 1264\/2021 Contato: APMATOS@UNIFAP.BR LABORAT\u00d3RIO&#8230;<\/p>\n","protected":false},"author":2292,"featured_media":0,"parent":2090,"menu_order":0,"comment_status":"open","ping_status":"open","template":"elementor_header_footer","meta":{"inline_featured_image":false,"site-sidebar-layout":"default","site-content-layout":"default","ast-site-content-layout":"default","site-content-style":"default","site-sidebar-style":"default","ast-global-header-display":"","ast-banner-title-visibility":"","ast-main-header-display":"","ast-hfb-above-header-display":"","ast-hfb-below-header-display":"","ast-hfb-mobile-header-display":"","site-post-title":"","ast-breadcrumbs-content":"","ast-featured-img":"","footer-sml-layout":"","theme-transparent-header-meta":"default","adv-header-id-meta":"","stick-header-meta":"","header-above-stick-meta":"","header-main-stick-meta":"","header-below-stick-meta":"","astra-migrate-meta-layouts":"set","ast-page-background-enabled":"default","ast-page-background-meta":{"desktop":{"background-color":"var(--ast-global-color-4)","background-image":"","background-repeat":"repeat","background-position":"center center","background-size":"auto","background-attachment":"scroll","background-type":"","background-media":"","overlay-type":"","overlay-color":"","overlay-opacity":"","overlay-gradient":""},"tablet":{"background-color":"","background-image":"","background-repeat":"repeat","background-position":"center center","background-size":"auto","background-attachment":"scroll","background-type":"","background-media":"","overlay-type":"","overlay-color":"","overlay-opacity":"","overlay-gradient":""},"mobile":{"background-color":"","background-image":"","background-repeat":"repeat","background-position":"center center","background-size":"auto","background-attachment":"scroll","background-type":"","background-media":"","overlay-type":"","overlay-color":"","overlay-opacity":"","overlay-gradient":""}},"ast-content-background-meta":{"desktop":{"background-color":"var(--ast-global-color-5)","background-image":"","background-repeat":"repeat","background-position":"center center","background-size":"auto","background-attachment":"scroll","background-type":"","background-media":"","overlay-type":"","overlay-color":"","overlay-opacity":"","overlay-gradient":""},"tablet":{"background-color":"var(--ast-global-color-5)","background-image":"","background-repeat":"repeat","background-position":"center center","background-size":"auto","background-attachment":"scroll","background-type":"","background-media":"","overlay-type":"","overlay-color":"","overlay-opacity":"","overlay-gradient":""},"mobile":{"background-color":"var(--ast-global-color-5)","background-image":"","background-repeat":"repeat","background-position":"center center","background-size":"auto","background-attachment":"scroll","background-type":"","background-media":"","overlay-type":"","overlay-color":"","overlay-opacity":"","overlay-gradient":""}},"ngg_post_thumbnail":0,"footnotes":""},"class_list":["post-224","page","type-page","status-publish","hentry"],"_links":{"self":[{"href":"https:\/\/www2.unifap.br\/fisioterapia\/wp-json\/wp\/v2\/pages\/224","targetHints":{"allow":["GET"]}}],"collection":[{"href":"https:\/\/www2.unifap.br\/fisioterapia\/wp-json\/wp\/v2\/pages"}],"about":[{"href":"https:\/\/www2.unifap.br\/fisioterapia\/wp-json\/wp\/v2\/types\/page"}],"author":[{"embeddable":true,"href":"https:\/\/www2.unifap.br\/fisioterapia\/wp-json\/wp\/v2\/users\/2292"}],"replies":[{"embeddable":true,"href":"https:\/\/www2.unifap.br\/fisioterapia\/wp-json\/wp\/v2\/comments?post=224"}],"version-history":[{"count":7,"href":"https:\/\/www2.unifap.br\/fisioterapia\/wp-json\/wp\/v2\/pages\/224\/revisions"}],"predecessor-version":[{"id":2873,"href":"https:\/\/www2.unifap.br\/fisioterapia\/wp-json\/wp\/v2\/pages\/224\/revisions\/2873"}],"up":[{"embeddable":true,"href":"https:\/\/www2.unifap.br\/fisioterapia\/wp-json\/wp\/v2\/pages\/2090"}],"wp:attachment":[{"href":"https:\/\/www2.unifap.br\/fisioterapia\/wp-json\/wp\/v2\/media?parent=224"}],"curies":[{"name":"wp","href":"https:\/\/api.w.org\/{rel}","templated":true}]}}