{"id":226,"date":"2018-02-09T17:22:13","date_gmt":"2018-02-09T17:22:13","guid":{"rendered":"http:\/\/www2.unifap.br\/fisioterapia\/?page_id=226"},"modified":"2024-09-24T19:22:27","modified_gmt":"2024-09-24T19:22:27","slug":"coordenacao","status":"publish","type":"page","link":"https:\/\/www2.unifap.br\/fisioterapia\/portal-administrativo\/coordenacao\/","title":{"rendered":"COORDENA\u00c7\u00c3O"},"content":{"rendered":"\t\t<div data-elementor-type=\"wp-page\" data-elementor-id=\"226\" class=\"elementor elementor-226\">\n\t\t\t\t\t\t<section class=\"elementor-section elementor-top-section elementor-element elementor-element-7abe03bc elementor-section-boxed elementor-section-height-default elementor-section-height-default\" data-id=\"7abe03bc\" data-element_type=\"section\" data-e-type=\"section\">\n\t\t\t\t\t\t<div class=\"elementor-container elementor-column-gap-default\">\n\t\t\t\t\t<div class=\"elementor-column elementor-col-100 elementor-top-column elementor-element elementor-element-7aa6d58\" data-id=\"7aa6d58\" data-element_type=\"column\" data-e-type=\"column\">\n\t\t\t<div class=\"elementor-widget-wrap elementor-element-populated\">\n\t\t\t\t\t\t<div class=\"elementor-element elementor-element-eed99e8 elementor-widget-divider--view-line elementor-widget elementor-widget-divider\" data-id=\"eed99e8\" data-element_type=\"widget\" data-e-type=\"widget\" data-widget_type=\"divider.default\">\n\t\t\t\t<div class=\"elementor-widget-container\">\n\t\t\t\t\t\t\t<div class=\"elementor-divider\">\n\t\t\t<span class=\"elementor-divider-separator\">\n\t\t\t\t\t\t<\/span>\n\t\t<\/div>\n\t\t\t\t\t\t<\/div>\n\t\t\t\t<\/div>\n\t\t\t\t<div class=\"elementor-element elementor-element-8f68cea elementor-invisible elementor-widget elementor-widget-heading\" data-id=\"8f68cea\" data-element_type=\"widget\" data-e-type=\"widget\" data-settings=\"{&quot;_animation&quot;:&quot;slideInLeft&quot;}\" data-widget_type=\"heading.default\">\n\t\t\t\t<div class=\"elementor-widget-container\">\n\t\t\t\t\t<h2 class=\"elementor-heading-title elementor-size-default\">Coordenacao<\/h2>\t\t\t\t<\/div>\n\t\t\t\t<\/div>\n\t\t\t\t<div class=\"elementor-element elementor-element-d4ad676 elementor-widget-divider--view-line elementor-widget elementor-widget-divider\" data-id=\"d4ad676\" data-element_type=\"widget\" data-e-type=\"widget\" data-widget_type=\"divider.default\">\n\t\t\t\t<div class=\"elementor-widget-container\">\n\t\t\t\t\t\t\t<div class=\"elementor-divider\">\n\t\t\t<span class=\"elementor-divider-separator\">\n\t\t\t\t\t\t<\/span>\n\t\t<\/div>\n\t\t\t\t\t\t<\/div>\n\t\t\t\t<\/div>\n\t\t\t\t\t<\/div>\n\t\t<\/div>\n\t\t\t\t\t<\/div>\n\t\t<\/section>\n\t\t\t\t<section class=\"elementor-section elementor-top-section elementor-element elementor-element-73fca56 elementor-section-boxed elementor-section-height-default elementor-section-height-default\" data-id=\"73fca56\" data-element_type=\"section\" data-e-type=\"section\">\n\t\t\t\t\t\t<div class=\"elementor-container elementor-column-gap-default\">\n\t\t\t\t\t<div class=\"elementor-column elementor-col-50 elementor-top-column elementor-element elementor-element-0f6515f\" data-id=\"0f6515f\" data-element_type=\"column\" data-e-type=\"column\">\n\t\t\t<div class=\"elementor-widget-wrap elementor-element-populated\">\n\t\t\t\t\t\t<div class=\"elementor-element elementor-element-c692120 elementor-position-top elementor-widget elementor-widget-image-box\" data-id=\"c692120\" data-element_type=\"widget\" data-e-type=\"widget\" data-widget_type=\"image-box.default\">\n\t\t\t\t<div class=\"elementor-widget-container\">\n\t\t\t\t\t<div class=\"elementor-image-box-wrapper\"><figure class=\"elementor-image-box-img\"><a href=\"http:\/\/lattes.cnpq.br\/8670098348397578\" tabindex=\"-1\"><img decoding=\"async\" src=\"https:\/\/www2.unifap.br\/fisioterapia\/wp-content\/plugins\/elementor\/assets\/images\/placeholder.png\" title=\"\" alt=\"\" loading=\"lazy\" \/><\/a><\/figure><div class=\"elementor-image-box-content\"><h3 class=\"elementor-image-box-title\"><a href=\"http:\/\/lattes.cnpq.br\/8670098348397578\">Natalia Camargo Rodrigues Iosimuta<\/a><\/h3><p class=\"elementor-image-box-description\">Coordenadora<\/p><\/div><\/div>\t\t\t\t<\/div>\n\t\t\t\t<\/div>\n\t\t\t\t<div class=\"elementor-element elementor-element-de38f74 elementor-widget elementor-widget-text-editor\" data-id=\"de38f74\" data-element_type=\"widget\" data-e-type=\"widget\" data-widget_type=\"text-editor.default\">\n\t\t\t\t<div class=\"elementor-widget-container\">\n\t\t\t\t\t\t\t\t\t<p><\/p>\n<p>Doutorado sandu\u00edche em School of Physiotherapy and Exercise Science &#8211; Griffith University (2012), Gold Coast, Australia, p\u00f3s-doutorado em Ci\u00eancias da Sa\u00fade aplicada ao Aparelho Locomotor pela Faculdade de Medicina de Ribeir\u00e3o Preto -FMRP- USP.<\/p>\n<p>Possui gradua\u00e7\u00e3o em fisioterapia pelo Centro Universit\u00e1rio de Araraquara (2004), mestrado em Biotecnologia pela Universidade Federal de S\u00e3o Carlos (2009), doutorado em Biotecnologia pela Universidade Federal de S\u00e3o Carlos (2013), doutorado sandu\u00edche em School of Physiotherapy and Exercise Science &#8211; Griffith University (2012), Gold Coast, Australia, p\u00f3s-doutorado em Ci\u00eancias da Sa\u00fade aplicada ao Aparelho Locomotor pela Faculdade de Medicina de Ribeir\u00e3o Preto &#8211; FMRP-USP. Atualmente \u00e9 Professor Adjunto da Universidade Federal do Amap\u00e1, Campus de Macap\u00e1. Tem experi\u00eancia na \u00e1rea de Fisioterapia e Terapia Ocupacional, atuando principalmente nos seguintes temas: traumato-ortopedia, reumatologia, tecnologia assistiva e geriatria.<\/p>\n<p>.<strong style=\"font-style: inherit;color: var( --e-global-color-text );font-family: var( --e-global-typography-text-font-family ), Sans-serif;background-color: var(--ast-global-color-4)\">Tempo de experi\u00eancia:<\/strong><span style=\"font-style: inherit;font-weight: inherit;color: var( --e-global-color-text );font-family: var( --e-global-typography-text-font-family ), Sans-serif;background-color: var(--ast-global-color-4)\">10 anos (120 meses)<\/span><\/p>\n<p><strong>Regime de trabalho: <\/strong>40 horas Dedica\u00e7\u00e3o exclusiva<\/p>\n<p><strong>Lattes<\/strong>:&nbsp;<a href=\"http:\/\/lattes.cnpq.br\/8670098348397578\">http:\/\/lattes.cnpq.br\/8670098348397578<\/a><\/p>\t\t\t\t\t\t\t\t<\/div>\n\t\t\t\t<\/div>\n\t\t\t\t\t<\/div>\n\t\t<\/div>\n\t\t\t\t<div class=\"elementor-column elementor-col-50 elementor-top-column elementor-element elementor-element-26e759e\" data-id=\"26e759e\" data-element_type=\"column\" data-e-type=\"column\">\n\t\t\t<div class=\"elementor-widget-wrap elementor-element-populated\">\n\t\t\t\t\t\t<div class=\"elementor-element elementor-element-946c40c elementor-position-top elementor-widget elementor-widget-image-box\" data-id=\"946c40c\" data-element_type=\"widget\" data-e-type=\"widget\" data-widget_type=\"image-box.default\">\n\t\t\t\t<div class=\"elementor-widget-container\">\n\t\t\t\t\t<div class=\"elementor-image-box-wrapper\"><figure class=\"elementor-image-box-img\"><img decoding=\"async\" src=\"https:\/\/www2.unifap.br\/fisioterapia\/wp-content\/plugins\/elementor\/assets\/images\/placeholder.png\" title=\"\" alt=\"\" loading=\"lazy\" \/><\/figure><div class=\"elementor-image-box-content\"><h3 class=\"elementor-image-box-title\">Diego Bulc\u00e3o Visco<\/h3><p class=\"elementor-image-box-description\">Vice-Coordenador<\/p><\/div><\/div>\t\t\t\t<\/div>\n\t\t\t\t<\/div>\n\t\t\t\t<div class=\"elementor-element elementor-element-a0aa60b elementor-widget elementor-widget-text-editor\" data-id=\"a0aa60b\" data-element_type=\"widget\" data-e-type=\"widget\" data-widget_type=\"text-editor.default\">\n\t\t\t\t<div class=\"elementor-widget-container\">\n\t\t\t\t\t\t\t\t\t<p>\u00a0<\/p><p>Professor Efetivo Adjunto A N\u00edvel 2 &#8211; Dedica\u00e7\u00e3o Exclusiva &#8211; Laborat\u00f3rio de Neurofuncional &#8211; Departamento de Ci\u00eancias Biol\u00f3gicas e Sa\u00fade, Curso de Fisioterapia da Universidade Federal do Amap\u00e1 (UNIFAP). \u00c1rea: Fisioterapia em Neurologia. Professor permanente do Programa de P\u00f3s-gradua\u00e7\u00e3o em Ci\u00eancias da Sa\u00fade da UNIFAP. Doutor pela Universidade Federal de Pernambuco (UFPE), com est\u00e1gio doutoral na &#8220;Divisi\u00f3n de Neurociencias del Centro de Investigaci\u00f3n Biom\u00e9dica de Michoac\u00e1n do Instituto Mexicano del Seguro Social (IMSS)&#8221;. Mestre em Fisioterapia &#8211; Universidade Federal de Pernambuco (UFPE). Especializa\u00e7\u00e3o em Neuroci\u00eancias Aplicadas &#8211; Universidade Federal de Pernambuco (UFPE). Gradua\u00e7\u00e3o em Fisioterapia &#8211; Universidade Estadual da Para\u00edba (UEPB). Possui T\u00edtulo de Especialista em Fisioterapia Neurofuncional no Adulto e no Idoso \/ COFFITO. L\u00edder do grupo de pesquisa &#8220;Neuroci\u00eancias e Funcionalidade em Sa\u00fade &#8211; UNIFAP. membro do Grupo de Pesquisa &#8220;Nutri\u00e7\u00e3o, Atividade F\u00edsica e Plasticidade Fenot\u00edpica&#8221; &#8211; UFPE<\/p><p><strong>Tempo de experi\u00eancia:<\/strong><\/p><p><strong>Regime de trabalho: <\/strong>40 horas Dedica\u00e7\u00e3o exclusiva<\/p><p><strong>Lattes<\/strong>:<a href=\"http:\/\/lattes.cnpq.br\/5821193739571689\">http:\/\/lattes.cnpq.br\/5821193739571689<\/a><\/p>\t\t\t\t\t\t\t\t<\/div>\n\t\t\t\t<\/div>\n\t\t\t\t\t<\/div>\n\t\t<\/div>\n\t\t\t\t\t<\/div>\n\t\t<\/section>\n\t\t\t\t<\/div>\n\t\t","protected":false},"excerpt":{"rendered":"<p>Coordenacao Natalia Camargo Rodrigues Iosimuta Coordenadora Doutorado sandu\u00edche em School of Physiotherapy and Exercise Science &#8211; Griffith University (2012), Gold Coast, Australia, p\u00f3s-doutorado em Ci\u00eancias da Sa\u00fade aplicada ao Aparelho Locomotor pela Faculdade de Medicina de Ribeir\u00e3o Preto -FMRP- USP. Possui gradua\u00e7\u00e3o em fisioterapia pelo Centro Universit\u00e1rio de Araraquara (2004), mestrado em Biotecnologia pela Universidade&#8230;<\/p>\n","protected":false},"author":2292,"featured_media":0,"parent":2090,"menu_order":0,"comment_status":"open","ping_status":"open","template":"elementor_header_footer","meta":{"inline_featured_image":false,"site-sidebar-layout":"default","site-content-layout":"default","ast-site-content-layout":"default","site-content-style":"default","site-sidebar-style":"default","ast-global-header-display":"","ast-banner-title-visibility":"","ast-main-header-display":"","ast-hfb-above-header-display":"","ast-hfb-below-header-display":"","ast-hfb-mobile-header-display":"","site-post-title":"","ast-breadcrumbs-content":"","ast-featured-img":"","footer-sml-layout":"","theme-transparent-header-meta":"default","adv-header-id-meta":"","stick-header-meta":"","header-above-stick-meta":"","header-main-stick-meta":"","header-below-stick-meta":"","astra-migrate-meta-layouts":"set","ast-page-background-enabled":"default","ast-page-background-meta":{"desktop":{"background-color":"var(--ast-global-color-4)","background-image":"","background-repeat":"repeat","background-position":"center center","background-size":"auto","background-attachment":"scroll","background-type":"","background-media":"","overlay-type":"","overlay-color":"","overlay-opacity":"","overlay-gradient":""},"tablet":{"background-color":"","background-image":"","background-repeat":"repeat","background-position":"center center","background-size":"auto","background-attachment":"scroll","background-type":"","background-media":"","overlay-type":"","overlay-color":"","overlay-opacity":"","overlay-gradient":""},"mobile":{"background-color":"","background-image":"","background-repeat":"repeat","background-position":"center center","background-size":"auto","background-attachment":"scroll","background-type":"","background-media":"","overlay-type":"","overlay-color":"","overlay-opacity":"","overlay-gradient":""}},"ast-content-background-meta":{"desktop":{"background-color":"var(--ast-global-color-5)","background-image":"","background-repeat":"repeat","background-position":"center center","background-size":"auto","background-attachment":"scroll","background-type":"","background-media":"","overlay-type":"","overlay-color":"","overlay-opacity":"","overlay-gradient":""},"tablet":{"background-color":"var(--ast-global-color-5)","background-image":"","background-repeat":"repeat","background-position":"center center","background-size":"auto","background-attachment":"scroll","background-type":"","background-media":"","overlay-type":"","overlay-color":"","overlay-opacity":"","overlay-gradient":""},"mobile":{"background-color":"var(--ast-global-color-5)","background-image":"","background-repeat":"repeat","background-position":"center center","background-size":"auto","background-attachment":"scroll","background-type":"","background-media":"","overlay-type":"","overlay-color":"","overlay-opacity":"","overlay-gradient":""}},"ngg_post_thumbnail":0,"footnotes":""},"class_list":["post-226","page","type-page","status-publish","hentry"],"_links":{"self":[{"href":"https:\/\/www2.unifap.br\/fisioterapia\/wp-json\/wp\/v2\/pages\/226","targetHints":{"allow":["GET"]}}],"collection":[{"href":"https:\/\/www2.unifap.br\/fisioterapia\/wp-json\/wp\/v2\/pages"}],"about":[{"href":"https:\/\/www2.unifap.br\/fisioterapia\/wp-json\/wp\/v2\/types\/page"}],"author":[{"embeddable":true,"href":"https:\/\/www2.unifap.br\/fisioterapia\/wp-json\/wp\/v2\/users\/2292"}],"replies":[{"embeddable":true,"href":"https:\/\/www2.unifap.br\/fisioterapia\/wp-json\/wp\/v2\/comments?post=226"}],"version-history":[{"count":41,"href":"https:\/\/www2.unifap.br\/fisioterapia\/wp-json\/wp\/v2\/pages\/226\/revisions"}],"predecessor-version":[{"id":2443,"href":"https:\/\/www2.unifap.br\/fisioterapia\/wp-json\/wp\/v2\/pages\/226\/revisions\/2443"}],"up":[{"embeddable":true,"href":"https:\/\/www2.unifap.br\/fisioterapia\/wp-json\/wp\/v2\/pages\/2090"}],"wp:attachment":[{"href":"https:\/\/www2.unifap.br\/fisioterapia\/wp-json\/wp\/v2\/media?parent=226"}],"curies":[{"name":"wp","href":"https:\/\/api.w.org\/{rel}","templated":true}]}}