{"id":258,"date":"2018-04-16T12:44:20","date_gmt":"2018-04-16T12:44:20","guid":{"rendered":"http:\/\/www2.unifap.br\/fisioterapia\/?page_id=258"},"modified":"2024-09-24T19:21:04","modified_gmt":"2024-09-24T19:21:04","slug":"formularios","status":"publish","type":"page","link":"https:\/\/www2.unifap.br\/fisioterapia\/portal-administrativo\/formularios\/","title":{"rendered":"FORMUL\u00c1RIOS E REQUERIMENTOS"},"content":{"rendered":"\t\t<div data-elementor-type=\"wp-post\" data-elementor-id=\"258\" class=\"elementor elementor-258\">\n\t\t\t\t\t\t<section class=\"elementor-section elementor-top-section elementor-element elementor-element-74349447 elementor-section-boxed elementor-section-height-default elementor-section-height-default\" data-id=\"74349447\" data-element_type=\"section\" data-e-type=\"section\">\n\t\t\t\t\t\t<div class=\"elementor-container elementor-column-gap-default\">\n\t\t\t\t\t<div class=\"elementor-column elementor-col-100 elementor-top-column elementor-element elementor-element-65187058\" data-id=\"65187058\" data-element_type=\"column\" data-e-type=\"column\">\n\t\t\t<div class=\"elementor-widget-wrap elementor-element-populated\">\n\t\t\t\t\t\t<div class=\"elementor-element elementor-element-33cc5a1 elementor-widget-divider--view-line elementor-widget elementor-widget-divider\" data-id=\"33cc5a1\" data-element_type=\"widget\" data-e-type=\"widget\" data-widget_type=\"divider.default\">\n\t\t\t\t<div class=\"elementor-widget-container\">\n\t\t\t\t\t\t\t<div class=\"elementor-divider\">\n\t\t\t<span class=\"elementor-divider-separator\">\n\t\t\t\t\t\t<\/span>\n\t\t<\/div>\n\t\t\t\t\t\t<\/div>\n\t\t\t\t<\/div>\n\t\t\t\t<div class=\"elementor-element elementor-element-c44a0e5 elementor-invisible elementor-widget elementor-widget-heading\" data-id=\"c44a0e5\" data-element_type=\"widget\" data-e-type=\"widget\" data-settings=\"{&quot;_animation&quot;:&quot;slideInLeft&quot;}\" data-widget_type=\"heading.default\">\n\t\t\t\t<div class=\"elementor-widget-container\">\n\t\t\t\t\t<h2 class=\"elementor-heading-title elementor-size-default\">Formul\u00e1rios e Requerimentos<\/h2>\t\t\t\t<\/div>\n\t\t\t\t<\/div>\n\t\t\t\t<div class=\"elementor-element elementor-element-2405a25 elementor-widget-divider--view-line elementor-widget elementor-widget-divider\" data-id=\"2405a25\" data-element_type=\"widget\" data-e-type=\"widget\" data-widget_type=\"divider.default\">\n\t\t\t\t<div class=\"elementor-widget-container\">\n\t\t\t\t\t\t\t<div class=\"elementor-divider\">\n\t\t\t<span class=\"elementor-divider-separator\">\n\t\t\t\t\t\t<\/span>\n\t\t<\/div>\n\t\t\t\t\t\t<\/div>\n\t\t\t\t<\/div>\n\t\t\t\t<div class=\"elementor-element elementor-element-5a66ec24 elementor-widget elementor-widget-text-editor\" data-id=\"5a66ec24\" data-element_type=\"widget\" data-e-type=\"widget\" data-widget_type=\"text-editor.default\">\n\t\t\t\t<div class=\"elementor-widget-container\">\n\t\t\t\t\t\t\t\t\t<p><a href=\"http:\/\/www2.unifap.br\/fisioterapia\/files\/2024\/02\/FORMULARIO-DE-CREDITO-DE-DISCIPLINAS.docx\">FORMUL\u00c1RIO DE CR\u00c9DITO DE DISCIPLINAS<\/a><\/p><p><a href=\"http:\/\/www2.unifap.br\/fisioterapia\/files\/2023\/05\/FORMULARIO-DE-REQUERIMENTO-DE-AJUSTE-DE-MATRICULA-1.docx\">FORMUL\u00c1RIO DE REQUERIMENTO DE AJUSTE DE MATR\u00cdCULA<\/a><\/p><p><a href=\"http:\/\/www2.unifap.br\/fisioterapia\/files\/2023\/03\/REQUERIMENTO-DE-COLACAO-DE-GRAU.pdf\">REQUERIMENTO-DE-COLA\u00c7\u00c3O-DE-GRAU<\/a><\/p><p><a href=\"http:\/\/www2.unifap.br\/fisioterapia\/files\/2023\/08\/2a-CHAMADA-DE-PROVAS-E-REVISAO-DE-NOTAS-ATUAL-1.odt\">2a-CHAMADA-DE-PROVAS-E-REVISAO-DE-NOTAS<\/a><\/p><p><a href=\"http:\/\/www2.unifap.br\/fisioterapia\/files\/2023\/08\/2a-CHAMADA-DE-PROVAS-E-REVISAO-DE-NOTAS-ATUAL-1.doc\">2a-CHAMADA-DE-PROVAS-E-REVISAO-DE-NOTAS<\/a><\/p><p><a href=\"http:\/\/www2.unifap.br\/fisioterapia\/files\/2023\/08\/2a-CHAMADA-DE-PROVAS-E-REVISAO-DE-NOTAS.pdf\">2a-CHAMADA-DE-PROVAS-E-REVISAO-DE-NOTAS<\/a><\/p>\t\t\t\t\t\t\t\t<\/div>\n\t\t\t\t<\/div>\n\t\t\t\t\t<\/div>\n\t\t<\/div>\n\t\t\t\t\t<\/div>\n\t\t<\/section>\n\t\t\t\t<\/div>\n\t\t","protected":false},"excerpt":{"rendered":"<p>Formul\u00e1rios e Requerimentos FORMUL\u00c1RIO DE CR\u00c9DITO DE DISCIPLINAS FORMUL\u00c1RIO DE REQUERIMENTO DE AJUSTE DE MATR\u00cdCULA REQUERIMENTO-DE-COLA\u00c7\u00c3O-DE-GRAU 2a-CHAMADA-DE-PROVAS-E-REVISAO-DE-NOTAS 2a-CHAMADA-DE-PROVAS-E-REVISAO-DE-NOTAS 2a-CHAMADA-DE-PROVAS-E-REVISAO-DE-NOTAS<\/p>\n","protected":false},"author":834,"featured_media":0,"parent":2090,"menu_order":0,"comment_status":"open","ping_status":"open","template":"elementor_header_footer","meta":{"inline_featured_image":false,"site-sidebar-layout":"default","site-content-layout":"default","ast-site-content-layout":"default","site-content-style":"default","site-sidebar-style":"default","ast-global-header-display":"","ast-banner-title-visibility":"","ast-main-header-display":"","ast-hfb-above-header-display":"","ast-hfb-below-header-display":"","ast-hfb-mobile-header-display":"","site-post-title":"","ast-breadcrumbs-content":"","ast-featured-img":"","footer-sml-layout":"","theme-transparent-header-meta":"default","adv-header-id-meta":"","stick-header-meta":"","header-above-stick-meta":"","header-main-stick-meta":"","header-below-stick-meta":"","astra-migrate-meta-layouts":"set","ast-page-background-enabled":"default","ast-page-background-meta":{"desktop":{"background-color":"var(--ast-global-color-4)","background-image":"","background-repeat":"repeat","background-position":"center center","background-size":"auto","background-attachment":"scroll","background-type":"","background-media":"","overlay-type":"","overlay-color":"","overlay-opacity":"","overlay-gradient":""},"tablet":{"background-color":"","background-image":"","background-repeat":"repeat","background-position":"center center","background-size":"auto","background-attachment":"scroll","background-type":"","background-media":"","overlay-type":"","overlay-color":"","overlay-opacity":"","overlay-gradient":""},"mobile":{"background-color":"","background-image":"","background-repeat":"repeat","background-position":"center center","background-size":"auto","background-attachment":"scroll","background-type":"","background-media":"","overlay-type":"","overlay-color":"","overlay-opacity":"","overlay-gradient":""}},"ast-content-background-meta":{"desktop":{"background-color":"var(--ast-global-color-5)","background-image":"","background-repeat":"repeat","background-position":"center center","background-size":"auto","background-attachment":"scroll","background-type":"","background-media":"","overlay-type":"","overlay-color":"","overlay-opacity":"","overlay-gradient":""},"tablet":{"background-color":"var(--ast-global-color-5)","background-image":"","background-repeat":"repeat","background-position":"center center","background-size":"auto","background-attachment":"scroll","background-type":"","background-media":"","overlay-type":"","overlay-color":"","overlay-opacity":"","overlay-gradient":""},"mobile":{"background-color":"var(--ast-global-color-5)","background-image":"","background-repeat":"repeat","background-position":"center center","background-size":"auto","background-attachment":"scroll","background-type":"","background-media":"","overlay-type":"","overlay-color":"","overlay-opacity":"","overlay-gradient":""}},"ngg_post_thumbnail":0,"footnotes":""},"class_list":["post-258","page","type-page","status-publish","hentry"],"_links":{"self":[{"href":"https:\/\/www2.unifap.br\/fisioterapia\/wp-json\/wp\/v2\/pages\/258","targetHints":{"allow":["GET"]}}],"collection":[{"href":"https:\/\/www2.unifap.br\/fisioterapia\/wp-json\/wp\/v2\/pages"}],"about":[{"href":"https:\/\/www2.unifap.br\/fisioterapia\/wp-json\/wp\/v2\/types\/page"}],"author":[{"embeddable":true,"href":"https:\/\/www2.unifap.br\/fisioterapia\/wp-json\/wp\/v2\/users\/834"}],"replies":[{"embeddable":true,"href":"https:\/\/www2.unifap.br\/fisioterapia\/wp-json\/wp\/v2\/comments?post=258"}],"version-history":[{"count":43,"href":"https:\/\/www2.unifap.br\/fisioterapia\/wp-json\/wp\/v2\/pages\/258\/revisions"}],"predecessor-version":[{"id":2437,"href":"https:\/\/www2.unifap.br\/fisioterapia\/wp-json\/wp\/v2\/pages\/258\/revisions\/2437"}],"up":[{"embeddable":true,"href":"https:\/\/www2.unifap.br\/fisioterapia\/wp-json\/wp\/v2\/pages\/2090"}],"wp:attachment":[{"href":"https:\/\/www2.unifap.br\/fisioterapia\/wp-json\/wp\/v2\/media?parent=258"}],"curies":[{"name":"wp","href":"https:\/\/api.w.org\/{rel}","templated":true}]}}