{"id":2582,"date":"2024-09-27T20:49:03","date_gmt":"2024-09-27T20:49:03","guid":{"rendered":"https:\/\/www2.unifap.br\/fisioterapia\/?page_id=2582"},"modified":"2024-10-23T20:25:37","modified_gmt":"2024-10-23T20:25:37","slug":"portal-comunidade","status":"publish","type":"page","link":"https:\/\/www2.unifap.br\/fisioterapia\/portal-comunidade\/","title":{"rendered":"PORTAL COMUNIDADE"},"content":{"rendered":"\t\t<div data-elementor-type=\"wp-page\" data-elementor-id=\"2582\" class=\"elementor elementor-2582\">\n\t\t\t\t\t\t<section class=\"elementor-section elementor-top-section elementor-element elementor-element-638e4d4 elementor-section-boxed elementor-section-height-default elementor-section-height-default\" data-id=\"638e4d4\" data-element_type=\"section\" data-e-type=\"section\">\n\t\t\t\t\t\t<div class=\"elementor-container elementor-column-gap-default\">\n\t\t\t\t\t<div class=\"elementor-column elementor-col-100 elementor-top-column elementor-element elementor-element-2592d3c\" data-id=\"2592d3c\" data-element_type=\"column\" data-e-type=\"column\">\n\t\t\t<div class=\"elementor-widget-wrap elementor-element-populated\">\n\t\t\t\t\t\t<div class=\"elementor-element elementor-element-5eab543 elementor-widget-divider--view-line elementor-widget elementor-widget-divider\" data-id=\"5eab543\" data-element_type=\"widget\" data-e-type=\"widget\" data-widget_type=\"divider.default\">\n\t\t\t\t<div class=\"elementor-widget-container\">\n\t\t\t\t\t\t\t<div class=\"elementor-divider\">\n\t\t\t<span class=\"elementor-divider-separator\">\n\t\t\t\t\t\t<\/span>\n\t\t<\/div>\n\t\t\t\t\t\t<\/div>\n\t\t\t\t<\/div>\n\t\t\t\t<div class=\"elementor-element elementor-element-084b42e elementor-invisible elementor-widget elementor-widget-heading\" data-id=\"084b42e\" data-element_type=\"widget\" data-e-type=\"widget\" data-settings=\"{&quot;_animation&quot;:&quot;slideInLeft&quot;}\" data-widget_type=\"heading.default\">\n\t\t\t\t<div class=\"elementor-widget-container\">\n\t\t\t\t\t<h2 class=\"elementor-heading-title elementor-size-default\">PORTAL COMUNIDADE<\/h2>\t\t\t\t<\/div>\n\t\t\t\t<\/div>\n\t\t\t\t<div class=\"elementor-element elementor-element-8a45edb elementor-widget-divider--view-line elementor-widget elementor-widget-divider\" data-id=\"8a45edb\" data-element_type=\"widget\" data-e-type=\"widget\" data-widget_type=\"divider.default\">\n\t\t\t\t<div class=\"elementor-widget-container\">\n\t\t\t\t\t\t\t<div class=\"elementor-divider\">\n\t\t\t<span class=\"elementor-divider-separator\">\n\t\t\t\t\t\t<\/span>\n\t\t<\/div>\n\t\t\t\t\t\t<\/div>\n\t\t\t\t<\/div>\n\t\t\t\t<section class=\"elementor-section elementor-inner-section elementor-element elementor-element-ad4a169 elementor-section-boxed elementor-section-height-default elementor-section-height-default\" data-id=\"ad4a169\" data-element_type=\"section\" data-e-type=\"section\">\n\t\t\t\t\t\t<div class=\"elementor-container elementor-column-gap-default\">\n\t\t\t\t\t<div class=\"elementor-column elementor-col-50 elementor-inner-column elementor-element elementor-element-3f7d3bf\" data-id=\"3f7d3bf\" data-element_type=\"column\" data-e-type=\"column\">\n\t\t\t<div class=\"elementor-widget-wrap elementor-element-populated\">\n\t\t\t\t\t\t<div class=\"elementor-element elementor-element-6884355 elementor-position-top elementor-widget elementor-widget-image-box\" data-id=\"6884355\" data-element_type=\"widget\" data-e-type=\"widget\" data-widget_type=\"image-box.default\">\n\t\t\t\t<div class=\"elementor-widget-container\">\n\t\t\t\t\t<div class=\"elementor-image-box-wrapper\"><figure class=\"elementor-image-box-img\"><a href=\"https:\/\/www2.unifap.br\/fisioterapia\/fisioterapia-e-comunidade\/abordagem-fisioterapeutica-no-tratamento-da-incontinencia-urinaria-em-mulheres\/\" tabindex=\"-1\"><img fetchpriority=\"high\" decoding=\"async\" width=\"500\" height=\"500\" src=\"https:\/\/www2.unifap.br\/fisioterapia\/files\/2023\/04\/INCONTINENCIA.png\" class=\"attachment-full size-full wp-image-1698\" alt=\"\" srcset=\"https:\/\/www2.unifap.br\/fisioterapia\/files\/2023\/04\/INCONTINENCIA.png 500w, https:\/\/www2.unifap.br\/fisioterapia\/files\/2023\/04\/INCONTINENCIA-300x300.png 300w, https:\/\/www2.unifap.br\/fisioterapia\/files\/2023\/04\/INCONTINENCIA-150x150.png 150w\" sizes=\"(max-width: 500px) 100vw, 500px\" \/><\/a><\/figure><div class=\"elementor-image-box-content\"><h3 class=\"elementor-image-box-title\"><a href=\"https:\/\/www2.unifap.br\/fisioterapia\/fisioterapia-e-comunidade\/abordagem-fisioterapeutica-no-tratamento-da-incontinencia-urinaria-em-mulheres\/\">ABORDAGEM FISIOTERAP\u00caUTICA NO TRATAMENTO DA INCONTIN\u00caNCIA URIN\u00c1RIA EM MULHERES<\/a><\/h3><\/div><\/div>\t\t\t\t<\/div>\n\t\t\t\t<\/div>\n\t\t\t\t<div class=\"elementor-element elementor-element-0717787 elementor-position-top elementor-widget elementor-widget-image-box\" data-id=\"0717787\" data-element_type=\"widget\" data-e-type=\"widget\" data-widget_type=\"image-box.default\">\n\t\t\t\t<div class=\"elementor-widget-container\">\n\t\t\t\t\t<div class=\"elementor-image-box-wrapper\"><figure class=\"elementor-image-box-img\"><a href=\"https:\/\/www2.unifap.br\/fisioterapia\/fisioterapia-e-comunidade\/escola-de-posturas-da-unifap\/\" tabindex=\"-1\"><img decoding=\"async\" width=\"508\" height=\"500\" src=\"https:\/\/www2.unifap.br\/fisioterapia\/files\/2022\/07\/ESOLCA-D.png\" class=\"attachment-full size-full wp-image-1365\" alt=\"\" \/><\/a><\/figure><div class=\"elementor-image-box-content\"><h3 class=\"elementor-image-box-title\"><a href=\"https:\/\/www2.unifap.br\/fisioterapia\/fisioterapia-e-comunidade\/escola-de-posturas-da-unifap\/\">ESCOLA DE POSTURAS DA UNIFAP<\/a><\/h3><\/div><\/div>\t\t\t\t<\/div>\n\t\t\t\t<\/div>\n\t\t\t\t<div class=\"elementor-element elementor-element-fa230bc elementor-position-top elementor-widget elementor-widget-image-box\" data-id=\"fa230bc\" data-element_type=\"widget\" data-e-type=\"widget\" data-widget_type=\"image-box.default\">\n\t\t\t\t<div class=\"elementor-widget-container\">\n\t\t\t\t\t<div class=\"elementor-image-box-wrapper\"><figure class=\"elementor-image-box-img\"><a href=\"https:\/\/www2.unifap.br\/fisioterapia\/fisioterapia-e-comunidade\/grupo-de-estudos-de-saude-baseada-emevidencias-gesbe\/\" tabindex=\"-1\"><img decoding=\"async\" width=\"511\" height=\"391\" src=\"https:\/\/www2.unifap.br\/fisioterapia\/files\/2022\/07\/GESBE.png\" class=\"attachment-full size-full wp-image-1376\" alt=\"\" \/><\/a><\/figure><div class=\"elementor-image-box-content\"><h3 class=\"elementor-image-box-title\"><a href=\"https:\/\/www2.unifap.br\/fisioterapia\/fisioterapia-e-comunidade\/grupo-de-estudos-de-saude-baseada-emevidencias-gesbe\/\">GRUPO DE ESTUDOS DE SA\u00daDE BASEADA EMEVID\u00caNCIAS \u2013 GESBE<\/a><\/h3><\/div><\/div>\t\t\t\t<\/div>\n\t\t\t\t<\/div>\n\t\t\t\t<div class=\"elementor-element elementor-element-64aa8b5 elementor-view-default elementor-position-block-start elementor-mobile-position-block-start elementor-widget elementor-widget-icon-box\" data-id=\"64aa8b5\" data-element_type=\"widget\" data-e-type=\"widget\" data-widget_type=\"icon-box.default\">\n\t\t\t\t<div class=\"elementor-widget-container\">\n\t\t\t\t\t\t\t<div class=\"elementor-icon-box-wrapper\">\n\n\t\t\t\t\t\t<div class=\"elementor-icon-box-icon\">\n\t\t\t\t<a href=\"https:\/\/www2.unifap.br\/fisioterapia\/fisioterapia-e-comunidade\/liga-academica-de-fisioterapia-em-saude-da-mulher-lafism\/\" class=\"elementor-icon\" tabindex=\"-1\" aria-label=\"LIGA ACAD\u00caMICA DE FISIOTERAPIA EM SA\u00daDE DA MULHER \u2013 LAFISM\">\n\t\t\t\t<i aria-hidden=\"true\" class=\"fas fa-people-arrows\"><\/i>\t\t\t\t<\/a>\n\t\t\t<\/div>\n\t\t\t\n\t\t\t\t\t\t<div class=\"elementor-icon-box-content\">\n\n\t\t\t\t\t\t\t\t\t<h3 class=\"elementor-icon-box-title\">\n\t\t\t\t\t\t<a href=\"https:\/\/www2.unifap.br\/fisioterapia\/fisioterapia-e-comunidade\/liga-academica-de-fisioterapia-em-saude-da-mulher-lafism\/\" >\n\t\t\t\t\t\t\tLIGA ACAD\u00caMICA DE FISIOTERAPIA EM SA\u00daDE DA MULHER \u2013 LAFISM\t\t\t\t\t\t<\/a>\n\t\t\t\t\t<\/h3>\n\t\t\t\t\n\t\t\t\t\n\t\t\t<\/div>\n\t\t\t\n\t\t<\/div>\n\t\t\t\t\t\t<\/div>\n\t\t\t\t<\/div>\n\t\t\t\t<div class=\"elementor-element elementor-element-1e70af7 elementor-view-default elementor-position-block-start elementor-mobile-position-block-start elementor-widget elementor-widget-icon-box\" data-id=\"1e70af7\" data-element_type=\"widget\" data-e-type=\"widget\" data-widget_type=\"icon-box.default\">\n\t\t\t\t<div class=\"elementor-widget-container\">\n\t\t\t\t\t\t\t<div class=\"elementor-icon-box-wrapper\">\n\n\t\t\t\t\t\t<div class=\"elementor-icon-box-icon\">\n\t\t\t\t<a href=\"https:\/\/www2.unifap.br\/fisioterapia\/fisioterapia-e-comunidade\/neuro-em-seu-lar\/\" class=\"elementor-icon\" tabindex=\"-1\" aria-label=\"NEURO EM SEU LAR\">\n\t\t\t\t<i aria-hidden=\"true\" class=\"fas fa-people-arrows\"><\/i>\t\t\t\t<\/a>\n\t\t\t<\/div>\n\t\t\t\n\t\t\t\t\t\t<div class=\"elementor-icon-box-content\">\n\n\t\t\t\t\t\t\t\t\t<h3 class=\"elementor-icon-box-title\">\n\t\t\t\t\t\t<a href=\"https:\/\/www2.unifap.br\/fisioterapia\/fisioterapia-e-comunidade\/neuro-em-seu-lar\/\" >\n\t\t\t\t\t\t\tNEURO EM SEU LAR\t\t\t\t\t\t<\/a>\n\t\t\t\t\t<\/h3>\n\t\t\t\t\n\t\t\t\t\n\t\t\t<\/div>\n\t\t\t\n\t\t<\/div>\n\t\t\t\t\t\t<\/div>\n\t\t\t\t<\/div>\n\t\t\t\t<div class=\"elementor-element elementor-element-17b848f elementor-position-top elementor-widget elementor-widget-image-box\" data-id=\"17b848f\" data-element_type=\"widget\" data-e-type=\"widget\" data-widget_type=\"image-box.default\">\n\t\t\t\t<div class=\"elementor-widget-container\">\n\t\t\t\t\t<div class=\"elementor-image-box-wrapper\"><figure class=\"elementor-image-box-img\"><a href=\"https:\/\/www2.unifap.br\/fisioterapia\/fisioterapia-e-comunidade\/projeto-reviver-fisioterapia\/\" tabindex=\"-1\"><img loading=\"lazy\" decoding=\"async\" width=\"2554\" height=\"1260\" src=\"https:\/\/www2.unifap.br\/fisioterapia\/files\/2022\/04\/LOGO-REVIVER.png\" class=\"attachment-full size-full wp-image-1253\" alt=\"\" \/><\/a><\/figure><div class=\"elementor-image-box-content\"><h3 class=\"elementor-image-box-title\"><a href=\"https:\/\/www2.unifap.br\/fisioterapia\/fisioterapia-e-comunidade\/projeto-reviver-fisioterapia\/\">PROJETO REVIVER \u2013 FISIOTERAPIA<\/a><\/h3><\/div><\/div>\t\t\t\t<\/div>\n\t\t\t\t<\/div>\n\t\t\t\t<div class=\"elementor-element elementor-element-eb57551 elementor-view-default elementor-position-block-start elementor-mobile-position-block-start elementor-widget elementor-widget-icon-box\" data-id=\"eb57551\" data-element_type=\"widget\" data-e-type=\"widget\" data-widget_type=\"icon-box.default\">\n\t\t\t\t<div class=\"elementor-widget-container\">\n\t\t\t\t\t\t\t<div class=\"elementor-icon-box-wrapper\">\n\n\t\t\t\t\t\t<div class=\"elementor-icon-box-icon\">\n\t\t\t\t<a href=\"https:\/\/www2.unifap.br\/fisioterapia\/fisioterapia-e-comunidade\/treinamento-de-forca-na-saude-e-na-doenca\/\" class=\"elementor-icon\" tabindex=\"-1\" aria-label=\"TREINAMENTO DE FOR\u00c7A NA SA\u00daDE E NA DOEN\u00c7A\">\n\t\t\t\t<i aria-hidden=\"true\" class=\"fas fa-people-arrows\"><\/i>\t\t\t\t<\/a>\n\t\t\t<\/div>\n\t\t\t\n\t\t\t\t\t\t<div class=\"elementor-icon-box-content\">\n\n\t\t\t\t\t\t\t\t\t<h3 class=\"elementor-icon-box-title\">\n\t\t\t\t\t\t<a href=\"https:\/\/www2.unifap.br\/fisioterapia\/fisioterapia-e-comunidade\/treinamento-de-forca-na-saude-e-na-doenca\/\" >\n\t\t\t\t\t\t\tTREINAMENTO DE FOR\u00c7A NA SA\u00daDE E NA DOEN\u00c7A\t\t\t\t\t\t<\/a>\n\t\t\t\t\t<\/h3>\n\t\t\t\t\n\t\t\t\t\n\t\t\t<\/div>\n\t\t\t\n\t\t<\/div>\n\t\t\t\t\t\t<\/div>\n\t\t\t\t<\/div>\n\t\t\t\t\t<\/div>\n\t\t<\/div>\n\t\t\t\t<div class=\"elementor-column elementor-col-50 elementor-inner-column elementor-element elementor-element-3190711\" data-id=\"3190711\" data-element_type=\"column\" data-e-type=\"column\">\n\t\t\t<div class=\"elementor-widget-wrap elementor-element-populated\">\n\t\t\t\t\t\t<div class=\"elementor-element elementor-element-8c2a1df elementor-position-top elementor-widget elementor-widget-image-box\" data-id=\"8c2a1df\" data-element_type=\"widget\" data-e-type=\"widget\" data-widget_type=\"image-box.default\">\n\t\t\t\t<div class=\"elementor-widget-container\">\n\t\t\t\t\t<div class=\"elementor-image-box-wrapper\"><figure class=\"elementor-image-box-img\"><a href=\"https:\/\/www2.unifap.br\/fisioterapia\/fisioterapia-e-comunidade\/cooperador-amazonico\/\" tabindex=\"-1\"><img loading=\"lazy\" decoding=\"async\" width=\"414\" height=\"414\" src=\"https:\/\/www2.unifap.br\/fisioterapia\/files\/2023\/04\/Cooperador.png\" class=\"attachment-full size-full wp-image-1705\" alt=\"\" srcset=\"https:\/\/www2.unifap.br\/fisioterapia\/files\/2023\/04\/Cooperador.png 414w, https:\/\/www2.unifap.br\/fisioterapia\/files\/2023\/04\/Cooperador-300x300.png 300w, https:\/\/www2.unifap.br\/fisioterapia\/files\/2023\/04\/Cooperador-150x150.png 150w\" sizes=\"(max-width: 414px) 100vw, 414px\" \/><\/a><\/figure><div class=\"elementor-image-box-content\"><h3 class=\"elementor-image-box-title\"><a href=\"https:\/\/www2.unifap.br\/fisioterapia\/fisioterapia-e-comunidade\/cooperador-amazonico\/\">CooperaDor Amaz\u00f4nico<\/a><\/h3><\/div><\/div>\t\t\t\t<\/div>\n\t\t\t\t<\/div>\n\t\t\t\t<div class=\"elementor-element elementor-element-8214db0 elementor-position-top elementor-widget elementor-widget-image-box\" data-id=\"8214db0\" data-element_type=\"widget\" data-e-type=\"widget\" data-widget_type=\"image-box.default\">\n\t\t\t\t<div class=\"elementor-widget-container\">\n\t\t\t\t\t<div class=\"elementor-image-box-wrapper\"><figure class=\"elementor-image-box-img\"><a href=\"https:\/\/www2.unifap.br\/fisioterapia\/fisioterapia-e-comunidade\/foot-care-prevencao-e-reabilitacao-do-pe-diabetico\/\" tabindex=\"-1\"><img loading=\"lazy\" decoding=\"async\" width=\"384\" height=\"157\" src=\"https:\/\/www2.unifap.br\/fisioterapia\/files\/2023\/04\/FOOT-CARE.png\" class=\"attachment-full size-full wp-image-1692\" alt=\"\" srcset=\"https:\/\/www2.unifap.br\/fisioterapia\/files\/2023\/04\/FOOT-CARE.png 384w, https:\/\/www2.unifap.br\/fisioterapia\/files\/2023\/04\/FOOT-CARE-300x123.png 300w\" sizes=\"(max-width: 384px) 100vw, 384px\" \/><\/a><\/figure><div class=\"elementor-image-box-content\"><h3 class=\"elementor-image-box-title\"><a href=\"https:\/\/www2.unifap.br\/fisioterapia\/fisioterapia-e-comunidade\/foot-care-prevencao-e-reabilitacao-do-pe-diabetico\/\">FOOT CARE: PREVEN\u00c7\u00c3O E REABILITA\u00c7\u00c3O DO P\u00c9 DIAB\u00c9TICO<\/a><\/h3><\/div><\/div>\t\t\t\t<\/div>\n\t\t\t\t<\/div>\n\t\t\t\t<div class=\"elementor-element elementor-element-764fda0 elementor-view-default elementor-position-block-start elementor-mobile-position-block-start elementor-widget elementor-widget-icon-box\" data-id=\"764fda0\" data-element_type=\"widget\" data-e-type=\"widget\" data-widget_type=\"icon-box.default\">\n\t\t\t\t<div class=\"elementor-widget-container\">\n\t\t\t\t\t\t\t<div class=\"elementor-icon-box-wrapper\">\n\n\t\t\t\t\t\t<div class=\"elementor-icon-box-icon\">\n\t\t\t\t<a href=\"https:\/\/www2.unifap.br\/fisioterapia\/fisioterapia-e-comunidade\/lafinped-liga-academica-de-fisioterapia-neonatal-e-pediatrica\/\" class=\"elementor-icon\" tabindex=\"-1\" aria-label=\"LAFINPED \u2013 LIGA ACAD\u00caMICA DE FISIOTERAPIA NEONATAL E PEDI\u00c1TRICA\">\n\t\t\t\t<i aria-hidden=\"true\" class=\"fas fa-people-arrows\"><\/i>\t\t\t\t<\/a>\n\t\t\t<\/div>\n\t\t\t\n\t\t\t\t\t\t<div class=\"elementor-icon-box-content\">\n\n\t\t\t\t\t\t\t\t\t<h3 class=\"elementor-icon-box-title\">\n\t\t\t\t\t\t<a href=\"https:\/\/www2.unifap.br\/fisioterapia\/fisioterapia-e-comunidade\/lafinped-liga-academica-de-fisioterapia-neonatal-e-pediatrica\/\" >\n\t\t\t\t\t\t\tLAFINPED \u2013 LIGA ACAD\u00caMICA DE FISIOTERAPIA NEONATAL E PEDI\u00c1TRICA\t\t\t\t\t\t<\/a>\n\t\t\t\t\t<\/h3>\n\t\t\t\t\n\t\t\t\t\n\t\t\t<\/div>\n\t\t\t\n\t\t<\/div>\n\t\t\t\t\t\t<\/div>\n\t\t\t\t<\/div>\n\t\t\t\t<div class=\"elementor-element elementor-element-0b51947 elementor-position-top elementor-widget elementor-widget-image-box\" data-id=\"0b51947\" data-element_type=\"widget\" data-e-type=\"widget\" data-widget_type=\"image-box.default\">\n\t\t\t\t<div class=\"elementor-widget-container\">\n\t\t\t\t\t<div class=\"elementor-image-box-wrapper\"><figure class=\"elementor-image-box-img\"><a href=\"https:\/\/www2.unifap.br\/fisioterapia\/fisioterapia-e-comunidade\/liga-de-fisioterapia-esportiva-da-unifap-life\/\" tabindex=\"-1\"><img loading=\"lazy\" decoding=\"async\" width=\"2296\" height=\"2296\" src=\"https:\/\/www2.unifap.br\/fisioterapia\/files\/2022\/07\/banner-postagem-logo-life-1.jpg\" class=\"attachment-full size-full wp-image-1423\" alt=\"\" \/><\/a><\/figure><div class=\"elementor-image-box-content\"><h3 class=\"elementor-image-box-title\"><a href=\"https:\/\/www2.unifap.br\/fisioterapia\/fisioterapia-e-comunidade\/liga-de-fisioterapia-esportiva-da-unifap-life\/\">LIGA DE FISIOTERAPIA ESPORTIVA DA UNIFAP \u2013 LIFE<\/a><\/h3><\/div><\/div>\t\t\t\t<\/div>\n\t\t\t\t<\/div>\n\t\t\t\t<div class=\"elementor-element elementor-element-2486a82 elementor-view-default elementor-position-block-start elementor-mobile-position-block-start elementor-widget elementor-widget-icon-box\" data-id=\"2486a82\" data-element_type=\"widget\" data-e-type=\"widget\" data-widget_type=\"icon-box.default\">\n\t\t\t\t<div class=\"elementor-widget-container\">\n\t\t\t\t\t\t\t<div class=\"elementor-icon-box-wrapper\">\n\n\t\t\t\t\t\t<div class=\"elementor-icon-box-icon\">\n\t\t\t\t<a href=\"https:\/\/www2.unifap.br\/fisioterapia\/fisioterapia-e-comunidade\/projeto-de-extensao-de-fisioterapia-em-ortopedia-reumatologia-e-traumatologia-lafort\/\" class=\"elementor-icon\" tabindex=\"-1\" aria-label=\"PROJETO DE EXTENS\u00c3O DE FISIOTERAPIA EM ORTOPEDIA, REUMATOLOGIA E TRAUMATOLOGIA \u2013 LAFORT\">\n\t\t\t\t<i aria-hidden=\"true\" class=\"fas fa-people-arrows\"><\/i>\t\t\t\t<\/a>\n\t\t\t<\/div>\n\t\t\t\n\t\t\t\t\t\t<div class=\"elementor-icon-box-content\">\n\n\t\t\t\t\t\t\t\t\t<h3 class=\"elementor-icon-box-title\">\n\t\t\t\t\t\t<a href=\"https:\/\/www2.unifap.br\/fisioterapia\/fisioterapia-e-comunidade\/projeto-de-extensao-de-fisioterapia-em-ortopedia-reumatologia-e-traumatologia-lafort\/\" >\n\t\t\t\t\t\t\tPROJETO DE EXTENS\u00c3O DE FISIOTERAPIA EM ORTOPEDIA, REUMATOLOGIA E TRAUMATOLOGIA \u2013 LAFORT\t\t\t\t\t\t<\/a>\n\t\t\t\t\t<\/h3>\n\t\t\t\t\n\t\t\t\t\n\t\t\t<\/div>\n\t\t\t\n\t\t<\/div>\n\t\t\t\t\t\t<\/div>\n\t\t\t\t<\/div>\n\t\t\t\t<div class=\"elementor-element elementor-element-04a5736 elementor-position-top elementor-widget elementor-widget-image-box\" data-id=\"04a5736\" data-element_type=\"widget\" data-e-type=\"widget\" data-widget_type=\"image-box.default\">\n\t\t\t\t<div class=\"elementor-widget-container\">\n\t\t\t\t\t<div class=\"elementor-image-box-wrapper\"><figure class=\"elementor-image-box-img\"><a href=\"https:\/\/www2.unifap.br\/fisioterapia\/fisioterapia-e-comunidade\/respirair-avaliacao-e-intervencao-fisioterapeutica-na-pediatria\/\" tabindex=\"-1\"><img loading=\"lazy\" decoding=\"async\" width=\"688\" height=\"261\" src=\"https:\/\/www2.unifap.br\/fisioterapia\/files\/2023\/04\/Respirair.png\" class=\"attachment-full size-full wp-image-1678\" alt=\"\" srcset=\"https:\/\/www2.unifap.br\/fisioterapia\/files\/2023\/04\/Respirair.png 688w, https:\/\/www2.unifap.br\/fisioterapia\/files\/2023\/04\/Respirair-300x114.png 300w\" sizes=\"(max-width: 688px) 100vw, 688px\" \/><\/a><\/figure><div class=\"elementor-image-box-content\"><h3 class=\"elementor-image-box-title\"><a href=\"https:\/\/www2.unifap.br\/fisioterapia\/fisioterapia-e-comunidade\/respirair-avaliacao-e-intervencao-fisioterapeutica-na-pediatria\/\">RespirAIR \u2013 Avalia\u00e7\u00e3o e interven\u00e7\u00e3o fisioterap\u00eautica na pediatria<\/a><\/h3><\/div><\/div>\t\t\t\t<\/div>\n\t\t\t\t<\/div>\n\t\t\t\t\t<\/div>\n\t\t<\/div>\n\t\t\t\t\t<\/div>\n\t\t<\/section>\n\t\t\t\t\t<\/div>\n\t\t<\/div>\n\t\t\t\t\t<\/div>\n\t\t<\/section>\n\t\t\t\t<\/div>\n\t\t","protected":false},"excerpt":{"rendered":"<p>PORTAL COMUNIDADE ABORDAGEM FISIOTERAP\u00caUTICA NO TRATAMENTO DA INCONTIN\u00caNCIA URIN\u00c1RIA EM MULHERES ESCOLA DE POSTURAS DA UNIFAP GRUPO DE ESTUDOS DE SA\u00daDE BASEADA EMEVID\u00caNCIAS \u2013 GESBE LIGA ACAD\u00caMICA DE FISIOTERAPIA EM SA\u00daDE DA MULHER \u2013 LAFISM NEURO EM SEU LAR PROJETO REVIVER \u2013 FISIOTERAPIA TREINAMENTO DE FOR\u00c7A NA SA\u00daDE E NA DOEN\u00c7A CooperaDor Amaz\u00f4nico FOOT CARE:&#8230;<\/p>\n","protected":false},"author":4028,"featured_media":0,"parent":0,"menu_order":0,"comment_status":"closed","ping_status":"closed","template":"elementor_header_footer","meta":{"inline_featured_image":false,"site-sidebar-layout":"no-sidebar","site-content-layout":"page-builder","ast-site-content-layout":"full-width-container","site-content-style":"default","site-sidebar-style":"default","ast-global-header-display":"","ast-banner-title-visibility":"","ast-main-header-display":"","ast-hfb-above-header-display":"","ast-hfb-below-header-display":"","ast-hfb-mobile-header-display":"","site-post-title":"disabled","ast-breadcrumbs-content":"","ast-featured-img":"disabled","footer-sml-layout":"","theme-transparent-header-meta":"default","adv-header-id-meta":"","stick-header-meta":"","header-above-stick-meta":"","header-main-stick-meta":"","header-below-stick-meta":"","astra-migrate-meta-layouts":"set","ast-page-background-enabled":"default","ast-page-background-meta":{"desktop":{"background-color":"var(--ast-global-color-4)","background-image":"","background-repeat":"repeat","background-position":"center center","background-size":"auto","background-attachment":"scroll","background-type":"","background-media":"","overlay-type":"","overlay-color":"","overlay-opacity":"","overlay-gradient":""},"tablet":{"background-color":"","background-image":"","background-repeat":"repeat","background-position":"center center","background-size":"auto","background-attachment":"scroll","background-type":"","background-media":"","overlay-type":"","overlay-color":"","overlay-opacity":"","overlay-gradient":""},"mobile":{"background-color":"","background-image":"","background-repeat":"repeat","background-position":"center center","background-size":"auto","background-attachment":"scroll","background-type":"","background-media":"","overlay-type":"","overlay-color":"","overlay-opacity":"","overlay-gradient":""}},"ast-content-background-meta":{"desktop":{"background-color":"var(--ast-global-color-5)","background-image":"","background-repeat":"repeat","background-position":"center center","background-size":"auto","background-attachment":"scroll","background-type":"","background-media":"","overlay-type":"","overlay-color":"","overlay-opacity":"","overlay-gradient":""},"tablet":{"background-color":"var(--ast-global-color-5)","background-image":"","background-repeat":"repeat","background-position":"center center","background-size":"auto","background-attachment":"scroll","background-type":"","background-media":"","overlay-type":"","overlay-color":"","overlay-opacity":"","overlay-gradient":""},"mobile":{"background-color":"var(--ast-global-color-5)","background-image":"","background-repeat":"repeat","background-position":"center center","background-size":"auto","background-attachment":"scroll","background-type":"","background-media":"","overlay-type":"","overlay-color":"","overlay-opacity":"","overlay-gradient":""}},"ngg_post_thumbnail":0,"footnotes":""},"class_list":["post-2582","page","type-page","status-publish","hentry"],"_links":{"self":[{"href":"https:\/\/www2.unifap.br\/fisioterapia\/wp-json\/wp\/v2\/pages\/2582","targetHints":{"allow":["GET"]}}],"collection":[{"href":"https:\/\/www2.unifap.br\/fisioterapia\/wp-json\/wp\/v2\/pages"}],"about":[{"href":"https:\/\/www2.unifap.br\/fisioterapia\/wp-json\/wp\/v2\/types\/page"}],"author":[{"embeddable":true,"href":"https:\/\/www2.unifap.br\/fisioterapia\/wp-json\/wp\/v2\/users\/4028"}],"replies":[{"embeddable":true,"href":"https:\/\/www2.unifap.br\/fisioterapia\/wp-json\/wp\/v2\/comments?post=2582"}],"version-history":[{"count":64,"href":"https:\/\/www2.unifap.br\/fisioterapia\/wp-json\/wp\/v2\/pages\/2582\/revisions"}],"predecessor-version":[{"id":2987,"href":"https:\/\/www2.unifap.br\/fisioterapia\/wp-json\/wp\/v2\/pages\/2582\/revisions\/2987"}],"wp:attachment":[{"href":"https:\/\/www2.unifap.br\/fisioterapia\/wp-json\/wp\/v2\/media?parent=2582"}],"curies":[{"name":"wp","href":"https:\/\/api.w.org\/{rel}","templated":true}]}}