{"id":3101,"date":"2025-03-10T22:44:02","date_gmt":"2025-03-10T22:44:02","guid":{"rendered":"https:\/\/www2.unifap.br\/fisioterapia\/?page_id=3101"},"modified":"2025-05-20T13:10:42","modified_gmt":"2025-05-20T13:10:42","slug":"colacao-de-grau","status":"publish","type":"page","link":"https:\/\/www2.unifap.br\/fisioterapia\/portal-do-aluno\/colacao-de-grau\/","title":{"rendered":"Cola\u00e7\u00e3o de grau"},"content":{"rendered":"\t\t<div data-elementor-type=\"wp-page\" data-elementor-id=\"3101\" class=\"elementor elementor-3101\">\n\t\t\t\t\t\t<section class=\"elementor-section elementor-top-section elementor-element elementor-element-1b0c0ae4 elementor-section-boxed elementor-section-height-default elementor-section-height-default\" data-id=\"1b0c0ae4\" data-element_type=\"section\" data-e-type=\"section\">\n\t\t\t\t\t\t<div class=\"elementor-container elementor-column-gap-default\">\n\t\t\t\t\t<div class=\"elementor-column elementor-col-100 elementor-top-column elementor-element elementor-element-7cdaa2b9\" data-id=\"7cdaa2b9\" data-element_type=\"column\" data-e-type=\"column\">\n\t\t\t<div class=\"elementor-widget-wrap elementor-element-populated\">\n\t\t\t\t\t\t<div class=\"elementor-element elementor-element-6980902c elementor-widget elementor-widget-text-editor\" data-id=\"6980902c\" data-element_type=\"widget\" data-e-type=\"widget\" data-widget_type=\"text-editor.default\">\n\t\t\t\t<div class=\"elementor-widget-container\">\n\t\t\t\t\t\t\t\t\t<p><span style=\"color: #000000\">Como e quando solicitar?<\/span><\/p>\t\t\t\t\t\t\t\t<\/div>\n\t\t\t\t<\/div>\n\t\t\t\t\t<\/div>\n\t\t<\/div>\n\t\t\t\t\t<\/div>\n\t\t<\/section>\n\t\t\t\t<section class=\"elementor-section elementor-top-section elementor-element elementor-element-60aef41 elementor-section-boxed elementor-section-height-default elementor-section-height-default\" data-id=\"60aef41\" data-element_type=\"section\" data-e-type=\"section\">\n\t\t\t\t\t\t<div class=\"elementor-container elementor-column-gap-default\">\n\t\t\t\t\t<div class=\"elementor-column elementor-col-100 elementor-top-column elementor-element elementor-element-99e6ec6\" data-id=\"99e6ec6\" data-element_type=\"column\" data-e-type=\"column\">\n\t\t\t<div class=\"elementor-widget-wrap elementor-element-populated\">\n\t\t\t\t\t\t<div class=\"elementor-element elementor-element-e425e8a elementor-widget elementor-widget-text-editor\" data-id=\"e425e8a\" data-element_type=\"widget\" data-e-type=\"widget\" data-widget_type=\"text-editor.default\">\n\t\t\t\t<div class=\"elementor-widget-container\">\n\t\t\t\t\t\t\t\t\t<p style=\"font-size: 16px;font-style: normal;margin-bottom: 20px;font-family: 'Open Sans';line-height: 27px;color: #777777\"><span style=\"color: #008000\"><strong>QUANDO SOLICITAR?<\/strong><\/span><\/p><p style=\"font-size: 16px;font-style: normal;margin-bottom: 20px;font-family: 'Open Sans';line-height: 27px;color: #777777\"><span style=\"color: #000000\">O discente pode solicitar a cola\u00e7\u00e3o de grau quando:<\/span><\/p><ul><li><span style=\"color: #000000\">ap\u00f3s ter enviado TCC e termo de autoriza\u00e7\u00e3o de publica\u00e7\u00e3o para a biblioteca<\/span> (<a href=\"https:\/\/www2.unifap.br\/biblioteca\/files\/2021\/11\/Guia_RIUNIFAP-1.pdf\">link do guia de orienta\u00e7\u00f5es da biblioteca<\/a>);<\/li><li style=\"font-size: 16px;font-style: normal;font-family: 'Open Sans';line-height: 27px;color: #777777\"><span style=\"color: #000000\">tiver integralizado o curso e ter o status FORMANDO no hist\u00f3rico; <\/span><\/li><li style=\"font-size: 16px;font-style: normal;font-family: 'Open Sans';line-height: 27px;color: #777777\"><span style=\"color: #000000\">solicitar cola\u00e7\u00e3o de grau dentro do per\u00edodo publicado no calend\u00e1rio acad\u00eamico ou solicitar outorga de gabinete se fora do per\u00edodo de solicita\u00e7\u00e3o;<\/span><\/li><\/ul><p style=\"font-size: 16px;font-style: normal;margin-bottom: 20px;font-family: 'Open Sans';line-height: 27px;color: #777777\"><span style=\"color: #008000\"><strong>COMO SOLICITAR?<\/strong><\/span><\/p><p><span style=\"color: #000000\">A solicita\u00e7\u00e3o da cola\u00e7\u00e3o de grau \u00e9 administrada pelo Departamento de Ci\u00eancias Biol\u00f3gicas e da Sa\u00fade &#8211; DCBS.<\/span><\/p><p style=\"font-size: 16px;font-style: normal;margin-bottom: 20px;font-family: 'Open Sans';line-height: 27px;color: #777777\"><span style=\"color: #000000\">Para solicita\u00e7\u00e3o de cola\u00e7\u00e3o de grau o discente dever\u00e1 preencher o formul\u00e1rio\u00a0<a href=\"https:\/\/forms.gle\/An2ABkBacEzopyc2A\">no link<\/a>\u00a0<\/span><\/p><p><span style=\"color: #000000\">DOCUMENTOS PARA COLA\u00c7\u00c3O DE GRAU<\/span><\/p><p style=\"font-size: 16px;font-style: normal;margin-bottom: 20px;font-family: 'Open Sans';line-height: 27px;color: #777777\"><span style=\"color: #000000\">1- Documento de identidade oficial com foto<\/span><\/p><p style=\"font-size: 16px;font-style: normal;margin-bottom: 20px;font-family: 'Open Sans';line-height: 27px;color: #777777\"><span style=\"color: #000000\">2- CPF<\/span><\/p><p style=\"font-size: 16px;font-style: normal;margin-bottom: 20px;font-family: 'Open Sans';line-height: 27px;color: #777777\"><span style=\"color: #000000\">3- Certid\u00e3o de nascimento ou casamento<\/span><\/p><p style=\"font-size: 16px;font-style: normal;margin-bottom: 20px;font-family: 'Open Sans';line-height: 27px;color: #777777\"><span style=\"color: #000000\">4- Certificado de conclus\u00e3o do ensino m\u00e9dio<\/span><\/p><p style=\"font-size: 16px;font-style: normal;margin-bottom: 20px;font-family: 'Open Sans';line-height: 27px;color: #777777\"><span style=\"color: #000000\">5- T\u00edtulo de eleitor<\/span><\/p><p style=\"font-size: 16px;font-style: normal;margin-bottom: 20px;font-family: 'Open Sans';line-height: 27px;color: #777777\"><span style=\"color: #000000\">6- Certid\u00e3o de quita\u00e7\u00e3o eleitoral<\/span><\/p><p style=\"font-size: 16px;font-style: normal;margin-bottom: 20px;font-family: 'Open Sans';line-height: 27px;color: #777777\"><span style=\"color: #000000\">7- Hist\u00f3rico escolar do ensino m\u00e9dio<\/span><\/p><p style=\"font-size: 16px;font-style: normal;margin-bottom: 20px;font-family: 'Open Sans';line-height: 27px;color: #777777\"><span style=\"color: #000000\">8- Carteira de reservista ou certificado de dispensa incorpora\u00e7\u00e3o (sexo masculino)<\/span><\/p><p style=\"font-size: 16px;font-style: normal;margin-bottom: 20px;font-family: 'Open Sans';line-height: 27px;color: #777777\"><span style=\"color: #000000\">9- Declara\u00e7\u00e3o de adimpl\u00eancia expedida pela biblioteca central<\/span><\/p><p style=\"font-size: 16px;font-style: normal;margin-bottom: 20px;font-family: 'Open Sans';line-height: 27px;color: #777777\"><span style=\"color: #000000\">10- Comprovante de resid\u00eancia atualizado<\/span><\/p><p style=\"font-size: 16px;font-style: normal;margin-bottom: 20px;font-family: 'Open Sans';line-height: 27px;color: #777777\"><span style=\"color: #008000\">OBS.: OS DOCUMENTOS SER\u00c3O ENCAMINHADOS AO DERCA AP\u00d3S CONFIRMA\u00c7\u00c3O DE ENVIO DO TRABALHO DE CONCLUS\u00c3O DE CURSO E TERMO DE AUTORIZA\u00c7\u00c3O PARA PUBLICA\u00c7\u00c3O DA BIBLIOTECA.<\/span><\/p><p>Qualquer d\u00favida segue orienta\u00e7\u00f5es para solicitar a cola\u00e7\u00e3o de grau\/outorga de gabinete &#8211; Semestre 2025.1 (<a href=\"http:\/\/www2.unifap.br\/fisioterapia\/files\/2025\/05\/Orientacao-para-envio-de-documentos-para-colacao-de-grau-1.pdf\">Orienta\u00e7\u00e3o para envio de documentos para cola\u00e7\u00e3o de grau<\/a>)<\/p><p>Curso de Fisioterapia &#8211; fisioterapia@unifap.br\u00a0<\/p><p>Departamento de Ci\u00eancias Biol\u00f3gicas e da Sa\u00fade &#8211; DCBS &#8211; <a href=\"mailto:dcbs@unifap.br\">dcbs@unifap.br<\/a><\/p>\t\t\t\t\t\t\t\t<\/div>\n\t\t\t\t<\/div>\n\t\t\t\t\t<\/div>\n\t\t<\/div>\n\t\t\t\t\t<\/div>\n\t\t<\/section>\n\t\t\t\t<\/div>\n\t\t","protected":false},"excerpt":{"rendered":"<p>Como e quando solicitar? QUANDO SOLICITAR? O discente pode solicitar a cola\u00e7\u00e3o de grau quando: ap\u00f3s ter enviado TCC e termo de autoriza\u00e7\u00e3o de publica\u00e7\u00e3o para a biblioteca (link do guia de orienta\u00e7\u00f5es da biblioteca); tiver integralizado o curso e ter o status FORMANDO no hist\u00f3rico; solicitar cola\u00e7\u00e3o de grau dentro do per\u00edodo publicado no&#8230;<\/p>\n","protected":false},"author":4028,"featured_media":0,"parent":2088,"menu_order":0,"comment_status":"closed","ping_status":"closed","template":"","meta":{"inline_featured_image":false,"site-sidebar-layout":"default","site-content-layout":"","ast-site-content-layout":"default","site-content-style":"default","site-sidebar-style":"default","ast-global-header-display":"","ast-banner-title-visibility":"","ast-main-header-display":"","ast-hfb-above-header-display":"","ast-hfb-below-header-display":"","ast-hfb-mobile-header-display":"","site-post-title":"","ast-breadcrumbs-content":"","ast-featured-img":"","footer-sml-layout":"","theme-transparent-header-meta":"default","adv-header-id-meta":"","stick-header-meta":"","header-above-stick-meta":"","header-main-stick-meta":"","header-below-stick-meta":"","astra-migrate-meta-layouts":"set","ast-page-background-enabled":"default","ast-page-background-meta":{"desktop":{"background-color":"var(--ast-global-color-4)","background-image":"","background-repeat":"repeat","background-position":"center center","background-size":"auto","background-attachment":"scroll","background-type":"","background-media":"","overlay-type":"","overlay-color":"","overlay-opacity":"","overlay-gradient":""},"tablet":{"background-color":"","background-image":"","background-repeat":"repeat","background-position":"center center","background-size":"auto","background-attachment":"scroll","background-type":"","background-media":"","overlay-type":"","overlay-color":"","overlay-opacity":"","overlay-gradient":""},"mobile":{"background-color":"","background-image":"","background-repeat":"repeat","background-position":"center center","background-size":"auto","background-attachment":"scroll","background-type":"","background-media":"","overlay-type":"","overlay-color":"","overlay-opacity":"","overlay-gradient":""}},"ast-content-background-meta":{"desktop":{"background-color":"var(--ast-global-color-5)","background-image":"","background-repeat":"repeat","background-position":"center center","background-size":"auto","background-attachment":"scroll","background-type":"","background-media":"","overlay-type":"","overlay-color":"","overlay-opacity":"","overlay-gradient":""},"tablet":{"background-color":"var(--ast-global-color-5)","background-image":"","background-repeat":"repeat","background-position":"center center","background-size":"auto","background-attachment":"scroll","background-type":"","background-media":"","overlay-type":"","overlay-color":"","overlay-opacity":"","overlay-gradient":""},"mobile":{"background-color":"var(--ast-global-color-5)","background-image":"","background-repeat":"repeat","background-position":"center center","background-size":"auto","background-attachment":"scroll","background-type":"","background-media":"","overlay-type":"","overlay-color":"","overlay-opacity":"","overlay-gradient":""}},"ngg_post_thumbnail":0,"footnotes":""},"class_list":["post-3101","page","type-page","status-publish","hentry"],"_links":{"self":[{"href":"https:\/\/www2.unifap.br\/fisioterapia\/wp-json\/wp\/v2\/pages\/3101","targetHints":{"allow":["GET"]}}],"collection":[{"href":"https:\/\/www2.unifap.br\/fisioterapia\/wp-json\/wp\/v2\/pages"}],"about":[{"href":"https:\/\/www2.unifap.br\/fisioterapia\/wp-json\/wp\/v2\/types\/page"}],"author":[{"embeddable":true,"href":"https:\/\/www2.unifap.br\/fisioterapia\/wp-json\/wp\/v2\/users\/4028"}],"replies":[{"embeddable":true,"href":"https:\/\/www2.unifap.br\/fisioterapia\/wp-json\/wp\/v2\/comments?post=3101"}],"version-history":[{"count":19,"href":"https:\/\/www2.unifap.br\/fisioterapia\/wp-json\/wp\/v2\/pages\/3101\/revisions"}],"predecessor-version":[{"id":3297,"href":"https:\/\/www2.unifap.br\/fisioterapia\/wp-json\/wp\/v2\/pages\/3101\/revisions\/3297"}],"up":[{"embeddable":true,"href":"https:\/\/www2.unifap.br\/fisioterapia\/wp-json\/wp\/v2\/pages\/2088"}],"wp:attachment":[{"href":"https:\/\/www2.unifap.br\/fisioterapia\/wp-json\/wp\/v2\/media?parent=3101"}],"curies":[{"name":"wp","href":"https:\/\/api.w.org\/{rel}","templated":true}]}}