{"id":3250,"date":"2025-05-09T19:36:41","date_gmt":"2025-05-09T19:36:41","guid":{"rendered":"https:\/\/www2.unifap.br\/fisioterapia\/?page_id=3250"},"modified":"2025-05-09T19:36:41","modified_gmt":"2025-05-09T19:36:41","slug":"normativa-para-matriculas-em-situacoes-excepcionais","status":"publish","type":"page","link":"https:\/\/www2.unifap.br\/fisioterapia\/normativa-para-matriculas-em-situacoes-excepcionais\/","title":{"rendered":"NORMATIVA PARA MATR\u00cdCULAS EM SITUA\u00c7\u00d5ES EXCEPCIONAIS"},"content":{"rendered":"<p><a href=\"http:\/\/www2.unifap.br\/fisioterapia\/files\/2025\/05\/NORMATIVA-PARA-MATRICULAS_fisioterapia.pdf\">NORMATIVA-PARA-MATR\u00cdCULAS_fisioterapia<\/a><\/p>\n","protected":false},"excerpt":{"rendered":"<p>NORMATIVA-PARA-MATR\u00cdCULAS_fisioterapia<\/p>\n","protected":false},"author":4028,"featured_media":0,"parent":0,"menu_order":0,"comment_status":"closed","ping_status":"closed","template":"","meta":{"inline_featured_image":false,"site-sidebar-layout":"default","site-content-layout":"","ast-site-content-layout":"default","site-content-style":"default","site-sidebar-style":"default","ast-global-header-display":"","ast-banner-title-visibility":"","ast-main-header-display":"","ast-hfb-above-header-display":"","ast-hfb-below-header-display":"","ast-hfb-mobile-header-display":"","site-post-title":"","ast-breadcrumbs-content":"","ast-featured-img":"","footer-sml-layout":"","theme-transparent-header-meta":"default","adv-header-id-meta":"","stick-header-meta":"","header-above-stick-meta":"","header-main-stick-meta":"","header-below-stick-meta":"","astra-migrate-meta-layouts":"set","ast-page-background-enabled":"default","ast-page-background-meta":{"desktop":{"background-color":"var(--ast-global-color-4)","background-image":"","background-repeat":"repeat","background-position":"center center","background-size":"auto","background-attachment":"scroll","background-type":"","background-media":"","overlay-type":"","overlay-color":"","overlay-opacity":"","overlay-gradient":""},"tablet":{"background-color":"","background-image":"","background-repeat":"repeat","background-position":"center center","background-size":"auto","background-attachment":"scroll","background-type":"","background-media":"","overlay-type":"","overlay-color":"","overlay-opacity":"","overlay-gradient":""},"mobile":{"background-color":"","background-image":"","background-repeat":"repeat","background-position":"center center","background-size":"auto","background-attachment":"scroll","background-type":"","background-media":"","overlay-type":"","overlay-color":"","overlay-opacity":"","overlay-gradient":""}},"ast-content-background-meta":{"desktop":{"background-color":"var(--ast-global-color-5)","background-image":"","background-repeat":"repeat","background-position":"center center","background-size":"auto","background-attachment":"scroll","background-type":"","background-media":"","overlay-type":"","overlay-color":"","overlay-opacity":"","overlay-gradient":""},"tablet":{"background-color":"var(--ast-global-color-5)","background-image":"","background-repeat":"repeat","background-position":"center center","background-size":"auto","background-attachment":"scroll","background-type":"","background-media":"","overlay-type":"","overlay-color":"","overlay-opacity":"","overlay-gradient":""},"mobile":{"background-color":"var(--ast-global-color-5)","background-image":"","background-repeat":"repeat","background-position":"center center","background-size":"auto","background-attachment":"scroll","background-type":"","background-media":"","overlay-type":"","overlay-color":"","overlay-opacity":"","overlay-gradient":""}},"ngg_post_thumbnail":0,"footnotes":""},"class_list":["post-3250","page","type-page","status-publish","hentry"],"_links":{"self":[{"href":"https:\/\/www2.unifap.br\/fisioterapia\/wp-json\/wp\/v2\/pages\/3250","targetHints":{"allow":["GET"]}}],"collection":[{"href":"https:\/\/www2.unifap.br\/fisioterapia\/wp-json\/wp\/v2\/pages"}],"about":[{"href":"https:\/\/www2.unifap.br\/fisioterapia\/wp-json\/wp\/v2\/types\/page"}],"author":[{"embeddable":true,"href":"https:\/\/www2.unifap.br\/fisioterapia\/wp-json\/wp\/v2\/users\/4028"}],"replies":[{"embeddable":true,"href":"https:\/\/www2.unifap.br\/fisioterapia\/wp-json\/wp\/v2\/comments?post=3250"}],"version-history":[{"count":1,"href":"https:\/\/www2.unifap.br\/fisioterapia\/wp-json\/wp\/v2\/pages\/3250\/revisions"}],"predecessor-version":[{"id":3252,"href":"https:\/\/www2.unifap.br\/fisioterapia\/wp-json\/wp\/v2\/pages\/3250\/revisions\/3252"}],"wp:attachment":[{"href":"https:\/\/www2.unifap.br\/fisioterapia\/wp-json\/wp\/v2\/media?parent=3250"}],"curies":[{"name":"wp","href":"https:\/\/api.w.org\/{rel}","templated":true}]}}