{"id":3264,"date":"2025-05-11T22:13:10","date_gmt":"2025-05-11T22:13:10","guid":{"rendered":"https:\/\/www2.unifap.br\/fisioterapia\/?page_id=3264"},"modified":"2025-05-11T22:21:24","modified_gmt":"2025-05-11T22:21:24","slug":"pre-requisitos-ppc-2014","status":"publish","type":"page","link":"https:\/\/www2.unifap.br\/fisioterapia\/pre-requisitos-ppc-2014\/","title":{"rendered":"Pr\u00e9-requisitos"},"content":{"rendered":"<header class=\"entry-header\">\n<h1 class=\"entry-title\">Pr\u00e9-Requisitos<\/h1>\n<\/header>\n<div class=\"entry-content\">\n<p><strong>Pr\u00e9-Requisitos Essenciais: <\/strong>S\u00e3o absolutamente necess\u00e1rios para que o aluno possa aproveitar o conte\u00fado ministrado na disciplina.<\/p>\n<\/div>\n<p><a href=\"http:\/\/www2.unifap.br\/fisioterapia\/files\/2025\/05\/pre-requisitos-PPC-2014.pdf\">pr\u00e9-requisitos PPC 2014<\/a><\/p>\n<p><a href=\"http:\/\/www2.unifap.br\/fisioterapia\/files\/2025\/05\/Pre-requisitos-PPC-2025.pdf\">Pr\u00e9-requisitos PPC 2025<\/a><\/p>\n","protected":false},"excerpt":{"rendered":"<p>Pr\u00e9-Requisitos Pr\u00e9-Requisitos Essenciais: S\u00e3o absolutamente necess\u00e1rios para que o aluno possa aproveitar o conte\u00fado ministrado na disciplina. pr\u00e9-requisitos PPC 2014 Pr\u00e9-requisitos PPC 2025<\/p>\n","protected":false},"author":4028,"featured_media":0,"parent":0,"menu_order":0,"comment_status":"closed","ping_status":"closed","template":"","meta":{"inline_featured_image":false,"site-sidebar-layout":"default","site-content-layout":"","ast-site-content-layout":"default","site-content-style":"default","site-sidebar-style":"default","ast-global-header-display":"","ast-banner-title-visibility":"","ast-main-header-display":"","ast-hfb-above-header-display":"","ast-hfb-below-header-display":"","ast-hfb-mobile-header-display":"","site-post-title":"","ast-breadcrumbs-content":"","ast-featured-img":"","footer-sml-layout":"","theme-transparent-header-meta":"default","adv-header-id-meta":"","stick-header-meta":"","header-above-stick-meta":"","header-main-stick-meta":"","header-below-stick-meta":"","astra-migrate-meta-layouts":"set","ast-page-background-enabled":"default","ast-page-background-meta":{"desktop":{"background-color":"var(--ast-global-color-4)","background-image":"","background-repeat":"repeat","background-position":"center center","background-size":"auto","background-attachment":"scroll","background-type":"","background-media":"","overlay-type":"","overlay-color":"","overlay-opacity":"","overlay-gradient":""},"tablet":{"background-color":"","background-image":"","background-repeat":"repeat","background-position":"center center","background-size":"auto","background-attachment":"scroll","background-type":"","background-media":"","overlay-type":"","overlay-color":"","overlay-opacity":"","overlay-gradient":""},"mobile":{"background-color":"","background-image":"","background-repeat":"repeat","background-position":"center center","background-size":"auto","background-attachment":"scroll","background-type":"","background-media":"","overlay-type":"","overlay-color":"","overlay-opacity":"","overlay-gradient":""}},"ast-content-background-meta":{"desktop":{"background-color":"var(--ast-global-color-5)","background-image":"","background-repeat":"repeat","background-position":"center center","background-size":"auto","background-attachment":"scroll","background-type":"","background-media":"","overlay-type":"","overlay-color":"","overlay-opacity":"","overlay-gradient":""},"tablet":{"background-color":"var(--ast-global-color-5)","background-image":"","background-repeat":"repeat","background-position":"center center","background-size":"auto","background-attachment":"scroll","background-type":"","background-media":"","overlay-type":"","overlay-color":"","overlay-opacity":"","overlay-gradient":""},"mobile":{"background-color":"var(--ast-global-color-5)","background-image":"","background-repeat":"repeat","background-position":"center center","background-size":"auto","background-attachment":"scroll","background-type":"","background-media":"","overlay-type":"","overlay-color":"","overlay-opacity":"","overlay-gradient":""}},"ngg_post_thumbnail":0,"footnotes":""},"class_list":["post-3264","page","type-page","status-publish","hentry"],"_links":{"self":[{"href":"https:\/\/www2.unifap.br\/fisioterapia\/wp-json\/wp\/v2\/pages\/3264","targetHints":{"allow":["GET"]}}],"collection":[{"href":"https:\/\/www2.unifap.br\/fisioterapia\/wp-json\/wp\/v2\/pages"}],"about":[{"href":"https:\/\/www2.unifap.br\/fisioterapia\/wp-json\/wp\/v2\/types\/page"}],"author":[{"embeddable":true,"href":"https:\/\/www2.unifap.br\/fisioterapia\/wp-json\/wp\/v2\/users\/4028"}],"replies":[{"embeddable":true,"href":"https:\/\/www2.unifap.br\/fisioterapia\/wp-json\/wp\/v2\/comments?post=3264"}],"version-history":[{"count":3,"href":"https:\/\/www2.unifap.br\/fisioterapia\/wp-json\/wp\/v2\/pages\/3264\/revisions"}],"predecessor-version":[{"id":3273,"href":"https:\/\/www2.unifap.br\/fisioterapia\/wp-json\/wp\/v2\/pages\/3264\/revisions\/3273"}],"wp:attachment":[{"href":"https:\/\/www2.unifap.br\/fisioterapia\/wp-json\/wp\/v2\/media?parent=3264"}],"curies":[{"name":"wp","href":"https:\/\/api.w.org\/{rel}","templated":true}]}}