{"id":3334,"date":"2025-05-26T22:57:46","date_gmt":"2025-05-26T22:57:46","guid":{"rendered":"https:\/\/www2.unifap.br\/fisioterapia\/?page_id=3334"},"modified":"2025-05-27T19:53:13","modified_gmt":"2025-05-27T19:53:13","slug":"normas-para-a-curricularizacao-da-extensao_semestre-2025_1","status":"publish","type":"page","link":"https:\/\/www2.unifap.br\/fisioterapia\/normas-para-a-curricularizacao-da-extensao_semestre-2025_1\/","title":{"rendered":"Curriculariza\u00e7\u00e3o da Extens\u00e3o"},"content":{"rendered":"<p style=\"font-weight: 400\"><strong>ATIVIDADE CURRICULAR DE EXTENS\u00c3O (ACE)<\/strong><\/p>\n<p style=\"font-weight: 400\"><strong>&nbsp;<\/strong>Prezado(a) Acad\u00eamico(a),<\/p>\n<p style=\"font-weight: 400\">&nbsp; &nbsp; &nbsp; &nbsp; O Curso de Bacharelado em Fisioterapia tem na Extensa\u0303o uma via de interac\u0327a\u0303o com a sociedade que, segundo Oliveira (1997), \u201ce\u0301 a presenc\u0327a da instituic\u0327a\u0303o no cotidiano das pessoas&#8221;, cujo propo\u0301sito e\u0301 relacionar e aplicar o que se aprende e produz na Universidade junto a\u0300 comunidade. Tais atividades sa\u0303o important\u00edssimas no sentido de estabelecer uma rela\u00e7\u00e3o entre a teoria e a pr\u00e1tica, ale\u0301m de possibilitar que os conhecimentos produzidos na Universidade alcancem a sociedade e o meio educacional.<\/p>\n<p style=\"font-weight: 400\">&nbsp; &nbsp; &nbsp; &nbsp; Dessa forma, considerando a Resoluc\u0327a\u0303o CNE\/CES N\u00ba 7, de 18 de dezembro de 2018, que estabelece as diretrizes para a extensa\u0303o na Educac\u0327a\u0303o Superior brasileira, bem como o Plano de Desenvolvimento Institucional (PDI 2020-2026), que embasa as ac\u0327o\u0303es da poli\u0301tica de extensa\u0303o no a\u0302mbito da Universidade Federal do Amapa\u0301, ale\u0301m da Portaria No 1507\/2016 \u2013 PROGRAD\/ UNIFAP, que ja\u0301 determinava que os cursos de graduac\u0327a\u0303o desta IES, assegurem em seus curri\u0301culos os dez por cento da carga hor\u00e1ria obrigat\u00f3ria em atividades de extensa\u0303o universita\u0301ria.<\/p>\n<p style=\"font-weight: 400\">&nbsp; &nbsp; &nbsp; &nbsp; &nbsp;\u00c9 importante ressaltar que o processo de curriculariza\u00e7\u00e3o da extens\u00e3o implica na amplia\u00e7\u00e3o do protagonismo do estudante por sua atua\u00e7\u00e3o no desenvolvimento de programas, projetos, cursos e outras atividades extensionistas que t\u00eam a sociedade como p\u00fablico-alvo. A conex\u00e3o do estudante com a comunidade externa lhe ser\u00e1 ben\u00e9fico e ele poder\u00e1 motivar-se e, assim, melhorar seu rendimento universit\u00e1rio, tamb\u00e9m no que tange a quest\u00f5es do ensino e da pesquisa, al\u00e9m de vislumbrar as diferentes \u00e1reas de atua\u00e7\u00e3o do profissional fisioterapeuta ao longo de sua forma\u00e7\u00e3o.<\/p>\n<p style=\"font-weight: 400\">&nbsp; &nbsp; &nbsp; &nbsp; &nbsp;A <strong>Atividade Curricular de Extens\u00e3o (ACE)<\/strong> do Curso de Fisioterapia ser\u00e1 desenvolvida <strong>nos semestres 1\u00ba, 3\u00ba, 5\u00ba e 7\u00ba, com carga hor\u00e1ria de 105 horas\/semestre<\/strong>, totalizando assim, 420h at\u00e9 a integraliza\u00e7\u00e3o do curso pelo discente.<\/p>\n<p style=\"font-weight: 400\">&nbsp; &nbsp; &nbsp; &nbsp; &nbsp; O estudante deve ficar atento a diretriz para curriculariza\u00e7\u00e3o da extens\u00e3o universit\u00e1ria no curso de fisioterapia e manter sempre contato com a comiss\u00e3o respons\u00e1vel por conduzir as atividades relacionadas ao ACE, fatores que certamente contribuir\u00e3o para seu bom desempenho&nbsp; no que diz respeito a este componente curricular.<\/p>\n<p>Coordena\u00e7\u00e3o das ACEs (Profa <strong><a href=\"http:\/\/lattes.cnpq.br\/6610052852578582\">BEATRIZ MARTINS DE SA HYACIENTH<\/a>)<\/strong><\/p>\n<p><strong>Normas das ACEs&nbsp;<\/strong><\/p>\n<ul>\n<li>Semestre 2025.1<\/li>\n<li><a href=\"http:\/\/www2.unifap.br\/fisioterapia\/files\/2025\/05\/ATIVIDADE-CURRICULAR-DE-EXTENSA\u0303O-I-PROJETOS_v.8-3.pdf\">ATIVIDADE CURRICULAR DE EXTENSA\u0303O I &#8211; PROJETOS_v.8<\/a><\/li>\n<\/ul>\n<p>&nbsp;<\/p>\n","protected":false},"excerpt":{"rendered":"<p>ATIVIDADE CURRICULAR DE EXTENS\u00c3O (ACE) &nbsp;Prezado(a) Acad\u00eamico(a), &nbsp; &nbsp; &nbsp; &nbsp; O Curso de Bacharelado em Fisioterapia tem na Extensa\u0303o uma via de interac\u0327a\u0303o com a sociedade que, segundo Oliveira (1997), \u201ce\u0301 a presenc\u0327a da instituic\u0327a\u0303o no cotidiano das pessoas&#8221;, cujo propo\u0301sito e\u0301 relacionar e aplicar o que se aprende e produz na Universidade junto&#8230;<\/p>\n","protected":false},"author":4028,"featured_media":0,"parent":0,"menu_order":0,"comment_status":"closed","ping_status":"closed","template":"","meta":{"inline_featured_image":false,"site-sidebar-layout":"default","site-content-layout":"","ast-site-content-layout":"default","site-content-style":"default","site-sidebar-style":"default","ast-global-header-display":"","ast-banner-title-visibility":"","ast-main-header-display":"","ast-hfb-above-header-display":"","ast-hfb-below-header-display":"","ast-hfb-mobile-header-display":"","site-post-title":"","ast-breadcrumbs-content":"","ast-featured-img":"","footer-sml-layout":"","theme-transparent-header-meta":"default","adv-header-id-meta":"","stick-header-meta":"","header-above-stick-meta":"","header-main-stick-meta":"","header-below-stick-meta":"","astra-migrate-meta-layouts":"set","ast-page-background-enabled":"default","ast-page-background-meta":{"desktop":{"background-color":"var(--ast-global-color-4)","background-image":"","background-repeat":"repeat","background-position":"center center","background-size":"auto","background-attachment":"scroll","background-type":"","background-media":"","overlay-type":"","overlay-color":"","overlay-opacity":"","overlay-gradient":""},"tablet":{"background-color":"","background-image":"","background-repeat":"repeat","background-position":"center center","background-size":"auto","background-attachment":"scroll","background-type":"","background-media":"","overlay-type":"","overlay-color":"","overlay-opacity":"","overlay-gradient":""},"mobile":{"background-color":"","background-image":"","background-repeat":"repeat","background-position":"center center","background-size":"auto","background-attachment":"scroll","background-type":"","background-media":"","overlay-type":"","overlay-color":"","overlay-opacity":"","overlay-gradient":""}},"ast-content-background-meta":{"desktop":{"background-color":"var(--ast-global-color-5)","background-image":"","background-repeat":"repeat","background-position":"center center","background-size":"auto","background-attachment":"scroll","background-type":"","background-media":"","overlay-type":"","overlay-color":"","overlay-opacity":"","overlay-gradient":""},"tablet":{"background-color":"var(--ast-global-color-5)","background-image":"","background-repeat":"repeat","background-position":"center center","background-size":"auto","background-attachment":"scroll","background-type":"","background-media":"","overlay-type":"","overlay-color":"","overlay-opacity":"","overlay-gradient":""},"mobile":{"background-color":"var(--ast-global-color-5)","background-image":"","background-repeat":"repeat","background-position":"center center","background-size":"auto","background-attachment":"scroll","background-type":"","background-media":"","overlay-type":"","overlay-color":"","overlay-opacity":"","overlay-gradient":""}},"ngg_post_thumbnail":0,"footnotes":""},"class_list":["post-3334","page","type-page","status-publish","hentry"],"_links":{"self":[{"href":"https:\/\/www2.unifap.br\/fisioterapia\/wp-json\/wp\/v2\/pages\/3334","targetHints":{"allow":["GET"]}}],"collection":[{"href":"https:\/\/www2.unifap.br\/fisioterapia\/wp-json\/wp\/v2\/pages"}],"about":[{"href":"https:\/\/www2.unifap.br\/fisioterapia\/wp-json\/wp\/v2\/types\/page"}],"author":[{"embeddable":true,"href":"https:\/\/www2.unifap.br\/fisioterapia\/wp-json\/wp\/v2\/users\/4028"}],"replies":[{"embeddable":true,"href":"https:\/\/www2.unifap.br\/fisioterapia\/wp-json\/wp\/v2\/comments?post=3334"}],"version-history":[{"count":7,"href":"https:\/\/www2.unifap.br\/fisioterapia\/wp-json\/wp\/v2\/pages\/3334\/revisions"}],"predecessor-version":[{"id":3442,"href":"https:\/\/www2.unifap.br\/fisioterapia\/wp-json\/wp\/v2\/pages\/3334\/revisions\/3442"}],"wp:attachment":[{"href":"https:\/\/www2.unifap.br\/fisioterapia\/wp-json\/wp\/v2\/media?parent=3334"}],"curies":[{"name":"wp","href":"https:\/\/api.w.org\/{rel}","templated":true}]}}