{"id":3359,"date":"2025-05-26T23:59:01","date_gmt":"2025-05-26T23:59:01","guid":{"rendered":"https:\/\/www2.unifap.br\/fisioterapia\/?page_id=3359"},"modified":"2025-05-27T15:00:35","modified_gmt":"2025-05-27T15:00:35","slug":"tutores","status":"publish","type":"page","link":"https:\/\/www2.unifap.br\/fisioterapia\/tutores\/","title":{"rendered":"Tutores"},"content":{"rendered":"\t\t<div data-elementor-type=\"wp-page\" data-elementor-id=\"3359\" class=\"elementor elementor-3359\">\n\t\t\t\t\t\t<section class=\"elementor-section elementor-top-section elementor-element elementor-element-5aceff4a elementor-section-boxed elementor-section-height-default elementor-section-height-default\" data-id=\"5aceff4a\" data-element_type=\"section\" data-e-type=\"section\">\n\t\t\t\t\t\t<div class=\"elementor-container elementor-column-gap-default\">\n\t\t\t\t\t<div class=\"elementor-column elementor-col-100 elementor-top-column elementor-element elementor-element-18d84bce\" data-id=\"18d84bce\" data-element_type=\"column\" data-e-type=\"column\">\n\t\t\t<div class=\"elementor-widget-wrap elementor-element-populated\">\n\t\t\t\t\t\t<div class=\"elementor-element elementor-element-36233cb elementor-invisible elementor-widget elementor-widget-heading\" data-id=\"36233cb\" data-element_type=\"widget\" data-e-type=\"widget\" data-settings=\"{&quot;_animation&quot;:&quot;bounceInLeft&quot;}\" data-widget_type=\"heading.default\">\n\t\t\t\t<div class=\"elementor-widget-container\">\n\t\t\t\t\t<h2 class=\"elementor-heading-title elementor-size-default\">TUTORES<\/h2>\t\t\t\t<\/div>\n\t\t\t\t<\/div>\n\t\t\t\t<div class=\"elementor-element elementor-element-31c3dc8e elementor-widget elementor-widget-text-editor\" data-id=\"31c3dc8e\" data-element_type=\"widget\" data-e-type=\"widget\" data-widget_type=\"text-editor.default\">\n\t\t\t\t<div class=\"elementor-widget-container\">\n\t\t\t\t\t\t\t\t\t<strong>Tutores do Curso de Fisioterapia<\/strong>\r\n<div class=\"LT6XE\">\r\n<div class=\"f5cPye\" data-rl=\"pt\" data-lht=\"854\">\r\n<div>\r\n<div class=\"WaaZC\">\r\n<div class=\"RJPOee EIJn2\">\r\n<div class=\"rPeykc\" data-hveid=\"CAIQAQ\" data-ved=\"2ahUKEwjb47atq8KNAxUBrJUCHbxrBa8Qo_EKegQIAhAB\"><span data-huuid=\"2130722972271045002\">A fun\u00e7\u00e3o principal dos tutores nas turmas de gradua\u00e7\u00e3o universit\u00e1ria \u00e9 <mark class=\"QVRyCf\">auxiliar os alunos na sua jornada de aprendizado, atuando como facilitadores do processo de ensino e aprendizagem<\/mark>. <\/span><span data-huuid=\"2130722972271043317\">Isso envolve oferecer orienta\u00e7\u00e3o acad\u00eamica, tirar d\u00favidas, mediar discuss\u00f5es, acompanhar o desenvolvimento dos alunos e, em alguns casos, at\u00e9 mesmo elaborar atividades.<span class=\"pjBG2e\" data-cid=\"a127c25a-75bb-4241-88e0-79a1ebdf0d5b\"><span class=\"UV3uM\">&nbsp;<\/span><\/span><\/span>\r\n<div class=\"NPrrbc\" data-cid=\"a127c25a-75bb-4241-88e0-79a1ebdf0d5b\" data-uuids=\"2130722972271045002,2130722972271043317\">\r\n<div class=\"BMebGe btku5b fCrZyc LwdV0e FR7ZSc OJeuxf\" role=\"button\" aria-label=\"Mostrar links relacionados\" data-hveid=\"CAQQAQ\" data-ved=\"2ahUKEwjb47atq8KNAxUBrJUCHbxrBa8Q3fYKegQIBBAB\">\r\n<div class=\"niO4u\">\r\n<div class=\"kHtcsd\">&nbsp;<\/div>\r\n<\/div>\r\n<\/div>\r\n<\/div>\r\n<\/div>\r\n<\/div>\r\n<\/div>\r\n<div class=\"WaaZC\">\r\n<div class=\"RJPOee EIJn2\">\r\n<div class=\"rPeykc pyPiTc\" data-hveid=\"CAwQAQ\" data-ved=\"2ahUKEwjb47atq8KNAxUBrJUCHbxrBa8Qo_EKegQIDBAB\"><span data-huuid=\"15158235083553532487\">Elabora\u00e7\u00e3o:<\/span><\/div>\r\n<\/div>\r\n<\/div>\r\n<div class=\"WaaZC\">\r\n<div class=\"RJPOee EIJn2\">\r\n<ul data-hveid=\"CC8QAQ\" data-ved=\"2ahUKEwjb47atq8KNAxUBrJUCHbxrBa8Qm_YKegQILxAB\">\r\n \t<li class=\"K3KsMc\">\r\n<div class=\"zMgcWd dSKvsb\" data-il=\"\">\r\n<div data-crb-p=\"\">\r\n<div class=\"xFTqob\">\r\n<div class=\"Gur8Ad\"><span data-huuid=\"15158235083553530462\"><strong>Acompanhamento do aluno:<\/strong><\/span><\/div>\r\n<div class=\"vM0jzc\"><span data-huuid=\"15158235083553533883\">Os tutores acompanham o desempenho dos alunos, identificam dificuldades e oferecem suporte personalizado para que eles possam progredir na disciplina.<span class=\"pjBG2e\" data-cid=\"6bc83177-5d7b-4db1-be95-fd4775370129\"><span class=\"UV3uM\">&nbsp;<\/span><\/span><\/span>\r\n<div class=\"NPrrbc\" data-cid=\"6bc83177-5d7b-4db1-be95-fd4775370129\" data-uuids=\"15158235083553530462,15158235083553533883\">\r\n<div class=\"BMebGe btku5b fCrZyc LwdV0e FR7ZSc OJeuxf\" role=\"button\" aria-label=\"Mostrar links relacionados\" data-hveid=\"CB8QAQ\" data-ved=\"2ahUKEwjb47atq8KNAxUBrJUCHbxrBa8Q3fYKegQIHxAB\">\r\n<div class=\"niO4u\">\r\n<div class=\"kHtcsd\">&nbsp;<\/div>\r\n<\/div>\r\n<\/div>\r\n<\/div>\r\n<\/div>\r\n<\/div>\r\n<\/div>\r\n<\/div><\/li>\r\n \t<li class=\"K3KsMc\">\r\n<div class=\"zMgcWd dSKvsb\" data-il=\"\">\r\n<div data-crb-p=\"\">\r\n<div class=\"xFTqob\">\r\n<div class=\"Gur8Ad\"><span data-huuid=\"15158235083553532533\"><strong>Mediatos do processo:<\/strong><\/span><\/div>\r\n<div class=\"vM0jzc\"><span data-huuid=\"15158235083553531858\">Ajudam os alunos a compreender melhor o conte\u00fado, a interagir com o material did\u00e1tico e a desenvolver as suas habilidades de aprendizagem.<span class=\"pjBG2e\" data-cid=\"bdbe9366-7e49-4624-b799-88b2cf7cc6e5\"><span class=\"UV3uM\">&nbsp;<\/span><\/span><\/span>\r\n<div class=\"NPrrbc\" data-cid=\"bdbe9366-7e49-4624-b799-88b2cf7cc6e5\" data-uuids=\"15158235083553532533,15158235083553531858\">\r\n<div class=\"BMebGe btku5b fCrZyc LwdV0e FR7ZSc OJeuxf\" role=\"button\" aria-label=\"Mostrar links relacionados\" data-hveid=\"CCoQAQ\" data-ved=\"2ahUKEwjb47atq8KNAxUBrJUCHbxrBa8Q3fYKegQIKhAB\">\r\n<div class=\"niO4u\">\r\n<div class=\"kHtcsd\">&nbsp;<\/div>\r\n<\/div>\r\n<\/div>\r\n<\/div>\r\n<\/div>\r\n<\/div>\r\n<\/div>\r\n<\/div><\/li>\r\n \t<li class=\"K3KsMc\">\r\n<div class=\"zMgcWd dSKvsb\" data-il=\"\">\r\n<div data-crb-p=\"\">\r\n<div class=\"xFTqob\">\r\n<div class=\"Gur8Ad\"><span data-huuid=\"15158235083553530508\"><strong>Orienta\u00e7\u00e3o e suporte:<\/strong><\/span><\/div>\r\n<div class=\"vM0jzc\"><span data-huuid=\"15158235083553533929\">Respondem \u00e0s d\u00favidas dos alunos, orientam sobre as atividades do curso e auxiliam na organiza\u00e7\u00e3o do estudo.<span class=\"pjBG2e\" data-cid=\"88567022-0591-49e8-a3af-25e0ddb3c1eb\"><span class=\"UV3uM\">&nbsp;<\/span><\/span><\/span>\r\n<div class=\"NPrrbc\" data-cid=\"88567022-0591-49e8-a3af-25e0ddb3c1eb\" data-uuids=\"15158235083553530508,15158235083553533929\">\r\n<div class=\"BMebGe btku5b fCrZyc LwdV0e FR7ZSc OJeuxf\" role=\"button\" aria-label=\"Mostrar links relacionados\" data-hveid=\"CCcQAQ\" data-ved=\"2ahUKEwjb47atq8KNAxUBrJUCHbxrBa8Q3fYKegQIJxAB\">\r\n<div class=\"niO4u\">\r\n<div class=\"kHtcsd\">&nbsp;<\/div>\r\n<\/div>\r\n<\/div>\r\n<\/div>\r\n<\/div>\r\n<\/div>\r\n<\/div>\r\n<\/div><\/li>\r\n \t<li class=\"K3KsMc\">\r\n<div class=\"zMgcWd dSKvsb\" data-il=\"\">\r\n<div data-crb-p=\"\">\r\n<div class=\"xFTqob\">\r\n<div class=\"Gur8Ad\"><span data-huuid=\"15158235083553532579\"><strong>Elabora\u00e7\u00e3o de atividades:<\/strong><\/span><\/div>\r\n<div class=\"vM0jzc\"><span data-huuid=\"15158235083553531904\">Em alguns casos, os tutores podem colaborar na cria\u00e7\u00e3o de atividades complementares, como exerc\u00edcios, trabalhos em grupo ou apresenta\u00e7\u00f5es.<span class=\"pjBG2e\" data-cid=\"36b4ba6d-8568-49a9-b4b7-8c41ee486fe9\"><span class=\"UV3uM\">&nbsp;<\/span><\/span><\/span>\r\n<div class=\"NPrrbc\" data-cid=\"36b4ba6d-8568-49a9-b4b7-8c41ee486fe9\" data-uuids=\"15158235083553532579,15158235083553531904\">\r\n<div class=\"BMebGe btku5b fCrZyc LwdV0e FR7ZSc OJeuxf\" role=\"button\" aria-label=\"Mostrar links relacionados\" data-hveid=\"CCEQAQ\" data-ved=\"2ahUKEwjb47atq8KNAxUBrJUCHbxrBa8Q3fYKegQIIRAB\">\r\n<div class=\"niO4u\">\r\n<div class=\"kHtcsd\">&nbsp;<\/div>\r\n<\/div>\r\n<\/div>\r\n<\/div>\r\n<\/div>\r\n<\/div>\r\n<\/div>\r\n<\/div><\/li>\r\n \t<li class=\"K3KsMc\">\r\n<div class=\"zMgcWd dSKvsb\" data-il=\"\">\r\n<div data-crb-p=\"\">\r\n<div class=\"xFTqob\">\r\n<div class=\"Gur8Ad\"><span data-huuid=\"15158235083553530554\"><strong>Facilitadores da comunica\u00e7\u00e3o:<\/strong><\/span><\/div>\r\n<div class=\"vM0jzc\"><span data-huuid=\"15158235083553529879\">Mediadores entre os alunos, professores e a institui\u00e7\u00e3o, garantindo que a comunica\u00e7\u00e3o seja fluida e que as necessidades dos alunos sejam atendidas.<span class=\"pjBG2e\" data-cid=\"2cd68b1b-3599-43d3-b619-59af0807e3af\"><span class=\"UV3uM\">&nbsp;<\/span><\/span><\/span>\r\n<div class=\"NPrrbc\" data-cid=\"2cd68b1b-3599-43d3-b619-59af0807e3af\" data-uuids=\"15158235083553530554,15158235083553529879\">\r\n<div class=\"BMebGe btku5b fCrZyc LwdV0e FR7ZSc OJeuxf\" role=\"button\" aria-label=\"Mostrar links relacionados\" data-hveid=\"CCgQAQ\" data-ved=\"2ahUKEwjb47atq8KNAxUBrJUCHbxrBa8Q3fYKegQIKBAB\">\r\n<div class=\"niO4u\">\r\n<div class=\"kHtcsd\">&nbsp;<\/div>\r\n<\/div>\r\n<\/div>\r\n<\/div>\r\n<\/div>\r\n<\/div>\r\n<\/div>\r\n<\/div><\/li>\r\n \t<li class=\"K3KsMc\">\r\n<div class=\"zMgcWd dSKvsb\" data-il=\"\">\r\n<div data-crb-p=\"\">\r\n<div class=\"xFTqob\">\r\n<div class=\"Gur8Ad\"><span data-huuid=\"15158235083553532625\"><strong>Promotores da intera\u00e7\u00e3o:<\/strong><\/span><\/div>\r\n<div class=\"vM0jzc\"><span data-huuid=\"15158235083553531950\">Estimulam a participa\u00e7\u00e3o dos alunos em f\u00f3runs de discuss\u00e3o, grupos de trabalho e outras atividades que promovam a intera\u00e7\u00e3o e o aprendizado colaborativo.<span class=\"pjBG2e\" data-cid=\"f96983d2-0b66-48bc-8e86-9cea7cfabb96\"><span class=\"UV3uM\">&nbsp;<\/span><\/span><\/span>\r\n<div class=\"NPrrbc\" data-cid=\"f96983d2-0b66-48bc-8e86-9cea7cfabb96\" data-uuids=\"15158235083553532625,15158235083553531950\">\r\n<div class=\"BMebGe btku5b fCrZyc LwdV0e FR7ZSc OJeuxf\" role=\"button\" aria-label=\"Mostrar links relacionados\" data-hveid=\"CCkQAQ\" data-ved=\"2ahUKEwjb47atq8KNAxUBrJUCHbxrBa8Q3fYKegQIKRAB\">\r\n<div class=\"niO4u\">\r\n<div class=\"kHtcsd\">&nbsp;<\/div>\r\n<\/div>\r\n<\/div>\r\n<\/div>\r\n<\/div>\r\n<\/div>\r\n<\/div>\r\n<\/div><\/li>\r\n \t<li class=\"K3KsMc\">\r\n<div class=\"zMgcWd dSKvsb\" data-il=\"\">\r\n<div data-crb-p=\"\">\r\n<div class=\"xFTqob\">\r\n<div class=\"Gur8Ad\"><span data-huuid=\"15158235083553530600\"><strong>Acompanhamento do desenvolvimento acad\u00eamico:<\/strong><\/span><\/div>\r\n<div class=\"vM0jzc\"><span data-huuid=\"15158235083553529925\">Ajudam os alunos a se manterem organizados, a cumprir os prazos e a desenvolver h\u00e1bitos de estudo saud\u00e1veis.<span class=\"pjBG2e\" data-cid=\"6c6cec14-6c4a-4bb2-b3bc-dee75b8407c7\"><span class=\"UV3uM\">&nbsp;<\/span><\/span><\/span>\r\n<div class=\"NPrrbc\" data-cid=\"6c6cec14-6c4a-4bb2-b3bc-dee75b8407c7\" data-uuids=\"15158235083553530600,15158235083553529925\">\r\n<div class=\"BMebGe btku5b fCrZyc LwdV0e FR7ZSc OJeuxf\" role=\"button\" aria-label=\"Mostrar links relacionados\" data-hveid=\"CCAQAQ\" data-ved=\"2ahUKEwjb47atq8KNAxUBrJUCHbxrBa8Q3fYKegQIIBAB\">\r\n<div class=\"niO4u\">\r\n<div class=\"kHtcsd\">&nbsp;<\/div>\r\n<\/div>\r\n<\/div>\r\n<\/div>\r\n<\/div>\r\n<\/div>\r\n<\/div>\r\n<\/div><\/li>\r\n<\/ul>\r\n<\/div>\r\n<\/div>\r\n<\/div>\r\n<\/div>\r\n<\/div>\r\n<div class=\"kLMmLc\">\r\n<div>\r\n<div class=\"Clk5Ib\">\r\n<div class=\"IGvtd\">\r\n<div class=\"TRXNOc\">\r\n<div class=\"BOThhc\">\r\n<div class=\"ifiyWc\">\r\n<div id=\"folsrch-sources-1\">\r\n<div data-subtree=\"msc\">\r\n<div class=\"fx92l\" data-hveid=\"CDEQAA\" data-ved=\"2ahUKEwjb47atq8KNAxUBrJUCHbxrBa8Q99ANegQIMRAA\">&nbsp;<\/div>\r\n<\/div>\r\n<\/div>\r\n<\/div>\r\n<\/div>\r\n<\/div>\r\n<\/div>\r\n<\/div>\r\n<\/div>\r\n<\/div>\t\t\t\t\t\t\t\t<\/div>\n\t\t\t\t<\/div>\n\t\t\t\t<div class=\"elementor-element elementor-element-b098193 elementor-widget elementor-widget-heading\" data-id=\"b098193\" data-element_type=\"widget\" data-e-type=\"widget\" data-widget_type=\"heading.default\">\n\t\t\t\t<div class=\"elementor-widget-container\">\n\t\t\t\t\t<h2 class=\"elementor-heading-title elementor-size-default\">Ache o seu TUTOR!<\/h2>\t\t\t\t<\/div>\n\t\t\t\t<\/div>\n\t\t\t\t\t<\/div>\n\t\t<\/div>\n\t\t\t\t\t<\/div>\n\t\t<\/section>\n\t\t\t\t<section class=\"elementor-section elementor-top-section elementor-element elementor-element-bb44987 elementor-section-boxed elementor-section-height-default elementor-section-height-default\" data-id=\"bb44987\" data-element_type=\"section\" data-e-type=\"section\">\n\t\t\t\t\t\t<div class=\"elementor-container elementor-column-gap-default\">\n\t\t\t\t\t<div class=\"elementor-column elementor-col-100 elementor-top-column elementor-element elementor-element-06f4c14\" data-id=\"06f4c14\" data-element_type=\"column\" data-e-type=\"column\">\n\t\t\t<div class=\"elementor-widget-wrap elementor-element-populated\">\n\t\t\t\t\t\t<div class=\"elementor-element elementor-element-5a6e09b elementor-widget elementor-widget-text-editor\" data-id=\"5a6e09b\" data-element_type=\"widget\" data-e-type=\"widget\" data-widget_type=\"text-editor.default\">\n\t\t\t\t<div class=\"elementor-widget-container\">\n\t\t\t\t\t\t\t\t\t<h4><strong>\u2060 \u2060Tutores das 2025:<\/strong><\/h4><ul><li><h5><span style=\"color: #000000\">Louise Beatriz Carvalho Costa e Dominique Monteiro Costa <\/span><\/h5><p>-hor\u00e1rio e dia de encontros semanais: \u2060quarta: 11-12h\/14-15h<\/p><\/li><\/ul><h4><strong>\u00a0Tutores das 2024: <\/strong><\/h4><ul><li><h5><span style=\"color: #000000\">Ailany Sobral e Laiza Amanajas \u2060<\/span><\/h5><\/li><li><h6>Quinta-feira, 09:00 horas<\/h6><\/li><\/ul><h4>\u00a0\u2060Tutores das 2023:<\/h4><ul><li><h5><span style=\"color: #000000\">Ana Laura Miranda e Luiza Campos da Silva <\/span><\/h5><\/li><li>Quinta-feira, 10h<\/li><\/ul><h4>Tutores das 2022:<\/h4><ul><li><h5><span style=\"color: #000000\">Laiza Francini Silva de Souza e Thiago Martins Nonato <\/span><\/h5><\/li><li>\u2060Quinta-feira, 10h<\/li><\/ul><h4>\u00a0\u2060Tutores das 2021:<\/h4><ul><li><h5>Adria de Carvalho Tabosa e Isabella Souza Barbosa<\/h5><p>\u2060Sexta \u00e0s 14h<\/p><\/li><\/ul><h5><span style=\"color: #ff6600\">OBS:<\/span> os encontros ser\u00e3o realizados no bloco de fisioterapia!! Qualquer d\u00favida entre em contato com seu tutor.<\/h5>\t\t\t\t\t\t\t\t<\/div>\n\t\t\t\t<\/div>\n\t\t\t\t\t<\/div>\n\t\t<\/div>\n\t\t\t\t\t<\/div>\n\t\t<\/section>\n\t\t\t\t<section class=\"elementor-section elementor-top-section elementor-element elementor-element-5590900 elementor-section-boxed elementor-section-height-default elementor-section-height-default\" data-id=\"5590900\" data-element_type=\"section\" data-e-type=\"section\">\n\t\t\t\t\t\t<div class=\"elementor-container elementor-column-gap-default\">\n\t\t\t\t\t<div class=\"elementor-column elementor-col-100 elementor-top-column elementor-element elementor-element-878f76b\" data-id=\"878f76b\" data-element_type=\"column\" data-e-type=\"column\">\n\t\t\t<div class=\"elementor-widget-wrap\">\n\t\t\t\t\t\t\t<\/div>\n\t\t<\/div>\n\t\t\t\t\t<\/div>\n\t\t<\/section>\n\t\t\t\t<section class=\"elementor-section elementor-top-section elementor-element elementor-element-986bc07 elementor-section-boxed elementor-section-height-default elementor-section-height-default\" data-id=\"986bc07\" data-element_type=\"section\" data-e-type=\"section\">\n\t\t\t\t\t\t<div class=\"elementor-container elementor-column-gap-default\">\n\t\t\t\t\t<div class=\"elementor-column elementor-col-100 elementor-top-column elementor-element elementor-element-c5f8ff4\" data-id=\"c5f8ff4\" data-element_type=\"column\" data-e-type=\"column\">\n\t\t\t<div class=\"elementor-widget-wrap\">\n\t\t\t\t\t\t\t<\/div>\n\t\t<\/div>\n\t\t\t\t\t<\/div>\n\t\t<\/section>\n\t\t\t\t<\/div>\n\t\t","protected":false},"excerpt":{"rendered":"<p>&nbsp; Tutores do Curso de Fisioterapia A fun\u00e7\u00e3o principal dos tutores nas turmas de gradua\u00e7\u00e3o universit\u00e1ria \u00e9 auxiliar os alunos na sua jornada de aprendizado, atuando como facilitadores do processo de ensino e aprendizagem. Isso envolve oferecer orienta\u00e7\u00e3o acad\u00eamica, tirar d\u00favidas, mediar discuss\u00f5es, acompanhar o desenvolvimento dos alunos e, em alguns casos, at\u00e9 mesmo elaborar&#8230;<\/p>\n","protected":false},"author":4028,"featured_media":0,"parent":0,"menu_order":0,"comment_status":"closed","ping_status":"closed","template":"","meta":{"inline_featured_image":false,"site-sidebar-layout":"default","site-content-layout":"","ast-site-content-layout":"default","site-content-style":"default","site-sidebar-style":"default","ast-global-header-display":"","ast-banner-title-visibility":"","ast-main-header-display":"","ast-hfb-above-header-display":"","ast-hfb-below-header-display":"","ast-hfb-mobile-header-display":"","site-post-title":"","ast-breadcrumbs-content":"","ast-featured-img":"","footer-sml-layout":"","theme-transparent-header-meta":"default","adv-header-id-meta":"","stick-header-meta":"","header-above-stick-meta":"","header-main-stick-meta":"","header-below-stick-meta":"","astra-migrate-meta-layouts":"set","ast-page-background-enabled":"default","ast-page-background-meta":{"desktop":{"background-color":"var(--ast-global-color-4)","background-image":"","background-repeat":"repeat","background-position":"center center","background-size":"auto","background-attachment":"scroll","background-type":"","background-media":"","overlay-type":"","overlay-color":"","overlay-opacity":"","overlay-gradient":""},"tablet":{"background-color":"","background-image":"","background-repeat":"repeat","background-position":"center center","background-size":"auto","background-attachment":"scroll","background-type":"","background-media":"","overlay-type":"","overlay-color":"","overlay-opacity":"","overlay-gradient":""},"mobile":{"background-color":"","background-image":"","background-repeat":"repeat","background-position":"center center","background-size":"auto","background-attachment":"scroll","background-type":"","background-media":"","overlay-type":"","overlay-color":"","overlay-opacity":"","overlay-gradient":""}},"ast-content-background-meta":{"desktop":{"background-color":"var(--ast-global-color-5)","background-image":"","background-repeat":"repeat","background-position":"center center","background-size":"auto","background-attachment":"scroll","background-type":"","background-media":"","overlay-type":"","overlay-color":"","overlay-opacity":"","overlay-gradient":""},"tablet":{"background-color":"var(--ast-global-color-5)","background-image":"","background-repeat":"repeat","background-position":"center center","background-size":"auto","background-attachment":"scroll","background-type":"","background-media":"","overlay-type":"","overlay-color":"","overlay-opacity":"","overlay-gradient":""},"mobile":{"background-color":"var(--ast-global-color-5)","background-image":"","background-repeat":"repeat","background-position":"center center","background-size":"auto","background-attachment":"scroll","background-type":"","background-media":"","overlay-type":"","overlay-color":"","overlay-opacity":"","overlay-gradient":""}},"ngg_post_thumbnail":0,"footnotes":""},"class_list":["post-3359","page","type-page","status-publish","hentry"],"_links":{"self":[{"href":"https:\/\/www2.unifap.br\/fisioterapia\/wp-json\/wp\/v2\/pages\/3359","targetHints":{"allow":["GET"]}}],"collection":[{"href":"https:\/\/www2.unifap.br\/fisioterapia\/wp-json\/wp\/v2\/pages"}],"about":[{"href":"https:\/\/www2.unifap.br\/fisioterapia\/wp-json\/wp\/v2\/types\/page"}],"author":[{"embeddable":true,"href":"https:\/\/www2.unifap.br\/fisioterapia\/wp-json\/wp\/v2\/users\/4028"}],"replies":[{"embeddable":true,"href":"https:\/\/www2.unifap.br\/fisioterapia\/wp-json\/wp\/v2\/comments?post=3359"}],"version-history":[{"count":27,"href":"https:\/\/www2.unifap.br\/fisioterapia\/wp-json\/wp\/v2\/pages\/3359\/revisions"}],"predecessor-version":[{"id":3420,"href":"https:\/\/www2.unifap.br\/fisioterapia\/wp-json\/wp\/v2\/pages\/3359\/revisions\/3420"}],"wp:attachment":[{"href":"https:\/\/www2.unifap.br\/fisioterapia\/wp-json\/wp\/v2\/media?parent=3359"}],"curies":[{"name":"wp","href":"https:\/\/api.w.org\/{rel}","templated":true}]}}