{"id":487,"date":"2019-07-09T23:45:56","date_gmt":"2019-07-09T23:45:56","guid":{"rendered":"http:\/\/www2.unifap.br\/fisioterapia\/?page_id=487"},"modified":"2024-10-23T19:51:24","modified_gmt":"2024-10-23T19:51:24","slug":"preceptoria","status":"publish","type":"page","link":"https:\/\/www2.unifap.br\/fisioterapia\/portal-administrativo\/preceptoria\/","title":{"rendered":"PRECEPTORIA"},"content":{"rendered":"\t\t<div data-elementor-type=\"wp-post\" data-elementor-id=\"487\" class=\"elementor elementor-487\">\n\t\t\t\t\t\t<section class=\"elementor-section elementor-top-section elementor-element elementor-element-c2fd406 elementor-section-boxed elementor-section-height-default elementor-section-height-default\" data-id=\"c2fd406\" data-element_type=\"section\" data-e-type=\"section\">\n\t\t\t\t\t\t<div class=\"elementor-container elementor-column-gap-default\">\n\t\t\t\t\t<div class=\"elementor-column elementor-col-100 elementor-top-column elementor-element elementor-element-4cfd454\" data-id=\"4cfd454\" data-element_type=\"column\" data-e-type=\"column\">\n\t\t\t<div class=\"elementor-widget-wrap elementor-element-populated\">\n\t\t\t\t\t\t<div class=\"elementor-element elementor-element-c37f689 elementor-widget-divider--view-line elementor-widget elementor-widget-divider\" data-id=\"c37f689\" data-element_type=\"widget\" data-e-type=\"widget\" data-widget_type=\"divider.default\">\n\t\t\t\t<div class=\"elementor-widget-container\">\n\t\t\t\t\t\t\t<div class=\"elementor-divider\">\n\t\t\t<span class=\"elementor-divider-separator\">\n\t\t\t\t\t\t<\/span>\n\t\t<\/div>\n\t\t\t\t\t\t<\/div>\n\t\t\t\t<\/div>\n\t\t\t\t<div class=\"elementor-element elementor-element-2bcbb34 elementor-invisible elementor-widget elementor-widget-heading\" data-id=\"2bcbb34\" data-element_type=\"widget\" data-e-type=\"widget\" data-settings=\"{&quot;_animation&quot;:&quot;slideInLeft&quot;}\" data-widget_type=\"heading.default\">\n\t\t\t\t<div class=\"elementor-widget-container\">\n\t\t\t\t\t<h2 class=\"elementor-heading-title elementor-size-default\">PRECEPTORIA<\/h2>\t\t\t\t<\/div>\n\t\t\t\t<\/div>\n\t\t\t\t<div class=\"elementor-element elementor-element-a52e8a9 elementor-widget-divider--view-line elementor-widget elementor-widget-divider\" data-id=\"a52e8a9\" data-element_type=\"widget\" data-e-type=\"widget\" data-widget_type=\"divider.default\">\n\t\t\t\t<div class=\"elementor-widget-container\">\n\t\t\t\t\t\t\t<div class=\"elementor-divider\">\n\t\t\t<span class=\"elementor-divider-separator\">\n\t\t\t\t\t\t<\/span>\n\t\t<\/div>\n\t\t\t\t\t\t<\/div>\n\t\t\t\t<\/div>\n\t\t\t\t\t<\/div>\n\t\t<\/div>\n\t\t\t\t\t<\/div>\n\t\t<\/section>\n\t\t\t\t<section class=\"elementor-section elementor-top-section elementor-element elementor-element-53fb30c6 elementor-section-boxed elementor-section-height-default elementor-section-height-default\" data-id=\"53fb30c6\" data-element_type=\"section\" data-e-type=\"section\">\n\t\t\t\t\t\t<div class=\"elementor-container elementor-column-gap-default\">\n\t\t\t\t\t<div class=\"elementor-column elementor-col-100 elementor-top-column elementor-element elementor-element-5a4c97fe\" data-id=\"5a4c97fe\" data-element_type=\"column\" data-e-type=\"column\">\n\t\t\t<div class=\"elementor-widget-wrap elementor-element-populated\">\n\t\t\t\t\t\t<div class=\"elementor-element elementor-element-5f85f6f5 elementor-widget elementor-widget-text-editor\" data-id=\"5f85f6f5\" data-element_type=\"widget\" data-e-type=\"widget\" data-widget_type=\"text-editor.default\">\n\t\t\t\t<div class=\"elementor-widget-container\">\n\t\t\t\t\t\t\t\t\tA preceptoria n\u00e3o \u00e9 cargo, emprego ou fun\u00e7\u00e3o p\u00fablica gratificada e, neste sentido, n\u00e3o enseja a veda\u00e7\u00e3o a que alude o art. 37, XVI e XVII da constitui\u00e7\u00e3o da Rep\u00fablica (dispositivo reproduzido nas constitui\u00e7\u00f5es estaduais, leis Org\u00e2nicas municipais e estatutos de servidores p\u00fabicos das diversas esferas de governo):\r\n\r\nArt. 37. A administra\u00e7\u00e3o p\u00fablica direta e indireta de qualquer dos Poderes da Uni\u00e3o, dos Estados, do Distrito Federal e dos Munic\u00edpios obedecer\u00e1 aos princ\u00edpios de legalidade, impessoalidade, moralidade, publicidade e efici\u00eancia e, tamb\u00e9m, ao\r\nseguinte: (Reda\u00e7\u00e3o dada pela Emenda Constitucional n\u00ba 19, de 1998)\r\n\r\nXVI &#8211; \u00e9 vedada a acumula\u00e7\u00e3o remunerada de cargos p\u00fablicos, exceto, quando houver compatibilidade de hor\u00e1rios, observado em qualquer caso o disposto no inciso\r\nXI: (Reda\u00e7\u00e3o dada pela Emenda Constitucional n\u00ba 19, de 1998)\r\n\r\na) a de dois cargos de professor; (Reda\u00e7\u00e3o dada pela Emenda Constitucional n\u00ba 19, de 1998)\r\nb) a de um cargo de professor com outro t\u00e9cnico ou cient\u00edfico; (Reda\u00e7\u00e3o dada pela Emenda Constitucional n\u00ba 19, de 1998)\r\nc) a de dois cargos privativos de m\u00e9dico; (Reda\u00e7\u00e3o dada pela Emenda Constitucional n\u00ba 19, de 1998)\r\nc) a de dois cargos ou empregos privativos de profissionais de sa\u00fade, com profiss\u00f5es regulamentadas; (Reda\u00e7\u00e3o dada pela Emenda Constitucional n\u00ba 34, de 2001)\r\nXVII &#8211; a proibi\u00e7\u00e3o de acumular estende-se a empregos e fun\u00e7\u00f5es e abrange autarquias, funda\u00e7\u00f5es, empresas p\u00fablicas, sociedades de economia mista, suas subsidi\u00e1rias, e sociedades controladas, direta ou indiretamente, pelo poder p\u00fablico.\r\n\r\nSegue abaixo, para consulta, a cota emitida por um procurador federal.\r\n\r\n<a href=\"http:\/\/www2.unifap.br\/fisioterapia\/files\/2022\/07\/COTA_n._00018_2022_GAB_PFUNIFAP_PGF_AGU.pdf\">COTA_n._00018_2022_GAB_PFUNIFAP_PGF_AGU<\/a>\r\n\r\n&nbsp;\r\n\r\n<\/div><\/div><\/div><\/div><\/div><\/section><\/div> &hellip;<p class=\"ast-the-content-more-link\"> <a class=\"\" href=\"https:\/\/www2.unifap.br\/fisioterapia\/portal-administrativo\/preceptoria\/\"> <span class=\"screen-reader-text\">PRECEPTORIA<\/span>Leia mais &raquo;<\/a><\/p>","protected":false},"excerpt":{"rendered":"<p>PRECEPTORIA A preceptoria n\u00e3o \u00e9 cargo, emprego ou fun\u00e7\u00e3o p\u00fablica gratificada e, neste sentido, n\u00e3o enseja a veda\u00e7\u00e3o a que alude o art. 37, XVI e XVII da constitui\u00e7\u00e3o da Rep\u00fablica (dispositivo reproduzido nas constitui\u00e7\u00f5es estaduais, leis Org\u00e2nicas municipais e estatutos de servidores p\u00fabicos das diversas esferas de governo): Art. 37. A administra\u00e7\u00e3o p\u00fablica direta&#8230;<\/p>\n","protected":false},"author":5,"featured_media":0,"parent":2090,"menu_order":0,"comment_status":"closed","ping_status":"closed","template":"elementor_header_footer","meta":{"inline_featured_image":false,"site-sidebar-layout":"default","site-content-layout":"default","ast-site-content-layout":"default","site-content-style":"default","site-sidebar-style":"default","ast-global-header-display":"","ast-banner-title-visibility":"","ast-main-header-display":"","ast-hfb-above-header-display":"","ast-hfb-below-header-display":"","ast-hfb-mobile-header-display":"","site-post-title":"","ast-breadcrumbs-content":"","ast-featured-img":"","footer-sml-layout":"","theme-transparent-header-meta":"default","adv-header-id-meta":"","stick-header-meta":"","header-above-stick-meta":"","header-main-stick-meta":"","header-below-stick-meta":"","astra-migrate-meta-layouts":"set","ast-page-background-enabled":"default","ast-page-background-meta":{"desktop":{"background-color":"var(--ast-global-color-4)","background-image":"","background-repeat":"repeat","background-position":"center center","background-size":"auto","background-attachment":"scroll","background-type":"","background-media":"","overlay-type":"","overlay-color":"","overlay-opacity":"","overlay-gradient":""},"tablet":{"background-color":"","background-image":"","background-repeat":"repeat","background-position":"center center","background-size":"auto","background-attachment":"scroll","background-type":"","background-media":"","overlay-type":"","overlay-color":"","overlay-opacity":"","overlay-gradient":""},"mobile":{"background-color":"","background-image":"","background-repeat":"repeat","background-position":"center center","background-size":"auto","background-attachment":"scroll","background-type":"","background-media":"","overlay-type":"","overlay-color":"","overlay-opacity":"","overlay-gradient":""}},"ast-content-background-meta":{"desktop":{"background-color":"var(--ast-global-color-5)","background-image":"","background-repeat":"repeat","background-position":"center center","background-size":"auto","background-attachment":"scroll","background-type":"","background-media":"","overlay-type":"","overlay-color":"","overlay-opacity":"","overlay-gradient":""},"tablet":{"background-color":"var(--ast-global-color-5)","background-image":"","background-repeat":"repeat","background-position":"center center","background-size":"auto","background-attachment":"scroll","background-type":"","background-media":"","overlay-type":"","overlay-color":"","overlay-opacity":"","overlay-gradient":""},"mobile":{"background-color":"var(--ast-global-color-5)","background-image":"","background-repeat":"repeat","background-position":"center center","background-size":"auto","background-attachment":"scroll","background-type":"","background-media":"","overlay-type":"","overlay-color":"","overlay-opacity":"","overlay-gradient":""}},"ngg_post_thumbnail":0,"footnotes":""},"class_list":["post-487","page","type-page","status-publish","hentry"],"_links":{"self":[{"href":"https:\/\/www2.unifap.br\/fisioterapia\/wp-json\/wp\/v2\/pages\/487","targetHints":{"allow":["GET"]}}],"collection":[{"href":"https:\/\/www2.unifap.br\/fisioterapia\/wp-json\/wp\/v2\/pages"}],"about":[{"href":"https:\/\/www2.unifap.br\/fisioterapia\/wp-json\/wp\/v2\/types\/page"}],"author":[{"embeddable":true,"href":"https:\/\/www2.unifap.br\/fisioterapia\/wp-json\/wp\/v2\/users\/5"}],"replies":[{"embeddable":true,"href":"https:\/\/www2.unifap.br\/fisioterapia\/wp-json\/wp\/v2\/comments?post=487"}],"version-history":[{"count":12,"href":"https:\/\/www2.unifap.br\/fisioterapia\/wp-json\/wp\/v2\/pages\/487\/revisions"}],"predecessor-version":[{"id":2876,"href":"https:\/\/www2.unifap.br\/fisioterapia\/wp-json\/wp\/v2\/pages\/487\/revisions\/2876"}],"up":[{"embeddable":true,"href":"https:\/\/www2.unifap.br\/fisioterapia\/wp-json\/wp\/v2\/pages\/2090"}],"wp:attachment":[{"href":"https:\/\/www2.unifap.br\/fisioterapia\/wp-json\/wp\/v2\/media?parent=487"}],"curies":[{"name":"wp","href":"https:\/\/api.w.org\/{rel}","templated":true}]}}