{"id":12,"date":"2013-10-24T22:42:23","date_gmt":"2013-10-24T22:42:23","guid":{"rendered":"http:\/\/www2.unifap.br\/furtado\/?page_id=12"},"modified":"2018-05-15T06:45:22","modified_gmt":"2018-05-15T06:45:22","slug":"contatos","status":"publish","type":"page","link":"https:\/\/www2.unifap.br\/furtado\/contatos\/","title":{"rendered":"Contatos"},"content":{"rendered":"<p><strong>Julio Cezar Costa Furtado<\/strong><\/p>\n<p><strong>Email:<\/strong><br \/>\n<a href=\"mailto:furtado@unifap.br\">furtado@unifap.br<\/a><\/p>\n<p><strong>Endere\u00e7o:<\/strong><br \/>\nUniversidade Federal do Amap\u00e1, Coordena\u00e7\u00e3o de Ci\u00eancia da Computa\u00e7\u00e3o<br \/>\nRodovia Juscelino Kubitschek, KM-02<br \/>\nJardim Marco Zero<br \/>\n68903419 &#8211; Macap\u00e1, AP &#8211; Brasil<br \/>\nTelefone:+55 (96) 33121700<\/p>\n","protected":false},"excerpt":{"rendered":"<p>Julio Cezar Costa Furtado Email: furtado@unifap.br Endere\u00e7o: Universidade Federal do Amap\u00e1, Coordena\u00e7\u00e3o de Ci\u00eancia da Computa\u00e7\u00e3o Rodovia Juscelino Kubitschek, KM-02 Jardim Marco Zero 68903419 &#8211; Macap\u00e1, AP &#8211; Brasil Telefone:+55 (96) 33121700<\/p>\n","protected":false},"author":352,"featured_media":0,"parent":0,"menu_order":8,"comment_status":"closed","ping_status":"closed","template":"","meta":{"inline_featured_image":false,"ngg_post_thumbnail":0,"footnotes":""},"class_list":["post-12","page","type-page","status-publish","hentry"],"_links":{"self":[{"href":"https:\/\/www2.unifap.br\/furtado\/wp-json\/wp\/v2\/pages\/12","targetHints":{"allow":["GET"]}}],"collection":[{"href":"https:\/\/www2.unifap.br\/furtado\/wp-json\/wp\/v2\/pages"}],"about":[{"href":"https:\/\/www2.unifap.br\/furtado\/wp-json\/wp\/v2\/types\/page"}],"author":[{"embeddable":true,"href":"https:\/\/www2.unifap.br\/furtado\/wp-json\/wp\/v2\/users\/352"}],"replies":[{"embeddable":true,"href":"https:\/\/www2.unifap.br\/furtado\/wp-json\/wp\/v2\/comments?post=12"}],"version-history":[{"count":11,"href":"https:\/\/www2.unifap.br\/furtado\/wp-json\/wp\/v2\/pages\/12\/revisions"}],"predecessor-version":[{"id":429,"href":"https:\/\/www2.unifap.br\/furtado\/wp-json\/wp\/v2\/pages\/12\/revisions\/429"}],"wp:attachment":[{"href":"https:\/\/www2.unifap.br\/furtado\/wp-json\/wp\/v2\/media?parent=12"}],"curies":[{"name":"wp","href":"https:\/\/api.w.org\/{rel}","templated":true}]}}