{"id":19,"date":"2013-10-29T23:39:52","date_gmt":"2013-10-29T23:39:52","guid":{"rendered":"http:\/\/www2.unifap.br\/furtado\/?page_id=19"},"modified":"2021-09-01T14:25:33","modified_gmt":"2021-09-01T14:25:33","slug":"publicacoes","status":"publish","type":"page","link":"https:\/\/www2.unifap.br\/furtado\/publicacoes\/","title":{"rendered":"Publica\u00e7\u00f5es"},"content":{"rendered":"<p><strong>Livros ou Cap\u00edtulos de Livros:<\/strong><\/p>\n<ol>\n<li>OLIVEIRA, S. R. B. ; VASCONCELOS, A. M. L. ;\u00a0FURTADO, Julio C.; <em>et al<\/em>. <a href=\"http:\/\/www.loja.edufpe.com.br\/portal\/spring\/livro\/detalhe\/436\">Abordagens para Apoio \u00e0 Implementa\u00e7\u00e3o da Melhoria do Processo de Software<\/a>. 1. ed. Recife &#8211; PE: Editora UFPE, 2016. 562p .<\/li>\n<\/ol>\n<p><strong>Peri\u00f3dicos Internacionais:<\/strong><\/p>\n<ol>\n<li>FURTADO, Julio C.; OLIVEIRA, S. R. B. ; CHAVES, R. O. ; TELES, A. ; COLARES, A. . An Experimental Evaluation of a Teaching Approach for Statistical Process Control in Computer Courses. INTERNATIONAL JOURNAL OF INFORMATION AND COMMUNICATION TECHNOLOGY EDUCATION, 2020.<\/li>\n<li>CHAVES, R. O.\u00a0; WANGENHEIM, C. G. V. ;\u00a0FURTADO, Julio C.\u00a0;\u00a0OLIVEIRA, Sandro Ronaldo Bezerra\u00a0; SANTOS, A. ; FAVERO, E. L. . <a href=\"http:\/\/dx.doi.org\/10.1109\/TE.2015.2411573\" target=\"_blank\" rel=\"noopener noreferrer\">Experimental Evaluation of a Serious Game for Teaching Software Process Modeling<\/a>. IEEE Transactions on Education, vol. PP, no. 99, 2015.<\/li>\n<li>FURTADO, Julio C. ; OLIVEIRA, Sandro Ronaldo Bezerra . <a href=\"http:\/\/dx.doi.org\/10.1109\/tla.2012.6418130\">A Process Framework for the Software and Related Services Acquisition Based on the CMMI-ACQ and the MPS.BR Acquisition Guide<\/a>. Revista IEEE Am\u00e9rica Latina, vol. 10, p. 2256-2262, 2012;<\/li>\n<\/ol>\n<p><strong>Peri\u00f3dicos Nacionais:<\/strong><\/p>\n<ol>\n<li>SILVA, H. C. ; MIRANDA, E. F. ; ANDRADE, M. C. ; BRANDAO, F. M. V. ; COUTEIRO, R. P. ; BRITO, M. V. H. ; FURTADO, Julio C. ; CHAVES, R. O. . <a href=\"http:\/\/rbme.org\/detalhes\/455\/coracao-em-jogo--jogo-eletronico-educativo-na-informacao-do-doping-em-atletas\">Cora\u00e7\u00e3o em Jogo: Jogo Eletr\u00f4nico Educativo na Informa\u00e7\u00e3o do Doping em Atletas<\/a>. Revista Brasileira de Medicina do Esporte, v. 25, p. 379-383, 2019.<\/li>\n<li>FURTADO, Julio C. C.\u00a0; OLIVEIRA, S. R. B..<a href=\"http:\/\/www.mct.gov.br\/upd_blob\/0222\/222107.pdf\">Uma Proposta de Processo para Aquisi\u00e7\u00e3o de Software e Servi\u00e7os Correlatos Baseada no CMMI- ACQ e no Guia de Implementa\u00e7\u00e3o do MPS.BR<\/a>. Revista do Programa Brasileiro da Qualidade e Produtividade em Software, v. 3, p. 109-114, 2012.<\/li>\n<li>OLIVEIRA, S. R. B. ; PORTELA, C. S. ; YOSHIDOME, E. ; LIRA, W. ;\u00a0FURTADO, Julio C. C.\u00a0; SOUZA, M. ; ALHO, F. M.. <a href=\"http:\/\/www.mct.gov.br\/upd_blob\/0222\/222107.pdf\">Projeto SPIDER: Software Process Improvement: DEvelopment and Research<\/a>. Revista do Programa Brasileiro da Qualidade e Produtividade em Software, v. 3, p. 98-103, 2012.<\/li>\n<li>OLIVEIRA, S. R. B. ; YOSHIDOME, E. ; LIRA, W. ;\u00a0FURTADO, Julio C. C.\u00a0; NEIVA, J. ; TELES, M. P. ; BARROS, R. S. ; SOUZA, M. ; Mezzomo, L. P. ; ESTACIO, B. J. S. ; ALHO, F. M.. <a href=\"http:\/\/www.mct.gov.br\/upd_blob\/0216\/216673.pdf\">SPIDER: Uma Proposta de Solu\u00e7\u00e3o Sist\u00eamica de um SUITE de Ferramentas de Software Livre de Apoio \u00e0 Implementa\u00e7\u00e3o do Modelo MPS.BR<\/a>. Revista do Programa Brasileiro da Qualidade e Produtividade em Software, v. 2, p. 103-107, 2011.<\/li>\n<li>FURTADO, Julio C. ; OLIVEIRA, Sandro Ronaldo Bezerra ; ALBUQUERQUE, Carlos Alberto C..<a href=\"http:\/\/www.unama.br\/editoraunama\/index.php\/tracos\/117-revista-tracos-v11-no-23-jun2009\">WISE: Uma Abordagem Sist\u00eamica Para Uso Na Avalia\u00e7\u00e3o MPS.BR<\/a>. Tra\u00e7os (UNAMA), vol. 11, p. 93-108, 2009.<\/li>\n<\/ol>\n<p><strong>Eventos Internacionais:<\/strong><\/p>\n<div>\n<div>\n<div>\n<ol>\n<li>MACIEL, A. ; FURTADO, Julio C. . A Bibliometric Analysis of HCI Approaches in the Context of Mobile Applications. In: International Conference on Information Systems and Technology Management &#8211; 18th CONTCSI, 2021, S\u00e3o Paulo &#8211; SP. Archive CONTECSI, 2021.<\/li>\n<li>GUERRA, A. ; MONTEIRO NETO, E. ; Sandro Ronaldo Bezerra Olivera ; FURTADO, Julio C. . A Bibliometric Analysis of the Use of Games for Teaching Software Engineering from a Systematic Literature Review. In: International Conference on Information Systems and Technology Management &#8211; 18th CONTCSI, 2021, S\u00e3o Paulo &#8211; SP. Archive CONTECSI, 2021.<\/li>\n<li>\n<div class=\"layout-cell layout-cell-11\">\n<div class=\"layout-cell-pad-5\">COSTA, M. ; CIUFFI, E. ; FURTADO, Julio C. . JSniffer: A Tool for Automatic Identification of Bad Smells in JAVA. In: International Conference on Information Systems and Technology Management &#8211; 18th CONTCSI, 2021, S\u00e3o Paulo &#8211; SP. Archive CONTECSI, 2021.<\/div>\n<\/div>\n<\/li>\n<li>BRITO, C. E. ; GUERRA, A. ; FURTADO, Julio C. . Proj-o-poly: A game for teaching Project Management in Software Engineering courses. In: International Congress on Education and Technology in Sciences &#8211; CISETEC, 2019, Arequipa &#8211; Per\u00fa. Proceedings of CISETEC 2019.<\/li>\n<li>GUERRA, Anderson; FURTADO, Julio C.. A Practical Approach to Teaching Requirements Engineering in Computing Programs, In:\u00a014th International Conference on Software Engineering Advances,\u00a0 Espanha, 2019.<\/li>\n<li>FURTADO, Julio C.; OLIVEIRA, S. R. B.. An Experimental Evaluation of a Teaching Approach for Statistical Process Control for Software Engineers &#8211; A Experimental Study, In: 14th International Conference on Software Technologies, Prague &#8211; Czech Republic, 2019.<\/li>\n<li>FURTADO, Julio C.; OLIVEIRA, S. R. B.. Evaluating Students\u2019 Perception of their Learning in a Student-Centered Software Engineering Course &#8211; A Experimental Study, In: 13th International Conference on Software Technologies, Porto, Portugal, 2018.<\/li>\n<li>FURTADO, Julio C.; OLIVEIRA, S. R. B.. A Methodology to Teaching Statistical Process Control for Software Engineers: An Overview. In: 40th International Conference on Software Engineering, Gothenburg, Sweden, 2018.<\/li>\n<li>FURTADO, Julio C.; OLIVEIRA, S. R. B.. A Methodology to Teaching Statistical Process Control in Computer Courses. In: Internation Conference on Evaluation of Novel Approaches to Software Engineering &#8211; ENASE, Madeira, Portugal, 2018.<\/li>\n<li>OLIVEIRA, D. ; OLIVEIRA, S. e\u00a0\u00a0FURTADO, J. Compliance Analysis of SPC Explorer Software Tool to Support the Statistical Porcess Control. In: 15\u00ba CONTECSI &#8211; International Conference on Information Systems and Technology Management, S\u00e3o Paulo &#8211; SP, 2018.<\/li>\n<li>RAMOS, A. ; FURTADO, J., OLIVEIRA, S., SILVA, G. e BATISTA, A. . <a href=\"http:\/\/www.contecsi.fea.usp.br\/envio\/index.php\/contecsi\/14CONTECSI\/paper\/viewPaper\/4766\">The Statistical Process Control in Software Development Projects: A Systematic Review of Literature.<\/a> In: 14\u00ba CONTECSI &#8211; International Conference on Information Systems and Technology Management, S\u00e3o Paulo &#8211; SP, 2017.<\/li>\n<li>FURTADO, Julio C. e OLIVEIRA, Sandro. <a href=\"http:\/\/www.contecsi.fea.usp.br\/envio\/index.php\/contecsi\/14CONTECSI\/paper\/view\/4767\">A Study on Perception of the Usefulness of Statistical Process Control in Software Development Organizations: An Application of Survey<\/a>. In: 14\u00ba CONTECSI &#8211; International Conference on Information Systems and Technology Management, S\u00e3o Paulo &#8211; SP, 2017.<\/li>\n<li>FURTADO, Julio C.; OLIVEIRA, S. R. B.. <a href=\"http:\/\/www.thinkmind.org\/index.php?view=article&amp;articleid=icsea_2016_7_10_10088\">A Strategy for Statistical Process Control Education in Computer Science<\/a>. In: 11th International Conference on Software Engineering Advances,\u00a0 Roma &#8211; It\u00e1lia, 2016.<\/li>\n<\/ol>\n<\/div>\n<\/div>\n<\/div>\n<p><strong>Eventos Nacionais:<\/strong><\/p>\n<ol>\n<li>ARAUJO, E. A. ; ALEXANDRE, G. H. S. ; FURTADO, Julio C. . Jogos de tabuleiros modernos para aprimorar a resolu\u00e7\u00e3o de problemas em alunos de programa\u00e7\u00e3o. In: Simp\u00f3sio Brasileiro de Games e Entretenimento Digital &#8211; SBGames 2020, Recife &#8211; PE, 2020.<\/li>\n<li>GUERRA, Anderson e FURTADO, Julio. Uma abordagem focada no aluno para o ensino de Engenharia de Requisitos. In: Semin\u00e1rio Argentina &#8211; Brasil de Tecnologias da Informa\u00e7\u00e3o e da Comunica\u00e7\u00e3o,Rio Grande &#8211; RS, 2019.<\/li>\n<li>NETO MONTEIRO, Edson e\u00a0\u00a0FURTADO, J. Um Estudo sobre as Principais Dificuldades na Empregabilidade de um Engenheiro de Software. In: IV Workshop sobre Aspectos Sociais, Humanos e Econ\u00f4micos de Software, Bel\u00e9m &#8211; PA, 2019.<\/li>\n<li>FURTADO, Julio C.;\u00a0OLIVEIRA, Sandro Ronaldo Bezerra\u00a0. <a href=\"http:\/\/cbsoft.org\/cbsoft2016\/anais-dos-eventos\/cbsoft2016-fees.pdf\">Uma Abordagem de Ensino para o Controle Estat\u00edstico do Processo nos Cursos de Ci\u00eancia da Computa\u00e7\u00e3o<\/a>. In: IX F\u00f3rum de Educa\u00e7\u00e3o em Engenharia de Software no XXX Simp\u00f3sio Brasileiro de Engenharia de Software, 2016, Maring\u00e1 &#8211; PR. Anais do SBES 2016, 2016.<\/li>\n<li>FURTADO, Julio C. ; OLIVEIRA, Sandro Ronaldo Bezerra . Uma Implementa\u00e7\u00e3o de Pr\u00e1ticas de Ger\u00eancia de Projetos de Aquisi\u00e7\u00e3o Utilizando Ferramentas de Software Livre. In: X SBQS &#8211; VI WGPS, 2011, Curitiba &#8211; PR. Anais do X Simp\u00f3sio Brasileiro de Qualidade de Software \/ VI Workshop de Gerenciamento de Projetos de Software, 2011.<\/li>\n<li>FURTADO, Julio C. C. ; OLIVEIRA, Sandro Ronaldo Bezerra . Apoio Ferramental \u00e0 Implementa\u00e7\u00e3o do Processo de Aquisi\u00e7\u00e3o de S&amp;SC constante em Modelos de Qualidade. In: Congresso Brasileiro de Software: Teoria e Pr\u00e1tica (CBSoft 2011) &#8211; Sess\u00e3o de ferramentas, 2011, S\u00e3o Paulo &#8211; SP. Anais do CBSoft 2011, 2011.<\/li>\n<li>FURTADO, Julio C. ; OLIVEIRA, Sandro Ronaldo Bezerra . Spider-ACQ: Uma Ferramenta de Apoio \u00e0 Ger\u00eancia de Projetos de Aquisi\u00e7\u00e3o. In: WAMPS 2011 &#8211; Ferramentas, 2011, Campinas &#8211; SP. Anais do WAMPS 2011, 2011.<\/li>\n<li>FURTADO, Julio C. ; OLIVEIRA, Sandro Ronaldo Bezerra . Uma Proposta de Processo para Aquisi\u00e7\u00e3o de Software e Servi\u00e7os Correlatos Baseado no CMMI-ACQ, no Guia de Aquisi\u00e7\u00e3o do MPS.BR e na Instru\u00e7\u00e3o Normativa N\u00ba 4. In: IX Simp\u00f3sio Brasileiro de Qualidade de Software, VIII Workshop de Teses e Disserta\u00e7\u00f5es em Qualidade de Software &#8211; WTDQS, 2010, Bel\u00e9m. Anais do IX Simp\u00f3sio Brasileiro de Qualidade de Software, 2010.<\/li>\n<li>FURTADO, Julio C. ; OLIVEIRA, Sandro Ronaldo Bezerra . WISE: Uma Ferramenta para Aux\u00edlio no Processo de Avalia\u00e7\u00e3o do Modelo MPS.BR. In: XXIII Simp\u00f3sio Brasileiro de Engenharia de Software (SBES), Sess\u00e3o de Ferramentas, 2009, Fortaleza &#8211; CE. Anais do SBES 2009, 2009.<\/li>\n<li>FURTADO, Julio C. ; OLIVEIRA, Sandro Ronaldo Bezerra . Uma Proposta de Mapeamento dos Processos Existentes no Guia de Aquisi\u00e7\u00e3o do MPS.BR e no CMMI-ACQ. In: V Workshop Anual do MPS.BR (WAMPS), 2009, Campinas &#8211; SP. Anais do WAMPS 2009, 2009. v. 5. p. 164-175.<\/li>\n<\/ol>\n<p><strong>Eventos Regionais:<\/strong><\/p>\n<ol>\n<li>FURTADO, Julio C. ; OLIVEIRA, Sandro Ronaldo Bezerra ; ALBUQUERQUE, Carlos Alberto C. . WISE: Uma Abordagem Sistematizada para Uso na Avalia\u00e7\u00e3o do MPS.BR. In: TECSUL 2008, 2008, Pato Branco. Revista Cient\u00edfica TECSUL 2008, 2008.<\/li>\n<\/ol>\n<p>&nbsp;<\/p>\n","protected":false},"excerpt":{"rendered":"<p>Livros ou Cap\u00edtulos de Livros: OLIVEIRA, S. R. B. ; VASCONCELOS, A. M. L. ;\u00a0FURTADO, Julio C.; et al. Abordagens para Apoio \u00e0 Implementa\u00e7\u00e3o da Melhoria do Processo de Software. 1. ed. Recife &#8211; PE: Editora UFPE, 2016. 562p .&hellip; <\/p>\n<p><a href=\"https:\/\/www2.unifap.br\/furtado\/publicacoes\/\" class=\"readmore-button\">Continue Reading<\/a><\/p>\n","protected":false},"author":352,"featured_media":0,"parent":0,"menu_order":1,"comment_status":"closed","ping_status":"closed","template":"","meta":{"inline_featured_image":false,"ngg_post_thumbnail":0,"footnotes":""},"class_list":["post-19","page","type-page","status-publish","hentry"],"_links":{"self":[{"href":"https:\/\/www2.unifap.br\/furtado\/wp-json\/wp\/v2\/pages\/19","targetHints":{"allow":["GET"]}}],"collection":[{"href":"https:\/\/www2.unifap.br\/furtado\/wp-json\/wp\/v2\/pages"}],"about":[{"href":"https:\/\/www2.unifap.br\/furtado\/wp-json\/wp\/v2\/types\/page"}],"author":[{"embeddable":true,"href":"https:\/\/www2.unifap.br\/furtado\/wp-json\/wp\/v2\/users\/352"}],"replies":[{"embeddable":true,"href":"https:\/\/www2.unifap.br\/furtado\/wp-json\/wp\/v2\/comments?post=19"}],"version-history":[{"count":43,"href":"https:\/\/www2.unifap.br\/furtado\/wp-json\/wp\/v2\/pages\/19\/revisions"}],"predecessor-version":[{"id":755,"href":"https:\/\/www2.unifap.br\/furtado\/wp-json\/wp\/v2\/pages\/19\/revisions\/755"}],"wp:attachment":[{"href":"https:\/\/www2.unifap.br\/furtado\/wp-json\/wp\/v2\/media?parent=19"}],"curies":[{"name":"wp","href":"https:\/\/api.w.org\/{rel}","templated":true}]}}