{"id":21,"date":"2013-10-29T23:40:09","date_gmt":"2013-10-29T23:40:09","guid":{"rendered":"http:\/\/www2.unifap.br\/furtado\/?page_id=21"},"modified":"2018-05-15T06:44:37","modified_gmt":"2018-05-15T06:44:37","slug":"mestrado","status":"publish","type":"page","link":"https:\/\/www2.unifap.br\/furtado\/mestrado\/","title":{"rendered":"Mestrado"},"content":{"rendered":"<p><strong>T\u00edtulo:<\/strong><br \/>\n<a href=\"http:\/\/www2.unifap.br\/furtado\/files\/2013\/10\/Disserta\u00e7\u00e3o-Spider-ACQ.zip\" target=\"_blank\"> SPIDER-ACQ: UMA ABORDAGEM PARA A SISTEMATIZA\u00c7\u00c3O DO PROCESSO DE AQUISI\u00c7\u00c3O DE PRODUTOS E SERVI\u00c7OS COM BASE EM MULTI-MODELOS DE QUALIDADE<\/a><\/p>\n<p><strong>Orientador:<\/strong><br \/>\n<a href=\"http:\/\/www.ufpa.br\/srbo\" target=\"_blank\">Professor Doutor Sandro Ronaldo Bezerra Oliveira<\/a><\/p>\n<p><strong>Resumo:<\/strong><br \/>\nA Aquisi\u00e7\u00e3o de Produtos e Servi\u00e7os \u00e9 um processo que se preocupa em assegurar a qualidade do produto ou servi\u00e7o adquirido, ou seja, garantir que o mesmo seja adequado \u00e0s necessidades levantadas pela organiza\u00e7\u00e3o adquirente. \u00c9 necess\u00e1rio, ent\u00e3o, que as organiza\u00e7\u00f5es adquirentes de suas necessidades tenham como meta um processo para aquisi\u00e7\u00e3o maduro, baseado nas boas pr\u00e1ticas e recomenda\u00e7\u00f5es da \u00e1rea. Assim, o processo de aquisi\u00e7\u00e3o deve orientar todas as fases do projeto de aquisi\u00e7\u00e3o, auxiliando durante o planejamento do projeto, fornecendo crit\u00e9rios para a sele\u00e7\u00e3o dos fornecedores envolvidos na aquisi\u00e7\u00e3o, norteando as tarefas de monitoramento do trabalho de desenvolvimento realizado pelo fornecedor e orientando a aceita\u00e7\u00e3o do produto final pelo adquirente. Neste contexto, este trabalho visa contribuir com uma proposta de apoio ao processo de aquisi\u00e7\u00e3o, composta por um framework de processo e uma ferramenta para apoio \u00e0 implementa\u00e7\u00e3o e execu\u00e7\u00e3o do processo de Aquisi\u00e7\u00e3o. Para atingir tais resultados, um mapeamento entre as recomenda\u00e7\u00f5es do Guia de Aquisi\u00e7\u00e3o do MPS.BR e do CMMI-ACQ foi realizado, visando identificar equival\u00eancias entre eles. Os resultados obtidos fazem parte do projeto SPIDER, um suite de ferramentas de software livre para apoiar a implementa\u00e7\u00e3o dos processos do programa MPS.BR.<\/p>\n<p><strong>PALAVRAS-CHAVE:<\/strong> Qualidade de Software, Aquisi\u00e7\u00e3o de Produtos e Servi\u00e7os, Framework de Processo, Ferramentas de Software Livre.<\/p>\n<p><strong>Institui\u00e7\u00e3o:<\/strong> ICEN\/UFPA<\/p>\n<p><strong>Per\u00edodo:<\/strong> 03\/2009 \u00e0 10\/2011<\/p>\n<p><a href=\"http:\/\/www2.unifap.br\/furtado\/files\/2013\/10\/Spider-ACQ.zip\"><strong>Arquivo de Instala\u00e7\u00e3o<\/strong><\/a> | <a href=\"http:\/\/www2.unifap.br\/furtado\/files\/2013\/10\/Spider-ACQ.pdf\"><strong>Manual do Usu\u00e1rio<\/strong><\/a> | <a href=\"http:\/\/www2.unifap.br\/furtado\/files\/2013\/10\/Mapeamento_Modelos.pdf\"><strong>Mapeamento<\/strong><\/a> | <a href=\"http:\/\/www2.unifap.br\/furtado\/files\/2013\/10\/Framework_Processo.zip\"><strong><em>Framework<\/em> de Processo<\/strong><\/a><\/p>\n","protected":false},"excerpt":{"rendered":"<p>T\u00edtulo: SPIDER-ACQ: UMA ABORDAGEM PARA A SISTEMATIZA\u00c7\u00c3O DO PROCESSO DE AQUISI\u00c7\u00c3O DE PRODUTOS E SERVI\u00c7OS COM BASE EM MULTI-MODELOS DE QUALIDADE Orientador: Professor Doutor Sandro Ronaldo Bezerra Oliveira Resumo: A Aquisi\u00e7\u00e3o de Produtos e Servi\u00e7os \u00e9 um processo que se&hellip; <\/p>\n<p><a href=\"https:\/\/www2.unifap.br\/furtado\/mestrado\/\" class=\"readmore-button\">Continue Reading<\/a><\/p>\n","protected":false},"author":352,"featured_media":0,"parent":0,"menu_order":2,"comment_status":"closed","ping_status":"closed","template":"","meta":{"inline_featured_image":false,"ngg_post_thumbnail":0,"footnotes":""},"class_list":["post-21","page","type-page","status-publish","hentry"],"_links":{"self":[{"href":"https:\/\/www2.unifap.br\/furtado\/wp-json\/wp\/v2\/pages\/21","targetHints":{"allow":["GET"]}}],"collection":[{"href":"https:\/\/www2.unifap.br\/furtado\/wp-json\/wp\/v2\/pages"}],"about":[{"href":"https:\/\/www2.unifap.br\/furtado\/wp-json\/wp\/v2\/types\/page"}],"author":[{"embeddable":true,"href":"https:\/\/www2.unifap.br\/furtado\/wp-json\/wp\/v2\/users\/352"}],"replies":[{"embeddable":true,"href":"https:\/\/www2.unifap.br\/furtado\/wp-json\/wp\/v2\/comments?post=21"}],"version-history":[{"count":11,"href":"https:\/\/www2.unifap.br\/furtado\/wp-json\/wp\/v2\/pages\/21\/revisions"}],"predecessor-version":[{"id":56,"href":"https:\/\/www2.unifap.br\/furtado\/wp-json\/wp\/v2\/pages\/21\/revisions\/56"}],"wp:attachment":[{"href":"https:\/\/www2.unifap.br\/furtado\/wp-json\/wp\/v2\/media?parent=21"}],"curies":[{"name":"wp","href":"https:\/\/api.w.org\/{rel}","templated":true}]}}