{"id":547,"date":"2017-04-27T06:13:33","date_gmt":"2017-04-27T06:13:33","guid":{"rendered":"http:\/\/www2.unifap.br\/furtado\/?page_id=547"},"modified":"2018-05-15T06:44:59","modified_gmt":"2018-05-15T06:44:59","slug":"controle-estatistico-do-processo","status":"publish","type":"page","link":"https:\/\/www2.unifap.br\/furtado\/disciplinas\/controle-estatistico-do-processo\/","title":{"rendered":"Controle Estat\u00edstico do Processo"},"content":{"rendered":"<p><a href=\"http:\/\/www2.unifap.br\/furtado\/files\/2017\/04\/plano-de-aula.doc\">Plano de Aula<\/a><\/p>\n<p><a href=\"https:\/\/www.youtube.com\/watch?v=6KqIC8JgOWA\">O que \u00e9 CEP?<\/a><\/p>\n<p><a href=\"https:\/\/nemo.inf.ufes.br\/wp-content\/uploads\/Monalessa\/LivroMedicao&amp;CEP_RochaSantosBarcellos_2012.pdf\">Livro Base<\/a><\/p>\n<p><span style=\"text-decoration: underline\"><strong>UNIDADE I: PROCESSOS E OBJETIVOS DE NEG\u00d3CIO DA ORGANIZA\u00c7\u00c3O<\/strong><\/span><\/p>\n<ul>\n<li><em><strong>Introdu\u00e7\u00e3o de Processo<\/strong><\/em>\n<ul>\n<li><a href=\"http:\/\/www2.unifap.br\/furtado\/files\/2017\/04\/Processos_Organizacionais_1.pdf\">Texto de apoio<\/a><\/li>\n<li><a href=\"http:\/\/www2.unifap.br\/furtado\/files\/2017\/04\/aula1.pdf\">Slides de aula<\/a><\/li>\n<li><a href=\"http:\/\/www2.unifap.br\/furtado\/files\/2017\/04\/artigo1.11.pdf\">Leitura complementar &#8211; GEST\u00c3O POR PROCESSO: ESTUDO DE CASO EM UMA EMPRESA DE VAREJO DE COLCH\u00d5ES<\/a><\/li>\n<li><a href=\"http:\/\/www2.unifap.br\/furtado\/files\/2017\/04\/artigo1.12.pdf\">Leitura complementar &#8211; PENSAMENTO SIST\u00caMICO E GEST\u00c3O POR PROCESSOS: UMA REVIS\u00c3O SISTEM\u00c1TICA<\/a><\/li>\n<li><a href=\"https:\/\/www.youtube.com\/watch?v=OzlA5s7NpCc\">Material audiovisual de apoio<\/a><\/li>\n<\/ul>\n<\/li>\n<li><em><strong>Processos e a Estrutura Organizacional<\/strong><\/em>\n<ul>\n<li><a href=\"http:\/\/www2.unifap.br\/furtado\/files\/2017\/04\/textobase.pdf\">Texto de apoio<\/a><\/li>\n<li><a href=\"http:\/\/www2.unifap.br\/furtado\/files\/2017\/04\/aula2.pdf\">Slides de aula<\/a><\/li>\n<li><a href=\"http:\/\/www2.unifap.br\/furtado\/files\/2017\/04\/artigo2.1.pdf\">Leitura complementar &#8211; AS EMPRESAS S\u00c3O GRANDES COLE\u00c7\u00d5ES DE PROCESSOS<\/a><\/li>\n<li><a href=\"https:\/\/www.youtube.com\/watch?v=j2L03n5d_Gs\">Material audiovisual de apoio<\/a><\/li>\n<\/ul>\n<\/li>\n<li><strong><em>Defini\u00e7\u00e3o e Implementa\u00e7\u00e3o de Processos<\/em><\/strong>\n<ul>\n<li><a href=\"http:\/\/www2.unifap.br\/furtado\/files\/2017\/04\/2013_ElisabethdeAraujoFerreira.pdf\">Texto de Apoio (Cap\u00edtulo 7)<\/a><\/li>\n<li><a href=\"http:\/\/www2.unifap.br\/furtado\/files\/2017\/04\/textoApoioImplementa\u00e7\u00e3o.pdf\">Texto de Apoio (Implementa\u00e7\u00e3o de Processos)<\/a><\/li>\n<li><a href=\"http:\/\/www2.unifap.br\/furtado\/files\/2017\/04\/Aula1.3.pptx\">Slides de Aula<\/a><\/li>\n<li><a href=\"http:\/\/www2.unifap.br\/furtado\/files\/2017\/04\/013.pdf\">Leitura Complementar &#8211; Uma Abordagem para a Modelagem Colaborativa de Processos de Software em Micro e Pequenas Empresas<\/a><\/li>\n<li><a href=\"http:\/\/www2.unifap.br\/furtado\/files\/2017\/04\/007.pdf\">Leitura Complementar &#8211; Dificuldades e Fatores de Sucesso na Implementa\u00e7\u00e3o de Processos de Software Utilizando o MR-MPS e o CMMI<\/a><\/li>\n<li><a href=\"https:\/\/www.youtube.com\/watch?v=w1xYIL74TIc\">Material audiovisual de apoio &#8211; Modelagem de processos<\/a><\/li>\n<li><a href=\"https:\/\/www.youtube.com\/watch?v=Nt-WF13Fbns\">Material audiovisual &#8211; Modelagem de processos com BPMN<\/a><\/li>\n<\/ul>\n<\/li>\n<li><strong><em>Processos Cr\u00edticos para o Neg\u00f3cio da Organiza\u00e7\u00e3o<\/em><\/strong>\n<ul>\n<li><a href=\"http:\/\/www2.unifap.br\/furtado\/files\/2017\/04\/TextoApoio.pdf\">Texto de Apoio<\/a><\/li>\n<li><a href=\"http:\/\/www2.unifap.br\/furtado\/files\/2017\/04\/Aula1.5.pptx\">Slides de Aula<\/a><\/li>\n<li><a href=\"http:\/\/www2.unifap.br\/furtado\/files\/2017\/04\/artigo1.5.pdf\">Leitura Complementar &#8211;\u00a0IDENTIFICA\u00c7\u00c3O DE PROCESSOS CR\u00cdTICOS E IMPLANTA\u00c7\u00c3O DE CEP<\/a><\/li>\n<li><a href=\"https:\/\/www.youtube.com\/watch?v=W9Dp9kqseII\">Material audiovisual de apoio &#8211; Desdobramento da Fun\u00e7\u00e3o Qualidade<\/a><\/li>\n<li><a href=\"https:\/\/www.youtube.com\/watch?v=iPPE87399xM\">Material audiovisual de apoio &#8211; Desdobramento da Fun\u00e7\u00e3o Qualidade (Parte 2)<\/a><\/li>\n<\/ul>\n<\/li>\n<\/ul>\n<p><span style=\"text-decoration: underline\"><strong>UNIDADE II: MEDI\u00c7\u00c3O<\/strong><\/span><\/p>\n<ul>\n<li><strong><em>Conceitos de Medi\u00e7\u00e3o<\/em><\/strong>\n<ul>\n<li>Texto de Apoio (Cap\u00edtulo 2 do Livro)<\/li>\n<li><a href=\"http:\/\/www2.unifap.br\/furtado\/files\/2017\/04\/Aula-2.1.pptx\">Slides de Aula<\/a><\/li>\n<li><a href=\"https:\/\/www.youtube.com\/watch?v=cEX8CrwIIX0\">Material audiovisual de apoio<\/a><\/li>\n<\/ul>\n<\/li>\n<\/ul>\n<ul>\n<li><strong><em>Processo de Medi\u00e7\u00e3o<\/em><\/strong>\n<ul>\n<li>Texto de Apoio (Cap\u00edtulo 3 do Livro)<\/li>\n<li><a href=\"http:\/\/www2.unifap.br\/furtado\/files\/2017\/04\/Aula-2.2.pptx\">Slides de Aula<\/a><\/li>\n<li><a href=\"http:\/\/www2.unifap.br\/furtado\/files\/2017\/04\/Uma_Abordagem_para_Medicao_e_Analise_em_Projetos_d.pdf\">Leitura Complementar &#8211; Uma Abordagem para Medi\u00e7\u00e3o e An\u00e1lise em Projetos de Desenvolvimento de Software<\/a><\/li>\n<li><a href=\"http:\/\/www2.unifap.br\/furtado\/files\/2017\/04\/Avaliacao_de_processos_de_software_Baseada_em_Medi.pdf\">Leitura Complementar &#8211; Avalia\u00e7\u00e3o de Processos de Software Baseada em Medi\u00e7\u00f5es<\/a><\/li>\n<li><a href=\"https:\/\/www.youtube.com\/watch?v=81d4aBsTJzE\">Material audiovisual de apoio<\/a><\/li>\n<\/ul>\n<\/li>\n<\/ul>\n<p><span style=\"text-decoration: underline\"><strong>UNIDADE III: CONTROLE ESTAT\u00cdSTICO<\/strong><\/span><\/p>\n<ul>\n<li><strong><em>Introdu\u00e7\u00e3o ao Controle Estat\u00edstico<\/em><\/strong>\n<ul>\n<li>Texto de Apoio (Cap\u00edtulo 4 do Livro)<\/li>\n<li><a href=\"http:\/\/www2.unifap.br\/furtado\/files\/2017\/04\/Aula-3.1.pptx\">Slides de Aula<\/a><\/li>\n<li><a href=\"http:\/\/www2.unifap.br\/furtado\/files\/2017\/04\/4767-18427-1-PB.pdf\">Leitura Complementar &#8211;\u00a0UM ESTUDO SOBRE A PERCEP\u00c7\u00c3O DA UTILIDADE DO CONTROLE ESTAT\u00cdSTICO DO PROCESSO EM ORGANIZA\u00c7\u00d5ES DESENVOLVEDORAS DE SOFTWARE: UMA APLICA\u00c7\u00c3O DE SURVEY\u00a0<\/a><\/li>\n<li><a href=\"https:\/\/www.youtube.com\/watch?v=hh3CeKYL6ZA\">Material audiovisual de apoio &#8211; Parte 1<\/a><\/li>\n<li><a href=\"https:\/\/www.youtube.com\/watch?v=jFJ0wQbsZto\">Material audiovisual de apoio &#8211; Parte\u00a02<\/a><\/li>\n<\/ul>\n<\/li>\n<\/ul>\n<ul>\n<li><strong><em>Gr\u00e1ficos de Controle<\/em><\/strong>\n<ul>\n<li>Texto de Apoio (Cap\u00edtulo 5 do Livro)<\/li>\n<li><a href=\"http:\/\/www2.unifap.br\/furtado\/files\/2017\/04\/Aula-3.2.pptx\">Slides de Aula<\/a><\/li>\n<li><a href=\"http:\/\/www2.unifap.br\/furtado\/files\/2017\/04\/380-1475-1-PB.pdf\">Leitura Complementar &#8211;\u00a0Aplica\u00e7\u00e3o do controle estat\u00edstico de processo na ind\u00fastria farmac\u00eautica\u00a0<\/a><\/li>\n<li><a href=\"https:\/\/www.youtube.com\/watch?v=9IDnzX_APsk\">Material audiovisual de apoio\u00a0&#8211; Gr\u00e1ficos de Controle<\/a><\/li>\n<li><a href=\"https:\/\/www.youtube.com\/watch?v=6t8HWGu4T-o\">Material audiovisual de apoio\u00a0&#8211; Xbar-R<\/a><\/li>\n<li><a href=\"https:\/\/www.youtube.com\/watch?v=YIQUhISUoRY\">Material audiovisual de apoio\u00a0&#8211; XBar-S<\/a><\/li>\n<li><a href=\"https:\/\/www.youtube.com\/watch?v=cB-JgI5u9zk\">Material audiovisual de apoio\u00a0&#8211; P-Chart<\/a><\/li>\n<li><a href=\"https:\/\/www.youtube.com\/watch?v=SUrXzBCR8Rw\">Material audiovisual de apoio\u00a0&#8211; U-Chart<\/a><\/li>\n<\/ul>\n<\/li>\n<\/ul>\n<p><span style=\"text-decoration: underline\"><strong>UNIDADE IV<\/strong><\/span><\/p>\n<ul>\n<li><strong><em>Avalia\u00e7\u00e3o da Capacidade do Processo<\/em><\/strong>\n<ul>\n<li>Texto de Apoio (Cap\u00edtulo 6 do Livro)<\/li>\n<\/ul>\n<ul>\n<li><a href=\"http:\/\/www2.unifap.br\/furtado\/files\/2017\/04\/Aula-4.1.pptx\">Slides de Aula<\/a><\/li>\n<li><a href=\"http:\/\/www2.unifap.br\/furtado\/files\/2017\/04\/enegep2011_tn_sto_136_863_19320.pdf\">Leitura complementar &#8211; AN\u00c1LISE DA CAPACIDADE DE UM PROCESSO: UM ESTUDO DE CASO BASEADO NOS INDICADORES CP E CPK<\/a><\/li>\n<li><a href=\"https:\/\/www.youtube.com\/watch?v=gDRUEQcKaMo\">Material audiovisual de apoio &#8211; Capacidade do Processo<\/a><\/li>\n<\/ul>\n<\/li>\n<\/ul>\n<ul>\n<li><strong><em>Melhoria do Desempenho do Processo<\/em><\/strong>\n<ul>\n<li>Texto de Apoio (Cap\u00edtulo 6 do Livro)<\/li>\n<\/ul>\n<ul>\n<li>Slides de Aula<\/li>\n<\/ul>\n<\/li>\n<\/ul>\n","protected":false},"excerpt":{"rendered":"<p>Plano de Aula O que \u00e9 CEP? Livro Base UNIDADE I: PROCESSOS E OBJETIVOS DE NEG\u00d3CIO DA ORGANIZA\u00c7\u00c3O Introdu\u00e7\u00e3o de Processo Texto de apoio Slides de aula Leitura complementar &#8211; GEST\u00c3O POR PROCESSO: ESTUDO DE CASO EM UMA EMPRESA DE&hellip; <\/p>\n<p><a href=\"https:\/\/www2.unifap.br\/furtado\/disciplinas\/controle-estatistico-do-processo\/\" class=\"readmore-button\">Continue Reading<\/a><\/p>\n","protected":false},"author":352,"featured_media":0,"parent":98,"menu_order":0,"comment_status":"closed","ping_status":"closed","template":"","meta":{"inline_featured_image":false,"ngg_post_thumbnail":0,"footnotes":""},"class_list":["post-547","page","type-page","status-publish","hentry"],"_links":{"self":[{"href":"https:\/\/www2.unifap.br\/furtado\/wp-json\/wp\/v2\/pages\/547","targetHints":{"allow":["GET"]}}],"collection":[{"href":"https:\/\/www2.unifap.br\/furtado\/wp-json\/wp\/v2\/pages"}],"about":[{"href":"https:\/\/www2.unifap.br\/furtado\/wp-json\/wp\/v2\/types\/page"}],"author":[{"embeddable":true,"href":"https:\/\/www2.unifap.br\/furtado\/wp-json\/wp\/v2\/users\/352"}],"replies":[{"embeddable":true,"href":"https:\/\/www2.unifap.br\/furtado\/wp-json\/wp\/v2\/comments?post=547"}],"version-history":[{"count":53,"href":"https:\/\/www2.unifap.br\/furtado\/wp-json\/wp\/v2\/pages\/547\/revisions"}],"predecessor-version":[{"id":649,"href":"https:\/\/www2.unifap.br\/furtado\/wp-json\/wp\/v2\/pages\/547\/revisions\/649"}],"up":[{"embeddable":true,"href":"https:\/\/www2.unifap.br\/furtado\/wp-json\/wp\/v2\/pages\/98"}],"wp:attachment":[{"href":"https:\/\/www2.unifap.br\/furtado\/wp-json\/wp\/v2\/media?parent=547"}],"curies":[{"name":"wp","href":"https:\/\/api.w.org\/{rel}","templated":true}]}}