{"id":691,"date":"2018-05-15T06:08:47","date_gmt":"2018-05-15T06:08:47","guid":{"rendered":"http:\/\/www2.unifap.br\/furtado\/?page_id=691"},"modified":"2022-02-01T02:49:07","modified_gmt":"2022-02-01T02:49:07","slug":"concluidas","status":"publish","type":"page","link":"https:\/\/www2.unifap.br\/furtado\/concluidas\/","title":{"rendered":"Orienta\u00e7\u00f5es"},"content":{"rendered":"<ul>\n<li><strong>Mestrado<\/strong>\n<ol>\n<li><a href=\"https:\/\/www2.unifap.br\/furtado\/orientacoes\/concluidas\/uso-de-jogos-de-tabuleiros-modernos-para-aprimorar-a-habilidade-de-resolucao-de-problemas-em-alunos-de-introducao-a-programacao-de-computadores\/\">Uso de jogos de tabuleiros modernos para aprimorar a habilidade de resolu\u00e7\u00e3o de problemas em alunos de introdu\u00e7\u00e3o \u00e0 programa\u00e7\u00e3o de computadores<\/a> &#8211; Elvis Azevedo de Ara\u00fajo (2019);<\/li>\n<\/ol>\n<\/li>\n<li><strong>Especializa\u00e7\u00e3o<\/strong>\n<ol>\n<li><a title=\"O Sistema de avalia\u00e7\u00e3o do Pacto Nacional pela alfabetiza\u00e7\u00e3o na Idade Certa: an\u00e1lise das pr\u00e1ticas pedag\u00f3gicas e de gest\u00e3o escolar\" href=\"http:\/\/www2.unifap.br\/furtado\/orientacoes\/concluidas\/o-sistema-de-avaliacao-do-pacto-nacional-pela-alfabetizacao-na-idade-certa-analise-das-praticas-pedagogicas-e-de-gestao-escolar\/\">O Sistema de avalia\u00e7\u00e3o do Pacto Nacional pela alfabetiza\u00e7\u00e3o na Idade Certa: an\u00e1lise das pr\u00e1ticas pedag\u00f3gicas e de gest\u00e3o escolar<\/a> \u2013 Let\u00edcia Pican\u00e7o Carneiro (2018);<\/li>\n<\/ol>\n<\/li>\n<li><strong>Gradua\u00e7\u00e3o<\/strong><\/li>\n<\/ul>\n<ol>\n<li style=\"list-style-type: none\">\n<ol>\n<li><a href=\"https:\/\/www2.unifap.br\/furtado\/concluidas\/uma-abordagem-para-ajustar-o-controle-de-versao-a-natureza-das-aplicacoes-web\/\">Uma Abordagem para Ajustar o Controle de Vers\u00e3o \u00e0 Natureza das Aplica\u00e7\u00f5es WEB<\/a> &#8211; Erick da Cunha Sampaio (2021);<\/li>\n<li><a href=\"https:\/\/www2.unifap.br\/furtado\/concluidas\/uma-proposta-de-identificacao-de-componentes-reuti-lizaveis-baseado-em-interacoes-de-classes\/\">Uma Proposta de Identifica\u00e7\u00e3o de Componentes Reutiliz\u00e1veis Baseado em Intera\u00e7\u00f5es de Classes<\/a> &#8211; Gabriel Melo da Silveira (2021);<\/li>\n<li>Uma An\u00e1lise Sobre Hard e Soft Skills na Engenharia de Software &#8211; Juliana Leal Alves (2021);<\/li>\n<li><a href=\"https:\/\/www2.unifap.br\/furtado\/uma-ferramenta-para-identificacao-automatica-de-bad-smells\/\">Uma Ferramenta para Identifica\u00e7\u00e3o Autom\u00e1tica de Bad Smells<\/a> &#8211; Matheus Bezerra da Silva (2021);<\/li>\n<li><a href=\"https:\/\/www2.unifap.br\/furtado\/orientacoes\/concluidas\/proj-o-poly-um-jogo-para-o-ensino-de-gerenciamento-de-projetos-em-disciplinas-de-engenharia-de-software\/\">Proj-o-Poly: Um jogo para o ensino de Ger\u00eancia de Projetos em disciplinas de Engenharia de Software<\/a> &#8211; Carlos Eduardo Brito da Silva dos Santos (2020);<\/li>\n<li><a href=\"https:\/\/www2.unifap.br\/furtado\/orientacoes\/concluidas\/um-estudo-sobre-as-principais-dificuldades-na-empregabilidade-de-um-engenheiro-de-software\/\">Um Estudo sobre as Principais Dificuldades na Empregabilidade de um Engenheiro de Software<\/a> &#8211; Edson Monteiro Neto (2020);<\/li>\n<li><a href=\"https:\/\/www2.unifap.br\/furtado\/uma-abordagem-para-o-ensino-de-engenharia-de-requisitos-focada-no-aluno\/\">Uma Abordagem para o Ensino de Engenharia de Requisitos Focada no Aluno<\/a> &#8211; Anderson dos Santos Guerra (2019);<\/li>\n<\/ol>\n<\/li>\n<\/ol>\n","protected":false},"excerpt":{"rendered":"<p>Mestrado Uso de jogos de tabuleiros modernos para aprimorar a habilidade de resolu\u00e7\u00e3o de problemas em alunos de introdu\u00e7\u00e3o \u00e0 programa\u00e7\u00e3o de computadores &#8211; Elvis Azevedo de Ara\u00fajo (2019); Especializa\u00e7\u00e3o O Sistema de avalia\u00e7\u00e3o do Pacto Nacional pela alfabetiza\u00e7\u00e3o na&hellip; <\/p>\n<p><a href=\"https:\/\/www2.unifap.br\/furtado\/concluidas\/\" class=\"readmore-button\">Continue Reading<\/a><\/p>\n","protected":false},"author":352,"featured_media":0,"parent":0,"menu_order":1,"comment_status":"closed","ping_status":"closed","template":"","meta":{"inline_featured_image":false,"ngg_post_thumbnail":0,"footnotes":""},"class_list":["post-691","page","type-page","status-publish","hentry"],"_links":{"self":[{"href":"https:\/\/www2.unifap.br\/furtado\/wp-json\/wp\/v2\/pages\/691","targetHints":{"allow":["GET"]}}],"collection":[{"href":"https:\/\/www2.unifap.br\/furtado\/wp-json\/wp\/v2\/pages"}],"about":[{"href":"https:\/\/www2.unifap.br\/furtado\/wp-json\/wp\/v2\/types\/page"}],"author":[{"embeddable":true,"href":"https:\/\/www2.unifap.br\/furtado\/wp-json\/wp\/v2\/users\/352"}],"replies":[{"embeddable":true,"href":"https:\/\/www2.unifap.br\/furtado\/wp-json\/wp\/v2\/comments?post=691"}],"version-history":[{"count":21,"href":"https:\/\/www2.unifap.br\/furtado\/wp-json\/wp\/v2\/pages\/691\/revisions"}],"predecessor-version":[{"id":795,"href":"https:\/\/www2.unifap.br\/furtado\/wp-json\/wp\/v2\/pages\/691\/revisions\/795"}],"wp:attachment":[{"href":"https:\/\/www2.unifap.br\/furtado\/wp-json\/wp\/v2\/media?parent=691"}],"curies":[{"name":"wp","href":"https:\/\/api.w.org\/{rel}","templated":true}]}}