{"id":7,"date":"2013-10-24T22:41:04","date_gmt":"2013-10-24T22:41:04","guid":{"rendered":"http:\/\/www2.unifap.br\/furtado\/?page_id=7"},"modified":"2020-06-20T12:05:48","modified_gmt":"2020-06-20T12:05:48","slug":"apresentacao","status":"publish","type":"page","link":"https:\/\/www2.unifap.br\/furtado\/apresentacao\/","title":{"rendered":"Apresenta\u00e7\u00e3o"},"content":{"rendered":"<p><strong>Forma\u00e7\u00e3o:<\/strong><\/p>\n<ul>\n<li>Doutor em <a href=\"http:\/\/ufpa.br\/ppgcc\/ppgcc\/\" target=\"_blank\" rel=\"noopener noreferrer\">Ci\u00eancia da Computa\u00e7\u00e3o<\/a>, com \u00eanfase em Engenharia de Software e Sistemas de Informa\u00e7\u00e3o, pelo\u00a0<a href=\"http:\/\/www.icen.ufpa.br\/\" target=\"_blank\" rel=\"noopener noreferrer\">Instituto de Ci\u00eancias Exatas e Naturais<\/a>\u00a0da\u00a0<a href=\"http:\/\/www.ufpa.br\/\" target=\"_blank\" rel=\"noopener noreferrer\">Universidade Federal do Par\u00e1<\/a>;<\/li>\n<li>Mestre em <a href=\"http:\/\/ufpa.br\/ppgcc\/ppgcc\/\" target=\"_blank\" rel=\"noopener noreferrer\">Ci\u00eancia da Computa\u00e7\u00e3o<\/a>, com \u00eanfase em Engenharia de Software e Sistemas de Informa\u00e7\u00e3o, pelo <a href=\"http:\/\/www.icen.ufpa.br\/\" target=\"_blank\" rel=\"noopener noreferrer\">Instituto de Ci\u00eancias Exatas e Naturais<\/a> da <a href=\"http:\/\/www.ufpa.br\/\" target=\"_blank\" rel=\"noopener noreferrer\">Universidade Federal do Par\u00e1<\/a>;<\/li>\n<li>Bacharel em <a href=\"http:\/\/www.unama.br\/novoportal\/ensino\/graduacao\/cursos\/cienciacomputacao\/\" target=\"_blank\" rel=\"noopener noreferrer\">Ci\u00eancia da Computa\u00e7\u00e3o<\/a> pelo <a href=\"http:\/\/www2.unama.br\/INSTITUCIONAL\/Centros\/CCET\/index.html\" target=\"_blank\" rel=\"noopener noreferrer\">Centro de Ci\u00eancias Exatas e Tecnologia<\/a> da <a href=\"http:\/\/www.unama.br\/\" target=\"_blank\" rel=\"noopener noreferrer\">Universidade da Amaz\u00f4nia<\/a>.<\/li>\n<\/ul>\n<p><strong>Atua\u00e7\u00e3o:<\/strong><\/p>\n<ul>\n<li>Professor Assistente I do curso de <a href=\"http:\/\/www2.unifap.br\/ccomputacao\/\" target=\"_blank\" rel=\"noopener noreferrer\">Ci\u00eancia da Computa\u00e7\u00e3o<\/a>\u00a0da <a href=\"http:\/\/www.unifap.br\/\" target=\"_blank\" rel=\"noopener noreferrer\">Universidade Federal do Amap\u00e1<\/a>;<\/li>\n<li>L\u00edder do Grupo de Pesquisa SERDE &#8211; Software Engineering: Research, Development and Education;<\/li>\n<li>J\u00e1 coordenou o curso de <a href=\"http:\/\/www2.unifap.br\/ccomputacao\/\" target=\"_blank\" rel=\"noopener noreferrer\">Ci\u00eancia da Computa\u00e7\u00e3o<\/a> da <a href=\"http:\/\/www.unifap.br\">Universidade Federal do Amap\u00e1<\/a>;<\/li>\n<li>Colaborador do Grupo de Pesquisa <a href=\"http:\/\/spider.ufpa.br\/\" target=\"_blank\" rel=\"noopener noreferrer\">SPIDeR &#8211; Software Process Improvement: Development and Research<\/a>;<\/li>\n<\/ul>\n<p><strong>Pr\u00eamios:<\/strong><\/p>\n<ul>\n<li><a href=\"http:\/\/www.mct.gov.br\/index.php\/content\/view\/338997\/Ciclo_2011.html\" target=\"_blank\" rel=\"noopener noreferrer\">2\u00ba lugar no Pr\u00eamio Dorgival Brand\u00e3o J\u00fanior da Qualidade e Produtividade em Software do ciclo 2011 com o Projeto SPIDER &#8211; Software Process Improvement: DEvelopment and Research.<\/a><\/li>\n<\/ul>\n<ul>\n<li><strong>Curr\u00edculo lattes:\u00a0<a href=\"http:\/\/lattes.cnpq.br\/9175382702970383\">lattes.cnpq.br\/9175382702970383<\/a><\/strong><\/li>\n<\/ul>\n<p><strong>\u00c1reas de Interesse:<\/strong><\/p>\n<ul>\n<li>Engenharia de Software;<\/li>\n<li>Engenharia de Processo de Software;<\/li>\n<li>Ferramentas e Ambientes CASE;<\/li>\n<li>Educa\u00e7\u00e3o na Engenharia de Software;<\/li>\n<li>Aquisi\u00e7\u00e3o de Servi\u00e7os de Software e Correlatos;<\/li>\n<li>Ger\u00eancia de Projetos de Software.<\/li>\n<\/ul>\n<p><strong>Email:<\/strong><br \/>\n<a href=\"mailto:furtado@unifap.br\">furtado@unifap.br<\/a><\/p>\n<p><strong>Endere\u00e7o:<\/strong><br \/>\nUniversidade Federal do Amap\u00e1, Coordena\u00e7\u00e3o de Ci\u00eancia da Computa\u00e7\u00e3o<br \/>\nRodovia Juscelino Kubitschek, KM-02<br \/>\nJardim Marco Zero<br \/>\n68903419 &#8211; Macap\u00e1, AP &#8211; Brasil<br \/>\nTelefone:+55 (96) 33121700<\/p>\n","protected":false},"excerpt":{"rendered":"<p>Forma\u00e7\u00e3o: Doutor em Ci\u00eancia da Computa\u00e7\u00e3o, com \u00eanfase em Engenharia de Software e Sistemas de Informa\u00e7\u00e3o, pelo\u00a0Instituto de Ci\u00eancias Exatas e Naturais\u00a0da\u00a0Universidade Federal do Par\u00e1; Mestre em Ci\u00eancia da Computa\u00e7\u00e3o, com \u00eanfase em Engenharia de Software e Sistemas de Informa\u00e7\u00e3o,&hellip; <\/p>\n<p><a href=\"https:\/\/www2.unifap.br\/furtado\/apresentacao\/\" class=\"readmore-button\">Continue Reading<\/a><\/p>\n","protected":false},"author":352,"featured_media":0,"parent":0,"menu_order":0,"comment_status":"closed","ping_status":"closed","template":"","meta":{"inline_featured_image":false,"ngg_post_thumbnail":0,"footnotes":""},"class_list":["post-7","page","type-page","status-publish","hentry"],"_links":{"self":[{"href":"https:\/\/www2.unifap.br\/furtado\/wp-json\/wp\/v2\/pages\/7","targetHints":{"allow":["GET"]}}],"collection":[{"href":"https:\/\/www2.unifap.br\/furtado\/wp-json\/wp\/v2\/pages"}],"about":[{"href":"https:\/\/www2.unifap.br\/furtado\/wp-json\/wp\/v2\/types\/page"}],"author":[{"embeddable":true,"href":"https:\/\/www2.unifap.br\/furtado\/wp-json\/wp\/v2\/users\/352"}],"replies":[{"embeddable":true,"href":"https:\/\/www2.unifap.br\/furtado\/wp-json\/wp\/v2\/comments?post=7"}],"version-history":[{"count":46,"href":"https:\/\/www2.unifap.br\/furtado\/wp-json\/wp\/v2\/pages\/7\/revisions"}],"predecessor-version":[{"id":748,"href":"https:\/\/www2.unifap.br\/furtado\/wp-json\/wp\/v2\/pages\/7\/revisions\/748"}],"wp:attachment":[{"href":"https:\/\/www2.unifap.br\/furtado\/wp-json\/wp\/v2\/media?parent=7"}],"curies":[{"name":"wp","href":"https:\/\/api.w.org\/{rel}","templated":true}]}}