{"id":720,"date":"2019-09-20T22:49:02","date_gmt":"2019-09-20T22:49:02","guid":{"rendered":"http:\/\/www2.unifap.br\/furtado\/?page_id=720"},"modified":"2021-09-01T15:01:27","modified_gmt":"2021-09-01T15:01:27","slug":"uma-abordagem-para-o-ensino-de-engenharia-de-requisitos-focada-no-aluno","status":"publish","type":"page","link":"https:\/\/www2.unifap.br\/furtado\/concluidas\/uma-abordagem-para-o-ensino-de-engenharia-de-requisitos-focada-no-aluno\/","title":{"rendered":"Uma Abordagem para o Ensino de Engenharia de Requisitos Focada no Aluno"},"content":{"rendered":"<p><strong>Aluno:<\/strong> Anderson dos Santos Guerra.<\/p>\n<p><b>Resumo:\u00a0<\/b>A Engenharia de Requisitos \u00e9 uma \u00e1rea dentro da Engenharia de Software que se preocupa principalmente em garantir que os objetivos para o qual um software \u00e9 desenvolvido sejam atendidos de maneira satisfat\u00f3ria ao fim da cria\u00e7\u00e3o do produto. \u00c9 necess\u00e1rio que o profissional que atue na Engenharia de Requisitos possua capacidades para levantar, alterar e validar requisitos para garantir que no fim do ciclo de desenvolvimento o software atenda \u00e0s necessidades solicitadas. A ind\u00fastria de desenvolvimento indica que os profissionais rec\u00e9m ingressados na \u00e1rea n\u00e3o possuem o conhecimento pr\u00e1tico que \u00e9 esperado para poder atuar como um engenheiro de requisitos, um fator que influencia nessa afirma\u00e7\u00e3o \u00e9 o modo como a Engenharia de Requisitos \u00e9 lecionada em gradua\u00e7\u00f5es na \u00e1rea de computa\u00e7\u00e3o, muita das vezes ensinada atrav\u00e9s de uma abordagem tradicional de ensino. Nesse contexto, este trabalho tem como intuito contribuir com o ensino de Engenharia de Requisitos com uma proposta de abordagem de ensino que faz uso de estrat\u00e9gias focadas no aluno para o desenvolvimento de compet\u00eancias esperadas pela ind\u00fastria. Para criar a abordagem, foi feita a identifica\u00e7\u00e3o das compet\u00eancias atrav\u00e9s do CMMI-DEV. Os resultados obtidos s\u00e3o analisados de maneira que seja poss\u00edvel identificar o que pode ser melhorado na abordagem.<\/p>\n<p><b>Palavras-chaves: <\/b>Engenharia de Software, Engenharia de Requisitos, Ensino, Abordagem de Ensino, Abordagem de Ensino Tradicional, Abordagem de Ensino Alternativa.<\/p>\n<p><strong>Institui\u00e7\u00e3o:<\/strong> Universidade Federal do Amap\u00e1<\/p>\n<p><strong>Curso:<\/strong> Bacharelado em Ci\u00eancia da Computa\u00e7\u00e3o.<\/p>\n<p><strong>Conclus\u00e3o:<\/strong> 09\/2019.<\/p>\n<p><a href=\"http:\/\/www2.unifap.br\/furtado\/files\/2020\/03\/TCC-Anderson-Guerra.pdf\"><strong>Download <\/strong><\/a><\/p>\n","protected":false},"excerpt":{"rendered":"<p>Aluno: Anderson dos Santos Guerra. Resumo:\u00a0A Engenharia de Requisitos \u00e9 uma \u00e1rea dentro da Engenharia de Software que se preocupa principalmente em garantir que os objetivos para o qual um software \u00e9 desenvolvido sejam atendidos de maneira satisfat\u00f3ria ao fim&hellip; <\/p>\n<p><a href=\"https:\/\/www2.unifap.br\/furtado\/concluidas\/uma-abordagem-para-o-ensino-de-engenharia-de-requisitos-focada-no-aluno\/\" class=\"readmore-button\">Continue Reading<\/a><\/p>\n","protected":false},"author":352,"featured_media":0,"parent":691,"menu_order":1,"comment_status":"closed","ping_status":"closed","template":"","meta":{"inline_featured_image":false,"ngg_post_thumbnail":0,"footnotes":""},"class_list":["post-720","page","type-page","status-publish","hentry"],"_links":{"self":[{"href":"https:\/\/www2.unifap.br\/furtado\/wp-json\/wp\/v2\/pages\/720","targetHints":{"allow":["GET"]}}],"collection":[{"href":"https:\/\/www2.unifap.br\/furtado\/wp-json\/wp\/v2\/pages"}],"about":[{"href":"https:\/\/www2.unifap.br\/furtado\/wp-json\/wp\/v2\/types\/page"}],"author":[{"embeddable":true,"href":"https:\/\/www2.unifap.br\/furtado\/wp-json\/wp\/v2\/users\/352"}],"replies":[{"embeddable":true,"href":"https:\/\/www2.unifap.br\/furtado\/wp-json\/wp\/v2\/comments?post=720"}],"version-history":[{"count":4,"href":"https:\/\/www2.unifap.br\/furtado\/wp-json\/wp\/v2\/pages\/720\/revisions"}],"predecessor-version":[{"id":761,"href":"https:\/\/www2.unifap.br\/furtado\/wp-json\/wp\/v2\/pages\/720\/revisions\/761"}],"up":[{"embeddable":true,"href":"https:\/\/www2.unifap.br\/furtado\/wp-json\/wp\/v2\/pages\/691"}],"wp:attachment":[{"href":"https:\/\/www2.unifap.br\/furtado\/wp-json\/wp\/v2\/media?parent=720"}],"curies":[{"name":"wp","href":"https:\/\/api.w.org\/{rel}","templated":true}]}}