{"id":742,"date":"2020-06-20T12:00:07","date_gmt":"2020-06-20T12:00:07","guid":{"rendered":"http:\/\/www2.unifap.br\/furtado\/?page_id=742"},"modified":"2020-06-20T12:00:07","modified_gmt":"2020-06-20T12:00:07","slug":"projeto-serde-software-engineering-research-development-and-education","status":"publish","type":"page","link":"https:\/\/www2.unifap.br\/furtado\/research\/projeto-serde-software-engineering-research-development-and-education\/","title":{"rendered":"Projeto SERDE &#8211; Software Engineering: Research, Development and Education"},"content":{"rendered":"<p>De acordo com a ACM \/ IEEE, a Engenharia de Software (ES) \u00e9 uma disciplina interessada na aplica\u00e7\u00e3o de teoria, conhecimento e pr\u00e1tica para o desenvolvimento eficaz e eficiente de sistemas de software que atendam aos requisitos dos usu\u00e1rios. Apesar da import\u00e2ncia destes conhecimentos relativos \u00e0s atividades da ES, pesquisam j\u00e1 verificaram que os profissionais aprendem mais sobre estas atividades durante o seu trabalho do que durante a sua forma\u00e7\u00e3o e em geral, a ind\u00fastria de software sofre com a falta de profissionais qualificados para trabalhar em atividades que envolvem o processo de desenvolvimento de software. Esta dificuldade em encontrar profissionais de Ci\u00eancia da Computa\u00e7\u00e3o com dom\u00ednio dos t\u00f3picos da Engenharia de Software pode estar relacionada ao tipo de forma\u00e7\u00e3o que estes receberam durante os anos de gradua\u00e7\u00e3o. Assim, neste contexto, este projeto tem como objetivo desenvolver metodologias e ferramentas que auxiliem na aplica\u00e7\u00e3o e no ensino dos conte\u00fados da Engenharia de Software, seja no \u00e2mbito acad\u00eamico ou na ind\u00fastria de software.<\/p>\n","protected":false},"excerpt":{"rendered":"<p>De acordo com a ACM \/ IEEE, a Engenharia de Software (ES) \u00e9 uma disciplina interessada na aplica\u00e7\u00e3o de teoria, conhecimento e pr\u00e1tica para o desenvolvimento eficaz e eficiente de sistemas de software que atendam aos requisitos dos usu\u00e1rios. Apesar&hellip; <\/p>\n<p><a href=\"https:\/\/www2.unifap.br\/furtado\/research\/projeto-serde-software-engineering-research-development-and-education\/\" class=\"readmore-button\">Continue Reading<\/a><\/p>\n","protected":false},"author":352,"featured_media":0,"parent":25,"menu_order":0,"comment_status":"closed","ping_status":"closed","template":"","meta":{"inline_featured_image":false,"ngg_post_thumbnail":0,"footnotes":""},"class_list":["post-742","page","type-page","status-publish","hentry"],"_links":{"self":[{"href":"https:\/\/www2.unifap.br\/furtado\/wp-json\/wp\/v2\/pages\/742","targetHints":{"allow":["GET"]}}],"collection":[{"href":"https:\/\/www2.unifap.br\/furtado\/wp-json\/wp\/v2\/pages"}],"about":[{"href":"https:\/\/www2.unifap.br\/furtado\/wp-json\/wp\/v2\/types\/page"}],"author":[{"embeddable":true,"href":"https:\/\/www2.unifap.br\/furtado\/wp-json\/wp\/v2\/users\/352"}],"replies":[{"embeddable":true,"href":"https:\/\/www2.unifap.br\/furtado\/wp-json\/wp\/v2\/comments?post=742"}],"version-history":[{"count":2,"href":"https:\/\/www2.unifap.br\/furtado\/wp-json\/wp\/v2\/pages\/742\/revisions"}],"predecessor-version":[{"id":745,"href":"https:\/\/www2.unifap.br\/furtado\/wp-json\/wp\/v2\/pages\/742\/revisions\/745"}],"up":[{"embeddable":true,"href":"https:\/\/www2.unifap.br\/furtado\/wp-json\/wp\/v2\/pages\/25"}],"wp:attachment":[{"href":"https:\/\/www2.unifap.br\/furtado\/wp-json\/wp\/v2\/media?parent=742"}],"curies":[{"name":"wp","href":"https:\/\/api.w.org\/{rel}","templated":true}]}}