{"id":757,"date":"2021-09-01T14:35:02","date_gmt":"2021-09-01T14:35:02","guid":{"rendered":"http:\/\/www2.unifap.br\/furtado\/?page_id=757"},"modified":"2021-09-01T15:01:41","modified_gmt":"2021-09-01T15:01:41","slug":"um-estudo-sobre-as-principais-dificuldades-na-empregabilidade-de-um-engenheiro-de-software","status":"publish","type":"page","link":"https:\/\/www2.unifap.br\/furtado\/concluidas\/um-estudo-sobre-as-principais-dificuldades-na-empregabilidade-de-um-engenheiro-de-software\/","title":{"rendered":"Um Estudo Sobre as Principais Dificuldades na Empregabilidade de um Engenheiro de Software"},"content":{"rendered":"<div class=\"clearfix entry-content\">\n<p><strong>Aluno:<\/strong> Edson Monteiro Neto.<\/p>\n<p><b>Resumo:\u00a0<\/b>A Empregabilidade pode ser definida como a possibilidade de uma pessoa dominar aptid\u00f5es e conhecimentos requisitados em consoante oscila\u00e7\u00e3o das imposi\u00e7\u00f5es do mercado de trabalho. Dados sobre empregabilidade s\u00e3o importantes para obten\u00e7\u00e3o de m\u00e9tricas que direcionam a decis\u00e3o de institutos de ensino na cria\u00e7\u00e3o de cursos, visto que estes envolvem necessidades de mercado e gastos para sua cria\u00e7\u00e3o e manuten\u00e7\u00e3o. Neste contexto, o objetivo desse trabalho \u00e9 aplicar um question\u00e1rio que ser\u00e1 submetido aos profissionais graduados da \u00e1rea de engenharia de software atuantes no Brasil. De modo a analisar aspectos que influenciam na empregabilidade do profissional, buscando sinalizar lacunas de conhecimento entre o meio acad\u00eamico e o mercado de trabalho com o objetivo de guiar poss\u00edveis trabalhos did\u00e1ticos que amenizem as car\u00eancias da forma\u00e7\u00e3o acad\u00eamica.<\/p>\n<p><b>Palavras-chaves: <\/b>Empregabilidade. Engenharia de Software. Brasil. Question\u00e1rio.<\/p>\n<p><strong>Institui\u00e7\u00e3o:<\/strong> Universidade Federal do Amap\u00e1.<\/p>\n<p><strong>Curso:<\/strong> Bacharelado em Ci\u00eancia da Computa\u00e7\u00e3o.<\/p>\n<p><strong>Conclus\u00e3o:<\/strong> 04\/2020.<\/p>\n<p><a href=\"http:\/\/www2.unifap.br\/furtado\/files\/2021\/09\/tcc.pdf\"><strong>Download <\/strong><\/a><\/p>\n<\/div>\n","protected":false},"excerpt":{"rendered":"<p>Aluno: Edson Monteiro Neto. Resumo:\u00a0A Empregabilidade pode ser definida como a possibilidade de uma pessoa dominar aptid\u00f5es e conhecimentos requisitados em consoante oscila\u00e7\u00e3o das imposi\u00e7\u00f5es do mercado de trabalho. Dados sobre empregabilidade s\u00e3o importantes para obten\u00e7\u00e3o de m\u00e9tricas que direcionam&hellip; <\/p>\n<p><a href=\"https:\/\/www2.unifap.br\/furtado\/concluidas\/um-estudo-sobre-as-principais-dificuldades-na-empregabilidade-de-um-engenheiro-de-software\/\" class=\"readmore-button\">Continue Reading<\/a><\/p>\n","protected":false},"author":352,"featured_media":0,"parent":691,"menu_order":3,"comment_status":"closed","ping_status":"closed","template":"","meta":{"inline_featured_image":false,"ngg_post_thumbnail":0,"footnotes":""},"class_list":["post-757","page","type-page","status-publish","hentry"],"_links":{"self":[{"href":"https:\/\/www2.unifap.br\/furtado\/wp-json\/wp\/v2\/pages\/757","targetHints":{"allow":["GET"]}}],"collection":[{"href":"https:\/\/www2.unifap.br\/furtado\/wp-json\/wp\/v2\/pages"}],"about":[{"href":"https:\/\/www2.unifap.br\/furtado\/wp-json\/wp\/v2\/types\/page"}],"author":[{"embeddable":true,"href":"https:\/\/www2.unifap.br\/furtado\/wp-json\/wp\/v2\/users\/352"}],"replies":[{"embeddable":true,"href":"https:\/\/www2.unifap.br\/furtado\/wp-json\/wp\/v2\/comments?post=757"}],"version-history":[{"count":2,"href":"https:\/\/www2.unifap.br\/furtado\/wp-json\/wp\/v2\/pages\/757\/revisions"}],"predecessor-version":[{"id":760,"href":"https:\/\/www2.unifap.br\/furtado\/wp-json\/wp\/v2\/pages\/757\/revisions\/760"}],"up":[{"embeddable":true,"href":"https:\/\/www2.unifap.br\/furtado\/wp-json\/wp\/v2\/pages\/691"}],"wp:attachment":[{"href":"https:\/\/www2.unifap.br\/furtado\/wp-json\/wp\/v2\/media?parent=757"}],"curies":[{"name":"wp","href":"https:\/\/api.w.org\/{rel}","templated":true}]}}