{"id":762,"date":"2021-09-01T14:43:26","date_gmt":"2021-09-01T14:43:26","guid":{"rendered":"http:\/\/www2.unifap.br\/furtado\/?page_id=762"},"modified":"2021-09-01T15:01:36","modified_gmt":"2021-09-01T15:01:36","slug":"proj-o-poly-um-jogo-para-o-ensino-de-gerenciamento-de-projetos-em-disciplinas-de-engenharia-de-software","status":"publish","type":"page","link":"https:\/\/www2.unifap.br\/furtado\/concluidas\/proj-o-poly-um-jogo-para-o-ensino-de-gerenciamento-de-projetos-em-disciplinas-de-engenharia-de-software\/","title":{"rendered":"Proj-O-Poly: Um Jogo para o Ensino de Gerenciamento de Projetos em Disciplinas de Engenharia de Software"},"content":{"rendered":"<div class=\"clearfix entry-content\">\n<p><strong>Aluno: <\/strong>Carlos Eduardo Brito da Silva dos Santos.<\/p>\n<p><b>Resumo: <\/b>O Gerenciamento de Projetos se prop\u00f5e a aplicar conhecimentos e t\u00e9cnicas no andamento do projeto, a fim de cumprir seus requisitos. Sabendo-se da relev\u00e2ncia do Gerenciamento de Projetos na engenharia de software, e consequentemente no desenvolvimento de software, \u00e9 de suma import\u00e2ncia que o ensino de tal \u00e1rea no meio acad\u00eamico seja eficiente. Em geral, essas \u00e1reas s\u00e3o ensinadas na academia de forma tradicional, te\u00f3rica e centradas no professor. Dessa forma, causando nos acad\u00eamicos a sensa\u00e7\u00e3o de que tais \u00e1reas\u00a0s\u00e3o chatas e mon\u00f3tonas; e acarretando assim na pouca assimila\u00e7\u00e3o desses conte\u00fados. J\u00e1 a ind\u00fastria de desenvolvimento de software, aponta que a maioria dos projetos de software n\u00e3o s\u00e3o entregues no prazo ou dentro do or\u00e7amento. No contexto do ensino do Gerenciamento dos Projetos em sala de aula, os jogos podem ser uma importante ferramenta para a complementa\u00e7\u00e3o do aprendizado dos alunos. Jogos possuem a caracter\u00edstica l\u00fadica, o que faz com que os alunos se divirtam enquanto aprendem. Partindo dessas premissas, o presente trabalho tem como objetivo a cria\u00e7\u00e3o de um jogo de tabuleiro que sirva como material de apoio a disciplina de Gerenciamento de Projetos, apoiando-se nas recomenda\u00e7\u00f5es do Guia PMBOK\u00a0(Project Management Body of Knowledge). O jogo ser\u00e1 aplicado a alunos que estejam cursando a disciplina de Engenharia de Software e ser\u00e1 avaliado atrav\u00e9s de question\u00e1rios.<\/p>\n<p><b>Palavras-chaves:\u00a0<\/b>Gerenciamento de projetos. Engenharia de software. Ensino. Jogos.<\/p>\n<p><strong>Institui\u00e7\u00e3o:<\/strong> Universidade Federal do Amap\u00e1.<\/p>\n<p><strong>Curso:<\/strong> Bacharelado em Ci\u00eancia da Computa\u00e7\u00e3o.<\/p>\n<p><strong>Conclus\u00e3o:<\/strong> 03\/2020.<\/p>\n<p><a href=\"http:\/\/www2.unifap.br\/furtado\/files\/2021\/09\/tcc-1.pdf\"><strong>Download<\/strong><\/a>\u00a0 |\u00a0 <a href=\"http:\/\/www2.unifap.br\/furtado\/files\/2021\/09\/jogo.zip\"><strong>Jogo<\/strong><\/a><\/p>\n<\/div>\n","protected":false},"excerpt":{"rendered":"<p>Aluno: Carlos Eduardo Brito da Silva dos Santos. Resumo: O Gerenciamento de Projetos se prop\u00f5e a aplicar conhecimentos e t\u00e9cnicas no andamento do projeto, a fim de cumprir seus requisitos. Sabendo-se da relev\u00e2ncia do Gerenciamento de Projetos na engenharia de&hellip; <\/p>\n<p><a href=\"https:\/\/www2.unifap.br\/furtado\/concluidas\/proj-o-poly-um-jogo-para-o-ensino-de-gerenciamento-de-projetos-em-disciplinas-de-engenharia-de-software\/\" class=\"readmore-button\">Continue Reading<\/a><\/p>\n","protected":false},"author":352,"featured_media":0,"parent":691,"menu_order":2,"comment_status":"closed","ping_status":"closed","template":"","meta":{"inline_featured_image":false,"ngg_post_thumbnail":0,"footnotes":""},"class_list":["post-762","page","type-page","status-publish","hentry"],"_links":{"self":[{"href":"https:\/\/www2.unifap.br\/furtado\/wp-json\/wp\/v2\/pages\/762","targetHints":{"allow":["GET"]}}],"collection":[{"href":"https:\/\/www2.unifap.br\/furtado\/wp-json\/wp\/v2\/pages"}],"about":[{"href":"https:\/\/www2.unifap.br\/furtado\/wp-json\/wp\/v2\/types\/page"}],"author":[{"embeddable":true,"href":"https:\/\/www2.unifap.br\/furtado\/wp-json\/wp\/v2\/users\/352"}],"replies":[{"embeddable":true,"href":"https:\/\/www2.unifap.br\/furtado\/wp-json\/wp\/v2\/comments?post=762"}],"version-history":[{"count":1,"href":"https:\/\/www2.unifap.br\/furtado\/wp-json\/wp\/v2\/pages\/762\/revisions"}],"predecessor-version":[{"id":765,"href":"https:\/\/www2.unifap.br\/furtado\/wp-json\/wp\/v2\/pages\/762\/revisions\/765"}],"up":[{"embeddable":true,"href":"https:\/\/www2.unifap.br\/furtado\/wp-json\/wp\/v2\/pages\/691"}],"wp:attachment":[{"href":"https:\/\/www2.unifap.br\/furtado\/wp-json\/wp\/v2\/media?parent=762"}],"curies":[{"name":"wp","href":"https:\/\/api.w.org\/{rel}","templated":true}]}}