{"id":778,"date":"2022-02-01T02:25:04","date_gmt":"2022-02-01T02:25:04","guid":{"rendered":"http:\/\/www2.unifap.br\/furtado\/?page_id=778"},"modified":"2022-02-01T02:26:24","modified_gmt":"2022-02-01T02:26:24","slug":"uma-proposta-de-identificacao-de-componentes-reuti-lizaveis-baseado-em-interacoes-de-classes","status":"publish","type":"page","link":"https:\/\/www2.unifap.br\/furtado\/concluidas\/uma-proposta-de-identificacao-de-componentes-reuti-lizaveis-baseado-em-interacoes-de-classes\/","title":{"rendered":"Uma Proposta de Identifica\u00e7\u00e3o de Componentes Reutiliz\u00e1veis Baseado em Intera\u00e7\u00f5es de Classes"},"content":{"rendered":"<div class=\"clearfix entry-content\">\n<div class=\"clearfix entry-content\">\n<p><strong>Aluno:<\/strong> Gabriel Melo da Silveira.<\/p>\n<p><b>Resumo:\u00a0<\/b><span dir=\"ltr\" role=\"presentation\">A engenharia de software baseado em componentes reutiliz\u00e1veis tem por objetivo <\/span><span dir=\"ltr\" role=\"presentation\">principal o reuso de software, para isso ela aplica o processo reutiliza\u00e7\u00e3o utilizando partes <\/span><span dir=\"ltr\" role=\"presentation\">de softwares. Essa pr\u00e1tica possibilita a economia de recursos, simplifica modifica\u00e7\u00f5es e <\/span><span dir=\"ltr\" role=\"presentation\">implanta\u00e7\u00f5es. Visando nos benef\u00edcios deste processo, este trabalho apresenta uma <\/span><span dir=\"ltr\" role=\"presentation\">proposta de metodologia para sele\u00e7\u00e3o de classe com potencial de reutiliza\u00e7\u00e3o. A <\/span><span dir=\"ltr\" role=\"presentation\">metodologia tem como recursos para identifica\u00e7\u00e3o a engenharia reserva, que gera <\/span><span dir=\"ltr\" role=\"presentation\">diagramas de classe possibilitando o mapeamento estrutural do software, a contabiliza\u00e7\u00e3o <\/span><span dir=\"ltr\" role=\"presentation\">de intera\u00e7\u00f5es entre as classes e a aplica\u00e7\u00e3o do conceito de estat\u00edstico do desvio padr\u00e3o, <\/span><span dir=\"ltr\" role=\"presentation\">para identificar as classes singulares dentro do conjunto. Esta pesquisa tem como objetivo <\/span><span dir=\"ltr\" role=\"presentation\">abordar detalhadamente sua elabora\u00e7\u00e3o, contribuir para a evolu\u00e7\u00e3o do processo de reuso <\/span><span dir=\"ltr\" role=\"presentation\">no desenvolvimento de softwares e destacar a import\u00e2ncia deste ramo da engenharia de <\/span><span dir=\"ltr\" role=\"presentation\">software. <\/span><\/p>\n<p><b>Palavras-chaves:\u00a0<\/b><span dir=\"ltr\" role=\"presentation\">reutiliza\u00e7\u00e3o; metodologia; desvio padr\u00e3o; engenharia reversa; componentes.<br \/>\n<\/span><\/p>\n<p><strong>Institui\u00e7\u00e3o:<\/strong> Universidade Federal do Amap\u00e1<\/p>\n<p><strong>Curso:<\/strong> Bacharelado em Ci\u00eancia da Computa\u00e7\u00e3o.<\/p>\n<p><strong>Conclus\u00e3o:<\/strong> 12\/2021.<\/p>\n<p><strong><a href=\"http:\/\/www2.unifap.br\/furtado\/files\/2022\/02\/TCC-Gabriel-Melo-da-Silveira.pdf\">Download<\/a><br \/>\n<\/strong><\/p>\n<\/div>\n<\/div>\n","protected":false},"excerpt":{"rendered":"<p>Aluno: Gabriel Melo da Silveira. Resumo:\u00a0A engenharia de software baseado em componentes reutiliz\u00e1veis tem por objetivo principal o reuso de software, para isso ela aplica o processo reutiliza\u00e7\u00e3o utilizando partes de softwares. Essa pr\u00e1tica possibilita a economia de recursos, simplifica&hellip; <\/p>\n<p><a href=\"https:\/\/www2.unifap.br\/furtado\/concluidas\/uma-proposta-de-identificacao-de-componentes-reuti-lizaveis-baseado-em-interacoes-de-classes\/\" class=\"readmore-button\">Continue Reading<\/a><\/p>\n","protected":false},"author":352,"featured_media":0,"parent":691,"menu_order":7,"comment_status":"closed","ping_status":"closed","template":"","meta":{"inline_featured_image":false,"ngg_post_thumbnail":0,"footnotes":""},"class_list":["post-778","page","type-page","status-publish","hentry"],"_links":{"self":[{"href":"https:\/\/www2.unifap.br\/furtado\/wp-json\/wp\/v2\/pages\/778","targetHints":{"allow":["GET"]}}],"collection":[{"href":"https:\/\/www2.unifap.br\/furtado\/wp-json\/wp\/v2\/pages"}],"about":[{"href":"https:\/\/www2.unifap.br\/furtado\/wp-json\/wp\/v2\/types\/page"}],"author":[{"embeddable":true,"href":"https:\/\/www2.unifap.br\/furtado\/wp-json\/wp\/v2\/users\/352"}],"replies":[{"embeddable":true,"href":"https:\/\/www2.unifap.br\/furtado\/wp-json\/wp\/v2\/comments?post=778"}],"version-history":[{"count":2,"href":"https:\/\/www2.unifap.br\/furtado\/wp-json\/wp\/v2\/pages\/778\/revisions"}],"predecessor-version":[{"id":781,"href":"https:\/\/www2.unifap.br\/furtado\/wp-json\/wp\/v2\/pages\/778\/revisions\/781"}],"up":[{"embeddable":true,"href":"https:\/\/www2.unifap.br\/furtado\/wp-json\/wp\/v2\/pages\/691"}],"wp:attachment":[{"href":"https:\/\/www2.unifap.br\/furtado\/wp-json\/wp\/v2\/media?parent=778"}],"curies":[{"name":"wp","href":"https:\/\/api.w.org\/{rel}","templated":true}]}}