{"id":782,"date":"2022-02-01T02:29:23","date_gmt":"2022-02-01T02:29:23","guid":{"rendered":"http:\/\/www2.unifap.br\/furtado\/?page_id=782"},"modified":"2022-02-01T02:29:23","modified_gmt":"2022-02-01T02:29:23","slug":"uma-abordagem-para-ajustar-o-controle-de-versao-a-natureza-das-aplicacoes-web","status":"publish","type":"page","link":"https:\/\/www2.unifap.br\/furtado\/concluidas\/uma-abordagem-para-ajustar-o-controle-de-versao-a-natureza-das-aplicacoes-web\/","title":{"rendered":"Uma Abordagem para Ajustar o Controle de Vers\u00e3o \u00e0 Natureza das Aplica\u00e7\u00f5es WEB"},"content":{"rendered":"<div class=\"clearfix entry-content\">\n<div class=\"clearfix entry-content\">\n<p><strong>Aluno:<\/strong> Erick da Cunha Sampaio.<\/p>\n<p><b>Resumo: <\/b><span dir=\"ltr\" role=\"presentation\">Este trabalho<\/span> <span dir=\"ltr\" role=\"presentation\">sugere<\/span> <span dir=\"ltr\" role=\"presentation\">uma abordagem para<\/span> <span dir=\"ltr\" role=\"presentation\">adequar<\/span> <span dir=\"ltr\" role=\"presentation\">o controle de vers\u00e3o \u00e0 natureza das <\/span><span dir=\"ltr\" role=\"presentation\">aplica\u00e7\u00f5es<\/span> <span dir=\"ltr\" role=\"presentation\">Web<\/span><span dir=\"ltr\" role=\"presentation\">.<\/span> <span dir=\"ltr\" role=\"presentation\">Essas aplica\u00e7\u00f5es possuem uma natureza \u00fanica e din\u00e2mica<\/span><span dir=\"ltr\" role=\"presentation\">,<\/span> <span dir=\"ltr\" role=\"presentation\">que envolve uma <\/span><span dir=\"ltr\" role=\"presentation\">ampla diversidade de itens de configura\u00e7\u00e3o<\/span> <span dir=\"ltr\" role=\"presentation\">(p. ex. c\u00f3digo fonte e<\/span> <span dir=\"ltr\" role=\"presentation\">outros<\/span> <span dir=\"ltr\" role=\"presentation\">documentos) e <\/span><span dir=\"ltr\" role=\"presentation\">conte\u00fado (p. ex.<\/span> <span dir=\"ltr\" role=\"presentation\">texto<\/span><span dir=\"ltr\" role=\"presentation\">,<\/span> <span dir=\"ltr\" role=\"presentation\">gr\u00e1fico<\/span><span dir=\"ltr\" role=\"presentation\">s<\/span><span dir=\"ltr\" role=\"presentation\">,<\/span> <span dir=\"ltr\" role=\"presentation\">imagens,<\/span> <span dir=\"ltr\" role=\"presentation\">\u00e1udio e v\u00eddeo)<\/span><span dir=\"ltr\" role=\"presentation\">.<\/span> <span dir=\"ltr\" role=\"presentation\">Por sua vez, o<\/span> <span dir=\"ltr\" role=\"presentation\">controle de vers\u00e3o<\/span> <span dir=\"ltr\" role=\"presentation\">\u00e9<\/span> <span dir=\"ltr\" role=\"presentation\">uma atividade imprescind\u00edvel para o desenvolvimento de sistemas de software<\/span><span dir=\"ltr\" role=\"presentation\">,<\/span> <span dir=\"ltr\" role=\"presentation\">pois<\/span> <span dir=\"ltr\" role=\"presentation\">estabelece <\/span><span dir=\"ltr\" role=\"presentation\">o gerenciamento de m\u00faltiplas vers\u00f5es de c\u00f3digo fonte e documentos<\/span><span dir=\"ltr\" role=\"presentation\">. No entanto, as estrat\u00e9gias <\/span><span dir=\"ltr\" role=\"presentation\">gerais<\/span> <span dir=\"ltr\" role=\"presentation\">do controle de vers\u00e3o<\/span> <span dir=\"ltr\" role=\"presentation\">precisam ser adaptadas para estar em co<\/span><span dir=\"ltr\" role=\"presentation\">nformidade com a natureza<\/span> <span dir=\"ltr\" role=\"presentation\">das aplica\u00e7\u00f5es<\/span> <span dir=\"ltr\" role=\"presentation\">Web<\/span><span dir=\"ltr\" role=\"presentation\">.<\/span> <span dir=\"ltr\" role=\"presentation\">Para atingir esse objetivo<\/span><span dir=\"ltr\" role=\"presentation\">,<\/span> <span dir=\"ltr\" role=\"presentation\">estrat\u00e9gias<\/span> <span dir=\"ltr\" role=\"presentation\">s\u00e3o estabelecidas<\/span> <span dir=\"ltr\" role=\"presentation\">a partir do modelo <\/span><span dir=\"ltr\" role=\"presentation\">MPS.BR e d<\/span><span dir=\"ltr\" role=\"presentation\">e<\/span> <span dir=\"ltr\" role=\"presentation\">caracter\u00edsticas<\/span> <span dir=\"ltr\" role=\"presentation\">das<\/span> <span dir=\"ltr\" role=\"presentation\">aplica\u00e7\u00f5es Web.<\/span> <span dir=\"ltr\" role=\"presentation\">Em<\/span> <span dir=\"ltr\" role=\"presentation\">termos<\/span> <span dir=\"ltr\" role=\"presentation\">de metodologia<\/span><span dir=\"ltr\" role=\"presentation\">,<\/span> <span dir=\"ltr\" role=\"presentation\">a pesquisa \u00e9 feita <\/span><span dir=\"ltr\" role=\"presentation\">por meio de uma an\u00e1lise qualitativa.<\/span> <span dir=\"ltr\" role=\"presentation\">Nes<\/span><span dir=\"ltr\" role=\"presentation\">se cen\u00e1rio<\/span><span dir=\"ltr\" role=\"presentation\">,<\/span> <span dir=\"ltr\" role=\"presentation\">a pesquisa mostra que<\/span><span dir=\"ltr\" role=\"presentation\">,<\/span> <span dir=\"ltr\" role=\"presentation\">al\u00e9m do uso de<\/span> <span dir=\"ltr\" role=\"presentation\">estrat\u00e9gias<\/span> <span dir=\"ltr\" role=\"presentation\">para<\/span> <span dir=\"ltr\" role=\"presentation\">a<\/span> <span dir=\"ltr\" role=\"presentation\">sele\u00e7\u00e3o e identifica\u00e7\u00e3o de itens de configura\u00e7\u00e3o<\/span><span dir=\"ltr\" role=\"presentation\">,<\/span> <span dir=\"ltr\" role=\"presentation\">o uso de sistemas de controle <\/span><span dir=\"ltr\" role=\"presentation\">de vers\u00e3o e o uso complementar do sistema de gerenciamento de conte\u00fado<\/span> <span dir=\"ltr\" role=\"presentation\">consiste em uma <\/span><span dir=\"ltr\" role=\"presentation\">base<\/span> <span dir=\"ltr\" role=\"presentation\">estrat\u00e9gi<\/span><span dir=\"ltr\" role=\"presentation\">ca<\/span> <span dir=\"ltr\" role=\"presentation\">vi\u00e1vel para<\/span> <span dir=\"ltr\" role=\"presentation\">adequar<\/span> <span dir=\"ltr\" role=\"presentation\">o controle de vers\u00e3o<\/span> <span dir=\"ltr\" role=\"presentation\">\u00e0<\/span> <span dir=\"ltr\" role=\"presentation\">natureza<\/span> <span dir=\"ltr\" role=\"presentation\">d<\/span><span dir=\"ltr\" role=\"presentation\">as<\/span> <span dir=\"ltr\" role=\"presentation\">aplica\u00e7\u00f5es<\/span> <span dir=\"ltr\" role=\"presentation\">Web<\/span><span dir=\"ltr\" role=\"presentation\">.<\/span><\/p>\n<p><b>Palavras-chaves: <\/b><span dir=\"ltr\" role=\"presentation\">controle de vers\u00e3o, aplica\u00e7\u00f5es Web, itens de configura\u00e7\u00e3o.<\/span><\/p>\n<p><strong>Institui\u00e7\u00e3o:<\/strong> Universidade Federal do Amap\u00e1<\/p>\n<p><strong>Curso:<\/strong> Bacharelado em Ci\u00eancia da Computa\u00e7\u00e3o.<\/p>\n<p><strong>Conclus\u00e3o:<\/strong> 12\/2021.<\/p>\n<p><strong><a href=\"http:\/\/www2.unifap.br\/furtado\/files\/2022\/02\/TCC.pdf\">Download<\/a><br \/>\n<\/strong><\/p>\n<\/div>\n<\/div>\n","protected":false},"excerpt":{"rendered":"<p>Aluno: Erick da Cunha Sampaio. Resumo: Este trabalho sugere uma abordagem para adequar o controle de vers\u00e3o \u00e0 natureza das aplica\u00e7\u00f5es Web. Essas aplica\u00e7\u00f5es possuem uma natureza \u00fanica e din\u00e2mica, que envolve uma ampla diversidade de itens de configura\u00e7\u00e3o (p.&hellip; <\/p>\n<p><a href=\"https:\/\/www2.unifap.br\/furtado\/concluidas\/uma-abordagem-para-ajustar-o-controle-de-versao-a-natureza-das-aplicacoes-web\/\" class=\"readmore-button\">Continue Reading<\/a><\/p>\n","protected":false},"author":352,"featured_media":0,"parent":691,"menu_order":8,"comment_status":"closed","ping_status":"closed","template":"","meta":{"inline_featured_image":false,"ngg_post_thumbnail":0,"footnotes":""},"class_list":["post-782","page","type-page","status-publish","hentry"],"_links":{"self":[{"href":"https:\/\/www2.unifap.br\/furtado\/wp-json\/wp\/v2\/pages\/782","targetHints":{"allow":["GET"]}}],"collection":[{"href":"https:\/\/www2.unifap.br\/furtado\/wp-json\/wp\/v2\/pages"}],"about":[{"href":"https:\/\/www2.unifap.br\/furtado\/wp-json\/wp\/v2\/types\/page"}],"author":[{"embeddable":true,"href":"https:\/\/www2.unifap.br\/furtado\/wp-json\/wp\/v2\/users\/352"}],"replies":[{"embeddable":true,"href":"https:\/\/www2.unifap.br\/furtado\/wp-json\/wp\/v2\/comments?post=782"}],"version-history":[{"count":1,"href":"https:\/\/www2.unifap.br\/furtado\/wp-json\/wp\/v2\/pages\/782\/revisions"}],"predecessor-version":[{"id":784,"href":"https:\/\/www2.unifap.br\/furtado\/wp-json\/wp\/v2\/pages\/782\/revisions\/784"}],"up":[{"embeddable":true,"href":"https:\/\/www2.unifap.br\/furtado\/wp-json\/wp\/v2\/pages\/691"}],"wp:attachment":[{"href":"https:\/\/www2.unifap.br\/furtado\/wp-json\/wp\/v2\/media?parent=782"}],"curies":[{"name":"wp","href":"https:\/\/api.w.org\/{rel}","templated":true}]}}