{"id":157,"date":"2015-10-18T16:49:57","date_gmt":"2015-10-18T16:49:57","guid":{"rendered":"http:\/\/www2.unifap.br\/gde\/?page_id=157"},"modified":"2015-10-18T16:49:57","modified_gmt":"2015-10-18T16:49:57","slug":"regimento-tcc","status":"publish","type":"page","link":"https:\/\/www2.unifap.br\/gde\/regimento-tcc\/","title":{"rendered":"REGIMENTO TCC"},"content":{"rendered":"<p>Abaixo, a \u00edntegra do Regimento de TCC, com normatiza\u00e7\u00e3o para o processo de elabora\u00e7\u00e3o do Trabalho de Conclus\u00e3o de Curso.<\/p>\n<p><a href=\"http:\/\/www2.unifap.br\/gde\/files\/2015\/10\/REGIMENTOFINALTCC.pdf\">REGIMENTO FINAL TCC<\/a><\/p>\n","protected":false},"excerpt":{"rendered":"<p>Abaixo, a \u00edntegra do Regimento de TCC, com normatiza\u00e7\u00e3o para o processo de elabora\u00e7\u00e3o do Trabalho de Conclus\u00e3o de Curso. REGIMENTO FINAL TCC<\/p>\n","protected":false},"author":752,"featured_media":0,"parent":0,"menu_order":0,"comment_status":"open","ping_status":"open","template":"","meta":{"inline_featured_image":false,"ngg_post_thumbnail":0,"footnotes":""},"class_list":["post-157","page","type-page","status-publish","hentry"],"_links":{"self":[{"href":"https:\/\/www2.unifap.br\/gde\/wp-json\/wp\/v2\/pages\/157","targetHints":{"allow":["GET"]}}],"collection":[{"href":"https:\/\/www2.unifap.br\/gde\/wp-json\/wp\/v2\/pages"}],"about":[{"href":"https:\/\/www2.unifap.br\/gde\/wp-json\/wp\/v2\/types\/page"}],"author":[{"embeddable":true,"href":"https:\/\/www2.unifap.br\/gde\/wp-json\/wp\/v2\/users\/752"}],"replies":[{"embeddable":true,"href":"https:\/\/www2.unifap.br\/gde\/wp-json\/wp\/v2\/comments?post=157"}],"version-history":[{"count":1,"href":"https:\/\/www2.unifap.br\/gde\/wp-json\/wp\/v2\/pages\/157\/revisions"}],"predecessor-version":[{"id":159,"href":"https:\/\/www2.unifap.br\/gde\/wp-json\/wp\/v2\/pages\/157\/revisions\/159"}],"wp:attachment":[{"href":"https:\/\/www2.unifap.br\/gde\/wp-json\/wp\/v2\/media?parent=157"}],"curies":[{"name":"wp","href":"https:\/\/api.w.org\/{rel}","templated":true}]}}