{"id":206,"date":"2016-08-25T02:09:39","date_gmt":"2016-08-25T02:09:39","guid":{"rendered":"http:\/\/www2.unifap.br\/gde\/?page_id=206"},"modified":"2016-11-09T15:06:56","modified_gmt":"2016-11-09T15:06:56","slug":"orientacoes-para-emissao-de-diploma","status":"publish","type":"page","link":"https:\/\/www2.unifap.br\/gde\/orientacoes-para-emissao-de-diploma\/","title":{"rendered":"ORIENTA\u00c7\u00d5ES PARA EMISS\u00c3O DE DIPLOMA"},"content":{"rendered":"<p>Para emiss\u00e3o do diploma, o acad\u00eamico deve cumprir as seguintes exig\u00eancias:<\/p>\n<p><span style=\"line-height: 1.5em\"><b>1- PRAZOS PARA A ENTREGA DA VERS\u00c3O FINAL<\/b><\/span><\/p>\n<p><span style=\"line-height: 1.5em\">&#8211; <\/span><span style=\"line-height: 1.5em\">E<\/span><span style=\"line-height: 1.5em\">ntrega em at\u00e9 30 dias<\/span><span style=\"line-height: 1.5em\"> ap\u00f3s a data da defesa \u00a0da vers\u00e3o final do TCC.\u00a0<\/span><\/p>\n<p>&#8211; Entrega em at\u00e9 60 dias ap\u00f3s a data da defesa da vers\u00e3o final do TCC, para o caso de solicita\u00e7\u00e3o pela banca de corre\u00e7\u00f5es obrigat\u00f3rias.<\/p>\n<p>&#8211; \u00a0<strong>IMPORTANTE<\/strong>: \u00a0A<span style=\"line-height: 1.5em\">\u00a0entrega da vers\u00e3o final ser\u00e1 aceita apenas depois que o orientador aprovar as corre\u00e7\u00f5es<\/span><span style=\"line-height: 1.5em\">. Apresentar por escrito declara\u00e7\u00e3o assinada pelo orientador contendo a aprova\u00e7\u00e3o das corre\u00e7\u00f5es obrigat\u00f3rias.<br \/>\n<strong>DOCUMENTO 1 &#8211; <\/strong>MODELO DE DECLARA\u00c7\u00c3O<strong> &#8211;\u00a0<a href=\"http:\/\/www2.unifap.br\/gde\/files\/2016\/08\/Autoriza\u00e7\u00e3o-do-Orientador1.doc\">Autoriza\u00e7\u00e3o do Orientador1<\/a>\u00a0(s\u00f3 entregar esse documento, N\u00c3O anexar ao TCC impresso)<\/strong><\/span><\/p>\n<p><strong><span style=\"line-height: 1.5em\"><br \/>\n2- \u00a0NORMAS PARA ENTREGA DA VERS\u00c3O FINAL<\/span><\/strong><\/p>\n<p>&#8211; \u00a0Entregar 01 \u00a0via impressa (com encaderna\u00e7\u00e3o em capa dura) &#8211;<br \/>\n<strong>ANEXAR AOS TCCs <\/strong>que foram resultado de pesquisa de campo<strong>\u00a0TERMO DE LIVRE CONSENTIMENTO<\/strong> usado para autorizar as entrevistas por parte das fontes!<strong> (FALE COM ORIENTADOR). \u00c9 PARA COLOCAR APENAS O MODELO DO TERMO USADO NA VERS\u00c3O IMPRESSA COMO ANEXO.<\/strong><\/p>\n<p>&#8211; Entregar \u00a001 c\u00f3pia em PDF salva em CD ROOM.<\/p>\n<p>&#8211; <strong>DOCUMENTO 2<\/strong> &#8211; Entregar\u00a0\u00a0Termo de Autoriza\u00e7\u00e3o para Publica\u00e7\u00e3o de Teses e Disserta\u00e7\u00f5es Eletr\u00f4nicas (TDE) na Biblioteca Digital de Teses e Disserta\u00e7\u00f5es (BDTD), ASSINADO PELO ACAD\u00caMICO E ORIENTADOR.<br \/>\n<b>BAIXAR AQUI\u00a0<\/b><b style=\"line-height: 1.5em\"><a href=\"http:\/\/www2.unifap.br\/gde\/files\/2016\/08\/Formul\u00e1rio-BDTD1.doc\">Formul\u00e1rio-BDTD<\/a>\u00a0<\/b><strong>(s\u00f3 entregar esse documento, N\u00c3O anexar ao TCC impresso)<\/strong><\/p>\n<p><b style=\"line-height: 1.5em\"><\/b><\/p>\n<p><strong>\u00a0<\/strong><\/p>\n<p><b style=\"line-height: 1.5em\"><\/b><\/p>\n<p>&#8211; \u00a0<strong>DOCUMENTO 3 &#8211;\u00a0<\/strong>Entregar\u00a0<span style=\"line-height: 1.5em\">CARTA DE SOLICITA\u00c7\u00c3O DE DIPLOMA assinada pelo acad\u00eamico<br \/>\n<\/span><span style=\"line-height: 1.5em\">\u00a0<\/span><strong style=\"line-height: 1.5em\">BAIXAR AQUI\u00a0<a href=\"http:\/\/www2.unifap.br\/gde\/files\/2016\/08\/Carta-modelo1-1.doc\">Carta-modelo1 (1)<\/a>\u00a0\u00a0<\/strong><strong>(s\u00f3 entregar esse documento, N\u00c3O anexar ao TCC impresso)<\/strong><\/p>\n<p><strong style=\"line-height: 1.5em\"><\/strong><\/p>\n<p><strong>\u00a0<\/strong>&#8211;<strong>DOCUMENTO 4 &#8211;\u00a0<\/strong>Entregar IMPRESSO PERFIL DO CURSISTA<\/p>\n<p>BAIXAR AQUI FORMUL\u00c1RIO <strong>\u00a0<a href=\"http:\/\/www2.unifap.br\/gde\/files\/2016\/08\/PERFIL-DO-CURSISTA-PREENCHER.doc\">PERFIL DO CURSISTA (PREENCHER)<\/a>\u00a0<\/strong><strong>(s\u00f3 entregar esse documento, N\u00c3O anexar ao TCC impresso)<\/strong><\/p>\n<p><strong>\u00a0<\/strong><\/p>\n<p><b>IMPORTANTE : O ACESSO \u00c0 ATA DE DEFESA E AO DIPLOMA EST\u00c1 CONDICIONADO AO ATENDIMENTO DAS EXIG\u00caNCIAS ACIMA<\/b><\/p>\n<p>&nbsp;<\/p>\n","protected":false},"excerpt":{"rendered":"<p>Para emiss\u00e3o do diploma, o acad\u00eamico deve cumprir as seguintes exig\u00eancias: 1- PRAZOS PARA A ENTREGA DA VERS\u00c3O FINAL &#8211; Entrega em at\u00e9 30 dias ap\u00f3s a data da defesa \u00a0da vers\u00e3o final do TCC.\u00a0 &#8211; Entrega em at\u00e9 60&hellip; <\/p>\n<p><a href=\"https:\/\/www2.unifap.br\/gde\/orientacoes-para-emissao-de-diploma\/\" class=\"readmore-button\">Continue Reading<\/a><\/p>\n","protected":false},"author":752,"featured_media":0,"parent":0,"menu_order":0,"comment_status":"open","ping_status":"open","template":"","meta":{"inline_featured_image":false,"ngg_post_thumbnail":0,"footnotes":""},"class_list":["post-206","page","type-page","status-publish","hentry"],"_links":{"self":[{"href":"https:\/\/www2.unifap.br\/gde\/wp-json\/wp\/v2\/pages\/206","targetHints":{"allow":["GET"]}}],"collection":[{"href":"https:\/\/www2.unifap.br\/gde\/wp-json\/wp\/v2\/pages"}],"about":[{"href":"https:\/\/www2.unifap.br\/gde\/wp-json\/wp\/v2\/types\/page"}],"author":[{"embeddable":true,"href":"https:\/\/www2.unifap.br\/gde\/wp-json\/wp\/v2\/users\/752"}],"replies":[{"embeddable":true,"href":"https:\/\/www2.unifap.br\/gde\/wp-json\/wp\/v2\/comments?post=206"}],"version-history":[{"count":13,"href":"https:\/\/www2.unifap.br\/gde\/wp-json\/wp\/v2\/pages\/206\/revisions"}],"predecessor-version":[{"id":255,"href":"https:\/\/www2.unifap.br\/gde\/wp-json\/wp\/v2\/pages\/206\/revisions\/255"}],"wp:attachment":[{"href":"https:\/\/www2.unifap.br\/gde\/wp-json\/wp\/v2\/media?parent=206"}],"curies":[{"name":"wp","href":"https:\/\/api.w.org\/{rel}","templated":true}]}}