{"id":253,"date":"2016-11-07T23:34:58","date_gmt":"2016-11-07T23:34:58","guid":{"rendered":"http:\/\/www2.unifap.br\/gde\/?page_id=253"},"modified":"2019-01-21T18:23:31","modified_gmt":"2019-01-21T18:23:31","slug":"publicacoes-2","status":"publish","type":"page","link":"https:\/\/www2.unifap.br\/gde\/publicacoes-2\/","title":{"rendered":"PUBLICA\u00c7\u00d5ES"},"content":{"rendered":"<p><strong>1- Livro D<\/strong><b>iversidade e o Campo da Educa\u00e7\u00e3o: (re) leituras e abordagens contempor\u00e2neas<\/b><\/p>\n<p><b><\/b>Acesso ao livro\u00a0<strong>D<\/strong><b>iversidade e o Campo da Educa\u00e7\u00e3o: (re) leituras e abordagens contempor\u00e2neas<\/b>, obra editada pela Editora da UNIFAP, conta com a colabora\u00e7\u00e3o de pesquisadores do Curso de Especializa\u00e7\u00e3o em G\u00eanero e Diversidade e de professores pesquisadores\u00a0 de outras universidades federais do pa\u00eds.<\/p>\n<p><a href=\"https:\/\/pt.scribd.com\/document\/329660965\/Diversidade-e-o-Campo-da-Educacao-re-leituras-e-abordagens-contemporaneas\">https:\/\/pt.scribd.com\/document\/329660965\/Diversidade-e-o-Campo-da-Educacao-re-leituras-e-abordagens-contemporaneas<\/a><\/p>\n<p><strong>2- Livro Diversidade e o Campo da Educa\u00e7\u00e3o:relatos de pesquisa\u00a0<\/strong><\/p>\n<p>Apresenta resultado das principais pesquisas desenvolvidas como trabalho de conclus\u00e3o do Curso de Especializa\u00e7\u00e3o em G\u00eanero e Diversidade na Escola, ofertado pela Universidade Federal do Amap\u00e1.<\/p>\n<p><strong><a href=\"https:\/\/pt.scribd.com\/document\/397925077\/Diversidade-e-o-campo-da-educacao-relatos-de-pesquisa\"><span style=\"color: #333333\"><span style=\"font-family: Georgia, 'Times New Roman', 'Bitstream Charter', Times, serif\"><span style=\"font-size: small\">https:\/\/pt.scribd.com\/document\/397925077\/Diversidade-e-o-campo-da-educacao-relatos-de-pesquisa<\/span><\/span><\/span><\/a><\/strong><\/p>\n<p><strong>3- Livro Diversidade e o Campo da Educa\u00e7\u00e3o &#8211; di\u00e1logos sobre (in) toler\u00e2ncia religiosa<\/strong><\/p>\n<p>Publica\u00e7\u00e3o apresenta reflex\u00f5es sobre diversidade, religi\u00e3o e educa\u00e7\u00e3o.<\/p>\n<p><a href=\"https:\/\/pt.scribd.com\/document\/361682439\/DIversidade-e-o-Campo-Da-Educacao-Dialogos-Sobre-in-Tolerancia-Religiosa\">https:\/\/pt.scribd.com\/document\/361682439\/DIversidade-e-o-Campo-Da-Educacao-Dialogos-Sobre-in-Tolerancia-Religiosa<\/a><\/p>\n<p><strong>4- Livro P<\/strong><b>ol\u00edticas e Direitos: pol\u00edticas p\u00fablicas de forma\u00e7\u00e3o docente em direitos humanos, g\u00eanero e diversidade na escola no Brasil (2006-2016)<\/b><\/p>\n<p>Publica\u00e7\u00e3o nacional que sistematiza as experi\u00eancias dos Cursos de G\u00eanero e Diversidade na Escola traz artigo que relata como foi a experi\u00eancia que executamos no Amap\u00e1 com a colabora\u00e7\u00e3o de colegas da Universidade Federal do Amap\u00e1.<\/p>\n<p><b><a href=\"https:\/\/drive.google.com\/file\/d\/0ByZ8_5AA1sIUVldjNHRDNExrVVE\/view\">https:\/\/drive.google.com\/file\/d\/0ByZ8_5AA1sIUVldjNHRDNExrVVE\/view<\/a><\/b><\/p>\n<p>&nbsp;<\/p>\n","protected":false},"excerpt":{"rendered":"<p>1- Livro Diversidade e o Campo da Educa\u00e7\u00e3o: (re) leituras e abordagens contempor\u00e2neas Acesso ao livro\u00a0Diversidade e o Campo da Educa\u00e7\u00e3o: (re) leituras e abordagens contempor\u00e2neas, obra editada pela Editora da UNIFAP, conta com a colabora\u00e7\u00e3o de pesquisadores do Curso&hellip; <\/p>\n<p><a href=\"https:\/\/www2.unifap.br\/gde\/publicacoes-2\/\" class=\"readmore-button\">Continue Reading<\/a><\/p>\n","protected":false},"author":752,"featured_media":0,"parent":0,"menu_order":0,"comment_status":"open","ping_status":"open","template":"","meta":{"inline_featured_image":false,"ngg_post_thumbnail":0,"footnotes":""},"class_list":["post-253","page","type-page","status-publish","hentry"],"_links":{"self":[{"href":"https:\/\/www2.unifap.br\/gde\/wp-json\/wp\/v2\/pages\/253","targetHints":{"allow":["GET"]}}],"collection":[{"href":"https:\/\/www2.unifap.br\/gde\/wp-json\/wp\/v2\/pages"}],"about":[{"href":"https:\/\/www2.unifap.br\/gde\/wp-json\/wp\/v2\/types\/page"}],"author":[{"embeddable":true,"href":"https:\/\/www2.unifap.br\/gde\/wp-json\/wp\/v2\/users\/752"}],"replies":[{"embeddable":true,"href":"https:\/\/www2.unifap.br\/gde\/wp-json\/wp\/v2\/comments?post=253"}],"version-history":[{"count":9,"href":"https:\/\/www2.unifap.br\/gde\/wp-json\/wp\/v2\/pages\/253\/revisions"}],"predecessor-version":[{"id":270,"href":"https:\/\/www2.unifap.br\/gde\/wp-json\/wp\/v2\/pages\/253\/revisions\/270"}],"wp:attachment":[{"href":"https:\/\/www2.unifap.br\/gde\/wp-json\/wp\/v2\/media?parent=253"}],"curies":[{"name":"wp","href":"https:\/\/api.w.org\/{rel}","templated":true}]}}