{"id":4,"date":"2015-05-12T12:19:40","date_gmt":"2015-05-12T12:19:40","guid":{"rendered":"http:\/\/www2.unifap.br\/gde\/?page_id=4"},"modified":"2015-05-13T17:53:03","modified_gmt":"2015-05-13T17:53:03","slug":"curso","status":"publish","type":"page","link":"https:\/\/www2.unifap.br\/gde\/curso\/","title":{"rendered":"Curso"},"content":{"rendered":"<p>O Curso de Especializa\u00e7\u00e3o em G\u00eanero e Diversidade na Escola \u00e9 oferecido pela Universidade Federal do Amap\u00e1 com financiamento do Minist\u00e9rio da Educa\u00e7\u00e3o (SECADI\/MEC)<\/p>\n<p>A proposta do curso \u00e9 forma\u00e7\u00e3o cr\u00edtica-reflexiva capaz de subsidiar a atividade pedag\u00f3gica docente para a diversidade sexual e g\u00eanero na escola. Espera-se que o curso contribua para a forma\u00e7\u00e3o acad\u00eamica de profissionais da educa\u00e7\u00e3o na perspectiva da abordagem da orienta\u00e7\u00e3o sexual e g\u00eanero sob a \u00f3tica dos direitos humanos e do direito \u00e0 educa\u00e7\u00e3o.<\/p>\n<p><strong>Modalidade<\/strong>: Semipresencial<\/p>\n<p><strong>Dura\u00e7\u00e3o<\/strong>: 18 meses<\/p>\n<p><strong>Carga-hor\u00e1ria<\/strong>: 360 horas<\/p>\n<p>&nbsp;<\/p>\n","protected":false},"excerpt":{"rendered":"<p>O Curso de Especializa\u00e7\u00e3o em G\u00eanero e Diversidade na Escola \u00e9 oferecido pela Universidade Federal do Amap\u00e1 com financiamento do Minist\u00e9rio da Educa\u00e7\u00e3o (SECADI\/MEC) A proposta do curso \u00e9 forma\u00e7\u00e3o cr\u00edtica-reflexiva capaz de subsidiar a atividade pedag\u00f3gica docente para a&hellip; <\/p>\n<p><a href=\"https:\/\/www2.unifap.br\/gde\/curso\/\" class=\"readmore-button\">Continue Reading<\/a><\/p>\n","protected":false},"author":752,"featured_media":0,"parent":0,"menu_order":0,"comment_status":"open","ping_status":"open","template":"","meta":{"inline_featured_image":false,"ngg_post_thumbnail":0,"footnotes":""},"class_list":["post-4","page","type-page","status-publish","hentry"],"_links":{"self":[{"href":"https:\/\/www2.unifap.br\/gde\/wp-json\/wp\/v2\/pages\/4","targetHints":{"allow":["GET"]}}],"collection":[{"href":"https:\/\/www2.unifap.br\/gde\/wp-json\/wp\/v2\/pages"}],"about":[{"href":"https:\/\/www2.unifap.br\/gde\/wp-json\/wp\/v2\/types\/page"}],"author":[{"embeddable":true,"href":"https:\/\/www2.unifap.br\/gde\/wp-json\/wp\/v2\/users\/752"}],"replies":[{"embeddable":true,"href":"https:\/\/www2.unifap.br\/gde\/wp-json\/wp\/v2\/comments?post=4"}],"version-history":[{"count":4,"href":"https:\/\/www2.unifap.br\/gde\/wp-json\/wp\/v2\/pages\/4\/revisions"}],"predecessor-version":[{"id":50,"href":"https:\/\/www2.unifap.br\/gde\/wp-json\/wp\/v2\/pages\/4\/revisions\/50"}],"wp:attachment":[{"href":"https:\/\/www2.unifap.br\/gde\/wp-json\/wp\/v2\/media?parent=4"}],"curies":[{"name":"wp","href":"https:\/\/api.w.org\/{rel}","templated":true}]}}