{"id":8,"date":"2015-05-12T12:20:29","date_gmt":"2015-05-12T12:20:29","guid":{"rendered":"http:\/\/www2.unifap.br\/gde\/?page_id=8"},"modified":"2015-09-05T19:29:16","modified_gmt":"2015-09-05T19:29:16","slug":"matriz-curricular","status":"publish","type":"page","link":"https:\/\/www2.unifap.br\/gde\/matriz-curricular\/","title":{"rendered":"Matriz Curricular"},"content":{"rendered":"<table border=\"1\" cellspacing=\"0\" cellpadding=\"0\">\n<tbody>\n<tr>\n<td valign=\"top\" width=\"129\"><b>Disciplina<\/b><\/td>\n<td valign=\"top\" width=\"126\"><b>Carga hor\u00e1ria presencial <\/b><\/td>\n<td valign=\"top\" width=\"122\"><b>Carga hor\u00e1ria a distancia<\/b><\/td>\n<td valign=\"top\" width=\"109\"><b>Total <\/b><\/td>\n<td valign=\"top\" width=\"95\"><b>Prof Respons\u00e1vel<\/b><\/td>\n<\/tr>\n<tr>\n<td valign=\"top\" width=\"129\">Sociedade, Cultura e Identidade<\/td>\n<td valign=\"top\" width=\"126\">20h<\/td>\n<td valign=\"top\" width=\"122\">25h<\/td>\n<td valign=\"top\" width=\"109\">45h<\/td>\n<td valign=\"top\" width=\"95\">Adriana Ten\u00f3rio\/ Marcos Vin\u00edcius<\/td>\n<\/tr>\n<tr>\n<td valign=\"top\" width=\"129\">Rela\u00e7\u00f5es de G\u00eanero, Poder e Pol\u00edticas P\u00fablicas<\/td>\n<td valign=\"top\" width=\"126\">20h<\/td>\n<td valign=\"top\" width=\"122\">25h<\/td>\n<td valign=\"top\" width=\"109\">45h<\/td>\n<td valign=\"top\" width=\"95\">Ana Cristina\/Francisca Paula<\/td>\n<\/tr>\n<tr>\n<td valign=\"top\" width=\"129\">Rela\u00e7\u00f5es \u00c9tnico-Raciais e Pol\u00edticas P\u00fablicas<\/td>\n<td valign=\"top\" width=\"126\">20h<\/td>\n<td valign=\"top\" width=\"122\">25h<\/td>\n<td valign=\"top\" width=\"109\">45h<\/td>\n<td valign=\"top\" width=\"95\">ALexsara Maciel<\/td>\n<\/tr>\n<tr>\n<td valign=\"top\" width=\"129\">Sexualidade, Orienta\u00e7\u00e3o Sexual e Pol\u00edticas P\u00fablicas<\/td>\n<td valign=\"top\" width=\"126\">20h<\/td>\n<td valign=\"top\" width=\"122\">25h<\/td>\n<td valign=\"top\" width=\"109\">45h<\/td>\n<td valign=\"top\" width=\"95\">Antonio Carlos Cavalcante\/Antonio Sardinha<\/td>\n<\/tr>\n<tr>\n<td valign=\"top\" width=\"129\">Educa\u00e7\u00e3o, Pol\u00edticas P\u00fablicas e Direitos Humanos<\/td>\n<td valign=\"top\" width=\"126\">20h<\/td>\n<td valign=\"top\" width=\"122\">25h<\/td>\n<td valign=\"top\" width=\"109\">45h<\/td>\n<td valign=\"top\" width=\"95\">Camila Lippi<br \/>\nLylian Rodrigues<\/td>\n<\/tr>\n<tr>\n<td valign=\"top\" width=\"129\">Pr\u00e1ticas Pedag\u00f3gicas e Diversidade na Escola<\/td>\n<td valign=\"top\" width=\"126\">20h<\/td>\n<td valign=\"top\" width=\"122\">25h<\/td>\n<td valign=\"top\" width=\"109\">45h<\/td>\n<td valign=\"top\" width=\"95\">Alexandre Pereira<br \/>\nNycolas Albuquerque<\/td>\n<\/tr>\n<tr>\n<td valign=\"top\" width=\"129\">Elabora\u00e7\u00e3o de Projeto de Conclus\u00e3o de Curso<\/td>\n<td valign=\"top\" width=\"126\">20h<\/td>\n<td valign=\"top\" width=\"122\">25h<\/td>\n<td valign=\"top\" width=\"109\">45h<\/td>\n<td valign=\"top\" width=\"95\">Antonio Sardinha (coordena\u00e7\u00e3o)<\/td>\n<\/tr>\n<tr>\n<td valign=\"top\" width=\"129\">Semin\u00e1rios tem\u00e1ticos de Pesquisa<\/td>\n<td valign=\"top\" width=\"126\">20h<\/td>\n<td valign=\"top\" width=\"122\">25h<\/td>\n<td valign=\"top\" width=\"109\">45h<\/td>\n<td valign=\"top\" width=\"95\">Todos os professores<\/td>\n<\/tr>\n<\/tbody>\n<\/table>\n<p>&nbsp;<\/p>\n<p>&nbsp;<\/p>\n<table border=\"1\" cellspacing=\"0\" cellpadding=\"0\">\n<tbody>\n<tr>\n<td valign=\"top\" width=\"211\"><b>Carga hor\u00e1ria Presencial\u00a0 <\/b><\/td>\n<td valign=\"top\" width=\"127\">160h<\/td>\n<\/tr>\n<tr>\n<td valign=\"top\" width=\"211\"><b>Carga hor\u00e1ria A Distancia<\/b><\/td>\n<td valign=\"top\" width=\"127\">200h<\/td>\n<\/tr>\n<tr>\n<td valign=\"top\" width=\"211\"><b>Carga hor\u00e1ria total <\/b><\/td>\n<td valign=\"top\" width=\"127\">360h<\/td>\n<\/tr>\n<\/tbody>\n<\/table>\n<p>&nbsp;<\/p>\n<p>&nbsp;<\/p>\n","protected":false},"excerpt":{"rendered":"<p>Disciplina Carga hor\u00e1ria presencial Carga hor\u00e1ria a distancia Total Prof Respons\u00e1vel Sociedade, Cultura e Identidade 20h 25h 45h Adriana Ten\u00f3rio\/ Marcos Vin\u00edcius Rela\u00e7\u00f5es de G\u00eanero, Poder e Pol\u00edticas P\u00fablicas 20h 25h 45h Ana Cristina\/Francisca Paula Rela\u00e7\u00f5es \u00c9tnico-Raciais e Pol\u00edticas P\u00fablicas&hellip; <\/p>\n<p><a href=\"https:\/\/www2.unifap.br\/gde\/matriz-curricular\/\" class=\"readmore-button\">Continue Reading<\/a><\/p>\n","protected":false},"author":752,"featured_media":0,"parent":0,"menu_order":0,"comment_status":"open","ping_status":"open","template":"","meta":{"inline_featured_image":false,"ngg_post_thumbnail":0,"footnotes":""},"class_list":["post-8","page","type-page","status-publish","hentry"],"_links":{"self":[{"href":"https:\/\/www2.unifap.br\/gde\/wp-json\/wp\/v2\/pages\/8","targetHints":{"allow":["GET"]}}],"collection":[{"href":"https:\/\/www2.unifap.br\/gde\/wp-json\/wp\/v2\/pages"}],"about":[{"href":"https:\/\/www2.unifap.br\/gde\/wp-json\/wp\/v2\/types\/page"}],"author":[{"embeddable":true,"href":"https:\/\/www2.unifap.br\/gde\/wp-json\/wp\/v2\/users\/752"}],"replies":[{"embeddable":true,"href":"https:\/\/www2.unifap.br\/gde\/wp-json\/wp\/v2\/comments?post=8"}],"version-history":[{"count":5,"href":"https:\/\/www2.unifap.br\/gde\/wp-json\/wp\/v2\/pages\/8\/revisions"}],"predecessor-version":[{"id":106,"href":"https:\/\/www2.unifap.br\/gde\/wp-json\/wp\/v2\/pages\/8\/revisions\/106"}],"wp:attachment":[{"href":"https:\/\/www2.unifap.br\/gde\/wp-json\/wp\/v2\/media?parent=8"}],"curies":[{"name":"wp","href":"https:\/\/api.w.org\/{rel}","templated":true}]}}