{"id":114,"date":"2014-01-31T23:50:20","date_gmt":"2014-01-31T23:50:20","guid":{"rendered":"http:\/\/www2.unifap.br\/geografia-oiapoque\/?page_id=114"},"modified":"2019-04-02T14:29:14","modified_gmt":"2019-04-02T14:29:14","slug":"o-curso","status":"publish","type":"page","link":"https:\/\/www2.unifap.br\/geografia-oiapoque\/o-curso\/","title":{"rendered":"O Curso"},"content":{"rendered":"<div style=\"text-align: justify\">\u00a0 \u00a0 \u00a0Criado em 2014, o curso de Licenciatura em Geografia do Campus Binacional da UNIFAP foi implantado no Extremo Norte do Estado do Amap\u00e1, no munic\u00edpio de Oiapoque, com a miss\u00e3o de qualificar profissionais capazes de compreender a din\u00e2mica do Espa\u00e7o Geogr\u00e1fico e atuar em diversos ramos de atividade, principalmente na \u00e1rea da educa\u00e7\u00e3o, com seriedade, \u00e9tica e profissionalismo, trabalhando pela transforma\u00e7\u00e3o e bem estar social, a fim de requalificar a regi\u00e3o, elevando-a a um novo patamar de desenvolvimento econ\u00f4mico e social.<\/div>\n<p>&nbsp;<\/p>\n","protected":false},"excerpt":{"rendered":"<p>\u00a0 \u00a0 \u00a0Criado em 2014, o curso de Licenciatura em Geografia do Campus Binacional da UNIFAP foi implantado no Extremo Norte do Estado do Amap\u00e1, no munic\u00edpio de Oiapoque, com a miss\u00e3o de qualificar profissionais capazes de compreender a din\u00e2mica do Espa\u00e7o Geogr\u00e1fico e atuar em diversos ramos de atividade, principalmente na \u00e1rea da educa\u00e7\u00e3o,&#8230;<\/p>\n","protected":false},"author":383,"featured_media":0,"parent":0,"menu_order":0,"comment_status":"closed","ping_status":"closed","template":"page-template-full.php","meta":{"inline_featured_image":false,"ngg_post_thumbnail":0,"footnotes":""},"class_list":["post-114","page","type-page","status-publish","hentry","entry"],"_links":{"self":[{"href":"https:\/\/www2.unifap.br\/geografia-oiapoque\/wp-json\/wp\/v2\/pages\/114","targetHints":{"allow":["GET"]}}],"collection":[{"href":"https:\/\/www2.unifap.br\/geografia-oiapoque\/wp-json\/wp\/v2\/pages"}],"about":[{"href":"https:\/\/www2.unifap.br\/geografia-oiapoque\/wp-json\/wp\/v2\/types\/page"}],"author":[{"embeddable":true,"href":"https:\/\/www2.unifap.br\/geografia-oiapoque\/wp-json\/wp\/v2\/users\/383"}],"replies":[{"embeddable":true,"href":"https:\/\/www2.unifap.br\/geografia-oiapoque\/wp-json\/wp\/v2\/comments?post=114"}],"version-history":[{"count":13,"href":"https:\/\/www2.unifap.br\/geografia-oiapoque\/wp-json\/wp\/v2\/pages\/114\/revisions"}],"predecessor-version":[{"id":644,"href":"https:\/\/www2.unifap.br\/geografia-oiapoque\/wp-json\/wp\/v2\/pages\/114\/revisions\/644"}],"wp:attachment":[{"href":"https:\/\/www2.unifap.br\/geografia-oiapoque\/wp-json\/wp\/v2\/media?parent=114"}],"curies":[{"name":"wp","href":"https:\/\/api.w.org\/{rel}","templated":true}]}}