{"id":127,"date":"2014-02-01T00:19:26","date_gmt":"2014-02-01T00:19:26","guid":{"rendered":"http:\/\/www2.unifap.br\/geografia-oiapoque\/?page_id=127"},"modified":"2021-08-04T14:51:32","modified_gmt":"2021-08-04T14:51:32","slug":"contato","status":"publish","type":"page","link":"https:\/\/www2.unifap.br\/geografia-oiapoque\/contato\/","title":{"rendered":"Contato"},"content":{"rendered":"<p><strong>Coordena\u00e7\u00e3o do Curso de Licenciatura em Geografia do Campus Binacional<\/strong><\/p>\n<p>Atendimento ao p\u00fablico: segunda \u00e0 sexta &#8211; 8 \u00e0s 12 e 14 \u00e0s 18 horas<br \/>\nE-mail: geobinacional@unifap.br<br \/>\nEndere\u00e7o: Rodovia BR-156 \/ KM1, n\u00ba 3.051 \/ Oiapoque-AP \/ CEP: 68.980-000<\/p>\n","protected":false},"excerpt":{"rendered":"<p>Coordena\u00e7\u00e3o do Curso de Licenciatura em Geografia do Campus Binacional Atendimento ao p\u00fablico: segunda \u00e0 sexta &#8211; 8 \u00e0s 12 e 14 \u00e0s 18 horas E-mail: geobinacional@unifap.br Endere\u00e7o: Rodovia BR-156 \/ KM1, n\u00ba 3.051 \/ Oiapoque-AP \/ CEP: 68.980-000<\/p>\n","protected":false},"author":383,"featured_media":0,"parent":0,"menu_order":5,"comment_status":"closed","ping_status":"closed","template":"page-template-full.php","meta":{"inline_featured_image":false,"ngg_post_thumbnail":0,"footnotes":""},"class_list":["post-127","page","type-page","status-publish","hentry","entry"],"_links":{"self":[{"href":"https:\/\/www2.unifap.br\/geografia-oiapoque\/wp-json\/wp\/v2\/pages\/127","targetHints":{"allow":["GET"]}}],"collection":[{"href":"https:\/\/www2.unifap.br\/geografia-oiapoque\/wp-json\/wp\/v2\/pages"}],"about":[{"href":"https:\/\/www2.unifap.br\/geografia-oiapoque\/wp-json\/wp\/v2\/types\/page"}],"author":[{"embeddable":true,"href":"https:\/\/www2.unifap.br\/geografia-oiapoque\/wp-json\/wp\/v2\/users\/383"}],"replies":[{"embeddable":true,"href":"https:\/\/www2.unifap.br\/geografia-oiapoque\/wp-json\/wp\/v2\/comments?post=127"}],"version-history":[{"count":21,"href":"https:\/\/www2.unifap.br\/geografia-oiapoque\/wp-json\/wp\/v2\/pages\/127\/revisions"}],"predecessor-version":[{"id":948,"href":"https:\/\/www2.unifap.br\/geografia-oiapoque\/wp-json\/wp\/v2\/pages\/127\/revisions\/948"}],"wp:attachment":[{"href":"https:\/\/www2.unifap.br\/geografia-oiapoque\/wp-json\/wp\/v2\/media?parent=127"}],"curies":[{"name":"wp","href":"https:\/\/api.w.org\/{rel}","templated":true}]}}