{"id":134,"date":"2014-04-07T22:25:42","date_gmt":"2014-04-07T22:25:42","guid":{"rendered":"http:\/\/www2.unifap.br\/geografia-oiapoque\/?page_id=134"},"modified":"2025-01-21T20:19:15","modified_gmt":"2025-01-21T20:19:15","slug":"eventos","status":"publish","type":"page","link":"https:\/\/www2.unifap.br\/geografia-oiapoque\/informacoes\/eventos\/","title":{"rendered":"Eventos"},"content":{"rendered":"<p>A realiza\u00e7\u00e3o de eventos cient\u00edficos \u00e9 de fundamental import\u00e2ncia para promover a aproxima\u00e7\u00e3o e intera\u00e7\u00e3o entre pesquisadores, alunos e professores de cada \u00e1rea. N\u00e3o poderia ser diferente na Ci\u00eancia Geogr\u00e1fica, que possu\u00ed uma tradi\u00e7\u00e3o de realizar grande diversidade de eventos em n\u00edvel local, regional, nacional e internacional. O curso de Geografia do Campus Binacional de Oiapoque tem realizado diversos eventos desde o seu in\u00edcio. Na lista a seguir voc\u00ea encontrar\u00e1 informa\u00e7\u00f5es detalhadas sobre cada um dos eventos j\u00e1 realizados e outros a serem realizados:<\/p>\n<p><strong>EVENTOS REALIZADOS<\/strong><\/p>\n<p>2019<\/p>\n<p><a href=\"http:\/\/www2.unifap.br\/geografia-oiapoque\/informacoes\/eventos\/i-semana-de-geografia-do-campus-binacional-da-unifap\/\" target=\"_blank\" rel=\"noopener noreferrer\">I Semana de Geografia do Campus Binacional de Oiapoque<\/a><\/p>\n<p>2017<\/p>\n<p><a href=\"https:\/\/platoguianas.wixsite.com\/platoguianas\" target=\"_blank\" rel=\"noopener noreferrer\">I Encontro de Geografia do Plat\u00f4 das Guianas<\/a><\/p>\n<p>2014<\/p>\n<p><a href=\"https:\/\/www2.unifap.br\/oiapoque\/2014\/09\/23\/evento-de-astronomia-movimenta-todo-o-campus-binacional-de-oiapoque\/\" target=\"_blank\" rel=\"noopener noreferrer\">53\u00ba Encontro Regional de Ensino de Astronomia<\/a><\/p>\n<p>&nbsp;<\/p>\n<p><strong>Certificados de Palestras:<\/strong><\/p>\n<p>Conflitos na faixa de gaza <a href=\"https:\/\/drive.google.com\/drive\/folders\/1AXCKidA0ufYyAKYyVJasuHzLLWUScybO\" target=\"_blank\" rel=\"noopener\">(download)<\/a><\/p>\n<p>Meteor\u00edticas no Amap\u00e1 <a href=\"https:\/\/drive.google.com\/drive\/folders\/1gOcW0CnivHDIHk1HIetwTGPg2JJzUG7E\" target=\"_blank\" rel=\"noopener\">(download)<\/a><\/p>\n<p>Solos na educa\u00e7\u00e3o b\u00e1sica <a href=\"https:\/\/drive.google.com\/drive\/folders\/1qs8o69SgcymD6QImQOlqjsjQABOVwAKm\" target=\"_blank\" rel=\"noopener\">(download)<\/a><\/p>\n","protected":false},"excerpt":{"rendered":"<p>A realiza\u00e7\u00e3o de eventos cient\u00edficos \u00e9 de fundamental import\u00e2ncia para promover a aproxima\u00e7\u00e3o e intera\u00e7\u00e3o entre pesquisadores, alunos e professores de cada \u00e1rea. N\u00e3o poderia ser diferente na Ci\u00eancia Geogr\u00e1fica, que possu\u00ed uma tradi\u00e7\u00e3o de realizar grande diversidade de eventos em n\u00edvel local, regional, nacional e internacional. O curso de Geografia do Campus Binacional de&#8230;<\/p>\n","protected":false},"author":383,"featured_media":0,"parent":156,"menu_order":12,"comment_status":"closed","ping_status":"closed","template":"","meta":{"inline_featured_image":false,"ngg_post_thumbnail":0,"footnotes":""},"class_list":["post-134","page","type-page","status-publish","hentry","entry"],"_links":{"self":[{"href":"https:\/\/www2.unifap.br\/geografia-oiapoque\/wp-json\/wp\/v2\/pages\/134","targetHints":{"allow":["GET"]}}],"collection":[{"href":"https:\/\/www2.unifap.br\/geografia-oiapoque\/wp-json\/wp\/v2\/pages"}],"about":[{"href":"https:\/\/www2.unifap.br\/geografia-oiapoque\/wp-json\/wp\/v2\/types\/page"}],"author":[{"embeddable":true,"href":"https:\/\/www2.unifap.br\/geografia-oiapoque\/wp-json\/wp\/v2\/users\/383"}],"replies":[{"embeddable":true,"href":"https:\/\/www2.unifap.br\/geografia-oiapoque\/wp-json\/wp\/v2\/comments?post=134"}],"version-history":[{"count":18,"href":"https:\/\/www2.unifap.br\/geografia-oiapoque\/wp-json\/wp\/v2\/pages\/134\/revisions"}],"predecessor-version":[{"id":1214,"href":"https:\/\/www2.unifap.br\/geografia-oiapoque\/wp-json\/wp\/v2\/pages\/134\/revisions\/1214"}],"up":[{"embeddable":true,"href":"https:\/\/www2.unifap.br\/geografia-oiapoque\/wp-json\/wp\/v2\/pages\/156"}],"wp:attachment":[{"href":"https:\/\/www2.unifap.br\/geografia-oiapoque\/wp-json\/wp\/v2\/media?parent=134"}],"curies":[{"name":"wp","href":"https:\/\/api.w.org\/{rel}","templated":true}]}}