{"id":156,"date":"2014-07-25T00:20:45","date_gmt":"2014-07-25T00:20:45","guid":{"rendered":"http:\/\/www2.unifap.br\/geografia-oiapoque\/?page_id=156"},"modified":"2019-04-04T18:54:43","modified_gmt":"2019-04-04T18:54:43","slug":"informacoes","status":"publish","type":"page","link":"https:\/\/www2.unifap.br\/geografia-oiapoque\/informacoes\/","title":{"rendered":"Informa\u00e7\u00f5es"},"content":{"rendered":"<p style=\"text-align: justify\">A Coordena\u00e7\u00e3o do Curso de Licenciatura em Geografia do Campus Binacional divulga aqui tudo o que \u00e9 necess\u00e1rio para manter alunos e professores atualizados com as informa\u00e7\u00f5es sobre o curso. Acesse frequentemente este canal e mantenha-se voc\u00ea tamb\u00e9m informado sobre o que est\u00e1 sendo feito no curso.<\/p>\n","protected":false},"excerpt":{"rendered":"<p>A Coordena\u00e7\u00e3o do Curso de Licenciatura em Geografia do Campus Binacional divulga aqui tudo o que \u00e9 necess\u00e1rio para manter alunos e professores atualizados com as informa\u00e7\u00f5es sobre o curso. Acesse frequentemente este canal e mantenha-se voc\u00ea tamb\u00e9m informado sobre o que est\u00e1 sendo feito no curso.<\/p>\n","protected":false},"author":383,"featured_media":0,"parent":0,"menu_order":4,"comment_status":"closed","ping_status":"closed","template":"page-template-full.php","meta":{"inline_featured_image":false,"ngg_post_thumbnail":0,"footnotes":""},"class_list":["post-156","page","type-page","status-publish","hentry","entry"],"_links":{"self":[{"href":"https:\/\/www2.unifap.br\/geografia-oiapoque\/wp-json\/wp\/v2\/pages\/156","targetHints":{"allow":["GET"]}}],"collection":[{"href":"https:\/\/www2.unifap.br\/geografia-oiapoque\/wp-json\/wp\/v2\/pages"}],"about":[{"href":"https:\/\/www2.unifap.br\/geografia-oiapoque\/wp-json\/wp\/v2\/types\/page"}],"author":[{"embeddable":true,"href":"https:\/\/www2.unifap.br\/geografia-oiapoque\/wp-json\/wp\/v2\/users\/383"}],"replies":[{"embeddable":true,"href":"https:\/\/www2.unifap.br\/geografia-oiapoque\/wp-json\/wp\/v2\/comments?post=156"}],"version-history":[{"count":16,"href":"https:\/\/www2.unifap.br\/geografia-oiapoque\/wp-json\/wp\/v2\/pages\/156\/revisions"}],"predecessor-version":[{"id":712,"href":"https:\/\/www2.unifap.br\/geografia-oiapoque\/wp-json\/wp\/v2\/pages\/156\/revisions\/712"}],"wp:attachment":[{"href":"https:\/\/www2.unifap.br\/geografia-oiapoque\/wp-json\/wp\/v2\/media?parent=156"}],"curies":[{"name":"wp","href":"https:\/\/api.w.org\/{rel}","templated":true}]}}