{"id":16,"date":"2013-11-21T18:12:08","date_gmt":"2013-11-21T18:12:08","guid":{"rendered":"http:\/\/www2.unifap.br\/geografia-oiapoque\/?page_id=16"},"modified":"2026-01-07T23:47:27","modified_gmt":"2026-01-07T23:47:27","slug":"docentes","status":"publish","type":"page","link":"https:\/\/www2.unifap.br\/geografia-oiapoque\/o-curso\/docentes\/","title":{"rendered":"Docentes"},"content":{"rendered":"<h2>Adriano Michel Helfenstein<\/h2>\n<p>Titula\u00e7\u00e3o: Doutorado<\/p>\n<p>\u00c1rea de Atua\u00e7\u00e3o: Geografia Humana<\/p>\n<p>Curr\u00edculo Lattes: <a href=\"http:\/\/lattes.cnpq.br\/5458945886320355\" target=\"_blank\" rel=\"noopener\">http:\/\/lattes.cnpq.br\/5458945886320355<\/a><\/p>\n<p>E-mail: adriano.helfenstein@unifap.br<\/p>\n<p>_______________________________________________________________________<\/p>\n<h2>Alexandre Luiz Rauber<\/h2>\n<p>Titula\u00e7\u00e3o: Doutorado<\/p>\n<p>\u00c1rea de Atua\u00e7\u00e3o: Cartografia\/Geoprocessamento<\/p>\n<p>Curr\u00edculo Lattes:&nbsp;<a href=\"http:\/\/lattes.cnpq.br\/1063621313011291\" target=\"_blank\" rel=\"noopener noreferrer\">http:\/\/lattes.cnpq.br\/1063621313011291<\/a><\/p>\n<p>E-mail: rauber@unifap.br<\/p>\n<p>_______________________________________________________________________<\/p>\n<h2>Ana Fl\u00e1via de Albuquerque<\/h2>\n<p>Titula\u00e7\u00e3o: Doutorado<\/p>\n<p>\u00c1rea de Atua\u00e7\u00e3o: Geografia F\u00edsica e Ensino<\/p>\n<p>Curr\u00edculo Lattes: <a href=\"http:\/\/lattes.cnpq.br\/4265361730420616\" target=\"_blank\" rel=\"noopener\">http:\/\/lattes.cnpq.br\/4265361730420616<\/a><\/p>\n<p>E-mail: anflal26@unifap.br<\/p>\n<p>_______________________________________________________________________<\/p>\n<h2>Bianca Beatriz Roqu\u00e9<\/h2>\n<p>Titula\u00e7\u00e3o: Doutorado<\/p>\n<p>\u00c1rea de Atua\u00e7\u00e3o: Ensino<\/p>\n<p>Curr\u00edculo Lattes: <a href=\"http:\/\/lattes.cnpq.br\/9371591129336180\" target=\"_blank\" rel=\"noopener\">http:\/\/lattes.cnpq.br\/9371591129336180<\/a><\/p>\n<p>E-mail: bianca.roque@unifap.br<\/p>\n<p>________________________________________________________________________<\/p>\n<h2>Carla Suel\u00e2nia da Silva<\/h2>\n<p>Titula\u00e7\u00e3o: Doutorado<\/p>\n<p>\u00c1rea de Atua\u00e7\u00e3o: Ensino<\/p>\n<p>Curr\u00edculo Lattes:&nbsp;<a href=\"http:\/\/lattes.cnpq.br\/6202518048005287\">http:\/\/lattes.cnpq.br\/6202518048005287<\/a><\/p>\n<p>E-mail: carla.suelania@unifap.br<\/p>\n<p>________________________________________________________________________<\/p>\n<h2>Edenilson Dutra de Moura<\/h2>\n<p>Titula\u00e7\u00e3o: Doutorado<\/p>\n<p>\u00c1rea de Atua\u00e7\u00e3o: Geografia Humana<\/p>\n<p>Curr\u00edculo Lattes: <a href=\"http:\/\/lattes.cnpq.br\/7986145052182974\" target=\"_blank\" rel=\"noopener noreferrer\">http:\/\/lattes.cnpq.br\/7986145052182974<\/a><\/p>\n<p>E-mail: edenilson.moura@unifap.br<\/p>\n<p>_______________________________________________________________________<\/p>\n<h2>Eduardo Margarit Alfena do Carmo<\/h2>\n<p>Titula\u00e7\u00e3o: Doutorado<\/p>\n<p>\u00c1rea de Atua\u00e7\u00e3o: Geografia Humana<\/p>\n<p>Curr\u00edculo Lattes:<a href=\"http:\/\/lattes.cnpq.br\/9106331944059097\" target=\"_blank\" rel=\"noopener noreferrer\"> http:\/\/lattes.cnpq.br\/9106331944059097<\/a><\/p>\n<p>E-mail: eduardo.margarit@unifap.br<\/p>\n<p>_______________________________________________________________________<\/p>\n<h2>Francisco Ot\u00e1vio Landim Neto<\/h2>\n<p>Titula\u00e7\u00e3o: Doutorado<\/p>\n<p>\u00c1rea de Atua\u00e7\u00e3o: Geografia F\u00edsica<\/p>\n<p>Curr\u00edculo Lattes: <a href=\"http:\/\/lattes.cnpq.br\/2968047889590061\" target=\"_blank\" rel=\"noopener noreferrer\">http:\/\/lattes.cnpq.br\/2968047889590061<\/a><\/p>\n<p>E-mail: otaviolandim@unifap.br<\/p>\n<p>________________________________________________________________________<\/p>\n<h2>Jos\u00e9 Mauro Palhares<\/h2>\n<p>Titula\u00e7\u00e3o: Doutorado<\/p>\n<p>\u00c1rea de Atua\u00e7\u00e3o: Geografia F\u00edsica<\/p>\n<p>Curr\u00edculo Lattes: <a href=\"http:\/\/lattes.cnpq.br\/8262131787816202\" target=\"_blank\" rel=\"noopener noreferrer\">http:\/\/lattes.cnpq.br\/8262131787816202<\/a><\/p>\n<p>E-mail: palhares@unifap.br<\/p>\n<p>________________________________________________________________________________<\/p>\n<h2>S\u00e2mella Patricia Lima Paungartten<\/h2>\n<p>Titula\u00e7\u00e3o: Doutorado<\/p>\n<p>\u00c1rea de Atua\u00e7\u00e3o: Geografia F\u00edsica<\/p>\n<p>Curr\u00edculo Lattes: <a href=\"http:\/\/lattes.cnpq.br\/5285834743227363\" target=\"_blank\" rel=\"noopener noreferrer\">http:\/\/lattes.cnpq.br\/5285834743227363<\/a><\/p>\n<p>E-mail: samella.lima@unifap.br<\/p>\n<p>_______________________________________________________________________<\/p>\n<h2>U\u00e9dio Robds Leite da Silva<\/h2>\n<p>Titula\u00e7\u00e3o: Mestrado<\/p>\n<p>\u00c1rea de Atua\u00e7\u00e3o: Geografia Humana<\/p>\n<p>Curr\u00edculo Lattes: <a href=\"http:\/\/lattes.cnpq.br\/4037594489373080\" target=\"_blank\" rel=\"noopener noreferrer\">http:\/\/lattes.cnpq.br\/4037594489373080<\/a><\/p>\n<p>E-mail: uediorobds@unifap.br<\/p>\n","protected":false},"excerpt":{"rendered":"<p>Adriano Michel Helfenstein Titula\u00e7\u00e3o: Doutorado \u00c1rea de Atua\u00e7\u00e3o: Geografia Humana Curr\u00edculo Lattes: http:\/\/lattes.cnpq.br\/5458945886320355 E-mail: adriano.helfenstein@unifap.br _______________________________________________________________________ Alexandre Luiz Rauber Titula\u00e7\u00e3o: Doutorado \u00c1rea de Atua\u00e7\u00e3o: Cartografia\/Geoprocessamento Curr\u00edculo Lattes:&nbsp;http:\/\/lattes.cnpq.br\/1063621313011291 E-mail: rauber@unifap.br _______________________________________________________________________ Ana Fl\u00e1via de Albuquerque Titula\u00e7\u00e3o: Doutorado \u00c1rea de Atua\u00e7\u00e3o: Geografia F\u00edsica e Ensino Curr\u00edculo Lattes: http:\/\/lattes.cnpq.br\/4265361730420616 E-mail: anflal26@unifap.br _______________________________________________________________________ Bianca Beatriz Roqu\u00e9 Titula\u00e7\u00e3o: Doutorado \u00c1rea&#8230;<\/p>\n","protected":false},"author":383,"featured_media":0,"parent":114,"menu_order":9,"comment_status":"closed","ping_status":"closed","template":"","meta":{"inline_featured_image":false,"ngg_post_thumbnail":0,"footnotes":""},"class_list":["post-16","page","type-page","status-publish","hentry","entry"],"_links":{"self":[{"href":"https:\/\/www2.unifap.br\/geografia-oiapoque\/wp-json\/wp\/v2\/pages\/16","targetHints":{"allow":["GET"]}}],"collection":[{"href":"https:\/\/www2.unifap.br\/geografia-oiapoque\/wp-json\/wp\/v2\/pages"}],"about":[{"href":"https:\/\/www2.unifap.br\/geografia-oiapoque\/wp-json\/wp\/v2\/types\/page"}],"author":[{"embeddable":true,"href":"https:\/\/www2.unifap.br\/geografia-oiapoque\/wp-json\/wp\/v2\/users\/383"}],"replies":[{"embeddable":true,"href":"https:\/\/www2.unifap.br\/geografia-oiapoque\/wp-json\/wp\/v2\/comments?post=16"}],"version-history":[{"count":66,"href":"https:\/\/www2.unifap.br\/geografia-oiapoque\/wp-json\/wp\/v2\/pages\/16\/revisions"}],"predecessor-version":[{"id":1268,"href":"https:\/\/www2.unifap.br\/geografia-oiapoque\/wp-json\/wp\/v2\/pages\/16\/revisions\/1268"}],"up":[{"embeddable":true,"href":"https:\/\/www2.unifap.br\/geografia-oiapoque\/wp-json\/wp\/v2\/pages\/114"}],"wp:attachment":[{"href":"https:\/\/www2.unifap.br\/geografia-oiapoque\/wp-json\/wp\/v2\/media?parent=16"}],"curies":[{"name":"wp","href":"https:\/\/api.w.org\/{rel}","templated":true}]}}