{"id":182,"date":"2014-09-25T14:41:13","date_gmt":"2014-09-25T14:41:13","guid":{"rendered":"http:\/\/www2.unifap.br\/geografia-oiapoque\/?page_id=182"},"modified":"2025-07-03T13:38:56","modified_gmt":"2025-07-03T13:38:56","slug":"enade","status":"publish","type":"page","link":"https:\/\/www2.unifap.br\/geografia-oiapoque\/informacoes\/enade\/","title":{"rendered":"Enade"},"content":{"rendered":"<p style=\"text-align: center\"><b>Exame Nacional de Desempenho de Estudantes \u2013 ENADE<\/b><\/p>\n<p style=\"text-align: justify\">De acordo com a Portaria Normativa n\u00ba 40 de 12 de dezembro de 2007, Art. 33-D, o Exame Nacional de Desempenho de Estudantes (Enade), que integra o Sistema Nacional de Avalia\u00e7\u00e3o da Educa\u00e7\u00e3o Superior (SINAES), tem como objetivo aferir o desempenho dos estudantes em rela\u00e7\u00e3o aos conte\u00fados program\u00e1ticos previstos nas diretrizes curriculares do respectivo curso de gradua\u00e7\u00e3o, e as habilidades e compet\u00eancias em sua forma\u00e7\u00e3o.<\/p>\n<p style=\"text-align: justify\">Desde 2014, os alunos ingressastes est\u00e3o dispensados de participar da prova do ENADE, conforme a Portaria Normativa n\u00ba 08\/2014-MEC. Desta forma, por se tratar de um curso implantado recentemente, o Curso de Licenciatura em Geografia do Campus Binacional n\u00e3o possui alunos egressantes, portanto, habilitados a realizar a prova do ENADE.<\/p>\n<p style=\"text-align: justify\">Acompanhe a seguir as informa\u00e7\u00f5es sobre o ENADE:<\/p>\n<p><strong>ENADE 2025<\/strong><\/p>\n<p><a href=\"https:\/\/www.in.gov.br\/en\/web\/dou\/-\/edital-n-57-de-29-de-maio-de-2025-633123690\" target=\"_blank\" rel=\"noopener\">EDITAL 2025<\/a><\/p>\n<p><a href=\"\/Users\/samel\/Downloads\/INSCRITOS_ENADE_2025_ATUALIZADA_assinado%20(1).pdf\" target=\"_blank\" rel=\"noopener\">Lista de discentes inscritos na prova te\u00f3rica<\/a><\/p>\n<p><strong>ENADE 2024<\/strong><\/p>\n<p><a href=\"http:\/\/www2.unifap.br\/geografia-oiapoque\/files\/2024\/09\/LISTA-DE-DISCENTES-APTOS-E-INSCRITOS-PARA-FAZER-O-ENADE-2024.pdf\" target=\"_blank\" rel=\"noopener\">Lista de discentes aptos e inscritos<\/a><\/p>\n<p><a href=\"http:\/\/www2.unifap.br\/geografia-oiapoque\/files\/2024\/11\/Enade-2024-Relatorio-de-locais-de-prova-1-1.pdf\" target=\"_blank\" rel=\"noopener\">Relat\u00f3rio de locais de prova<\/a><\/p>\n<p><a href=\"http:\/\/www2.unifap.br\/geografia-oiapoque\/files\/2025\/01\/Enade-2024-Relatorio-de-regularidade-6.pdf\" target=\"_blank\" rel=\"noopener\">Estudantes em situa\u00e7\u00e3o regular<\/a><\/p>\n<p><strong>ENADE 2021<\/strong><\/p>\n<p><a href=\"http:\/\/www2.unifap.br\/geografia-oiapoque\/files\/2021\/08\/EDITAL2.pdf\" target=\"_blank\" rel=\"noopener noreferrer\">Edital<\/a><\/p>\n<p><a href=\"http:\/\/www2.unifap.br\/geografia-oiapoque\/files\/2021\/08\/rela\u00e7\u00e3o-dos-alunos-com-carga-hor\u00e1ria-cumprida.pdf\" target=\"_blank\" rel=\"noopener noreferrer\">Rela\u00e7\u00e3o dos alunos com carga hor\u00e1ria cumprida<\/a><\/p>\n<p><a href=\"http:\/\/www2.unifap.br\/geografia-oiapoque\/files\/2021\/05\/Relatorio_de_anlise_do_Enade_2017_a_2019_1.pdf\" target=\"_blank\" rel=\"noopener noreferrer\">Relat\u00f3rio ENADE\/UNIFAP 2017-2019<\/a><\/p>\n","protected":false},"excerpt":{"rendered":"<p>Exame Nacional de Desempenho de Estudantes \u2013 ENADE De acordo com a Portaria Normativa n\u00ba 40 de 12 de dezembro de 2007, Art. 33-D, o Exame Nacional de Desempenho de Estudantes (Enade), que integra o Sistema Nacional de Avalia\u00e7\u00e3o da Educa\u00e7\u00e3o Superior (SINAES), tem como objetivo aferir o desempenho dos estudantes em rela\u00e7\u00e3o aos conte\u00fados&#8230;<\/p>\n","protected":false},"author":383,"featured_media":0,"parent":156,"menu_order":13,"comment_status":"closed","ping_status":"closed","template":"","meta":{"inline_featured_image":false,"ngg_post_thumbnail":0,"footnotes":""},"class_list":["post-182","page","type-page","status-publish","hentry","entry"],"_links":{"self":[{"href":"https:\/\/www2.unifap.br\/geografia-oiapoque\/wp-json\/wp\/v2\/pages\/182","targetHints":{"allow":["GET"]}}],"collection":[{"href":"https:\/\/www2.unifap.br\/geografia-oiapoque\/wp-json\/wp\/v2\/pages"}],"about":[{"href":"https:\/\/www2.unifap.br\/geografia-oiapoque\/wp-json\/wp\/v2\/types\/page"}],"author":[{"embeddable":true,"href":"https:\/\/www2.unifap.br\/geografia-oiapoque\/wp-json\/wp\/v2\/users\/383"}],"replies":[{"embeddable":true,"href":"https:\/\/www2.unifap.br\/geografia-oiapoque\/wp-json\/wp\/v2\/comments?post=182"}],"version-history":[{"count":22,"href":"https:\/\/www2.unifap.br\/geografia-oiapoque\/wp-json\/wp\/v2\/pages\/182\/revisions"}],"predecessor-version":[{"id":1229,"href":"https:\/\/www2.unifap.br\/geografia-oiapoque\/wp-json\/wp\/v2\/pages\/182\/revisions\/1229"}],"up":[{"embeddable":true,"href":"https:\/\/www2.unifap.br\/geografia-oiapoque\/wp-json\/wp\/v2\/pages\/156"}],"wp:attachment":[{"href":"https:\/\/www2.unifap.br\/geografia-oiapoque\/wp-json\/wp\/v2\/media?parent=182"}],"curies":[{"name":"wp","href":"https:\/\/api.w.org\/{rel}","templated":true}]}}