{"id":194,"date":"2014-09-29T13:31:04","date_gmt":"2014-09-29T13:31:04","guid":{"rendered":"http:\/\/www2.unifap.br\/geografia-oiapoque\/?page_id=194"},"modified":"2020-03-06T15:37:55","modified_gmt":"2020-03-06T15:37:55","slug":"ppc-geografia","status":"publish","type":"page","link":"https:\/\/www2.unifap.br\/geografia-oiapoque\/o-curso\/ppc-geografia\/","title":{"rendered":"Projeto Pol\u00edtico-Pedag\u00f3gico"},"content":{"rendered":"<p style=\"text-align: justify\">\u00a0 \u00a0 \u00a0O Projeto Pol\u00edtico-Pedag\u00f3gico do Curso (PPC) \u00e9 o instrumento\u00a0que rege o funcionamento do\u00a0Curso de Licenciatura em Geografia, suas caracter\u00edsticas filos\u00f3ficas, pedag\u00f3gicas e as diretrizes para o funcionamento da maioria das atividades de ensino, pesquisa e extens\u00e3o que envolvem o curso. No PPC tamb\u00e9m constam as ementas das disciplinas que ser\u00e3o cursadas pelo aluno, dispon\u00edveis para que todos possam compreender melhor o que \u00e9 e como est\u00e1 estruturado o curso. Basta clicar no link a seguir e fazer o download do arquivo:<\/p>\n<p style=\"text-align: center\"><a href=\"http:\/\/www2.unifap.br\/geografia-oiapoque\/files\/2020\/03\/PPP-Geografia_Processo_23125.002661_2013_91.pdf\" target=\"_blank\" rel=\"noopener\">PPC (2014-2019)<\/a><\/p>\n<p style=\"text-align: center\"><a href=\"http:\/\/www2.unifap.br\/geografia-oiapoque\/files\/2020\/03\/PPC-editado-04-12-2019.pdf\" target=\"_blank\" rel=\"noopener\">PPC (2020 em diante)<\/a><\/p>\n","protected":false},"excerpt":{"rendered":"<p>\u00a0 \u00a0 \u00a0O Projeto Pol\u00edtico-Pedag\u00f3gico do Curso (PPC) \u00e9 o instrumento\u00a0que rege o funcionamento do\u00a0Curso de Licenciatura em Geografia, suas caracter\u00edsticas filos\u00f3ficas, pedag\u00f3gicas e as diretrizes para o funcionamento da maioria das atividades de ensino, pesquisa e extens\u00e3o que envolvem o curso. No PPC tamb\u00e9m constam as ementas das disciplinas que ser\u00e3o cursadas pelo aluno,&#8230;<\/p>\n","protected":false},"author":383,"featured_media":0,"parent":114,"menu_order":6,"comment_status":"closed","ping_status":"closed","template":"page-template-full.php","meta":{"inline_featured_image":false,"ngg_post_thumbnail":0,"footnotes":""},"class_list":["post-194","page","type-page","status-publish","hentry","entry"],"_links":{"self":[{"href":"https:\/\/www2.unifap.br\/geografia-oiapoque\/wp-json\/wp\/v2\/pages\/194","targetHints":{"allow":["GET"]}}],"collection":[{"href":"https:\/\/www2.unifap.br\/geografia-oiapoque\/wp-json\/wp\/v2\/pages"}],"about":[{"href":"https:\/\/www2.unifap.br\/geografia-oiapoque\/wp-json\/wp\/v2\/types\/page"}],"author":[{"embeddable":true,"href":"https:\/\/www2.unifap.br\/geografia-oiapoque\/wp-json\/wp\/v2\/users\/383"}],"replies":[{"embeddable":true,"href":"https:\/\/www2.unifap.br\/geografia-oiapoque\/wp-json\/wp\/v2\/comments?post=194"}],"version-history":[{"count":18,"href":"https:\/\/www2.unifap.br\/geografia-oiapoque\/wp-json\/wp\/v2\/pages\/194\/revisions"}],"predecessor-version":[{"id":885,"href":"https:\/\/www2.unifap.br\/geografia-oiapoque\/wp-json\/wp\/v2\/pages\/194\/revisions\/885"}],"up":[{"embeddable":true,"href":"https:\/\/www2.unifap.br\/geografia-oiapoque\/wp-json\/wp\/v2\/pages\/114"}],"wp:attachment":[{"href":"https:\/\/www2.unifap.br\/geografia-oiapoque\/wp-json\/wp\/v2\/media?parent=194"}],"curies":[{"name":"wp","href":"https:\/\/api.w.org\/{rel}","templated":true}]}}