{"id":35,"date":"2014-01-31T22:07:40","date_gmt":"2014-01-31T22:07:40","guid":{"rendered":"http:\/\/www2.unifap.br\/geografia-oiapoque\/?page_id=35"},"modified":"2019-04-02T14:29:58","modified_gmt":"2019-04-02T14:29:58","slug":"a-geografia","status":"publish","type":"page","link":"https:\/\/www2.unifap.br\/geografia-oiapoque\/o-curso\/a-geografia\/","title":{"rendered":"A Geografia"},"content":{"rendered":"<div style=\"text-align: justify\">\u00a0 \u00a0 \u00a0A palavra geografia \u00e9 utilizada com diversos sentidos na linguagem comum. Podemos dizer, por exemplo, que o Brasil \u00e9 um pa\u00eds com bel\u00edssimos atrativos geogr\u00e1ficos para o turista estrangeiro, assim como tamb\u00e9m costumamos dizer que as dimens\u00f5es geogr\u00e1ficas dos Estados brasileiros equivalem \u00e0 de muitos pa\u00edses da Europa. Al\u00e9m disso, ao longo da hist\u00f3ria da humanidade, muitas formas diferentes de pensar e de representar o espa\u00e7o foram elaboradas pelas mais diversas civiliza\u00e7\u00f5es, de modo que t\u00e9cnicas para se pensar a realidade geograficamente (ou espacialmente) remontam a um passado muito distante. Exemplos de qu\u00e3o antiga \u00e9 a vis\u00e3o geogr\u00e1fica do mundo podem ser encontrados na rica hist\u00f3ria das formas de orienta\u00e7\u00e3o utilizadas pelos contingentes humanos que habitaram a Terra antes de n\u00f3s, bem como na pr\u00f3pria hist\u00f3ria da cartografia, a qual passou por muitos momentos distintos at\u00e9 chegarmos \u00e0s modernas t\u00e9cnicas de confec\u00e7\u00e3o de mapas.<\/div>\n<div style=\"text-align: justify\">\u00a0 \u00a0 \u00a0No entanto, como campo espec\u00edfico do conhecimento chamado cient\u00edfico, a Geografia come\u00e7ou a ser sistematizada somente a partir do s\u00e9culo XIX, por pensadores alem\u00e3es tais como Alexander Von Humboldt, Karl Ritter e Friederich Ratzel, bem como por ge\u00f3grafos franceses, com destaque para Paul Vidal de La Blache.<\/div>\n<div style=\"text-align: justify\">\u00a0 \u00a0 \u00a0A defini\u00e7\u00e3o da ci\u00eancia geogr\u00e1fica e do seu objeto de estudo vem sendo assunto de longos e complexos debates entre os pensadores desta ci\u00eancia.Mas, para conseguirmos adentrar introdutoriamente o campo de estudo da Geografia e podermos, assim, visualizar o leque tem\u00e1tico desta disciplina, elencando ainda as poss\u00edveis perspectivas de trabalho para os estudantes que decidirem por se aventurar nesse curso na universidade, diremos aqui que a Geografia trata da rela\u00e7\u00e3o entre a sociedade e o espa\u00e7o. Mas o que significa a rela\u00e7\u00e3o entre a sociedade e o espa\u00e7o?<\/div>\n<div style=\"text-align: justify\">\u00a0 \u00a0 \u00a0Os seres humanos s\u00f3 podem viver dentro de um determinado meio, por\u00e9m, este meio n\u00e3o \u00e9 um meio puramente natural ou intocado, mas um meio constantemente transformado e adaptado pela a\u00e7\u00e3o desses mesmos seres humanos, a qual denominamos a\u00e7\u00e3o antr\u00f3pica. Nesse sentido, n\u00f3s modificamos a natureza conforme nossa conveni\u00eancia porque disso depende nossa pr\u00f3pria sobreviv\u00eancia. Com nosso trabalho, n\u00f3s produzimos o meio que n\u00f3s mesmos precisamos para viver,convertendo florestas em \u00e1reas para a agricultura, construindo cidades, criando as vias de transporte que interligam os diferentes lugares, etc.<\/div>\n<div style=\"text-align: justify\">\u00a0 \u00a0 \u00a0Por\u00e9m, essa a\u00e7\u00e3o antr\u00f3pica de transforma\u00e7\u00e3o do meio n\u00e3o se restringe a a\u00e7\u00f5es individuais de cada ser humano trabalhando e adaptando solitariamente o lugar em que habita: antes, os seres humanos estabelecem rela\u00e7\u00f5es sociais entre si, e nesses arranjos criados a partir da forma como as pessoas se relacionam mutuamente \u00e9 que se d\u00e1 a produ\u00e7\u00e3o do espa\u00e7o de vida da pr\u00f3pria humanidade organizada socialmente. Por outro lado, uma vez criado o espa\u00e7o de uma sociedade a partir das decis\u00f5es e do trabalho nela existentes, esse espa\u00e7o produzido passa a ser o pr\u00f3prio \u00e2mbito de funcionamento dessa mesma sociedade. Assim, o espa\u00e7o produzido por uma sociedade \u00e9 condi\u00e7\u00e3o de sua reprodu\u00e7\u00e3o. Ou, em outras palavras, o espa\u00e7o produzido por uma sociedade resultar\u00e1 no meio em que ela mesma passar\u00e1 a viver posteriormente, oferecendo-lhe facilidades ou criando-lhe dificuldades.<\/div>\n<div style=\"text-align: justify\">\u00a0 \u00a0 \u00a0Enfim, a ci\u00eancia geogr\u00e1fica preocupa-se com a maneira como as sociedades constroem seu pr\u00f3prio meio, assim como com as consequ\u00eancias que esse meio produzido pode trazer de volta para essas mesmas sociedades. Temas como as disputas em torno do controle sobre os recursos minerais e energ\u00e9ticos, as altera\u00e7\u00f5es clim\u00e1ticas e seus efeitos sobre a vida na Terra, a degrada\u00e7\u00e3o ambiental e a consequente diminui\u00e7\u00e3o da biodiversidade, as condi\u00e7\u00f5es de vida nas cidades e no campo, os conflitos em torno da apropria\u00e7\u00e3o da terra e at\u00e9 mesmo as rela\u00e7\u00f5es pol\u00edticas e econ\u00f4micas entre diferentes pa\u00edses s\u00e3o alguns dos exemplos de temas abordados por pensadores e pesquisadores especializados em Geografia.<\/div>\n","protected":false},"excerpt":{"rendered":"<p>\u00a0 \u00a0 \u00a0A palavra geografia \u00e9 utilizada com diversos sentidos na linguagem comum. Podemos dizer, por exemplo, que o Brasil \u00e9 um pa\u00eds com bel\u00edssimos atrativos geogr\u00e1ficos para o turista estrangeiro, assim como tamb\u00e9m costumamos dizer que as dimens\u00f5es geogr\u00e1ficas dos Estados brasileiros equivalem \u00e0 de muitos pa\u00edses da Europa. Al\u00e9m disso, ao longo da&#8230;<\/p>\n","protected":false},"author":383,"featured_media":0,"parent":114,"menu_order":2,"comment_status":"closed","ping_status":"closed","template":"page-template-full.php","meta":{"inline_featured_image":false,"ngg_post_thumbnail":0,"footnotes":""},"class_list":["post-35","page","type-page","status-publish","hentry","entry"],"_links":{"self":[{"href":"https:\/\/www2.unifap.br\/geografia-oiapoque\/wp-json\/wp\/v2\/pages\/35","targetHints":{"allow":["GET"]}}],"collection":[{"href":"https:\/\/www2.unifap.br\/geografia-oiapoque\/wp-json\/wp\/v2\/pages"}],"about":[{"href":"https:\/\/www2.unifap.br\/geografia-oiapoque\/wp-json\/wp\/v2\/types\/page"}],"author":[{"embeddable":true,"href":"https:\/\/www2.unifap.br\/geografia-oiapoque\/wp-json\/wp\/v2\/users\/383"}],"replies":[{"embeddable":true,"href":"https:\/\/www2.unifap.br\/geografia-oiapoque\/wp-json\/wp\/v2\/comments?post=35"}],"version-history":[{"count":21,"href":"https:\/\/www2.unifap.br\/geografia-oiapoque\/wp-json\/wp\/v2\/pages\/35\/revisions"}],"predecessor-version":[{"id":645,"href":"https:\/\/www2.unifap.br\/geografia-oiapoque\/wp-json\/wp\/v2\/pages\/35\/revisions\/645"}],"up":[{"embeddable":true,"href":"https:\/\/www2.unifap.br\/geografia-oiapoque\/wp-json\/wp\/v2\/pages\/114"}],"wp:attachment":[{"href":"https:\/\/www2.unifap.br\/geografia-oiapoque\/wp-json\/wp\/v2\/media?parent=35"}],"curies":[{"name":"wp","href":"https:\/\/api.w.org\/{rel}","templated":true}]}}