{"id":481,"date":"2019-03-01T23:07:46","date_gmt":"2019-03-01T23:07:46","guid":{"rendered":"http:\/\/www2.unifap.br\/geografia-oiapoque\/?page_id=481"},"modified":"2021-05-18T14:55:08","modified_gmt":"2021-05-18T14:55:08","slug":"informacoes-gerais","status":"publish","type":"page","link":"https:\/\/www2.unifap.br\/geografia-oiapoque\/o-curso\/informacoes-gerais\/","title":{"rendered":"Informa\u00e7\u00f5es Gerais"},"content":{"rendered":"<p>O Curso de Licenciatura em Geografia do Campus Binacional possui as seguintes caracter\u00edsticas:<\/p>\n<p><strong>Cria\u00e7\u00e3o<\/strong>: 2014<\/p>\n<p><strong>Habilita\u00e7\u00e3o\/T\u00edtulo conferido<\/strong>: Licenciado em Geografia;<\/p>\n<p><strong>\u00cdndices:<\/strong><br \/>\nCC &#8211; Conceito de Curso: 4 (2021)<br \/>\nCPC &#8211; Conceito Preliminar de Curso: 3 (2017)<br \/>\nENADE &#8211; Exame Nacional de Desempenho dos Estudantes: 2 (2017)<br \/>\nIDD &#8211; Indicador de Diferen\u00e7a entre os Desempenhos Observado e Esperado: 3 (2017)<\/p>\n<p><strong>Portaria de reconhecimento (MEC)<\/strong>: <a href=\"http:\/\/www2.unifap.br\/geografia-oiapoque\/files\/2021\/05\/portaria-de-reconhecimento.pdf\" target=\"_blank\" rel=\"noopener noreferrer\">download<\/a><\/p>\n<p><strong>Per\u00edodo de Ingresso<\/strong>: Entrada anual no 2\u00ba semestre;<\/p>\n<p><strong>Forma de ingresso<\/strong>: sele\u00e7\u00e3o via ENEN \/ SISU;<\/p>\n<p><strong>N\u00famero de vagas por turma<\/strong>: 50 vagas;<\/p>\n<p><strong>Turno das aulas<\/strong>: Noturno;<\/p>\n<p><strong>Sistema acad\u00eamico<\/strong>: Semestral\/Cr\u00e9ditos;<\/p>\n<p><strong>Dura\u00e7\u00e3o<\/strong>: m\u00ednimo 8 semestres \/ 4 anos;<\/p>\n<p><strong>Carga Hor\u00e1ria<\/strong>: 3.180 horas (inclui Est\u00e1gio, Atividades Complementares, Pr\u00e1tica como Componente Curricular e Trabalho de Conclus\u00e3o de Curso);<\/p>\n<p><strong>Pr\u00e9-requisito<\/strong>: ter conclu\u00eddo o Ensino M\u00e9dio.<\/p>\n<p><strong>Mais informa\u00e7\u00f5es sobre processos seletivo consulte<\/strong>:\u00a0<a href=\"http:\/\/depsec.unifap.br\/\" target=\"_blank\" rel=\"noopener noreferrer\">http:\/\/depsec.unifap.br\/<\/a><\/p>\n","protected":false},"excerpt":{"rendered":"<p>O Curso de Licenciatura em Geografia do Campus Binacional possui as seguintes caracter\u00edsticas: Cria\u00e7\u00e3o: 2014 Habilita\u00e7\u00e3o\/T\u00edtulo conferido: Licenciado em Geografia; \u00cdndices: CC &#8211; Conceito de Curso: 4 (2021) CPC &#8211; Conceito Preliminar de Curso: 3 (2017) ENADE &#8211; Exame Nacional de Desempenho dos Estudantes: 2 (2017) IDD &#8211; Indicador de Diferen\u00e7a entre os Desempenhos Observado&#8230;<\/p>\n","protected":false},"author":764,"featured_media":0,"parent":114,"menu_order":3,"comment_status":"closed","ping_status":"closed","template":"","meta":{"inline_featured_image":false,"ngg_post_thumbnail":0,"footnotes":""},"class_list":["post-481","page","type-page","status-publish","hentry","entry"],"_links":{"self":[{"href":"https:\/\/www2.unifap.br\/geografia-oiapoque\/wp-json\/wp\/v2\/pages\/481","targetHints":{"allow":["GET"]}}],"collection":[{"href":"https:\/\/www2.unifap.br\/geografia-oiapoque\/wp-json\/wp\/v2\/pages"}],"about":[{"href":"https:\/\/www2.unifap.br\/geografia-oiapoque\/wp-json\/wp\/v2\/types\/page"}],"author":[{"embeddable":true,"href":"https:\/\/www2.unifap.br\/geografia-oiapoque\/wp-json\/wp\/v2\/users\/764"}],"replies":[{"embeddable":true,"href":"https:\/\/www2.unifap.br\/geografia-oiapoque\/wp-json\/wp\/v2\/comments?post=481"}],"version-history":[{"count":7,"href":"https:\/\/www2.unifap.br\/geografia-oiapoque\/wp-json\/wp\/v2\/pages\/481\/revisions"}],"predecessor-version":[{"id":934,"href":"https:\/\/www2.unifap.br\/geografia-oiapoque\/wp-json\/wp\/v2\/pages\/481\/revisions\/934"}],"up":[{"embeddable":true,"href":"https:\/\/www2.unifap.br\/geografia-oiapoque\/wp-json\/wp\/v2\/pages\/114"}],"wp:attachment":[{"href":"https:\/\/www2.unifap.br\/geografia-oiapoque\/wp-json\/wp\/v2\/media?parent=481"}],"curies":[{"name":"wp","href":"https:\/\/api.w.org\/{rel}","templated":true}]}}