{"id":484,"date":"2019-03-01T23:15:41","date_gmt":"2019-03-01T23:15:41","guid":{"rendered":"http:\/\/www2.unifap.br\/geografia-oiapoque\/?page_id=484"},"modified":"2019-04-02T14:38:09","modified_gmt":"2019-04-02T14:38:09","slug":"atividades","status":"publish","type":"page","link":"https:\/\/www2.unifap.br\/geografia-oiapoque\/atividades\/","title":{"rendered":"Atividades"},"content":{"rendered":"<p>O Curso de Licenciatura em Geografia do Campus Binacional de Oiapoque sustenta-se no trip\u00e9 ensino-pesquisa-extens\u00e3o como metodologia de atua\u00e7\u00e3o acad\u00eamica. Suas atividades envolvem alunos e professores e resultam em produ\u00e7\u00f5es acad\u00eamicas diversas que contribuem com o desenvolvimento cient\u00edfico.<\/p>\n","protected":false},"excerpt":{"rendered":"<p>O Curso de Licenciatura em Geografia do Campus Binacional de Oiapoque sustenta-se no trip\u00e9 ensino-pesquisa-extens\u00e3o como metodologia de atua\u00e7\u00e3o acad\u00eamica. Suas atividades envolvem alunos e professores e resultam em produ\u00e7\u00f5es acad\u00eamicas diversas que contribuem com o desenvolvimento cient\u00edfico.<\/p>\n","protected":false},"author":764,"featured_media":0,"parent":0,"menu_order":1,"comment_status":"closed","ping_status":"closed","template":"","meta":{"inline_featured_image":false,"ngg_post_thumbnail":0,"footnotes":""},"class_list":["post-484","page","type-page","status-publish","hentry","entry"],"_links":{"self":[{"href":"https:\/\/www2.unifap.br\/geografia-oiapoque\/wp-json\/wp\/v2\/pages\/484","targetHints":{"allow":["GET"]}}],"collection":[{"href":"https:\/\/www2.unifap.br\/geografia-oiapoque\/wp-json\/wp\/v2\/pages"}],"about":[{"href":"https:\/\/www2.unifap.br\/geografia-oiapoque\/wp-json\/wp\/v2\/types\/page"}],"author":[{"embeddable":true,"href":"https:\/\/www2.unifap.br\/geografia-oiapoque\/wp-json\/wp\/v2\/users\/764"}],"replies":[{"embeddable":true,"href":"https:\/\/www2.unifap.br\/geografia-oiapoque\/wp-json\/wp\/v2\/comments?post=484"}],"version-history":[{"count":4,"href":"https:\/\/www2.unifap.br\/geografia-oiapoque\/wp-json\/wp\/v2\/pages\/484\/revisions"}],"predecessor-version":[{"id":651,"href":"https:\/\/www2.unifap.br\/geografia-oiapoque\/wp-json\/wp\/v2\/pages\/484\/revisions\/651"}],"wp:attachment":[{"href":"https:\/\/www2.unifap.br\/geografia-oiapoque\/wp-json\/wp\/v2\/media?parent=484"}],"curies":[{"name":"wp","href":"https:\/\/api.w.org\/{rel}","templated":true}]}}