{"id":487,"date":"2019-03-01T23:19:01","date_gmt":"2019-03-01T23:19:01","guid":{"rendered":"http:\/\/www2.unifap.br\/geografia-oiapoque\/?page_id=487"},"modified":"2019-04-02T14:30:55","modified_gmt":"2019-04-02T14:30:55","slug":"diretrizes","status":"publish","type":"page","link":"https:\/\/www2.unifap.br\/geografia-oiapoque\/o-curso\/diretrizes\/","title":{"rendered":"Diretrizes"},"content":{"rendered":"<ol>\n<li style=\"text-align: justify\">Formar profissionais, detentores de habilidades e compet\u00eancias necess\u00e1rias ao pleno desempenho do Licenciado Pleno em Geografia, isto \u00e9, de profissionais que: a) dominem os fundamentos filos\u00f3ficos, te\u00f3rico-metodol\u00f3gicos e conceituais da Geografia; b) que apliquem as diferentes formas de abordagens das rela\u00e7\u00f5es entre sociedade e natureza; e c) que compreendam e expliquem os fen\u00f4menos geogr\u00e1ficos e suas diferentes formas de organiza\u00e7\u00e3o e distribui\u00e7\u00e3o no tempo e no espa\u00e7o;<\/li>\n<li style=\"text-align: justify\">Formar licenciados plenos em Geografia, detentores de habilidades e compet\u00eancias necess\u00e1rias ao ensino da Geografia enquanto uma disciplina escolar. Busca-se, neste sentido, formar um profissional com capacidade t\u00e9cnico-cient\u00edfica e pol\u00edtica necess\u00e1ria tanto \u00e0 transposi\u00e7\u00e3o did\u00e1tica, quanto \u00e0 contextualiza\u00e7\u00e3o pol\u00edtico-cultural dos conte\u00fados geogr\u00e1ficos, isto \u00e9, formar um profissional que al\u00e9m dos conhecimentos \u201cpuramente\u201d geogr\u00e1ficos, possui dom\u00ednio de conhecimentos relacionados \u00e0 pr\u00e1tica do ensino tais como os aspectos s\u00f3cio-psicol\u00f3gicos da aprendizagem, did\u00e1ticos, metodol\u00f3gicos e pr\u00e1ticos;<\/li>\n<li style=\"text-align: justify\">Formar profissionais licenciados com habilidades e compet\u00eancias necess\u00e1rias \u00e0 elabora\u00e7\u00e3o de projetos de pesquisa no ensino e da pr\u00e1tica de ensino da geografia escolar. Trata-se de formar profissionais a partir da perspectiva de pedagogia de projetos, para que sejam capazes de orientar a pr\u00e1tica pedag\u00f3gica na geografia;<\/li>\n<li style=\"text-align: justify\">Formar profissionais que dominem os procedimentos te\u00f3rico-metodol\u00f3gicos e t\u00e9cnico-operativos necess\u00e1rios ao manuseio das ferramentas existentes no rol da pesquisa em Geografia \u2013 como a an\u00e1lise, interpreta\u00e7\u00e3o e representa\u00e7\u00e3o cartogr\u00e1fica dos processos sociais e f\u00edsico-territoriais com base nos fundamentos filos\u00f3ficos, te\u00f3ricos e metodol\u00f3gicos da Geografia e nos conceitos da Geografia.<\/li>\n<\/ol>\n","protected":false},"excerpt":{"rendered":"<p>Formar profissionais, detentores de habilidades e compet\u00eancias necess\u00e1rias ao pleno desempenho do Licenciado Pleno em Geografia, isto \u00e9, de profissionais que: a) dominem os fundamentos filos\u00f3ficos, te\u00f3rico-metodol\u00f3gicos e conceituais da Geografia; b) que apliquem as diferentes formas de abordagens das rela\u00e7\u00f5es entre sociedade e natureza; e c) que compreendam e expliquem os fen\u00f4menos geogr\u00e1ficos e&#8230;<\/p>\n","protected":false},"author":764,"featured_media":0,"parent":114,"menu_order":4,"comment_status":"closed","ping_status":"closed","template":"","meta":{"inline_featured_image":false,"ngg_post_thumbnail":0,"footnotes":""},"class_list":["post-487","page","type-page","status-publish","hentry","entry"],"_links":{"self":[{"href":"https:\/\/www2.unifap.br\/geografia-oiapoque\/wp-json\/wp\/v2\/pages\/487","targetHints":{"allow":["GET"]}}],"collection":[{"href":"https:\/\/www2.unifap.br\/geografia-oiapoque\/wp-json\/wp\/v2\/pages"}],"about":[{"href":"https:\/\/www2.unifap.br\/geografia-oiapoque\/wp-json\/wp\/v2\/types\/page"}],"author":[{"embeddable":true,"href":"https:\/\/www2.unifap.br\/geografia-oiapoque\/wp-json\/wp\/v2\/users\/764"}],"replies":[{"embeddable":true,"href":"https:\/\/www2.unifap.br\/geografia-oiapoque\/wp-json\/wp\/v2\/comments?post=487"}],"version-history":[{"count":5,"href":"https:\/\/www2.unifap.br\/geografia-oiapoque\/wp-json\/wp\/v2\/pages\/487\/revisions"}],"predecessor-version":[{"id":646,"href":"https:\/\/www2.unifap.br\/geografia-oiapoque\/wp-json\/wp\/v2\/pages\/487\/revisions\/646"}],"up":[{"embeddable":true,"href":"https:\/\/www2.unifap.br\/geografia-oiapoque\/wp-json\/wp\/v2\/pages\/114"}],"wp:attachment":[{"href":"https:\/\/www2.unifap.br\/geografia-oiapoque\/wp-json\/wp\/v2\/media?parent=487"}],"curies":[{"name":"wp","href":"https:\/\/api.w.org\/{rel}","templated":true}]}}