{"id":489,"date":"2019-03-01T23:20:28","date_gmt":"2019-03-01T23:20:28","guid":{"rendered":"http:\/\/www2.unifap.br\/geografia-oiapoque\/?page_id=489"},"modified":"2021-05-18T12:50:46","modified_gmt":"2021-05-18T12:50:46","slug":"regulamentos","status":"publish","type":"page","link":"https:\/\/www2.unifap.br\/geografia-oiapoque\/o-curso\/regulamentos\/","title":{"rendered":"Regulamentos"},"content":{"rendered":"<p>Pr\u00e1tica de ensino: <a href=\"http:\/\/www2.unifap.br\/geografia-oiapoque\/files\/2019\/04\/AP\u00caNDICE-4-PRATICA-PEDAG\u00d3GICA.pdf\" target=\"_blank\" rel=\"noopener noreferrer\">Download<\/a><\/p>\n<p>Est\u00e1gio supervisionado: <a href=\"http:\/\/www2.unifap.br\/geografia-oiapoque\/files\/2019\/04\/AP\u00caNDICE-3-EST\u00c1GIO.pdf\" target=\"_blank\" rel=\"noopener noreferrer\">Download<\/a><\/p>\n<p>Trabalho de conclus\u00e3o de curso: <a href=\"http:\/\/www2.unifap.br\/geografia-oiapoque\/files\/2021\/05\/regul_TCC_versao_final_nde.pdf\" target=\"_blank\" rel=\"noopener noreferrer\">Download<\/a><\/p>\n<p>Atividades complementares: <a href=\"http:\/\/www2.unifap.br\/geografia-oiapoque\/files\/2019\/04\/AP\u00caNDICE-1-AC-.pdf\" target=\"_blank\" rel=\"noopener noreferrer\">Download<\/a><\/p>\n","protected":false},"excerpt":{"rendered":"<p>Pr\u00e1tica de ensino: Download Est\u00e1gio supervisionado: Download Trabalho de conclus\u00e3o de curso: Download Atividades complementares: Download<\/p>\n","protected":false},"author":764,"featured_media":0,"parent":114,"menu_order":6,"comment_status":"closed","ping_status":"closed","template":"","meta":{"inline_featured_image":false,"ngg_post_thumbnail":0,"footnotes":""},"class_list":["post-489","page","type-page","status-publish","hentry","entry"],"_links":{"self":[{"href":"https:\/\/www2.unifap.br\/geografia-oiapoque\/wp-json\/wp\/v2\/pages\/489","targetHints":{"allow":["GET"]}}],"collection":[{"href":"https:\/\/www2.unifap.br\/geografia-oiapoque\/wp-json\/wp\/v2\/pages"}],"about":[{"href":"https:\/\/www2.unifap.br\/geografia-oiapoque\/wp-json\/wp\/v2\/types\/page"}],"author":[{"embeddable":true,"href":"https:\/\/www2.unifap.br\/geografia-oiapoque\/wp-json\/wp\/v2\/users\/764"}],"replies":[{"embeddable":true,"href":"https:\/\/www2.unifap.br\/geografia-oiapoque\/wp-json\/wp\/v2\/comments?post=489"}],"version-history":[{"count":11,"href":"https:\/\/www2.unifap.br\/geografia-oiapoque\/wp-json\/wp\/v2\/pages\/489\/revisions"}],"predecessor-version":[{"id":915,"href":"https:\/\/www2.unifap.br\/geografia-oiapoque\/wp-json\/wp\/v2\/pages\/489\/revisions\/915"}],"up":[{"embeddable":true,"href":"https:\/\/www2.unifap.br\/geografia-oiapoque\/wp-json\/wp\/v2\/pages\/114"}],"wp:attachment":[{"href":"https:\/\/www2.unifap.br\/geografia-oiapoque\/wp-json\/wp\/v2\/media?parent=489"}],"curies":[{"name":"wp","href":"https:\/\/api.w.org\/{rel}","templated":true}]}}