{"id":491,"date":"2019-03-01T23:21:45","date_gmt":"2019-03-01T23:21:45","guid":{"rendered":"http:\/\/www2.unifap.br\/geografia-oiapoque\/?page_id=491"},"modified":"2021-07-28T14:47:22","modified_gmt":"2021-07-28T14:47:22","slug":"infraestrutura","status":"publish","type":"page","link":"https:\/\/www2.unifap.br\/geografia-oiapoque\/o-curso\/infraestrutura\/","title":{"rendered":"Infraestrutura"},"content":{"rendered":"<p>O Curso de Licenciatura em Geografia disp\u00f5e de salas de aula climatizadas e com recursos audiovisuais, laborat\u00f3rio de inform\u00e1tica e laborat\u00f3rio de Geografia, biblioteca, audit\u00f3rio, entre outros espa\u00e7os de uso comum do Campus Binacional de Oiapoque. A seguir voc\u00ea pode conferir algumas fotos da infraestrutura dispon\u00edvel:<\/p>\n<p><a href=\"http:\/\/www2.unifap.br\/geografia-oiapoque\/files\/2021\/07\/aerea-e1627483567703.jpg\"><img fetchpriority=\"high\" decoding=\"async\" class=\"aligncenter wp-image-939 \" src=\"http:\/\/www2.unifap.br\/geografia-oiapoque\/files\/2021\/07\/aerea-e1627483567703.jpg\" alt=\"\" width=\"641\" height=\"375\" srcset=\"https:\/\/www2.unifap.br\/geografia-oiapoque\/files\/2021\/07\/aerea-e1627483567703.jpg 720w, https:\/\/www2.unifap.br\/geografia-oiapoque\/files\/2021\/07\/aerea-e1627483567703-300x175.jpg 300w\" sizes=\"(max-width: 641px) 100vw, 641px\" \/><\/a> <a href=\"http:\/\/www2.unifap.br\/geografia-oiapoque\/files\/2019\/04\/sala-2.jpg\"><img decoding=\"async\" class=\"aligncenter wp-image-615 \" src=\"http:\/\/www2.unifap.br\/geografia-oiapoque\/files\/2019\/04\/sala-2.jpg\" alt=\"\" width=\"641\" height=\"405\" \/><\/a> <a href=\"http:\/\/www2.unifap.br\/geografia-oiapoque\/files\/2019\/04\/laborat\u00f3rio-de-inform\u00e1tica.jpg\"><img decoding=\"async\" class=\"aligncenter wp-image-614 size-large\" src=\"http:\/\/www2.unifap.br\/geografia-oiapoque\/files\/2019\/04\/laborat\u00f3rio-de-inform\u00e1tica-1024x768.jpg\" alt=\"\" width=\"640\" height=\"480\" srcset=\"https:\/\/www2.unifap.br\/geografia-oiapoque\/files\/2019\/04\/laborat\u00f3rio-de-inform\u00e1tica-1024x768.jpg 1024w, https:\/\/www2.unifap.br\/geografia-oiapoque\/files\/2019\/04\/laborat\u00f3rio-de-inform\u00e1tica-300x225.jpg 300w, https:\/\/www2.unifap.br\/geografia-oiapoque\/files\/2019\/04\/laborat\u00f3rio-de-inform\u00e1tica-768x576.jpg 768w\" sizes=\"(max-width: 640px) 100vw, 640px\" \/><\/a> <a href=\"http:\/\/www2.unifap.br\/geografia-oiapoque\/files\/2019\/04\/corredor.jpg\"><img loading=\"lazy\" decoding=\"async\" class=\"aligncenter wp-image-613 size-large\" src=\"http:\/\/www2.unifap.br\/geografia-oiapoque\/files\/2019\/04\/corredor-1024x768.jpg\" alt=\"\" width=\"640\" height=\"480\" srcset=\"https:\/\/www2.unifap.br\/geografia-oiapoque\/files\/2019\/04\/corredor-1024x768.jpg 1024w, https:\/\/www2.unifap.br\/geografia-oiapoque\/files\/2019\/04\/corredor-300x225.jpg 300w, https:\/\/www2.unifap.br\/geografia-oiapoque\/files\/2019\/04\/corredor-768x576.jpg 768w\" sizes=\"(max-width: 640px) 100vw, 640px\" \/><\/a> <a href=\"http:\/\/www2.unifap.br\/geografia-oiapoque\/files\/2019\/04\/biblioteca.jpg\"><img loading=\"lazy\" decoding=\"async\" class=\"aligncenter wp-image-612 size-large\" src=\"http:\/\/www2.unifap.br\/geografia-oiapoque\/files\/2019\/04\/biblioteca-1024x768.jpg\" alt=\"\" width=\"640\" height=\"480\" srcset=\"https:\/\/www2.unifap.br\/geografia-oiapoque\/files\/2019\/04\/biblioteca-1024x768.jpg 1024w, https:\/\/www2.unifap.br\/geografia-oiapoque\/files\/2019\/04\/biblioteca-300x225.jpg 300w, https:\/\/www2.unifap.br\/geografia-oiapoque\/files\/2019\/04\/biblioteca-768x576.jpg 768w\" sizes=\"(max-width: 640px) 100vw, 640px\" \/><\/a><a href=\"http:\/\/www2.unifap.br\/geografia-oiapoque\/files\/2019\/04\/onibus.jpg\"><img loading=\"lazy\" decoding=\"async\" class=\"aligncenter wp-image-619 size-large\" src=\"http:\/\/www2.unifap.br\/geografia-oiapoque\/files\/2019\/04\/onibus-1024x764.jpg\" alt=\"\" width=\"640\" height=\"478\" srcset=\"https:\/\/www2.unifap.br\/geografia-oiapoque\/files\/2019\/04\/onibus.jpg 1024w, https:\/\/www2.unifap.br\/geografia-oiapoque\/files\/2019\/04\/onibus-300x224.jpg 300w, https:\/\/www2.unifap.br\/geografia-oiapoque\/files\/2019\/04\/onibus-768x573.jpg 768w\" sizes=\"(max-width: 640px) 100vw, 640px\" \/><\/a><\/p>\n","protected":false},"excerpt":{"rendered":"<p>O Curso de Licenciatura em Geografia disp\u00f5e de salas de aula climatizadas e com recursos audiovisuais, laborat\u00f3rio de inform\u00e1tica e laborat\u00f3rio de Geografia, biblioteca, audit\u00f3rio, entre outros espa\u00e7os de uso comum do Campus Binacional de Oiapoque. A seguir voc\u00ea pode conferir algumas fotos da infraestrutura dispon\u00edvel:<\/p>\n","protected":false},"author":764,"featured_media":0,"parent":114,"menu_order":7,"comment_status":"closed","ping_status":"closed","template":"","meta":{"inline_featured_image":false,"ngg_post_thumbnail":0,"footnotes":""},"class_list":["post-491","page","type-page","status-publish","hentry","entry"],"_links":{"self":[{"href":"https:\/\/www2.unifap.br\/geografia-oiapoque\/wp-json\/wp\/v2\/pages\/491","targetHints":{"allow":["GET"]}}],"collection":[{"href":"https:\/\/www2.unifap.br\/geografia-oiapoque\/wp-json\/wp\/v2\/pages"}],"about":[{"href":"https:\/\/www2.unifap.br\/geografia-oiapoque\/wp-json\/wp\/v2\/types\/page"}],"author":[{"embeddable":true,"href":"https:\/\/www2.unifap.br\/geografia-oiapoque\/wp-json\/wp\/v2\/users\/764"}],"replies":[{"embeddable":true,"href":"https:\/\/www2.unifap.br\/geografia-oiapoque\/wp-json\/wp\/v2\/comments?post=491"}],"version-history":[{"count":7,"href":"https:\/\/www2.unifap.br\/geografia-oiapoque\/wp-json\/wp\/v2\/pages\/491\/revisions"}],"predecessor-version":[{"id":940,"href":"https:\/\/www2.unifap.br\/geografia-oiapoque\/wp-json\/wp\/v2\/pages\/491\/revisions\/940"}],"up":[{"embeddable":true,"href":"https:\/\/www2.unifap.br\/geografia-oiapoque\/wp-json\/wp\/v2\/pages\/114"}],"wp:attachment":[{"href":"https:\/\/www2.unifap.br\/geografia-oiapoque\/wp-json\/wp\/v2\/media?parent=491"}],"curies":[{"name":"wp","href":"https:\/\/api.w.org\/{rel}","templated":true}]}}