{"id":495,"date":"2019-03-01T23:29:44","date_gmt":"2019-03-01T23:29:44","guid":{"rendered":"http:\/\/www2.unifap.br\/geografia-oiapoque\/?page_id=495"},"modified":"2019-04-02T13:57:57","modified_gmt":"2019-04-02T13:57:57","slug":"localizacao","status":"publish","type":"page","link":"https:\/\/www2.unifap.br\/geografia-oiapoque\/o-curso\/localizacao\/","title":{"rendered":"Localiza\u00e7\u00e3o"},"content":{"rendered":"<p>O Campus Binacional de Oiapoque localiza-se no munic\u00edpio de Oiapoque, estado do Amap\u00e1, na fronteira com a Guiana Francesa.<\/p>\n<p><strong>Endere\u00e7o:<\/strong><\/p>\n<p>Rodovia BR 156, n\u00ba 3051<br \/>\nBairro: Universidade<br \/>\nOiapoque-AP<br \/>\nCEP 68980-000<\/p>\n<p><strong>Mapa:<\/strong><\/p>\n<p><a href=\"http:\/\/www2.unifap.br\/geografia-oiapoque\/files\/2019\/04\/mapa2.jpg\"><img fetchpriority=\"high\" decoding=\"async\" class=\"aligncenter wp-image-623 size-full\" src=\"http:\/\/www2.unifap.br\/geografia-oiapoque\/files\/2019\/04\/mapa2.jpg\" alt=\"\" width=\"1017\" height=\"581\" srcset=\"https:\/\/www2.unifap.br\/geografia-oiapoque\/files\/2019\/04\/mapa2.jpg 1017w, https:\/\/www2.unifap.br\/geografia-oiapoque\/files\/2019\/04\/mapa2-300x171.jpg 300w, https:\/\/www2.unifap.br\/geografia-oiapoque\/files\/2019\/04\/mapa2-768x439.jpg 768w\" sizes=\"(max-width: 1017px) 100vw, 1017px\" \/><\/a><\/p>\n","protected":false},"excerpt":{"rendered":"<p>O Campus Binacional de Oiapoque localiza-se no munic\u00edpio de Oiapoque, estado do Amap\u00e1, na fronteira com a Guiana Francesa. Endere\u00e7o: Rodovia BR 156, n\u00ba 3051 Bairro: Universidade Oiapoque-AP CEP 68980-000 Mapa:<\/p>\n","protected":false},"author":764,"featured_media":0,"parent":114,"menu_order":8,"comment_status":"closed","ping_status":"closed","template":"","meta":{"inline_featured_image":false,"ngg_post_thumbnail":0,"footnotes":""},"class_list":["post-495","page","type-page","status-publish","hentry","entry"],"_links":{"self":[{"href":"https:\/\/www2.unifap.br\/geografia-oiapoque\/wp-json\/wp\/v2\/pages\/495","targetHints":{"allow":["GET"]}}],"collection":[{"href":"https:\/\/www2.unifap.br\/geografia-oiapoque\/wp-json\/wp\/v2\/pages"}],"about":[{"href":"https:\/\/www2.unifap.br\/geografia-oiapoque\/wp-json\/wp\/v2\/types\/page"}],"author":[{"embeddable":true,"href":"https:\/\/www2.unifap.br\/geografia-oiapoque\/wp-json\/wp\/v2\/users\/764"}],"replies":[{"embeddable":true,"href":"https:\/\/www2.unifap.br\/geografia-oiapoque\/wp-json\/wp\/v2\/comments?post=495"}],"version-history":[{"count":4,"href":"https:\/\/www2.unifap.br\/geografia-oiapoque\/wp-json\/wp\/v2\/pages\/495\/revisions"}],"predecessor-version":[{"id":624,"href":"https:\/\/www2.unifap.br\/geografia-oiapoque\/wp-json\/wp\/v2\/pages\/495\/revisions\/624"}],"up":[{"embeddable":true,"href":"https:\/\/www2.unifap.br\/geografia-oiapoque\/wp-json\/wp\/v2\/pages\/114"}],"wp:attachment":[{"href":"https:\/\/www2.unifap.br\/geografia-oiapoque\/wp-json\/wp\/v2\/media?parent=495"}],"curies":[{"name":"wp","href":"https:\/\/api.w.org\/{rel}","templated":true}]}}