{"id":497,"date":"2019-03-01T23:36:34","date_gmt":"2019-03-01T23:36:34","guid":{"rendered":"http:\/\/www2.unifap.br\/geografia-oiapoque\/?page_id=497"},"modified":"2019-04-02T14:35:31","modified_gmt":"2019-04-02T14:35:31","slug":"centro-academico","status":"publish","type":"page","link":"https:\/\/www2.unifap.br\/geografia-oiapoque\/o-curso\/centro-academico\/","title":{"rendered":"Centro Acad\u00eamico"},"content":{"rendered":"<div style=\"text-align: justify\">\u00a0 \u00a0 \u00a0O Centro Acad\u00eamico de Geografia, homenageia a Dra. Bertha Koiffmann Becker, que foi uma grande professora e pesquisadora de assuntos relacionados a Amaz\u00f4nia. O Centro Acad\u00eamico \u00e9 uma organiza\u00e7\u00e3o de representa\u00e7\u00e3o do Curso de Licenciatura em Geografia do Campus Binacional de Oiapoque da Universidade Federal do Amap\u00e1 &#8211; UNIFAP.<\/div>\n<div style=\"text-align: justify\">\u00a0 \u00a0 \u00a0Constitu\u00eddo em 05 de setembro de 2017, o CA Dra. Bertha K. Becker de Geografia do Campus Binacional de Oiapoque, foi fundado com o objetivo de ter participa\u00e7\u00e3o legal nos tramites que envolve assuntos relacionado aos discentes do Campus Binacional.<\/div>\n<div><\/div>\n<p>&nbsp;<\/p>\n<div>Acesse a p\u00e1gina do Centro Acad\u00eamico e saiba mais sobre suas atividades e funcionamento:<\/div>\n<div style=\"text-align: center\"><a href=\"https:\/\/cageobbecker.blogspot.com\/\" target=\"_blank\" rel=\"noopener\">https:\/\/cageobbecker.blogspot.com\/<\/a><\/div>\n","protected":false},"excerpt":{"rendered":"<p>\u00a0 \u00a0 \u00a0O Centro Acad\u00eamico de Geografia, homenageia a Dra. Bertha Koiffmann Becker, que foi uma grande professora e pesquisadora de assuntos relacionados a Amaz\u00f4nia. O Centro Acad\u00eamico \u00e9 uma organiza\u00e7\u00e3o de representa\u00e7\u00e3o do Curso de Licenciatura em Geografia do Campus Binacional de Oiapoque da Universidade Federal do Amap\u00e1 &#8211; UNIFAP. \u00a0 \u00a0 \u00a0Constitu\u00eddo em&#8230;<\/p>\n","protected":false},"author":764,"featured_media":0,"parent":114,"menu_order":10,"comment_status":"closed","ping_status":"closed","template":"","meta":{"inline_featured_image":false,"ngg_post_thumbnail":0,"footnotes":""},"class_list":["post-497","page","type-page","status-publish","hentry","entry"],"_links":{"self":[{"href":"https:\/\/www2.unifap.br\/geografia-oiapoque\/wp-json\/wp\/v2\/pages\/497","targetHints":{"allow":["GET"]}}],"collection":[{"href":"https:\/\/www2.unifap.br\/geografia-oiapoque\/wp-json\/wp\/v2\/pages"}],"about":[{"href":"https:\/\/www2.unifap.br\/geografia-oiapoque\/wp-json\/wp\/v2\/types\/page"}],"author":[{"embeddable":true,"href":"https:\/\/www2.unifap.br\/geografia-oiapoque\/wp-json\/wp\/v2\/users\/764"}],"replies":[{"embeddable":true,"href":"https:\/\/www2.unifap.br\/geografia-oiapoque\/wp-json\/wp\/v2\/comments?post=497"}],"version-history":[{"count":9,"href":"https:\/\/www2.unifap.br\/geografia-oiapoque\/wp-json\/wp\/v2\/pages\/497\/revisions"}],"predecessor-version":[{"id":650,"href":"https:\/\/www2.unifap.br\/geografia-oiapoque\/wp-json\/wp\/v2\/pages\/497\/revisions\/650"}],"up":[{"embeddable":true,"href":"https:\/\/www2.unifap.br\/geografia-oiapoque\/wp-json\/wp\/v2\/pages\/114"}],"wp:attachment":[{"href":"https:\/\/www2.unifap.br\/geografia-oiapoque\/wp-json\/wp\/v2\/media?parent=497"}],"curies":[{"name":"wp","href":"https:\/\/api.w.org\/{rel}","templated":true}]}}